{"id":75996,"date":"2026-03-05T20:47:58","date_gmt":"2026-03-05T18:47:58","guid":{"rendered":"https:\/\/afanoc.org\/?post_type=product&#038;p=75996"},"modified":"2026-03-06T11:18:40","modified_gmt":"2026-03-06T09:18:40","slug":"camiseta-rpx-scorpions-implicate","status":"publish","type":"product","link":"https:\/\/afanoc.org\/es\/botiga-solidaria\/camiseta-rpx-scorpions-implicate\/","title":{"rendered":"Camiseta RPX Scorpions (impl\u00edcate)"},"content":{"rendered":"<p><strong>Material<\/strong> de algod\u00f3n 100%<\/p>\n<p><strong>Granaje<\/strong> de 150gsm<\/p>\n<p><strong>Color<\/strong> negro<\/p>\n<p><strong>Tallas<\/strong> Adulto e Infante de la 4 a la 4XL<\/p>\n","protected":false},"excerpt":{"rendered":"<p>Esta camiseta nace de la solidaridad de un grupo de m\u00fasicos vinculados a RockpelsXuklis (M\u00fasica por los J\u00f3venes con C\u00e1ncer). <strong>David Canovas<\/strong> , del <strong>Grupo Barrena<\/strong> encargado de la log\u00edstica, <strong>Danny Pujol Willy &amp; The Poorbooys<\/strong> el dise\u00f1ador, y <strong>Jos\u00e9 Luis Guti\u00e9rrez Padrino<\/strong> \u00ablo nuestro\u00bb, de la fabricaci\u00f3n. Como la venta ha sido tan exitosa y el p\u00fablico ha reaccionado tan positivamente se ha creado una comisi\u00f3n liderada por David Canovas en la que muchos colaboradores se suman a esta distribuci\u00f3n: <strong>Pepe Motor, Jos\u00e9 Luis Requena, El\u00edas Fermon, Ignacio Tarz\u00e1n de Heavys de Meri, Mario y Raquel, de Liantes Metaleros; y locales como el bar 4 asnos y Ca La Vera Rock Bar en Badalona; el Restaurante Ginesta, en el barrio de Montbau; el Pub Riff, en el barrio de Vilapicina, y el Celler Panotxa<\/strong> , en el barrio del Clot de Barcelona. En 2020, en plena pandemia, todos los conciertos quedaron parados y se decidi\u00f3 realizar una camiseta que fuera acogida por toda la comunidad rockera y que quisiera colaborar con AFANOC, Rockpelsxuklis y el mantenimiento de La Casa dels Xuklis .  <\/p>\n<p>Este a\u00f1o le presentamos el nuevo dise\u00f1o adaptado con el grupo de m\u00fasica <strong>Scorpions<\/strong><\/p>\n<p>Tambi\u00e9n se puede encontrar en todos los stands y conciertos de RockpelsXuklis!<\/p>\n<p>La m\u00fasica rock es solidaria y se suma a los j\u00f3venes con c\u00e1ncer.<\/p>\n","protected":false},"featured_media":76019,"template":"elementor_header_footer","meta":{"site-sidebar-layout":"default","site-content-layout":"","ast-site-content-layout":"default","site-content-style":"default","site-sidebar-style":"default","ast-global-header-display":"","ast-banner-title-visibility":"","ast-main-header-display":"","ast-hfb-above-header-display":"","ast-hfb-below-header-display":"","ast-hfb-mobile-header-display":"","site-post-title":"","ast-breadcrumbs-content":"","ast-featured-img":"","footer-sml-layout":"","theme-transparent-header-meta":"default","adv-header-id-meta":"","stick-header-meta":"default","header-above-stick-meta":"","header-main-stick-meta":"","header-below-stick-meta":"","astra-migrate-meta-layouts":"set","ast-page-background-enabled":"default","ast-page-background-meta":{"desktop":{"background-color":"var(--ast-global-color-4)","background-image":"","background-repeat":"repeat","background-position":"center center","background-size":"auto","background-attachment":"scroll","background-type":"","background-media":"","overlay-type":"","overlay-color":"","overlay-opacity":"","overlay-gradient":""},"tablet":{"background-color":"","background-image":"","background-repeat":"repeat","background-position":"center center","background-size":"auto","background-attachment":"scroll","background-type":"","background-media":"","overlay-type":"","overlay-color":"","overlay-opacity":"","overlay-gradient":""},"mobile":{"background-color":"","background-image":"","background-repeat":"repeat","background-position":"center center","background-size":"auto","background-attachment":"scroll","background-type":"","background-media":"","overlay-type":"","overlay-color":"","overlay-opacity":"","overlay-gradient":""}},"ast-content-background-meta":{"desktop":{"background-color":"var(--ast-global-color-5)","background-image":"","background-repeat":"repeat","background-position":"center center","background-size":"auto","background-attachment":"scroll","background-type":"","background-media":"","overlay-type":"","overlay-color":"","overlay-opacity":"","overlay-gradient":""},"tablet":{"background-color":"var(--ast-global-color-5)","background-image":"","background-repeat":"repeat","background-position":"center center","background-size":"auto","background-attachment":"scroll","background-type":"","background-media":"","overlay-type":"","overlay-color":"","overlay-opacity":"","overlay-gradient":""},"mobile":{"background-color":"var(--ast-global-color-5)","background-image":"","background-repeat":"repeat","background-position":"center center","background-size":"auto","background-attachment":"scroll","background-type":"","background-media":"","overlay-type":"","overlay-color":"","overlay-opacity":"","overlay-gradient":""}}},"product_brand":[],"product_cat":[],"product_tag":[],"class_list":{"0":"post-75996","1":"product","2":"type-product","3":"status-publish","4":"has-post-thumbnail","6":"desktop-align-left","7":"tablet-align-left","8":"mobile-align-left","9":"ast-product-gallery-layout-horizontal-slider","10":"ast-product-single-variable","11":"ast-product-tabs-layout-horizontal","13":"first","14":"instock","15":"shipping-taxable","16":"purchasable","17":"product-type-variable"},"publishpress_future_workflow_manual_trigger":{"enabledWorkflows":[]},"_links":{"self":[{"href":"https:\/\/afanoc.org\/es\/wp-json\/wp\/v2\/product\/75996","targetHints":{"allow":["GET"]}}],"collection":[{"href":"https:\/\/afanoc.org\/es\/wp-json\/wp\/v2\/product"}],"about":[{"href":"https:\/\/afanoc.org\/es\/wp-json\/wp\/v2\/types\/product"}],"version-history":[{"count":0,"href":"https:\/\/afanoc.org\/es\/wp-json\/wp\/v2\/product\/75996\/revisions"}],"wp:featuredmedia":[{"embeddable":true,"href":"https:\/\/afanoc.org\/es\/wp-json\/wp\/v2\/media\/76019"}],"wp:attachment":[{"href":"https:\/\/afanoc.org\/es\/wp-json\/wp\/v2\/media?parent=75996"}],"wp:term":[{"taxonomy":"product_brand","embeddable":true,"href":"https:\/\/afanoc.org\/es\/wp-json\/wp\/v2\/product_brand?post=75996"},{"taxonomy":"product_cat","embeddable":true,"href":"https:\/\/afanoc.org\/es\/wp-json\/wp\/v2\/product_cat?post=75996"},{"taxonomy":"product_tag","embeddable":true,"href":"https:\/\/afanoc.org\/es\/wp-json\/wp\/v2\/product_tag?post=75996"}],"curies":[{"name":"wp","href":"https:\/\/api.w.org\/{rel}","templated":true}]}}