{"id":74275,"date":"2025-10-21T10:37:43","date_gmt":"2025-10-21T08:37:43","guid":{"rendered":"https:\/\/afanoc.org\/botiga-solidaria\/buff-esportiu-afanoc\/"},"modified":"2025-12-22T00:42:34","modified_gmt":"2025-12-21T22:42:34","slug":"buff-esportiu-afanoc","status":"publish","type":"product","link":"https:\/\/afanoc.org\/es\/botiga-solidaria\/buff-esportiu-afanoc\/","title":{"rendered":"Buff deportivo Afanoc"},"content":{"rendered":"<p>Fabricado con un tejido de microfibra de alto rendimiento y transpirable.<\/p>\n<p>Destaca por su tocado extra suave y muy agradable de llevar.<\/p>\n<p>Adaptable a todas las tallas<\/p>\n","protected":false},"excerpt":{"rendered":"<p data-start=\"230\" data-end=\"523\">Este buff solidario te acompa\u00f1ar\u00e1 en todas partes con la energ\u00eda del <strong data-start=\"304\" data-end=\"313\">Xukli<\/strong> , el personaje que ayuda a \u201cabsorver los malos rollos\u201d del c\u00e1ncer infantil \ud83d\udc9b.<br data-start=\"390\" data-end=\"393\" \/>Ligero, suave y transpirable, es ideal para hacer deporte, salir a andar o a\u00f1adir un toque de color y solidaridad a tu d\u00eda a d\u00eda.<\/p>\n<p data-start=\"525\" data-end=\"598\">\u00a1\u00danete al movimiento y <strong data-start=\"548\" data-end=\"578\">mu\u00e9vete por el c\u00e1ncer infantil<\/strong> con AFANOC! \ud83d\udcaa\u2728<\/p>\n","protected":false},"featured_media":74273,"template":"","meta":{"site-sidebar-layout":"default","site-content-layout":"","ast-site-content-layout":"default","site-content-style":"default","site-sidebar-style":"default","ast-global-header-display":"","ast-banner-title-visibility":"","ast-main-header-display":"","ast-hfb-above-header-display":"","ast-hfb-below-header-display":"","ast-hfb-mobile-header-display":"","site-post-title":"","ast-breadcrumbs-content":"","ast-featured-img":"","footer-sml-layout":"","theme-transparent-header-meta":"default","adv-header-id-meta":"","stick-header-meta":"default","header-above-stick-meta":"","header-main-stick-meta":"","header-below-stick-meta":"","astra-migrate-meta-layouts":"set","ast-page-background-enabled":"default","ast-page-background-meta":{"desktop":{"background-color":"var(--ast-global-color-4)","background-image":"","background-repeat":"repeat","background-position":"center center","background-size":"auto","background-attachment":"scroll","background-type":"","background-media":"","overlay-type":"","overlay-color":"","overlay-opacity":"","overlay-gradient":""},"tablet":{"background-color":"","background-image":"","background-repeat":"repeat","background-position":"center center","background-size":"auto","background-attachment":"scroll","background-type":"","background-media":"","overlay-type":"","overlay-color":"","overlay-opacity":"","overlay-gradient":""},"mobile":{"background-color":"","background-image":"","background-repeat":"repeat","background-position":"center center","background-size":"auto","background-attachment":"scroll","background-type":"","background-media":"","overlay-type":"","overlay-color":"","overlay-opacity":"","overlay-gradient":""}},"ast-content-background-meta":{"desktop":{"background-color":"var(--ast-global-color-5)","background-image":"","background-repeat":"repeat","background-position":"center center","background-size":"auto","background-attachment":"scroll","background-type":"","background-media":"","overlay-type":"","overlay-color":"","overlay-opacity":"","overlay-gradient":""},"tablet":{"background-color":"var(--ast-global-color-5)","background-image":"","background-repeat":"repeat","background-position":"center center","background-size":"auto","background-attachment":"scroll","background-type":"","background-media":"","overlay-type":"","overlay-color":"","overlay-opacity":"","overlay-gradient":""},"mobile":{"background-color":"var(--ast-global-color-5)","background-image":"","background-repeat":"repeat","background-position":"center center","background-size":"auto","background-attachment":"scroll","background-type":"","background-media":"","overlay-type":"","overlay-color":"","overlay-opacity":"","overlay-gradient":""}}},"product_brand":[],"product_cat":[1633,1081,1453],"product_tag":[],"class_list":{"0":"post-74275","1":"product","2":"type-product","3":"status-publish","4":"has-post-thumbnail","6":"product_cat-deporte","7":"product_cat-regalos-solidarios","8":"product_cat-ropa","9":"product_shipping_class-crono-es-2","10":"desktop-align-left","11":"tablet-align-left","12":"mobile-align-left","13":"ast-product-gallery-layout-horizontal-slider","14":"ast-product-gallery-with-no-image","15":"ast-product-tabs-layout-horizontal","17":"first","18":"instock","19":"shipping-taxable","20":"purchasable","21":"product-type-simple"},"publishpress_future_workflow_manual_trigger":{"enabledWorkflows":[]},"_links":{"self":[{"href":"https:\/\/afanoc.org\/es\/wp-json\/wp\/v2\/product\/74275","targetHints":{"allow":["GET"]}}],"collection":[{"href":"https:\/\/afanoc.org\/es\/wp-json\/wp\/v2\/product"}],"about":[{"href":"https:\/\/afanoc.org\/es\/wp-json\/wp\/v2\/types\/product"}],"version-history":[{"count":0,"href":"https:\/\/afanoc.org\/es\/wp-json\/wp\/v2\/product\/74275\/revisions"}],"wp:featuredmedia":[{"embeddable":true,"href":"https:\/\/afanoc.org\/es\/wp-json\/wp\/v2\/media\/74273"}],"wp:attachment":[{"href":"https:\/\/afanoc.org\/es\/wp-json\/wp\/v2\/media?parent=74275"}],"wp:term":[{"taxonomy":"product_brand","embeddable":true,"href":"https:\/\/afanoc.org\/es\/wp-json\/wp\/v2\/product_brand?post=74275"},{"taxonomy":"product_cat","embeddable":true,"href":"https:\/\/afanoc.org\/es\/wp-json\/wp\/v2\/product_cat?post=74275"},{"taxonomy":"product_tag","embeddable":true,"href":"https:\/\/afanoc.org\/es\/wp-json\/wp\/v2\/product_tag?post=74275"}],"curies":[{"name":"wp","href":"https:\/\/api.w.org\/{rel}","templated":true}]}}