{"id":69245,"date":"2025-02-17T10:15:36","date_gmt":"2025-02-17T08:15:36","guid":{"rendered":"https:\/\/afanoc.org\/?post_type=product&#038;p=69245"},"modified":"2026-04-08T09:50:05","modified_gmt":"2026-04-08T07:50:05","slug":"el-gran-libro-de-los-xuklis","status":"publish","type":"product","link":"https:\/\/afanoc.org\/es\/botiga-solidaria\/el-gran-libro-de-los-xuklis\/","title":{"rendered":"El gran libro de los Xuklis"},"content":{"rendered":"<p>Autor del libro: <strong>Jaume Buix\u00f3<br \/>\n<\/strong> Ilustradora: <strong>Marta Capdevila<br \/>\n<\/strong> Dise\u00f1o: <strong>Helena Batet<br \/>\n<\/strong> Ide\u00f3logo: <strong>Dani Freixes<br \/>\n<\/strong> Creadora del personaje: <strong style=\"font-size: 16px;\">Roser Capdevila<br \/>\n<\/strong> Editorial impresa: <strong>Bindi Books<br \/>\n<\/strong><span style=\"color: #ff6600; font-size: 16px;\"><span style=\"color: #000000;\">Primera edici\u00f3n solo en <strong>Catalan<\/strong><\/span><\/span><\/p>\n","protected":false},"excerpt":{"rendered":"<p data-pm-slice=\"1 1 []\">Este cuento creado gracias a los ide\u00f3logos y padres de los Xuklis <span style=\"color: #333333;\"><strong>Dani Freixes<\/strong><\/span> y <span style=\"color: #333333;\"><strong>Roser Capdevila<\/strong><\/span> da a conocer la historia del origen del <span style=\"color: #ff6600;\"><strong>Mundo de los Xuklis<\/strong><\/span> unos seres fant\u00e1sticos tan antiguos como la humanidad.<\/p>\n<p>AFANOC descubri\u00f3 en la planta de oncolog\u00eda pedi\u00e1trica de los hospitales del Valle Hebr\u00f3n y San Juan de Dios que varios ni\u00f1os y ni\u00f1as, re\u00edan y jugaban a pesar de estar enfermos de c\u00e1ncer. Era como si alguien les hubiera chupado el mal rollo que supone estar tantos d\u00edas ingresados \u200b\u200ben el hospital. Despu\u00e9s de investigar un poco, supimos que unos personajes min\u00fasculos ven\u00edan de una colonia ubicada en la monta\u00f1a de Collserola y que fue en un congreso de cient\u00edficos muy importantes donde los descubrieron, venidos de todo el mundo&#8230;<\/p>\n<p>Os invitamos a sumergirse en el mundo de estos personajes tan y tan necesarios, los <span style=\"color: #ff6600;\"><strong>XUKLIS<\/strong><\/span> !<\/p>\n<p>Si quiere saber c\u00f3mo fue todo, no se lo puede perder!!<\/p>\n<p><em>Todos los beneficios de la venta de este libro se destinar\u00e1n \u00edntegramente a AFANOC y La Casa dels Xuklis.<\/p>\n<p><\/em><span style=\"color: #ff6600;\">Primera edici\u00f3n solo en Catalan<\/span><\/p>\n","protected":false},"featured_media":69241,"template":"","meta":{"site-sidebar-layout":"default","site-content-layout":"","ast-site-content-layout":"default","site-content-style":"default","site-sidebar-style":"default","ast-global-header-display":"","ast-banner-title-visibility":"","ast-main-header-display":"","ast-hfb-above-header-display":"","ast-hfb-below-header-display":"","ast-hfb-mobile-header-display":"","site-post-title":"","ast-breadcrumbs-content":"","ast-featured-img":"","footer-sml-layout":"","theme-transparent-header-meta":"default","adv-header-id-meta":"","stick-header-meta":"default","header-above-stick-meta":"","header-main-stick-meta":"","header-below-stick-meta":"","astra-migrate-meta-layouts":"set","ast-page-background-enabled":"default","ast-page-background-meta":{"desktop":{"background-color":"var(--ast-global-color-4)","background-image":"","background-repeat":"repeat","background-position":"center center","background-size":"auto","background-attachment":"scroll","background-type":"","background-media":"","overlay-type":"","overlay-color":"","overlay-opacity":"","overlay-gradient":""},"tablet":{"background-color":"","background-image":"","background-repeat":"repeat","background-position":"center center","background-size":"auto","background-attachment":"scroll","background-type":"","background-media":"","overlay-type":"","overlay-color":"","overlay-opacity":"","overlay-gradient":""},"mobile":{"background-color":"","background-image":"","background-repeat":"repeat","background-position":"center center","background-size":"auto","background-attachment":"scroll","background-type":"","background-media":"","overlay-type":"","overlay-color":"","overlay-opacity":"","overlay-gradient":""}},"ast-content-background-meta":{"desktop":{"background-color":"var(--ast-global-color-5)","background-image":"","background-repeat":"repeat","background-position":"center center","background-size":"auto","background-attachment":"scroll","background-type":"","background-media":"","overlay-type":"","overlay-color":"","overlay-opacity":"","overlay-gradient":""},"tablet":{"background-color":"var(--ast-global-color-5)","background-image":"","background-repeat":"repeat","background-position":"center center","background-size":"auto","background-attachment":"scroll","background-type":"","background-media":"","overlay-type":"","overlay-color":"","overlay-opacity":"","overlay-gradient":""},"mobile":{"background-color":"var(--ast-global-color-5)","background-image":"","background-repeat":"repeat","background-position":"center center","background-size":"auto","background-attachment":"scroll","background-type":"","background-media":"","overlay-type":"","overlay-color":"","overlay-opacity":"","overlay-gradient":""}}},"product_brand":[],"product_cat":[1457,1081,1459],"product_tag":[],"class_list":{"0":"post-69245","1":"product","2":"type-product","3":"status-publish","4":"has-post-thumbnail","6":"product_cat-papeleria","7":"product_cat-regalos-solidarios","8":"product_cat-sant-jordi-solidario","9":"product_shipping_class-crono-es-2","10":"desktop-align-left","11":"tablet-align-left","12":"mobile-align-left","13":"ast-product-gallery-layout-horizontal-slider","14":"ast-product-gallery-with-no-image","15":"ast-product-single-variable","16":"ast-product-tabs-layout-horizontal","18":"first","19":"instock","20":"featured","21":"shipping-taxable","22":"purchasable","23":"product-type-variable"},"publishpress_future_workflow_manual_trigger":{"enabledWorkflows":[]},"_links":{"self":[{"href":"https:\/\/afanoc.org\/es\/wp-json\/wp\/v2\/product\/69245","targetHints":{"allow":["GET"]}}],"collection":[{"href":"https:\/\/afanoc.org\/es\/wp-json\/wp\/v2\/product"}],"about":[{"href":"https:\/\/afanoc.org\/es\/wp-json\/wp\/v2\/types\/product"}],"version-history":[{"count":0,"href":"https:\/\/afanoc.org\/es\/wp-json\/wp\/v2\/product\/69245\/revisions"}],"wp:featuredmedia":[{"embeddable":true,"href":"https:\/\/afanoc.org\/es\/wp-json\/wp\/v2\/media\/69241"}],"wp:attachment":[{"href":"https:\/\/afanoc.org\/es\/wp-json\/wp\/v2\/media?parent=69245"}],"wp:term":[{"taxonomy":"product_brand","embeddable":true,"href":"https:\/\/afanoc.org\/es\/wp-json\/wp\/v2\/product_brand?post=69245"},{"taxonomy":"product_cat","embeddable":true,"href":"https:\/\/afanoc.org\/es\/wp-json\/wp\/v2\/product_cat?post=69245"},{"taxonomy":"product_tag","embeddable":true,"href":"https:\/\/afanoc.org\/es\/wp-json\/wp\/v2\/product_tag?post=69245"}],"curies":[{"name":"wp","href":"https:\/\/api.w.org\/{rel}","templated":true}]}}