{"id":68430,"date":"2025-01-15T19:39:22","date_gmt":"2025-01-15T17:39:22","guid":{"rendered":"https:\/\/afanoc.org\/botiga-solidaria\/samarreta-rpx-judas-priest-implicat\/"},"modified":"2025-09-20T00:51:01","modified_gmt":"2025-09-19T22:51:01","slug":"camiseta-rpx-judas-priest-implicat","status":"publish","type":"product","link":"https:\/\/afanoc.org\/es\/botiga-solidaria\/camiseta-rpx-judas-priest-implicat\/","title":{"rendered":"Camiseta RPX Judas Priest (implica&#8217;t)"},"content":{"rendered":"<p><strong>Material<\/strong> de algod\u00f3n 100%<\/p>\n<p><strong>Granaje<\/strong> de 150gsm<\/p>\n<p><strong>Color<\/strong> negro<\/p>\n<p><strong>Tallas<\/strong> Infantiles y de la XS a la 2XL<\/p>\n","protected":false},"excerpt":{"rendered":"<p><strong>Esta<\/strong> camiseta nace de la solidaridad de un grupo de m\u00fasicos vinculados <strong>a<\/strong> RockpelsXuklis ( <strong>M\u00fasica<\/strong> por los J\u00f3venes <strong>con<\/strong> C\u00e1ncer). cosa nuestra\u00bb, de la fabricaci\u00f3n. Como la venta ha sido tan exitosa y el p\u00fablico ha reaccionado tan positivamente se ha creado una comisi\u00f3n liderada por David Canovas en la que muchos colaboradores se suman a esta distribuci\u00f3n: <strong>Pepe Motor, Jos\u00e9 Luis Requena, El\u00edas Fermon, Ignacio Tarz\u00e1n de Heavys de Meri, Mario y Raquel, de Liantes Metaleros y locales como el bar 4 asnos y Ca La Vera Rock Bar en Badalona; el Restaurante Ginesta, en el barrio de Montbau; Vilapicina, y el Celler Panotxa<\/strong> , en el barrio del Clot de Barcelona. En 2020, en plena pandemia, todos los conciertos quedaron parados y se decidi\u00f3 hacer una camiseta que fuera acogida por toda la comunidad rockera y que quisiera colaborar con AFANOC , Rockpelsxuklis y el mantenimiento de La Casa dels Xuklis . Este a\u00f1o os presentamos el nuevo dise\u00f1o adaptado con el grupo de m\u00fasica <strong>Judas Priest<\/strong> \u00a1Tambi\u00e9n se puede encontrar en todos los stands y conciertos de RockpelsXuklis! La m\u00fasica rock es solidaria y se suma con los j\u00f3venes con c\u00e1ncer.  <\/p>\n","protected":false},"featured_media":68369,"template":"","meta":{"site-sidebar-layout":"default","site-content-layout":"","ast-site-content-layout":"default","site-content-style":"default","site-sidebar-style":"default","ast-global-header-display":"","ast-banner-title-visibility":"","ast-main-header-display":"","ast-hfb-above-header-display":"","ast-hfb-below-header-display":"","ast-hfb-mobile-header-display":"","site-post-title":"","ast-breadcrumbs-content":"","ast-featured-img":"","footer-sml-layout":"","theme-transparent-header-meta":"default","adv-header-id-meta":"","stick-header-meta":"default","header-above-stick-meta":"","header-main-stick-meta":"","header-below-stick-meta":"","astra-migrate-meta-layouts":"set","ast-page-background-enabled":"default","ast-page-background-meta":{"desktop":{"background-color":"var(--ast-global-color-4)","background-image":"","background-repeat":"repeat","background-position":"center center","background-size":"auto","background-attachment":"scroll","background-type":"","background-media":"","overlay-type":"","overlay-color":"","overlay-opacity":"","overlay-gradient":""},"tablet":{"background-color":"","background-image":"","background-repeat":"repeat","background-position":"center center","background-size":"auto","background-attachment":"scroll","background-type":"","background-media":"","overlay-type":"","overlay-color":"","overlay-opacity":"","overlay-gradient":""},"mobile":{"background-color":"","background-image":"","background-repeat":"repeat","background-position":"center center","background-size":"auto","background-attachment":"scroll","background-type":"","background-media":"","overlay-type":"","overlay-color":"","overlay-opacity":"","overlay-gradient":""}},"ast-content-background-meta":{"desktop":{"background-color":"var(--ast-global-color-5)","background-image":"","background-repeat":"repeat","background-position":"center center","background-size":"auto","background-attachment":"scroll","background-type":"","background-media":"","overlay-type":"","overlay-color":"","overlay-opacity":"","overlay-gradient":""},"tablet":{"background-color":"var(--ast-global-color-5)","background-image":"","background-repeat":"repeat","background-position":"center center","background-size":"auto","background-attachment":"scroll","background-type":"","background-media":"","overlay-type":"","overlay-color":"","overlay-opacity":"","overlay-gradient":""},"mobile":{"background-color":"var(--ast-global-color-5)","background-image":"","background-repeat":"repeat","background-position":"center center","background-size":"auto","background-attachment":"scroll","background-type":"","background-media":"","overlay-type":"","overlay-color":"","overlay-opacity":"","overlay-gradient":""}}},"product_brand":[],"product_cat":[1081,1456,1453],"product_tag":[],"class_list":{"0":"post-68430","1":"product","2":"type-product","3":"status-publish","4":"has-post-thumbnail","6":"product_cat-regalos-solidarios","7":"product_cat-rock-pels-xuklis-es","8":"product_cat-ropa","9":"product_shipping_class-crono-es-2","10":"desktop-align-left","11":"tablet-align-left","12":"mobile-align-left","13":"ast-product-gallery-layout-horizontal-slider","14":"ast-product-single-variable","15":"ast-product-tabs-layout-horizontal","17":"first","18":"instock","19":"shipping-taxable","20":"product-type-variable"},"publishpress_future_workflow_manual_trigger":{"enabledWorkflows":[]},"_links":{"self":[{"href":"https:\/\/afanoc.org\/es\/wp-json\/wp\/v2\/product\/68430","targetHints":{"allow":["GET"]}}],"collection":[{"href":"https:\/\/afanoc.org\/es\/wp-json\/wp\/v2\/product"}],"about":[{"href":"https:\/\/afanoc.org\/es\/wp-json\/wp\/v2\/types\/product"}],"version-history":[{"count":0,"href":"https:\/\/afanoc.org\/es\/wp-json\/wp\/v2\/product\/68430\/revisions"}],"wp:featuredmedia":[{"embeddable":true,"href":"https:\/\/afanoc.org\/es\/wp-json\/wp\/v2\/media\/68369"}],"wp:attachment":[{"href":"https:\/\/afanoc.org\/es\/wp-json\/wp\/v2\/media?parent=68430"}],"wp:term":[{"taxonomy":"product_brand","embeddable":true,"href":"https:\/\/afanoc.org\/es\/wp-json\/wp\/v2\/product_brand?post=68430"},{"taxonomy":"product_cat","embeddable":true,"href":"https:\/\/afanoc.org\/es\/wp-json\/wp\/v2\/product_cat?post=68430"},{"taxonomy":"product_tag","embeddable":true,"href":"https:\/\/afanoc.org\/es\/wp-json\/wp\/v2\/product_tag?post=68430"}],"curies":[{"name":"wp","href":"https:\/\/api.w.org\/{rel}","templated":true}]}}