{"id":67196,"date":"2025-12-03T15:29:23","date_gmt":"2025-12-03T13:29:23","guid":{"rendered":"https:\/\/afanoc.org\/botiga-solidaria\/xuklets-la-galeta-que-endolceix-el-teu-dia-i-dona-suport-a-la-casa-dels-xuklis\/"},"modified":"2025-02-24T12:30:23","modified_gmt":"2025-02-24T10:30:23","slug":"xuklets-la-galleta-que-endolceix-el-teu-dia-i-dona-suport-a-la-casa-dels-xuklis","status":"publish","type":"product","link":"https:\/\/afanoc.org\/es\/botiga-solidaria\/xuklets-la-galleta-que-endolceix-el-teu-dia-i-dona-suport-a-la-casa-dels-xuklis\/","title":{"rendered":"Los Xuklets: la galleta m\u00e1s solidaria"},"content":{"rendered":"<ul>\n<li aria-level=\"1\">Sin Gluten<\/li>\n<li aria-level=\"1\">Sin frutos secos<\/li>\n<li aria-level=\"1\">Cubiertas de cacao negro gourmet<\/li>\n<li aria-level=\"1\">Con los mejores ingredientes y de m\u00e1xima calidad<\/li>\n<li aria-level=\"1\">Elaboradas de forma artesanal<\/li>\n<li aria-level=\"1\">Hechas a mano<\/li>\n<li aria-level=\"1\">Caja de 180 gr.<\/li>\n<\/ul>\n","protected":false},"excerpt":{"rendered":"<p>Te presentamos los Xuklets unas galletas solidarias y especiales que no s\u00f3lo endulzan el momento, sino que tambi\u00e9n absorben los \u00abmalos rollos\u00bb para hacerlos desaparecer\u00bb y llevar alegr\u00eda a las familias con ni\u00f1os en tratamiento oncol\u00f3gico. Esta idea creativa surge de la col \u00b7laboraci\u00f3n entre la empresa manresana <a href=\"https:\/\/e2s.cat\/\">E2S<\/a> y las artesanas de <a href=\"https:\/\/neulessanttirs.com\/\">Neules Sant Tirs<\/a> de Puig-reig. tiendas de la <strong>Sirena<\/strong> y del <strong>Almendro Origen<\/strong> .  <\/p>\n","protected":false},"featured_media":67192,"template":"","meta":{"site-sidebar-layout":"default","site-content-layout":"","ast-site-content-layout":"default","site-content-style":"default","site-sidebar-style":"default","ast-global-header-display":"","ast-banner-title-visibility":"","ast-main-header-display":"","ast-hfb-above-header-display":"","ast-hfb-below-header-display":"","ast-hfb-mobile-header-display":"","site-post-title":"","ast-breadcrumbs-content":"","ast-featured-img":"","footer-sml-layout":"","theme-transparent-header-meta":"default","adv-header-id-meta":"","stick-header-meta":"default","header-above-stick-meta":"","header-main-stick-meta":"","header-below-stick-meta":"","astra-migrate-meta-layouts":"set","ast-page-background-enabled":"default","ast-page-background-meta":{"desktop":{"background-color":"var(--ast-global-color-4)","background-image":"","background-repeat":"repeat","background-position":"center center","background-size":"auto","background-attachment":"scroll","background-type":"","background-media":"","overlay-type":"","overlay-color":"","overlay-opacity":"","overlay-gradient":""},"tablet":{"background-color":"","background-image":"","background-repeat":"repeat","background-position":"center center","background-size":"auto","background-attachment":"scroll","background-type":"","background-media":"","overlay-type":"","overlay-color":"","overlay-opacity":"","overlay-gradient":""},"mobile":{"background-color":"","background-image":"","background-repeat":"repeat","background-position":"center center","background-size":"auto","background-attachment":"scroll","background-type":"","background-media":"","overlay-type":"","overlay-color":"","overlay-opacity":"","overlay-gradient":""}},"ast-content-background-meta":{"desktop":{"background-color":"var(--ast-global-color-5)","background-image":"","background-repeat":"repeat","background-position":"center center","background-size":"auto","background-attachment":"scroll","background-type":"","background-media":"","overlay-type":"","overlay-color":"","overlay-opacity":"","overlay-gradient":""},"tablet":{"background-color":"var(--ast-global-color-5)","background-image":"","background-repeat":"repeat","background-position":"center center","background-size":"auto","background-attachment":"scroll","background-type":"","background-media":"","overlay-type":"","overlay-color":"","overlay-opacity":"","overlay-gradient":""},"mobile":{"background-color":"var(--ast-global-color-5)","background-image":"","background-repeat":"repeat","background-position":"center center","background-size":"auto","background-attachment":"scroll","background-type":"","background-media":"","overlay-type":"","overlay-color":"","overlay-opacity":"","overlay-gradient":""}}},"product_brand":[],"product_cat":[1452,1081],"product_tag":[],"class_list":{"0":"post-67196","1":"product","2":"type-product","3":"status-publish","4":"has-post-thumbnail","6":"product_cat-complementos","7":"product_cat-regalos-solidarios","8":"desktop-align-left","9":"tablet-align-left","10":"mobile-align-left","11":"ast-product-gallery-layout-horizontal-slider","12":"ast-product-gallery-with-no-image","13":"ast-product-tabs-layout-horizontal","15":"first","16":"instock","17":"shipping-taxable","18":"product-type-external"},"publishpress_future_workflow_manual_trigger":{"enabledWorkflows":[]},"_links":{"self":[{"href":"https:\/\/afanoc.org\/es\/wp-json\/wp\/v2\/product\/67196","targetHints":{"allow":["GET"]}}],"collection":[{"href":"https:\/\/afanoc.org\/es\/wp-json\/wp\/v2\/product"}],"about":[{"href":"https:\/\/afanoc.org\/es\/wp-json\/wp\/v2\/types\/product"}],"version-history":[{"count":0,"href":"https:\/\/afanoc.org\/es\/wp-json\/wp\/v2\/product\/67196\/revisions"}],"wp:featuredmedia":[{"embeddable":true,"href":"https:\/\/afanoc.org\/es\/wp-json\/wp\/v2\/media\/67192"}],"wp:attachment":[{"href":"https:\/\/afanoc.org\/es\/wp-json\/wp\/v2\/media?parent=67196"}],"wp:term":[{"taxonomy":"product_brand","embeddable":true,"href":"https:\/\/afanoc.org\/es\/wp-json\/wp\/v2\/product_brand?post=67196"},{"taxonomy":"product_cat","embeddable":true,"href":"https:\/\/afanoc.org\/es\/wp-json\/wp\/v2\/product_cat?post=67196"},{"taxonomy":"product_tag","embeddable":true,"href":"https:\/\/afanoc.org\/es\/wp-json\/wp\/v2\/product_tag?post=67196"}],"curies":[{"name":"wp","href":"https:\/\/api.w.org\/{rel}","templated":true}]}}