{"id":65492,"date":"2024-10-02T12:06:07","date_gmt":"2024-10-02T12:06:07","guid":{"rendered":"https:\/\/afanoc.org\/?post_type=product&#038;p=65492"},"modified":"2026-03-25T19:23:55","modified_gmt":"2026-03-25T17:23:55","slug":"gorra-asis-percales-2024","status":"publish","type":"product","link":"https:\/\/afanoc.org\/es\/botiga-solidaria\/gorra-asis-percales-2024\/","title":{"rendered":"Gorra Asis Percales 2024"},"content":{"rendered":"<p><strong>Talla:<\/strong> Adulto<br \/>\n<strong>Talla:<\/strong> Ni\u00f1o\/Ni\u00f1a<br \/>\n<strong>Material:<\/strong> Algod\u00f3n 80%, 20% poli\u00e9ster \u00a1Muy c\u00f3modo, ligero Y EXCLUSIVO!<\/p>\n","protected":false},"excerpt":{"rendered":"<p>La gorra de este a\u00f1o ha sido dise\u00f1ada por el artista granadino <strong>Asis Percales<\/strong> residente en Barcelona, nos presenta un dise\u00f1o felino, salvaje, impactante.<\/p>\n<p class=\"p1\">Con un \u00fanico elemento y dos colores, el negro y el amarillo, Asis Percales dibuja la cara de un tigre, el animal que simboliza <strong>la fuerza, el poder y el coraje<\/strong> . Valores presentes en las personas que viven el proceso del c\u00e1ncer infantil.<\/p>\n<p><em>Aqu\u00ed pod\u00e9is consultar la gu\u00eda de tallas en las im\u00e1genes<\/em><\/p>\n<p><strong>*<\/strong> <strong>Precio exclusivo online<\/strong><\/p>\n<p>&nbsp;<\/p>\n","protected":false},"featured_media":65496,"template":"","meta":{"site-sidebar-layout":"default","site-content-layout":"","ast-site-content-layout":"default","site-content-style":"default","site-sidebar-style":"default","ast-global-header-display":"","ast-banner-title-visibility":"","ast-main-header-display":"","ast-hfb-above-header-display":"","ast-hfb-below-header-display":"","ast-hfb-mobile-header-display":"","site-post-title":"","ast-breadcrumbs-content":"","ast-featured-img":"","footer-sml-layout":"","theme-transparent-header-meta":"default","adv-header-id-meta":"","stick-header-meta":"default","header-above-stick-meta":"","header-main-stick-meta":"","header-below-stick-meta":"","astra-migrate-meta-layouts":"set","ast-page-background-enabled":"default","ast-page-background-meta":{"desktop":{"background-color":"var(--ast-global-color-4)","background-image":"","background-repeat":"repeat","background-position":"center center","background-size":"auto","background-attachment":"scroll","background-type":"","background-media":"","overlay-type":"","overlay-color":"","overlay-opacity":"","overlay-gradient":""},"tablet":{"background-color":"","background-image":"","background-repeat":"repeat","background-position":"center center","background-size":"auto","background-attachment":"scroll","background-type":"","background-media":"","overlay-type":"","overlay-color":"","overlay-opacity":"","overlay-gradient":""},"mobile":{"background-color":"","background-image":"","background-repeat":"repeat","background-position":"center center","background-size":"auto","background-attachment":"scroll","background-type":"","background-media":"","overlay-type":"","overlay-color":"","overlay-opacity":"","overlay-gradient":""}},"ast-content-background-meta":{"desktop":{"background-color":"var(--ast-global-color-5)","background-image":"","background-repeat":"repeat","background-position":"center center","background-size":"auto","background-attachment":"scroll","background-type":"","background-media":"","overlay-type":"","overlay-color":"","overlay-opacity":"","overlay-gradient":""},"tablet":{"background-color":"var(--ast-global-color-5)","background-image":"","background-repeat":"repeat","background-position":"center center","background-size":"auto","background-attachment":"scroll","background-type":"","background-media":"","overlay-type":"","overlay-color":"","overlay-opacity":"","overlay-gradient":""},"mobile":{"background-color":"var(--ast-global-color-5)","background-image":"","background-repeat":"repeat","background-position":"center center","background-size":"auto","background-attachment":"scroll","background-type":"","background-media":"","overlay-type":"","overlay-color":"","overlay-opacity":"","overlay-gradient":""}}},"product_brand":[],"product_cat":[1455,1081],"product_tag":[],"class_list":{"0":"post-65492","1":"product","2":"type-product","3":"status-publish","4":"has-post-thumbnail","6":"product_cat-gorras-solidarias","7":"product_cat-regalos-solidarios","8":"product_shipping_class-crono-es-2","9":"desktop-align-left","10":"tablet-align-left","11":"mobile-align-left","12":"ast-product-gallery-layout-horizontal-slider","13":"ast-product-single-variable","14":"ast-product-tabs-layout-horizontal","16":"first","17":"instock","18":"featured","19":"shipping-taxable","20":"purchasable","21":"product-type-variable"},"publishpress_future_workflow_manual_trigger":{"enabledWorkflows":[]},"_links":{"self":[{"href":"https:\/\/afanoc.org\/es\/wp-json\/wp\/v2\/product\/65492","targetHints":{"allow":["GET"]}}],"collection":[{"href":"https:\/\/afanoc.org\/es\/wp-json\/wp\/v2\/product"}],"about":[{"href":"https:\/\/afanoc.org\/es\/wp-json\/wp\/v2\/types\/product"}],"version-history":[{"count":0,"href":"https:\/\/afanoc.org\/es\/wp-json\/wp\/v2\/product\/65492\/revisions"}],"wp:featuredmedia":[{"embeddable":true,"href":"https:\/\/afanoc.org\/es\/wp-json\/wp\/v2\/media\/65496"}],"wp:attachment":[{"href":"https:\/\/afanoc.org\/es\/wp-json\/wp\/v2\/media?parent=65492"}],"wp:term":[{"taxonomy":"product_brand","embeddable":true,"href":"https:\/\/afanoc.org\/es\/wp-json\/wp\/v2\/product_brand?post=65492"},{"taxonomy":"product_cat","embeddable":true,"href":"https:\/\/afanoc.org\/es\/wp-json\/wp\/v2\/product_cat?post=65492"},{"taxonomy":"product_tag","embeddable":true,"href":"https:\/\/afanoc.org\/es\/wp-json\/wp\/v2\/product_tag?post=65492"}],"curies":[{"name":"wp","href":"https:\/\/api.w.org\/{rel}","templated":true}]}}