{"id":64207,"date":"2023-08-02T09:40:01","date_gmt":"2023-08-02T09:40:01","guid":{"rendered":"https:\/\/afanoc.org\/?post_type=product&#038;p=64207"},"modified":"2026-01-15T18:55:29","modified_gmt":"2026-01-15T16:55:29","slug":"gorra-eyesores-xevi-gallego-2022","status":"publish","type":"product","link":"https:\/\/afanoc.org\/es\/botiga-solidaria\/gorra-eyesores-xevi-gallego-2022\/","title":{"rendered":"Gorra @eyesores (Xevi Gallego -2022)"},"content":{"rendered":"<p><strong>Talla: <\/strong>Adulto<\/p>\n<p><strong>Material:<\/strong> Algod\u00f3n 80%, 20% poli\u00e9ster.<\/p>\n<p>Muy c\u00f3modo, ligero y \u00a1EXCLUSIVO!<\/p>\n","protected":false},"excerpt":{"rendered":"<p>La gorra de Xevi Gallego @EYESORES , un artista de Osona instalado en California que ha hecho de los monstruos su fuente de inspiraci\u00f3n y nos ha inspirado tambi\u00e9n a nosotros con sus monstruos feroces, espantosos, pero a la vez simp\u00e1ticos y curiosos que tambi\u00e9n necesitan ser abrazados.<\/p>\n<p>Monstruos que nos lanzan un mensaje que\u00a0<strong>reivindica la aceptaci\u00f3n de lo que nos asusta<\/strong>, pero que tambi\u00e9n nos ense\u00f1an a trabajar en el d\u00eda a d\u00eda nuestra fortaleza.<\/p>\n<p>AFANOC conoce muy bien este monstruo y la experiencia nos ha hecho ver que \u00e9ste necesita ser \u2018abrazado\u2019, porque s\u00f3lo abrazando la adversidad sacaremos nuestra propia fortaleza.<\/p>\n<p>Abrazar es aceptar, contener, incluir, captar, rodear y es tambi\u00e9n\u00a0<strong>acompa\u00f1a<\/strong>r.<\/p>\n<p><strong>* Precio exclusivo online<\/strong><\/p>\n","protected":false},"featured_media":43613,"template":"","meta":{"site-sidebar-layout":"default","site-content-layout":"","ast-site-content-layout":"default","site-content-style":"default","site-sidebar-style":"default","ast-global-header-display":"","ast-banner-title-visibility":"","ast-main-header-display":"","ast-hfb-above-header-display":"","ast-hfb-below-header-display":"","ast-hfb-mobile-header-display":"","site-post-title":"","ast-breadcrumbs-content":"","ast-featured-img":"","footer-sml-layout":"","theme-transparent-header-meta":"default","adv-header-id-meta":"","stick-header-meta":"default","header-above-stick-meta":"","header-main-stick-meta":"","header-below-stick-meta":"","astra-migrate-meta-layouts":"set","ast-page-background-enabled":"default","ast-page-background-meta":{"desktop":{"background-color":"var(--ast-global-color-4)","background-image":"","background-repeat":"repeat","background-position":"center center","background-size":"auto","background-attachment":"scroll","background-type":"","background-media":"","overlay-type":"","overlay-color":"","overlay-opacity":"","overlay-gradient":""},"tablet":{"background-color":"","background-image":"","background-repeat":"repeat","background-position":"center center","background-size":"auto","background-attachment":"scroll","background-type":"","background-media":"","overlay-type":"","overlay-color":"","overlay-opacity":"","overlay-gradient":""},"mobile":{"background-color":"","background-image":"","background-repeat":"repeat","background-position":"center center","background-size":"auto","background-attachment":"scroll","background-type":"","background-media":"","overlay-type":"","overlay-color":"","overlay-opacity":"","overlay-gradient":""}},"ast-content-background-meta":{"desktop":{"background-color":"var(--ast-global-color-5)","background-image":"","background-repeat":"repeat","background-position":"center center","background-size":"auto","background-attachment":"scroll","background-type":"","background-media":"","overlay-type":"","overlay-color":"","overlay-opacity":"","overlay-gradient":""},"tablet":{"background-color":"var(--ast-global-color-5)","background-image":"","background-repeat":"repeat","background-position":"center center","background-size":"auto","background-attachment":"scroll","background-type":"","background-media":"","overlay-type":"","overlay-color":"","overlay-opacity":"","overlay-gradient":""},"mobile":{"background-color":"var(--ast-global-color-5)","background-image":"","background-repeat":"repeat","background-position":"center center","background-size":"auto","background-attachment":"scroll","background-type":"","background-media":"","overlay-type":"","overlay-color":"","overlay-opacity":"","overlay-gradient":""}}},"product_brand":[],"product_cat":[1455,1460,1638,1469,1461,1081],"product_tag":[],"class_list":{"0":"post-64207","1":"product","2":"type-product","3":"status-publish","4":"has-post-thumbnail","6":"product_cat-gorras-solidarias","7":"product_cat-regalos-papa-noel","8":"product_cat-regalos-para-ninos","9":"product_cat-regalos-por-el-tio","10":"product_cat-regalos-por-reyes","11":"product_cat-regalos-solidarios","12":"product_shipping_class-crono-es-2","13":"desktop-align-left","14":"tablet-align-left","15":"mobile-align-left","16":"ast-product-gallery-layout-horizontal-slider","17":"ast-product-tabs-layout-horizontal","19":"first","20":"instock","21":"shipping-taxable","22":"purchasable","23":"product-type-simple"},"publishpress_future_workflow_manual_trigger":{"enabledWorkflows":[]},"_links":{"self":[{"href":"https:\/\/afanoc.org\/es\/wp-json\/wp\/v2\/product\/64207","targetHints":{"allow":["GET"]}}],"collection":[{"href":"https:\/\/afanoc.org\/es\/wp-json\/wp\/v2\/product"}],"about":[{"href":"https:\/\/afanoc.org\/es\/wp-json\/wp\/v2\/types\/product"}],"version-history":[{"count":0,"href":"https:\/\/afanoc.org\/es\/wp-json\/wp\/v2\/product\/64207\/revisions"}],"wp:featuredmedia":[{"embeddable":true,"href":"https:\/\/afanoc.org\/es\/wp-json\/wp\/v2\/media\/43613"}],"wp:attachment":[{"href":"https:\/\/afanoc.org\/es\/wp-json\/wp\/v2\/media?parent=64207"}],"wp:term":[{"taxonomy":"product_brand","embeddable":true,"href":"https:\/\/afanoc.org\/es\/wp-json\/wp\/v2\/product_brand?post=64207"},{"taxonomy":"product_cat","embeddable":true,"href":"https:\/\/afanoc.org\/es\/wp-json\/wp\/v2\/product_cat?post=64207"},{"taxonomy":"product_tag","embeddable":true,"href":"https:\/\/afanoc.org\/es\/wp-json\/wp\/v2\/product_tag?post=64207"}],"curies":[{"name":"wp","href":"https:\/\/api.w.org\/{rel}","templated":true}]}}