{"id":58928,"date":"2024-02-15T11:20:01","date_gmt":"2024-02-15T11:20:01","guid":{"rendered":"https:\/\/afanoc.org\/botiga-solidaria\/vinil-help-rockpelsxuklis-del-padrinola-cosa-nostra\/"},"modified":"2024-07-19T13:46:58","modified_gmt":"2024-07-19T13:46:58","slug":"vinil-help-rockpelsxuklis-del-padrinola-cosa-nostra-2","status":"publish","type":"product","link":"https:\/\/afanoc.org\/es\/botiga-solidaria\/vinil-help-rockpelsxuklis-del-padrinola-cosa-nostra-2\/","title":{"rendered":"Vinilo Help! RockpelsXuklis del Padrino&#038;La Cosa Nostra"},"content":{"rendered":"<p>\u00a1El vinilo con 9 cl\u00e1sicos exclusivos!<\/p>\n<p>Tambi\u00e9n podr\u00e9is encontrar un CD en el interior, las letres de las canciones y fotos espectaculares con los artistas.<\/p>\n","protected":false},"excerpt":{"rendered":"<p><strong>Padrino Guti\u00e9rrez<\/strong> ha reunido aut\u00e9nticas leyendas de la m\u00fasica de este pa\u00eds como <strong>Carles Benavent, JM Kiflus, Tony Carmona<\/strong> y <strong>Andy Cobo<\/strong>, para grabar el disco <strong>Help RockpelsXuklis<\/strong>. Un trabajo de versiones excelentes que van desde Me quedo contigo de Los Chunguitos a Help, ay\u00fadame de Tony Ronald.<\/p>\n<p>M\u00fasica de \u201cgrandes\u201d, en todos los sentidos, para mejorar la calidad de vida de los \u201cj\u00f3venes\u201d que luchan por seguir creciendo, y quiz\u00e1s alg\u00fan d\u00eda, llegar a ser tan \u201cgrandes\u201d como ellos.<\/p>\n","protected":false},"featured_media":62471,"template":"","meta":{"site-sidebar-layout":"default","site-content-layout":"","ast-site-content-layout":"default","site-content-style":"default","site-sidebar-style":"default","ast-global-header-display":"","ast-banner-title-visibility":"","ast-main-header-display":"","ast-hfb-above-header-display":"","ast-hfb-below-header-display":"","ast-hfb-mobile-header-display":"","site-post-title":"","ast-breadcrumbs-content":"","ast-featured-img":"","footer-sml-layout":"","theme-transparent-header-meta":"default","adv-header-id-meta":"","stick-header-meta":"default","header-above-stick-meta":"","header-main-stick-meta":"","header-below-stick-meta":"","astra-migrate-meta-layouts":"set","ast-page-background-enabled":"default","ast-page-background-meta":{"desktop":{"background-color":"var(--ast-global-color-4)","background-image":"","background-repeat":"repeat","background-position":"center center","background-size":"auto","background-attachment":"scroll","background-type":"","background-media":"","overlay-type":"","overlay-color":"","overlay-opacity":"","overlay-gradient":""},"tablet":{"background-color":"","background-image":"","background-repeat":"repeat","background-position":"center center","background-size":"auto","background-attachment":"scroll","background-type":"","background-media":"","overlay-type":"","overlay-color":"","overlay-opacity":"","overlay-gradient":""},"mobile":{"background-color":"","background-image":"","background-repeat":"repeat","background-position":"center center","background-size":"auto","background-attachment":"scroll","background-type":"","background-media":"","overlay-type":"","overlay-color":"","overlay-opacity":"","overlay-gradient":""}},"ast-content-background-meta":{"desktop":{"background-color":"var(--ast-global-color-5)","background-image":"","background-repeat":"repeat","background-position":"center center","background-size":"auto","background-attachment":"scroll","background-type":"","background-media":"","overlay-type":"","overlay-color":"","overlay-opacity":"","overlay-gradient":""},"tablet":{"background-color":"var(--ast-global-color-5)","background-image":"","background-repeat":"repeat","background-position":"center center","background-size":"auto","background-attachment":"scroll","background-type":"","background-media":"","overlay-type":"","overlay-color":"","overlay-opacity":"","overlay-gradient":""},"mobile":{"background-color":"var(--ast-global-color-5)","background-image":"","background-repeat":"repeat","background-position":"center center","background-size":"auto","background-attachment":"scroll","background-type":"","background-media":"","overlay-type":"","overlay-color":"","overlay-opacity":"","overlay-gradient":""}}},"product_brand":[],"product_cat":[1081,1456],"product_tag":[],"class_list":{"0":"post-58928","1":"product","2":"type-product","3":"status-publish","4":"has-post-thumbnail","6":"product_cat-regalos-solidarios","7":"product_cat-rock-pels-xuklis-es","8":"product_shipping_class-crono-es-2","9":"desktop-align-left","10":"tablet-align-left","11":"mobile-align-left","12":"ast-product-gallery-layout-horizontal-slider","13":"ast-product-tabs-layout-horizontal","15":"first","16":"instock","17":"shipping-taxable","18":"purchasable","19":"product-type-simple"},"publishpress_future_workflow_manual_trigger":{"enabledWorkflows":[]},"_links":{"self":[{"href":"https:\/\/afanoc.org\/es\/wp-json\/wp\/v2\/product\/58928","targetHints":{"allow":["GET"]}}],"collection":[{"href":"https:\/\/afanoc.org\/es\/wp-json\/wp\/v2\/product"}],"about":[{"href":"https:\/\/afanoc.org\/es\/wp-json\/wp\/v2\/types\/product"}],"version-history":[{"count":0,"href":"https:\/\/afanoc.org\/es\/wp-json\/wp\/v2\/product\/58928\/revisions"}],"wp:featuredmedia":[{"embeddable":true,"href":"https:\/\/afanoc.org\/es\/wp-json\/wp\/v2\/media\/62471"}],"wp:attachment":[{"href":"https:\/\/afanoc.org\/es\/wp-json\/wp\/v2\/media?parent=58928"}],"wp:term":[{"taxonomy":"product_brand","embeddable":true,"href":"https:\/\/afanoc.org\/es\/wp-json\/wp\/v2\/product_brand?post=58928"},{"taxonomy":"product_cat","embeddable":true,"href":"https:\/\/afanoc.org\/es\/wp-json\/wp\/v2\/product_cat?post=58928"},{"taxonomy":"product_tag","embeddable":true,"href":"https:\/\/afanoc.org\/es\/wp-json\/wp\/v2\/product_tag?post=58928"}],"curies":[{"name":"wp","href":"https:\/\/api.w.org\/{rel}","templated":true}]}}