{"id":57673,"date":"2023-12-14T13:20:10","date_gmt":"2023-12-14T13:20:10","guid":{"rendered":"https:\/\/afanoc.org\/botiga-solidaria\/llibre-dactivitats-per-colorejar-dels-xuklis\/"},"modified":"2024-10-05T10:34:38","modified_gmt":"2024-10-05T10:34:38","slug":"libro-dactividades-para-colorear-de-los-chuklis","status":"publish","type":"product","link":"https:\/\/afanoc.org\/es\/botiga-solidaria\/libro-dactividades-para-colorear-de-los-chuklis\/","title":{"rendered":"Libro de actividades para colorear de los Xuklis"},"content":{"rendered":"<ul>\n<li>Tama\u00f1o: D4<\/li>\n<li>18 p\u00e1ginas<\/li>\n<\/ul>\n","protected":false},"excerpt":{"rendered":"<p>Ya tenemos aqu\u00ed el libro de actividades del mundo de los Xuklis, \u00a1podr\u00e1n disfrutar tanto los m\u00e1s grandes como los m\u00e1s peque\u00f1os de la casa! <strong>Y podr\u00e1s encontrar:<\/strong> &#8211; Sopa de Letras &#8211; Seguir puntos &#8211; 7 diferencias &#8211; Colorear el mandala Xukli &#8211; Colorea el huerto de los Xuklis &#8211; Recorta y haz tu pizza con los Xuklis  &nbsp;<\/p>\n","protected":false},"featured_media":57661,"template":"","meta":{"site-sidebar-layout":"default","site-content-layout":"","ast-site-content-layout":"default","site-content-style":"default","site-sidebar-style":"default","ast-global-header-display":"","ast-banner-title-visibility":"","ast-main-header-display":"","ast-hfb-above-header-display":"","ast-hfb-below-header-display":"","ast-hfb-mobile-header-display":"","site-post-title":"","ast-breadcrumbs-content":"","ast-featured-img":"","footer-sml-layout":"","theme-transparent-header-meta":"default","adv-header-id-meta":"","stick-header-meta":"default","header-above-stick-meta":"","header-main-stick-meta":"","header-below-stick-meta":"","astra-migrate-meta-layouts":"set","ast-page-background-enabled":"default","ast-page-background-meta":{"desktop":{"background-color":"var(--ast-global-color-4)","background-image":"","background-repeat":"repeat","background-position":"center center","background-size":"auto","background-attachment":"scroll","background-type":"","background-media":"","overlay-type":"","overlay-color":"","overlay-opacity":"","overlay-gradient":""},"tablet":{"background-color":"","background-image":"","background-repeat":"repeat","background-position":"center center","background-size":"auto","background-attachment":"scroll","background-type":"","background-media":"","overlay-type":"","overlay-color":"","overlay-opacity":"","overlay-gradient":""},"mobile":{"background-color":"","background-image":"","background-repeat":"repeat","background-position":"center center","background-size":"auto","background-attachment":"scroll","background-type":"","background-media":"","overlay-type":"","overlay-color":"","overlay-opacity":"","overlay-gradient":""}},"ast-content-background-meta":{"desktop":{"background-color":"var(--ast-global-color-5)","background-image":"","background-repeat":"repeat","background-position":"center center","background-size":"auto","background-attachment":"scroll","background-type":"","background-media":"","overlay-type":"","overlay-color":"","overlay-opacity":"","overlay-gradient":""},"tablet":{"background-color":"var(--ast-global-color-5)","background-image":"","background-repeat":"repeat","background-position":"center center","background-size":"auto","background-attachment":"scroll","background-type":"","background-media":"","overlay-type":"","overlay-color":"","overlay-opacity":"","overlay-gradient":""},"mobile":{"background-color":"var(--ast-global-color-5)","background-image":"","background-repeat":"repeat","background-position":"center center","background-size":"auto","background-attachment":"scroll","background-type":"","background-media":"","overlay-type":"","overlay-color":"","overlay-opacity":"","overlay-gradient":""}}},"product_brand":[],"product_cat":[],"product_tag":[],"class_list":{"0":"post-57673","1":"product","2":"type-product","3":"status-publish","4":"has-post-thumbnail","6":"desktop-align-left","7":"tablet-align-left","8":"mobile-align-left","9":"ast-product-gallery-layout-horizontal-slider","10":"ast-product-tabs-layout-horizontal","12":"first","13":"outofstock","14":"shipping-taxable","15":"purchasable","16":"product-type-simple"},"publishpress_future_workflow_manual_trigger":{"enabledWorkflows":[]},"_links":{"self":[{"href":"https:\/\/afanoc.org\/es\/wp-json\/wp\/v2\/product\/57673","targetHints":{"allow":["GET"]}}],"collection":[{"href":"https:\/\/afanoc.org\/es\/wp-json\/wp\/v2\/product"}],"about":[{"href":"https:\/\/afanoc.org\/es\/wp-json\/wp\/v2\/types\/product"}],"version-history":[{"count":0,"href":"https:\/\/afanoc.org\/es\/wp-json\/wp\/v2\/product\/57673\/revisions"}],"wp:featuredmedia":[{"embeddable":true,"href":"https:\/\/afanoc.org\/es\/wp-json\/wp\/v2\/media\/57661"}],"wp:attachment":[{"href":"https:\/\/afanoc.org\/es\/wp-json\/wp\/v2\/media?parent=57673"}],"wp:term":[{"taxonomy":"product_brand","embeddable":true,"href":"https:\/\/afanoc.org\/es\/wp-json\/wp\/v2\/product_brand?post=57673"},{"taxonomy":"product_cat","embeddable":true,"href":"https:\/\/afanoc.org\/es\/wp-json\/wp\/v2\/product_cat?post=57673"},{"taxonomy":"product_tag","embeddable":true,"href":"https:\/\/afanoc.org\/es\/wp-json\/wp\/v2\/product_tag?post=57673"}],"curies":[{"name":"wp","href":"https:\/\/api.w.org\/{rel}","templated":true}]}}