{"id":57124,"date":"2023-11-23T10:38:35","date_gmt":"2023-11-23T10:38:35","guid":{"rendered":"https:\/\/afanoc.org\/botiga-solidaria\/podcast-vera-la-globera\/"},"modified":"2023-12-04T12:08:34","modified_gmt":"2023-12-04T12:08:34","slug":"podcast-vera-la-globera","status":"publish","type":"product","link":"https:\/\/afanoc.org\/es\/botiga-solidaria\/podcast-vera-la-globera\/","title":{"rendered":"Podcast &#8211; Vera la globera"},"content":{"rendered":"<p>\u00a9 Texto original, dise\u00f1o y maquetaci\u00f3n: Merc\u00e8 Carri\u00f3<br \/>\n\u00a9 Gui\u00f3n adaptado: Elisenda Belda<br \/>\n\u00a9 Ilustraciones: Vanessa Mateos<br \/>\nVoces:<br \/>\nVera, Paula Ramos<br \/>\nOcellet, Zoe Moreno<br \/>\nPare conill, Mario Riera<br \/>\nMare conill, Celia Ruiz<br \/>\nVete, Elisenda Belda<br \/>\nVoz en off, Umberto Salerno<br \/>\nMasterizaci\u00f3n:Andr\u00e9s Bretel<br \/>\n\u00a9M\u00fasicas:<br \/>\n\u201cHappy Kids\u201d by Easytonica; \u201cHappy kids\u201d by Matti Paalanen<\/p>\n<p>Es una producci\u00f3n de Globus Magicus, 2023 \u00a9<\/p>\n<p><img loading=\"lazy\" decoding=\"async\" class=\"alignnone size-full wp-image-57042\" src=\"https:\/\/afanoc.org\/wp-content\/uploads\/Globelius-logo-signatura-eMAIL.png\" alt=\"Globus Magicus\" width=\"293\" height=\"86\" srcset=\"https:\/\/afanoc.org\/wp-content\/uploads\/Globelius-logo-signatura-eMAIL.png 293w, https:\/\/afanoc.org\/wp-content\/uploads\/Globelius-logo-signatura-eMAIL-150x44.png 150w\" sizes=\"auto, (max-width: 293px) 100vw, 293px\" \/><\/p>\n<p><strong>Descargas limitadas<\/strong><\/p>\n","protected":false},"excerpt":{"rendered":"<p style=\"font-weight: 400;\">Vera, la ni\u00f1a globrera, te llevar\u00e1 a viajar con su globo aerost\u00e1tico, de nombre Andy. Con ellos, podr\u00e1s vivir las aventuras m\u00e1s fant\u00e1sticas, pasando por paisajes maravillosos y conociendo a muchos amigos que te transportar\u00e1n al mundo de la Vera.<\/p>\n<p style=\"font-weight: 400;\">Un cuento hecho por\u00a0<a href=\"https:\/\/www.facebook.com\/mercedes.carrio\/?locale=ca_ES\" data-saferedirecturl=\"https:\/\/www.google.com\/url?q=https:\/\/www.facebook.com\/mercedes.carrio\/?locale%3Dca_ES&amp;source=gmail&amp;ust=1701764440636000&amp;usg=AOvVaw2vyTBhqJglhCrtfbR6zCAm\"><b>Merc\u00e8 Carri\u00f3<\/b><\/a>\u00a0con mucho cari\u00f1o y que el equipo de\u00a0<a href=\"https:\/\/globusmagicus.com\/ca\/\" data-saferedirecturl=\"https:\/\/www.google.com\/url?q=https:\/\/globusmagicus.com\/ca\/&amp;source=gmail&amp;ust=1701764440636000&amp;usg=AOvVaw2Tegn_CDB0blYdsPxFX3J1\"><b>Globus Magicus<\/b><\/a>\u00a0ha adaptado a podcast con la misma estima para los ni\u00f1os y ni\u00f1as.<\/p>\n<p style=\"font-weight: 400;\">El importe\u00a0\u00edntegro del Podcast, como el libro-cuento en papel, van destinados\u00a0a l&#8217;Associaci\u00f3 de Nens amb C\u00e1ncer (<a href=\"http:\/\/www.afanoc.org\">AFANOC<\/a>)<\/p>\n","protected":false},"featured_media":57047,"template":"","meta":{"site-sidebar-layout":"default","site-content-layout":"","ast-site-content-layout":"default","site-content-style":"default","site-sidebar-style":"default","ast-global-header-display":"","ast-banner-title-visibility":"","ast-main-header-display":"","ast-hfb-above-header-display":"","ast-hfb-below-header-display":"","ast-hfb-mobile-header-display":"","site-post-title":"","ast-breadcrumbs-content":"","ast-featured-img":"","footer-sml-layout":"","theme-transparent-header-meta":"","adv-header-id-meta":"","stick-header-meta":"","header-above-stick-meta":"","header-main-stick-meta":"","header-below-stick-meta":"","astra-migrate-meta-layouts":"default","ast-page-background-enabled":"default","ast-page-background-meta":{"desktop":{"background-color":"var(--ast-global-color-4)","background-image":"","background-repeat":"repeat","background-position":"center center","background-size":"auto","background-attachment":"scroll","background-type":"","background-media":"","overlay-type":"","overlay-color":"","overlay-opacity":"","overlay-gradient":""},"tablet":{"background-color":"","background-image":"","background-repeat":"repeat","background-position":"center center","background-size":"auto","background-attachment":"scroll","background-type":"","background-media":"","overlay-type":"","overlay-color":"","overlay-opacity":"","overlay-gradient":""},"mobile":{"background-color":"","background-image":"","background-repeat":"repeat","background-position":"center center","background-size":"auto","background-attachment":"scroll","background-type":"","background-media":"","overlay-type":"","overlay-color":"","overlay-opacity":"","overlay-gradient":""}},"ast-content-background-meta":{"desktop":{"background-color":"var(--ast-global-color-5)","background-image":"","background-repeat":"repeat","background-position":"center center","background-size":"auto","background-attachment":"scroll","background-type":"","background-media":"","overlay-type":"","overlay-color":"","overlay-opacity":"","overlay-gradient":""},"tablet":{"background-color":"var(--ast-global-color-5)","background-image":"","background-repeat":"repeat","background-position":"center center","background-size":"auto","background-attachment":"scroll","background-type":"","background-media":"","overlay-type":"","overlay-color":"","overlay-opacity":"","overlay-gradient":""},"mobile":{"background-color":"var(--ast-global-color-5)","background-image":"","background-repeat":"repeat","background-position":"center center","background-size":"auto","background-attachment":"scroll","background-type":"","background-media":"","overlay-type":"","overlay-color":"","overlay-opacity":"","overlay-gradient":""}}},"product_brand":[],"product_cat":[1457,1081],"product_tag":[],"class_list":{"0":"post-57124","1":"product","2":"type-product","3":"status-publish","4":"has-post-thumbnail","6":"product_cat-papeleria","7":"product_cat-regalos-solidarios","8":"desktop-align-left","9":"tablet-align-left","10":"mobile-align-left","11":"ast-product-gallery-layout-horizontal-slider","12":"ast-product-gallery-with-no-image","13":"ast-product-tabs-layout-horizontal","15":"first","16":"instock","17":"downloadable","18":"virtual","19":"purchasable","20":"product-type-simple"},"publishpress_future_workflow_manual_trigger":{"enabledWorkflows":[]},"_links":{"self":[{"href":"https:\/\/afanoc.org\/es\/wp-json\/wp\/v2\/product\/57124","targetHints":{"allow":["GET"]}}],"collection":[{"href":"https:\/\/afanoc.org\/es\/wp-json\/wp\/v2\/product"}],"about":[{"href":"https:\/\/afanoc.org\/es\/wp-json\/wp\/v2\/types\/product"}],"version-history":[{"count":0,"href":"https:\/\/afanoc.org\/es\/wp-json\/wp\/v2\/product\/57124\/revisions"}],"wp:featuredmedia":[{"embeddable":true,"href":"https:\/\/afanoc.org\/es\/wp-json\/wp\/v2\/media\/57047"}],"wp:attachment":[{"href":"https:\/\/afanoc.org\/es\/wp-json\/wp\/v2\/media?parent=57124"}],"wp:term":[{"taxonomy":"product_brand","embeddable":true,"href":"https:\/\/afanoc.org\/es\/wp-json\/wp\/v2\/product_brand?post=57124"},{"taxonomy":"product_cat","embeddable":true,"href":"https:\/\/afanoc.org\/es\/wp-json\/wp\/v2\/product_cat?post=57124"},{"taxonomy":"product_tag","embeddable":true,"href":"https:\/\/afanoc.org\/es\/wp-json\/wp\/v2\/product_tag?post=57124"}],"curies":[{"name":"wp","href":"https:\/\/api.w.org\/{rel}","templated":true}]}}