{"id":55384,"date":"2023-10-04T10:50:32","date_gmt":"2023-10-04T10:50:32","guid":{"rendered":"https:\/\/afanoc.org\/?post_type=product&#038;p=55384"},"modified":"2026-03-25T19:23:55","modified_gmt":"2026-03-25T17:23:55","slug":"gorra-tarsila-schubert-2023","status":"publish","type":"product","link":"https:\/\/afanoc.org\/es\/botiga-solidaria\/gorra-tarsila-schubert-2023\/","title":{"rendered":"Gorra Tarsila Schubert 2023"},"content":{"rendered":"<p><strong>Talla:<\/strong> Adulto<\/p>\n<p> <strong>Talla:<\/strong> Ni\u00f1o<\/p>\n<p> <strong>Material:<\/strong> Algod\u00f3n 80%, 20% poli\u00e9ster<\/p>\n<p> \u00a1Muy c\u00f3modo, ligero Y EXCLUSIVO!<\/p>\n","protected":false},"excerpt":{"rendered":"<p>La gorra de este a\u00f1o ha sido dise\u00f1ada por <strong><span class=\"il\">Tarsila<\/span> <span class=\"il\">Schubert<\/span><\/strong> , una artista callejera de origen brasile\u00f1o que ha dedicado su vida al arte. En el frontal de la gorra aparece un ojo con los tonos y forma de las cenefas. Un <strong>ojo<\/strong> que es la expresi\u00f3n de <strong>la atenci\u00f3n, cuidado y acompa\u00f1amiento<\/strong> firme y continuado, necesario a lo largo del proceso del c\u00e1ncer infantil.  <\/p>\n<p>Es el ojo que mira m\u00e1s all\u00e1, que interpela e inspira a cambiar la forma de ver las <strong>cosas<\/strong> , con una mirada que traspasa y que tiene la capacidad de ver m\u00e1s all\u00e1 de las apariencias. <strong>Un cambio de mirada sobre la realidad del c\u00e1ncer infantil<\/strong> . Una mirada limpia, objetiva pero c\u00e1lida y emp\u00e1tica, que sin obviar la dificultad de esa dif\u00edcil realidad, se enfoca y se dirige a los aspectos sanos de la enfermedad. <\/p>\n<p><em>* Aqu\u00ed pod\u00e9is consultar la gu\u00eda de tallas en las im\u00e1genes<\/em><\/p>\n<p><strong>PRECIO EXCLUSIVO EN LA WEB<\/strong><\/p>\n<p>&nbsp;<\/p>\n","protected":false},"featured_media":55370,"template":"","meta":{"site-sidebar-layout":"default","site-content-layout":"","ast-site-content-layout":"default","site-content-style":"default","site-sidebar-style":"default","ast-global-header-display":"","ast-banner-title-visibility":"","ast-main-header-display":"","ast-hfb-above-header-display":"","ast-hfb-below-header-display":"","ast-hfb-mobile-header-display":"","site-post-title":"","ast-breadcrumbs-content":"","ast-featured-img":"","footer-sml-layout":"","theme-transparent-header-meta":"default","adv-header-id-meta":"","stick-header-meta":"default","header-above-stick-meta":"","header-main-stick-meta":"","header-below-stick-meta":"","astra-migrate-meta-layouts":"default","ast-page-background-enabled":"default","ast-page-background-meta":{"desktop":{"background-color":"var(--ast-global-color-4)","background-image":"","background-repeat":"repeat","background-position":"center center","background-size":"auto","background-attachment":"scroll","background-type":"","background-media":"","overlay-type":"","overlay-color":"","overlay-opacity":"","overlay-gradient":""},"tablet":{"background-color":"","background-image":"","background-repeat":"repeat","background-position":"center center","background-size":"auto","background-attachment":"scroll","background-type":"","background-media":"","overlay-type":"","overlay-color":"","overlay-opacity":"","overlay-gradient":""},"mobile":{"background-color":"","background-image":"","background-repeat":"repeat","background-position":"center center","background-size":"auto","background-attachment":"scroll","background-type":"","background-media":"","overlay-type":"","overlay-color":"","overlay-opacity":"","overlay-gradient":""}},"ast-content-background-meta":{"desktop":{"background-color":"var(--ast-global-color-5)","background-image":"","background-repeat":"repeat","background-position":"center center","background-size":"auto","background-attachment":"scroll","background-type":"","background-media":"","overlay-type":"","overlay-color":"","overlay-opacity":"","overlay-gradient":""},"tablet":{"background-color":"var(--ast-global-color-5)","background-image":"","background-repeat":"repeat","background-position":"center center","background-size":"auto","background-attachment":"scroll","background-type":"","background-media":"","overlay-type":"","overlay-color":"","overlay-opacity":"","overlay-gradient":""},"mobile":{"background-color":"var(--ast-global-color-5)","background-image":"","background-repeat":"repeat","background-position":"center center","background-size":"auto","background-attachment":"scroll","background-type":"","background-media":"","overlay-type":"","overlay-color":"","overlay-opacity":"","overlay-gradient":""}}},"product_brand":[],"product_cat":[1455,1460,1638,1469,1461,1081],"product_tag":[],"class_list":{"0":"post-55384","1":"product","2":"type-product","3":"status-publish","4":"has-post-thumbnail","6":"product_cat-gorras-solidarias","7":"product_cat-regalos-papa-noel","8":"product_cat-regalos-para-ninos","9":"product_cat-regalos-por-el-tio","10":"product_cat-regalos-por-reyes","11":"product_cat-regalos-solidarios","12":"product_shipping_class-crono-es-2","13":"desktop-align-left","14":"tablet-align-left","15":"mobile-align-left","16":"ast-product-gallery-layout-horizontal-slider","17":"ast-product-single-variable","18":"ast-product-tabs-layout-horizontal","20":"first","21":"instock","22":"featured","23":"shipping-taxable","24":"purchasable","25":"product-type-variable"},"publishpress_future_workflow_manual_trigger":{"enabledWorkflows":[]},"_links":{"self":[{"href":"https:\/\/afanoc.org\/es\/wp-json\/wp\/v2\/product\/55384","targetHints":{"allow":["GET"]}}],"collection":[{"href":"https:\/\/afanoc.org\/es\/wp-json\/wp\/v2\/product"}],"about":[{"href":"https:\/\/afanoc.org\/es\/wp-json\/wp\/v2\/types\/product"}],"version-history":[{"count":0,"href":"https:\/\/afanoc.org\/es\/wp-json\/wp\/v2\/product\/55384\/revisions"}],"wp:featuredmedia":[{"embeddable":true,"href":"https:\/\/afanoc.org\/es\/wp-json\/wp\/v2\/media\/55370"}],"wp:attachment":[{"href":"https:\/\/afanoc.org\/es\/wp-json\/wp\/v2\/media?parent=55384"}],"wp:term":[{"taxonomy":"product_brand","embeddable":true,"href":"https:\/\/afanoc.org\/es\/wp-json\/wp\/v2\/product_brand?post=55384"},{"taxonomy":"product_cat","embeddable":true,"href":"https:\/\/afanoc.org\/es\/wp-json\/wp\/v2\/product_cat?post=55384"},{"taxonomy":"product_tag","embeddable":true,"href":"https:\/\/afanoc.org\/es\/wp-json\/wp\/v2\/product_tag?post=55384"}],"curies":[{"name":"wp","href":"https:\/\/api.w.org\/{rel}","templated":true}]}}