{"id":45034,"date":"2024-11-08T21:09:47","date_gmt":"2024-11-08T19:09:47","guid":{"rendered":"https:\/\/afanoc.org\/botiga-solidaria\/boligraf-afanoc\/"},"modified":"2026-02-03T12:33:59","modified_gmt":"2026-02-03T10:33:59","slug":"boligraf-afanoc","status":"publish","type":"product","link":"https:\/\/afanoc.org\/es\/botiga-solidaria\/boligraf-afanoc\/","title":{"rendered":"Bol\u00edgrafo AFANOC"},"content":{"rendered":"<p>Material: <strong>Fabricado con paja de trigo y ABS<\/strong><\/p>\n<p>Medidas: <strong>\u00f810 x 141 mm<\/strong><\/p>\n<p>Color: <strong>Tinta azul<\/strong><\/p>\n","protected":false},"excerpt":{"rendered":"<p>\u00a1AFANOC ten\u00eda que tener un bol\u00edgrafo corporativo y aqu\u00ed lo tenemos! Y t\u00fa que compras este producto nos puedes ayudar a difundir nuestro proyecto, dar voz a nuestro mensaje y c\u00f3mo acompa\u00f1amos a las familias y ni\u00f1os con un adolescente con c\u00e1ncer.<\/p>\n<p>\u00a1Con este bol\u00edgrafo puede escribir sus mejores relatos!<\/p>\n<p>&nbsp;<\/p>\n","protected":false},"featured_media":43625,"template":"","meta":{"site-sidebar-layout":"default","site-content-layout":"","ast-site-content-layout":"default","site-content-style":"default","site-sidebar-style":"default","ast-global-header-display":"","ast-banner-title-visibility":"","ast-main-header-display":"","ast-hfb-above-header-display":"","ast-hfb-below-header-display":"","ast-hfb-mobile-header-display":"","site-post-title":"","ast-breadcrumbs-content":"","ast-featured-img":"","footer-sml-layout":"","theme-transparent-header-meta":"default","adv-header-id-meta":"","stick-header-meta":"default","header-above-stick-meta":"","header-main-stick-meta":"","header-below-stick-meta":"","astra-migrate-meta-layouts":"default","ast-page-background-enabled":"default","ast-page-background-meta":{"desktop":{"background-color":"var(--ast-global-color-4)","background-image":"","background-repeat":"repeat","background-position":"center center","background-size":"auto","background-attachment":"scroll","background-type":"","background-media":"","overlay-type":"","overlay-color":"","overlay-opacity":"","overlay-gradient":""},"tablet":{"background-color":"","background-image":"","background-repeat":"repeat","background-position":"center center","background-size":"auto","background-attachment":"scroll","background-type":"","background-media":"","overlay-type":"","overlay-color":"","overlay-opacity":"","overlay-gradient":""},"mobile":{"background-color":"","background-image":"","background-repeat":"repeat","background-position":"center center","background-size":"auto","background-attachment":"scroll","background-type":"","background-media":"","overlay-type":"","overlay-color":"","overlay-opacity":"","overlay-gradient":""}},"ast-content-background-meta":{"desktop":{"background-color":"var(--ast-global-color-5)","background-image":"","background-repeat":"repeat","background-position":"center center","background-size":"auto","background-attachment":"scroll","background-type":"","background-media":"","overlay-type":"","overlay-color":"","overlay-opacity":"","overlay-gradient":""},"tablet":{"background-color":"var(--ast-global-color-5)","background-image":"","background-repeat":"repeat","background-position":"center center","background-size":"auto","background-attachment":"scroll","background-type":"","background-media":"","overlay-type":"","overlay-color":"","overlay-opacity":"","overlay-gradient":""},"mobile":{"background-color":"var(--ast-global-color-5)","background-image":"","background-repeat":"repeat","background-position":"center center","background-size":"auto","background-attachment":"scroll","background-type":"","background-media":"","overlay-type":"","overlay-color":"","overlay-opacity":"","overlay-gradient":""}}},"product_brand":[],"product_cat":[1519,1457,1081],"product_tag":[],"class_list":{"0":"post-45034","1":"product","2":"type-product","3":"status-publish","4":"has-post-thumbnail","6":"product_cat-celebraciones","7":"product_cat-papeleria","8":"product_cat-regalos-solidarios","9":"product_shipping_class-crono-es-2","10":"desktop-align-left","11":"tablet-align-left","12":"mobile-align-left","13":"ast-product-gallery-layout-horizontal-slider","14":"ast-product-gallery-with-no-image","15":"ast-product-tabs-layout-horizontal","17":"first","18":"outofstock","19":"featured","20":"shipping-taxable","21":"purchasable","22":"product-type-simple"},"publishpress_future_workflow_manual_trigger":{"enabledWorkflows":[]},"_links":{"self":[{"href":"https:\/\/afanoc.org\/es\/wp-json\/wp\/v2\/product\/45034","targetHints":{"allow":["GET"]}}],"collection":[{"href":"https:\/\/afanoc.org\/es\/wp-json\/wp\/v2\/product"}],"about":[{"href":"https:\/\/afanoc.org\/es\/wp-json\/wp\/v2\/types\/product"}],"version-history":[{"count":0,"href":"https:\/\/afanoc.org\/es\/wp-json\/wp\/v2\/product\/45034\/revisions"}],"wp:featuredmedia":[{"embeddable":true,"href":"https:\/\/afanoc.org\/es\/wp-json\/wp\/v2\/media\/43625"}],"wp:attachment":[{"href":"https:\/\/afanoc.org\/es\/wp-json\/wp\/v2\/media?parent=45034"}],"wp:term":[{"taxonomy":"product_brand","embeddable":true,"href":"https:\/\/afanoc.org\/es\/wp-json\/wp\/v2\/product_brand?post=45034"},{"taxonomy":"product_cat","embeddable":true,"href":"https:\/\/afanoc.org\/es\/wp-json\/wp\/v2\/product_cat?post=45034"},{"taxonomy":"product_tag","embeddable":true,"href":"https:\/\/afanoc.org\/es\/wp-json\/wp\/v2\/product_tag?post=45034"}],"curies":[{"name":"wp","href":"https:\/\/api.w.org\/{rel}","templated":true}]}}