{"id":44993,"date":"2024-08-01T21:09:48","date_gmt":"2024-08-01T19:09:48","guid":{"rendered":"https:\/\/afanoc.org\/botiga-solidaria\/llibreta-sostenible-xukli\/"},"modified":"2025-02-06T13:10:03","modified_gmt":"2025-02-06T11:10:03","slug":"libreta-sostenible-xukli","status":"publish","type":"product","link":"https:\/\/afanoc.org\/es\/botiga-solidaria\/libreta-sostenible-xukli\/","title":{"rendered":"Libreta sostenible Xukli"},"content":{"rendered":"<p>Libreta estilo \u201cmoleskine\u201d con material reciclado y estampado con un Xukli. Un total de 100 hojas lisas, con un el\u00e1stico para cerrar y marca-p\u00e1ginas.<\/p>\n","protected":false},"excerpt":{"rendered":"<p>Libreta sostenible y reciclada de los <span class=\"hiddenSpellError\">Xuklis<\/span> ! Y no s\u00f3lo la solidaridad es importante para cuidar a las personas, tambi\u00e9n debemos cuidar el medio ambiente y sumarnos a la realidad que estamos viviendo. El cambio clim\u00e1tico es una realidad y afecta a la salud y la calidad de vida de las personas. \u00a1S\u00famate a comprar productos sostenibles! <span class=\"hiddenGreenError\">TAMA\u00d1O<\/span> PEQUE\u00d1O (A6)<\/p>\n","protected":false},"featured_media":64108,"template":"","meta":{"site-sidebar-layout":"default","site-content-layout":"","ast-site-content-layout":"default","site-content-style":"default","site-sidebar-style":"default","ast-global-header-display":"","ast-banner-title-visibility":"","ast-main-header-display":"","ast-hfb-above-header-display":"","ast-hfb-below-header-display":"","ast-hfb-mobile-header-display":"","site-post-title":"","ast-breadcrumbs-content":"","ast-featured-img":"","footer-sml-layout":"","theme-transparent-header-meta":"default","adv-header-id-meta":"","stick-header-meta":"default","header-above-stick-meta":"","header-main-stick-meta":"","header-below-stick-meta":"","astra-migrate-meta-layouts":"set","ast-page-background-enabled":"default","ast-page-background-meta":{"desktop":{"background-color":"var(--ast-global-color-4)","background-image":"","background-repeat":"repeat","background-position":"center center","background-size":"auto","background-attachment":"scroll","background-type":"","background-media":"","overlay-type":"","overlay-color":"","overlay-opacity":"","overlay-gradient":""},"tablet":{"background-color":"","background-image":"","background-repeat":"repeat","background-position":"center center","background-size":"auto","background-attachment":"scroll","background-type":"","background-media":"","overlay-type":"","overlay-color":"","overlay-opacity":"","overlay-gradient":""},"mobile":{"background-color":"","background-image":"","background-repeat":"repeat","background-position":"center center","background-size":"auto","background-attachment":"scroll","background-type":"","background-media":"","overlay-type":"","overlay-color":"","overlay-opacity":"","overlay-gradient":""}},"ast-content-background-meta":{"desktop":{"background-color":"var(--ast-global-color-5)","background-image":"","background-repeat":"repeat","background-position":"center center","background-size":"auto","background-attachment":"scroll","background-type":"","background-media":"","overlay-type":"","overlay-color":"","overlay-opacity":"","overlay-gradient":""},"tablet":{"background-color":"var(--ast-global-color-5)","background-image":"","background-repeat":"repeat","background-position":"center center","background-size":"auto","background-attachment":"scroll","background-type":"","background-media":"","overlay-type":"","overlay-color":"","overlay-opacity":"","overlay-gradient":""},"mobile":{"background-color":"var(--ast-global-color-5)","background-image":"","background-repeat":"repeat","background-position":"center center","background-size":"auto","background-attachment":"scroll","background-type":"","background-media":"","overlay-type":"","overlay-color":"","overlay-opacity":"","overlay-gradient":""}}},"product_brand":[],"product_cat":[1457,1081],"product_tag":[],"class_list":{"0":"post-44993","1":"product","2":"type-product","3":"status-publish","4":"has-post-thumbnail","6":"product_cat-papeleria","7":"product_cat-regalos-solidarios","8":"product_shipping_class-crono-es-2","9":"desktop-align-left","10":"tablet-align-left","11":"mobile-align-left","12":"ast-product-gallery-layout-horizontal-slider","13":"ast-product-gallery-with-no-image","14":"ast-product-tabs-layout-horizontal","16":"first","17":"outofstock","18":"shipping-taxable","19":"purchasable","20":"product-type-simple"},"publishpress_future_workflow_manual_trigger":{"enabledWorkflows":[]},"_links":{"self":[{"href":"https:\/\/afanoc.org\/es\/wp-json\/wp\/v2\/product\/44993","targetHints":{"allow":["GET"]}}],"collection":[{"href":"https:\/\/afanoc.org\/es\/wp-json\/wp\/v2\/product"}],"about":[{"href":"https:\/\/afanoc.org\/es\/wp-json\/wp\/v2\/types\/product"}],"version-history":[{"count":0,"href":"https:\/\/afanoc.org\/es\/wp-json\/wp\/v2\/product\/44993\/revisions"}],"wp:featuredmedia":[{"embeddable":true,"href":"https:\/\/afanoc.org\/es\/wp-json\/wp\/v2\/media\/64108"}],"wp:attachment":[{"href":"https:\/\/afanoc.org\/es\/wp-json\/wp\/v2\/media?parent=44993"}],"wp:term":[{"taxonomy":"product_brand","embeddable":true,"href":"https:\/\/afanoc.org\/es\/wp-json\/wp\/v2\/product_brand?post=44993"},{"taxonomy":"product_cat","embeddable":true,"href":"https:\/\/afanoc.org\/es\/wp-json\/wp\/v2\/product_cat?post=44993"},{"taxonomy":"product_tag","embeddable":true,"href":"https:\/\/afanoc.org\/es\/wp-json\/wp\/v2\/product_tag?post=44993"}],"curies":[{"name":"wp","href":"https:\/\/api.w.org\/{rel}","templated":true}]}}