{"id":44481,"date":"2022-11-08T21:12:36","date_gmt":"2022-11-08T21:12:36","guid":{"rendered":"https:\/\/afanoc.org\/botiga-solidaria\/llibre-les-7-sales\/"},"modified":"2024-07-24T14:07:57","modified_gmt":"2024-07-24T14:07:57","slug":"llibre-les-7-sales","status":"publish","type":"product","link":"https:\/\/afanoc.org\/es\/botiga-solidaria\/llibre-les-7-sales\/","title":{"rendered":"Llibre Les 7 Sales"},"content":{"rendered":"<p>Carles Gir\u00f3, autor de Las 7 salas, supone su debut como escritor. Desde 2003 colabora con la Asociaci\u00f3n de Ni\u00f1os con C\u00e1ncer (AFANOC) a la que van destinados los beneficios de este libro.<\/p>\n","protected":false},"excerpt":{"rendered":"<p>El libro \u00abLes 7 Sales\u00bb (S\u00d3LO en catal\u00e1n), es un libro que engancha, nada menos.<\/p>\n<p>Carles Gir\u00f3, su autor, colabora con AFANOC desde el a\u00f1o 2003 y con este libro nos hizo el honor de debutar como escritor publicado, destinando m\u00e1s todos los beneficios recaudados a la Asociaci\u00f3n de Ni\u00f1os con C\u00e1ncer.<\/p>\n<p>Gente como \u00e9l son vitales para nuestra supervivencia.<\/p>\n<p>T\u00fa tambi\u00e9n.<\/p>\n<p>El libro consta de 3 relatos hist\u00f3ricos perfectamente hilvanados y vibrantes. Son un grito a la libertad y el amor est\u00e1 muy presente. Viaja y descubre con su lectura los tesoros y misterios que se esconden bajo esta lectura amena y solidaria.<\/p>\n","protected":false},"featured_media":44071,"template":"","meta":{"site-sidebar-layout":"default","site-content-layout":"","ast-site-content-layout":"default","site-content-style":"default","site-sidebar-style":"default","ast-global-header-display":"","ast-banner-title-visibility":"","ast-main-header-display":"","ast-hfb-above-header-display":"","ast-hfb-below-header-display":"","ast-hfb-mobile-header-display":"","site-post-title":"","ast-breadcrumbs-content":"","ast-featured-img":"","footer-sml-layout":"","theme-transparent-header-meta":"","adv-header-id-meta":"","stick-header-meta":"","header-above-stick-meta":"","header-main-stick-meta":"","header-below-stick-meta":"","astra-migrate-meta-layouts":"default","ast-page-background-enabled":"default","ast-page-background-meta":{"desktop":{"background-color":"var(--ast-global-color-4)","background-image":"","background-repeat":"repeat","background-position":"center center","background-size":"auto","background-attachment":"scroll","background-type":"","background-media":"","overlay-type":"","overlay-color":"","overlay-opacity":"","overlay-gradient":""},"tablet":{"background-color":"","background-image":"","background-repeat":"repeat","background-position":"center center","background-size":"auto","background-attachment":"scroll","background-type":"","background-media":"","overlay-type":"","overlay-color":"","overlay-opacity":"","overlay-gradient":""},"mobile":{"background-color":"","background-image":"","background-repeat":"repeat","background-position":"center center","background-size":"auto","background-attachment":"scroll","background-type":"","background-media":"","overlay-type":"","overlay-color":"","overlay-opacity":"","overlay-gradient":""}},"ast-content-background-meta":{"desktop":{"background-color":"var(--ast-global-color-5)","background-image":"","background-repeat":"repeat","background-position":"center center","background-size":"auto","background-attachment":"scroll","background-type":"","background-media":"","overlay-type":"","overlay-color":"","overlay-opacity":"","overlay-gradient":""},"tablet":{"background-color":"var(--ast-global-color-5)","background-image":"","background-repeat":"repeat","background-position":"center center","background-size":"auto","background-attachment":"scroll","background-type":"","background-media":"","overlay-type":"","overlay-color":"","overlay-opacity":"","overlay-gradient":""},"mobile":{"background-color":"var(--ast-global-color-5)","background-image":"","background-repeat":"repeat","background-position":"center center","background-size":"auto","background-attachment":"scroll","background-type":"","background-media":"","overlay-type":"","overlay-color":"","overlay-opacity":"","overlay-gradient":""}}},"product_brand":[],"product_cat":[1457,1461,1081,1459],"product_tag":[],"class_list":{"0":"post-44481","1":"product","2":"type-product","3":"status-publish","4":"has-post-thumbnail","6":"product_cat-papeleria","7":"product_cat-regalos-por-reyes","8":"product_cat-regalos-solidarios","9":"product_cat-sant-jordi-solidario","10":"product_shipping_class-crono-es-2","11":"desktop-align-left","12":"tablet-align-left","13":"mobile-align-left","14":"ast-product-gallery-layout-horizontal-slider","15":"ast-product-gallery-with-no-image","16":"ast-product-tabs-layout-horizontal","18":"first","19":"instock","20":"shipping-taxable","21":"purchasable","22":"product-type-simple"},"publishpress_future_workflow_manual_trigger":{"enabledWorkflows":[]},"_links":{"self":[{"href":"https:\/\/afanoc.org\/es\/wp-json\/wp\/v2\/product\/44481","targetHints":{"allow":["GET"]}}],"collection":[{"href":"https:\/\/afanoc.org\/es\/wp-json\/wp\/v2\/product"}],"about":[{"href":"https:\/\/afanoc.org\/es\/wp-json\/wp\/v2\/types\/product"}],"version-history":[{"count":0,"href":"https:\/\/afanoc.org\/es\/wp-json\/wp\/v2\/product\/44481\/revisions"}],"wp:featuredmedia":[{"embeddable":true,"href":"https:\/\/afanoc.org\/es\/wp-json\/wp\/v2\/media\/44071"}],"wp:attachment":[{"href":"https:\/\/afanoc.org\/es\/wp-json\/wp\/v2\/media?parent=44481"}],"wp:term":[{"taxonomy":"product_brand","embeddable":true,"href":"https:\/\/afanoc.org\/es\/wp-json\/wp\/v2\/product_brand?post=44481"},{"taxonomy":"product_cat","embeddable":true,"href":"https:\/\/afanoc.org\/es\/wp-json\/wp\/v2\/product_cat?post=44481"},{"taxonomy":"product_tag","embeddable":true,"href":"https:\/\/afanoc.org\/es\/wp-json\/wp\/v2\/product_tag?post=44481"}],"curies":[{"name":"wp","href":"https:\/\/api.w.org\/{rel}","templated":true}]}}