{"id":77203,"date":"2026-03-04T16:03:49","date_gmt":"2026-03-04T14:03:49","guid":{"rendered":"https:\/\/afanoc.org\/test-casaxuklis\/"},"modified":"2026-04-13T13:24:16","modified_gmt":"2026-04-13T11:24:16","slug":"la-casa-dels-xuklis","status":"publish","type":"page","link":"https:\/\/afanoc.org\/es\/la-casa-dels-xuklis\/","title":{"rendered":"La casa dels Xuklis"},"content":{"rendered":"\t\t<div data-elementor-type=\"wp-page\" data-elementor-id=\"77203\" class=\"elementor elementor-77203 elementor-76808\" data-elementor-post-type=\"page\">\n\t\t\t\t<div class=\"elementor-element elementor-element-744176b3 e-flex e-con-boxed e-con e-parent\" data-id=\"744176b3\" data-element_type=\"container\" data-e-type=\"container\" data-settings=\"{&quot;background_background&quot;:&quot;video&quot;,&quot;background_video_link&quot;:&quot;https:\\\/\\\/www.youtube.com\\\/watch?v=XtW1QDiJjUw&quot;}\">\n\t\t\t\t\t<div class=\"e-con-inner\">\n\t\t<div class=\"elementor-background-video-container elementor-hidden-mobile\">\n\t\t\t\t\t\t\t<div class=\"elementor-background-video-embed\" role=\"presentation\"><\/div>\n\t\t\t\t\t\t<\/div>\t\t\t<\/div>\n\t\t\t\t<\/div>\n\t\t\t\t<section class=\"elementor-section elementor-top-section elementor-element elementor-element-7eae6222 elementor-section-boxed elementor-section-height-default elementor-section-height-default\" data-id=\"7eae6222\" data-element_type=\"section\" data-e-type=\"section\">\n\t\t\t\t\t\t<div class=\"elementor-container elementor-column-gap-default\">\n\t\t\t\t\t<div class=\"elementor-column elementor-col-100 elementor-top-column elementor-element elementor-element-110a08af\" data-id=\"110a08af\" data-element_type=\"column\" data-e-type=\"column\">\n\t\t\t<div class=\"elementor-widget-wrap elementor-element-populated\">\n\t\t\t\t\t\t<div class=\"elementor-element elementor-element-21e94083 elementor-widget elementor-widget-woocommerce-breadcrumb\" data-id=\"21e94083\" data-element_type=\"widget\" data-e-type=\"widget\" data-widget_type=\"woocommerce-breadcrumb.default\">\n\t\t\t\t<div class=\"elementor-widget-container\">\n\t\t\t\t\t<nav class=\"woocommerce-breadcrumb\" aria-label=\"Breadcrumb\">Inicio<\/nav>\t\t\t\t<\/div>\n\t\t\t\t<\/div>\n\t\t\t\t<div class=\"elementor-element elementor-element-3fb272bf elementor-widget elementor-widget-heading\" data-id=\"3fb272bf\" data-element_type=\"widget\" data-e-type=\"widget\" data-widget_type=\"heading.default\">\n\t\t\t\t<div class=\"elementor-widget-container\">\n\t\t\t\t\t<h1 class=\"elementor-heading-title elementor-size-default\">La Casa dels Xuklis<\/h1>\t\t\t\t<\/div>\n\t\t\t\t<\/div>\n\t\t\t\t\t<\/div>\n\t\t<\/div>\n\t\t\t\t\t<\/div>\n\t\t<\/section>\n\t\t\t\t<section class=\"elementor-section elementor-top-section elementor-element elementor-element-3a34ae1d elementor-section-stretched elementor-section-boxed elementor-section-height-default elementor-section-height-default\" data-id=\"3a34ae1d\" data-element_type=\"section\" data-e-type=\"section\" data-settings=\"{&quot;stretch_section&quot;:&quot;section-stretched&quot;}\">\n\t\t\t\t\t\t<div class=\"elementor-container elementor-column-gap-default\">\n\t\t\t\t\t<div class=\"elementor-column elementor-col-66 elementor-top-column elementor-element elementor-element-70facf1f\" data-id=\"70facf1f\" data-element_type=\"column\" data-e-type=\"column\">\n\t\t\t<div class=\"elementor-widget-wrap elementor-element-populated\">\n\t\t\t\t\t\t<div class=\"elementor-element elementor-element-35ccea65 elementor-widget elementor-widget-text-editor\" data-id=\"35ccea65\" data-element_type=\"widget\" data-e-type=\"widget\" data-widget_type=\"text-editor.default\">\n\t\t\t\t<div class=\"elementor-widget-container\">\n\t\t\t\t\t\t\t\t\t<h3>Un hogar lejos de casa, 15 a\u00f1os acogiendo a familias con un ni\u00f1o o joven con c\u00e1ncer<\/h3>\t\t\t\t\t\t\t\t<\/div>\n\t\t\t\t<\/div>\n\t\t\t\t<div class=\"elementor-element elementor-element-4590aafc elementor-widget elementor-widget-text-editor\" data-id=\"4590aafc\" data-element_type=\"widget\" data-e-type=\"widget\" data-widget_type=\"text-editor.default\">\n\t\t\t\t<div class=\"elementor-widget-container\">\n\t\t\t\t\t\t\t\t\t<p>M\u00e1s all\u00e1 del tratamiento m\u00e9dico, el diagn\u00f3stico comporta un fuerte impacto emocional, social y econ\u00f3mico para las familias, especialmente cuando deben desplazarse lejos de su entorno habitual. Es en este espacio, fuera del hospital, donde recursos como La Casa dels Xuklis devienen esenciales.<\/p><p>Este 2026, La Casa dels Xuklis celebra 15 a\u00f1os y aprovecha para mirar atr\u00e1s con orgullo a todas las familias que han acompa\u00f1ado durante todo este tiempo. Y tambi\u00e9n ponen la mirada adelante con la responsabilidad de garantizar que ning\u00fan ni\u00f1o deba renunciar a serlo por estar enfermo.<\/p><p>Adem\u00e1s del alojamiento temporal, las familias encuentran:<\/p><ul><li>Apoyo psicosocial.<\/li><li>Actividades l\u00fadicas y terap\u00e9uticas para ni\u00f1os, adolescentes y j\u00f3venes, y sus cuidadores\/as.<\/li><li>Espacios compartidos que fomentan el soporte y la convivencia.<\/li><li>Acompa\u00f1amiento educativo para garantizar la continuidad escolar.<\/li><li>Apoyo social y acompa\u00f1amiento emocional<\/li><\/ul>\t\t\t\t\t\t\t\t<\/div>\n\t\t\t\t<\/div>\n\t\t\t\t<section class=\"elementor-section elementor-inner-section elementor-element elementor-element-50baac65 elementor-section-full_width elementor-section-height-default elementor-section-height-default\" data-id=\"50baac65\" data-element_type=\"section\" data-e-type=\"section\">\n\t\t\t\t\t\t<div class=\"elementor-container elementor-column-gap-wider\">\n\t\t\t\t\t<div class=\"elementor-column elementor-col-33 elementor-inner-column elementor-element elementor-element-2ce6ad39\" data-id=\"2ce6ad39\" data-element_type=\"column\" data-e-type=\"column\">\n\t\t\t<div class=\"elementor-widget-wrap elementor-element-populated\">\n\t\t\t\t\t\t<div class=\"elementor-element elementor-element-81ffb72 elementor-widget elementor-widget-image\" data-id=\"81ffb72\" data-element_type=\"widget\" data-e-type=\"widget\" data-widget_type=\"image.default\">\n\t\t\t\t<div class=\"elementor-widget-container\">\n\t\t\t\t\t\t\t\t\t\t\t\t\t\t\t<img decoding=\"async\" width=\"330\" height=\"246\" src=\"https:\/\/afanoc.org\/wp-content\/uploads\/xuklis-construccio-1.jpg\" class=\"attachment-large size-large wp-image-42626\" alt=\"xuklis construcci\u00f3\" srcset=\"https:\/\/afanoc.org\/wp-content\/uploads\/xuklis-construccio-1.jpg 330w, https:\/\/afanoc.org\/wp-content\/uploads\/xuklis-construccio-1-300x224.jpg 300w, https:\/\/afanoc.org\/wp-content\/uploads\/xuklis-construccio-1-150x112.jpg 150w\" sizes=\"(max-width: 330px) 100vw, 330px\" \/>\t\t\t\t\t\t\t\t\t\t\t\t\t\t\t<\/div>\n\t\t\t\t<\/div>\n\t\t\t\t\t<\/div>\n\t\t<\/div>\n\t\t\t\t<div class=\"elementor-column elementor-col-33 elementor-inner-column elementor-element elementor-element-27405da0\" data-id=\"27405da0\" data-element_type=\"column\" data-e-type=\"column\">\n\t\t\t<div class=\"elementor-widget-wrap elementor-element-populated\">\n\t\t\t\t\t\t<div class=\"elementor-element elementor-element-5264d8e elementor-widget elementor-widget-image\" data-id=\"5264d8e\" data-element_type=\"widget\" data-e-type=\"widget\" data-widget_type=\"image.default\">\n\t\t\t\t<div class=\"elementor-widget-container\">\n\t\t\t\t\t\t\t\t\t\t\t\t\t\t\t<img decoding=\"async\" width=\"330\" height=\"246\" src=\"https:\/\/afanoc.org\/wp-content\/uploads\/Xuklis-construccio3.jpg\" class=\"attachment-large size-large wp-image-77169\" alt=\"Xuklis-construccio3\" \/>\t\t\t\t\t\t\t\t\t\t\t\t\t\t\t<\/div>\n\t\t\t\t<\/div>\n\t\t\t\t\t<\/div>\n\t\t<\/div>\n\t\t\t\t<div class=\"elementor-column elementor-col-33 elementor-inner-column elementor-element elementor-element-1876c82\" data-id=\"1876c82\" data-element_type=\"column\" data-e-type=\"column\">\n\t\t\t<div class=\"elementor-widget-wrap elementor-element-populated\">\n\t\t\t\t\t\t<div class=\"elementor-element elementor-element-1b29c4a elementor-widget elementor-widget-image\" data-id=\"1b29c4a\" data-element_type=\"widget\" data-e-type=\"widget\" data-widget_type=\"image.default\">\n\t\t\t\t<div class=\"elementor-widget-container\">\n\t\t\t\t\t\t\t\t\t\t\t\t\t\t\t<img decoding=\"async\" width=\"330\" height=\"246\" src=\"https:\/\/afanoc.org\/wp-content\/uploads\/xuklis-construccio2.jpg\" class=\"attachment-large size-large wp-image-42620\" alt=\"Xuklis construcci\u00f3\" srcset=\"https:\/\/afanoc.org\/wp-content\/uploads\/xuklis-construccio2.jpg 330w, https:\/\/afanoc.org\/wp-content\/uploads\/xuklis-construccio2-300x224.jpg 300w, https:\/\/afanoc.org\/wp-content\/uploads\/xuklis-construccio2-150x112.jpg 150w\" sizes=\"(max-width: 330px) 100vw, 330px\" \/>\t\t\t\t\t\t\t\t\t\t\t\t\t\t\t<\/div>\n\t\t\t\t<\/div>\n\t\t\t\t\t<\/div>\n\t\t<\/div>\n\t\t\t\t\t<\/div>\n\t\t<\/section>\n\t\t\t\t<div class=\"elementor-element elementor-element-f0890f5 elementor-widget elementor-widget-heading\" data-id=\"f0890f5\" data-element_type=\"widget\" data-e-type=\"widget\" data-widget_type=\"heading.default\">\n\t\t\t\t<div class=\"elementor-widget-container\">\n\t\t\t\t\t<h2 class=\"elementor-heading-title elementor-size-default\">\u00bfC\u00f3mo nace <span style=\"color: #e17a26\">el proyecto? <\/span><\/h2>\t\t\t\t<\/div>\n\t\t\t\t<\/div>\n\t\t\t\t<div class=\"elementor-element elementor-element-440d5f97 elementor-widget elementor-widget-text-editor\" data-id=\"440d5f97\" data-element_type=\"widget\" data-e-type=\"widget\" data-widget_type=\"text-editor.default\">\n\t\t\t\t<div class=\"elementor-widget-container\">\n\t\t\t\t\t\t\t\t\t<p>\u00a0<\/p><p>La casa surge a ra\u00edz de las necesidades detectadas por el grupo de familias que formaron AFANOC en 1987. Ya entonces se so\u00f1aba con un recurso que fuera un poco m\u00e1s all\u00e1 de tener un techo cerca del hospital.<\/p><p>La imagen de algunas familias durmiendo dentro del coche por no poder asumir noches de hotel se hab\u00eda dado m\u00e1s de una vez y las dietas por alojamiento y manutenci\u00f3n que se asignaban d\u00e9cadas atr\u00e1s eran del todo insuficientes. Exist\u00edan algunos pisos de acogida, pero no pod\u00edan cubrirse todas las necesidades.<\/p><p>El proyecto de la casa se plantea como un sue\u00f1o a largo plazo, una utop\u00eda, por sus caracter\u00edsticas especiales de excelencia, ya que el recurso, adem\u00e1s de ser un techo, deb\u00eda ser nuevo, bonito, luminoso y con un equipo multidisciplinar que atendiera a todas sus necesidades.<\/p><p>Con los a\u00f1os, el proyecto fue cogiendo forma y despu\u00e9s de un periplo de presentaciones y conferencias, la construcci\u00f3n de La Casa dels Xuklis se inicia con la cesi\u00f3n de los terrenos por parte de la Diputaci\u00f3n de Barcelona y, gracias al apoyo de las administraciones catalanas, el Ministerio de Vivienda espa\u00f1ola, entidades, empresas y la sociedad civil, la casa abri\u00f3 sus puertas en octubre.<\/p>\t\t\t\t\t\t\t\t<\/div>\n\t\t\t\t<\/div>\n\t\t\t\t<div class=\"elementor-element elementor-element-4f7df461 elementor-align-justify elementor-widget elementor-widget-button\" data-id=\"4f7df461\" data-element_type=\"widget\" data-e-type=\"widget\" data-widget_type=\"button.default\">\n\t\t\t\t<div class=\"elementor-widget-container\">\n\t\t\t\t\t\t\t\t\t<div class=\"elementor-button-wrapper\">\n\t\t\t\t\t<a class=\"elementor-button elementor-button-link elementor-size-xs\" href=\"https:\/\/www.youtube.com\/watch?v=bGB5OiNNX70\" target=\"_blank\" rel=\"nofollow noopener\">\n\t\t\t\t\t\t<span class=\"elementor-button-content-wrapper\">\n\t\t\t\t\t\t<span class=\"elementor-button-icon\">\n\t\t\t\t<i aria-hidden=\"true\" class=\"fas fa-video\"><\/i>\t\t\t<\/span>\n\t\t\t\t\t\t\t\t\t<span class=\"elementor-button-text\">VER EL V\u00cdDEO<\/span>\n\t\t\t\t\t<\/span>\n\t\t\t\t\t<\/a>\n\t\t\t\t<\/div>\n\t\t\t\t\t\t\t\t<\/div>\n\t\t\t\t<\/div>\n\t\t\t\t\t<\/div>\n\t\t<\/div>\n\t\t\t\t<div class=\"elementor-column elementor-col-33 elementor-top-column elementor-element elementor-element-426012a7\" data-id=\"426012a7\" data-element_type=\"column\" data-e-type=\"column\" data-settings=\"{&quot;background_background&quot;:&quot;classic&quot;}\">\n\t\t\t<div class=\"elementor-widget-wrap elementor-element-populated\">\n\t\t\t\t\t\t<div class=\"elementor-element elementor-element-9ab0893 elementor-widget elementor-widget-image\" data-id=\"9ab0893\" data-element_type=\"widget\" data-e-type=\"widget\" data-widget_type=\"image.default\">\n\t\t\t\t<div class=\"elementor-widget-container\">\n\t\t\t\t\t\t\t\t\t\t\t\t\t\t\t<img decoding=\"async\" width=\"819\" height=\"1024\" src=\"https:\/\/afanoc.org\/wp-content\/uploads\/CAST-AF-afanoc-lcdx-post-1080x1350-1.jpg\" class=\"attachment-large size-large wp-image-77207\" alt=\"La Casa dels Xuklis, apadrina\" \/>\t\t\t\t\t\t\t\t\t\t\t\t\t\t\t<\/div>\n\t\t\t\t<\/div>\n\t\t\t\t<div class=\"elementor-element elementor-element-2c6263f3 elementor-align-justify elementor-widget elementor-widget-button\" data-id=\"2c6263f3\" data-element_type=\"widget\" data-e-type=\"widget\" data-widget_type=\"button.default\">\n\t\t\t\t<div class=\"elementor-widget-container\">\n\t\t\t\t\t\t\t\t\t<div class=\"elementor-button-wrapper\">\n\t\t\t\t\t<a class=\"elementor-button elementor-button-link elementor-size-md\" href=\"https:\/\/afanoc.helpbysc.com\/apadrina\/habitacio\/casaxuklis\" target=\"_blank\" rel=\"nofollow noopener\">\n\t\t\t\t\t\t<span class=\"elementor-button-content-wrapper\">\n\t\t\t\t\t\t<span class=\"elementor-button-icon\">\n\t\t\t\t<i aria-hidden=\"true\" class=\"fas fa-home\"><\/i>\t\t\t<\/span>\n\t\t\t\t\t\t\t\t\t<span class=\"elementor-button-text\">APADRINA  <\/span>\n\t\t\t\t\t<\/span>\n\t\t\t\t\t<\/a>\n\t\t\t\t<\/div>\n\t\t\t\t\t\t\t\t<\/div>\n\t\t\t\t<\/div>\n\t\t\t\t<div class=\"elementor-element elementor-element-c6cff36 elementor-widget elementor-widget-spacer\" data-id=\"c6cff36\" data-element_type=\"widget\" data-e-type=\"widget\" data-widget_type=\"spacer.default\">\n\t\t\t\t<div class=\"elementor-widget-container\">\n\t\t\t\t\t\t\t<div class=\"elementor-spacer\">\n\t\t\t<div class=\"elementor-spacer-inner\"><\/div>\n\t\t<\/div>\n\t\t\t\t\t\t<\/div>\n\t\t\t\t<\/div>\n\t\t\t\t<div class=\"elementor-element elementor-element-380e850 elementor-widget elementor-widget-text-editor\" data-id=\"380e850\" data-element_type=\"widget\" data-e-type=\"widget\" data-widget_type=\"text-editor.default\">\n\t\t\t\t<div class=\"elementor-widget-container\">\n\t\t\t\t\t\t\t\t\t<h3 style=\"color:#ffffff;\">Tu aportaci\u00f3n es esencial<\/h3>\t\t\t\t\t\t\t\t<\/div>\n\t\t\t\t<\/div>\n\t\t\t\t<div class=\"elementor-element elementor-element-8734f57 elementor-widget elementor-widget-text-editor\" data-id=\"8734f57\" data-element_type=\"widget\" data-e-type=\"widget\" data-widget_type=\"text-editor.default\">\n\t\t\t\t<div class=\"elementor-widget-container\">\n\t\t\t\t\t\t\t\t\t<ul><li style=\"font-weight: 400;\" aria-level=\"1\"><strong>Rehabilitar y adecuar el espacio  <\/strong><\/li><li style=\"font-weight: 400;\" aria-level=\"1\"><strong>Mantenerlo seguro y adaptado a las normativas vigentes<\/strong><\/li><li style=\"font-weight: 400;\" aria-level=\"1\"><strong>Garantizar el confort necesario<\/strong><\/li><li style=\"font-weight: 400;\" aria-level=\"1\"><strong>Asegurar que una nueva familia pueda ser acogida<\/strong><\/li><\/ul>\t\t\t\t\t\t\t\t<\/div>\n\t\t\t\t<\/div>\n\t\t\t\t<div class=\"elementor-element elementor-element-e0308ad elementor-widget elementor-widget-text-editor\" data-id=\"e0308ad\" data-element_type=\"widget\" data-e-type=\"widget\" data-widget_type=\"text-editor.default\">\n\t\t\t\t<div class=\"elementor-widget-container\">\n\t\t\t\t\t\t\t\t\t<h3 style=\"color:#ffffff;\">\u00a1Queremos garantizar que una nueva familia sea acogida!<\/h3>\t\t\t\t\t\t\t\t<\/div>\n\t\t\t\t<\/div>\n\t\t\t\t<div class=\"elementor-element elementor-element-52729bb elementor-widget elementor-widget-spacer\" data-id=\"52729bb\" data-element_type=\"widget\" data-e-type=\"widget\" data-widget_type=\"spacer.default\">\n\t\t\t\t<div class=\"elementor-widget-container\">\n\t\t\t\t\t\t\t<div class=\"elementor-spacer\">\n\t\t\t<div class=\"elementor-spacer-inner\"><\/div>\n\t\t<\/div>\n\t\t\t\t\t\t<\/div>\n\t\t\t\t<\/div>\n\t\t\t\t<div class=\"elementor-element elementor-element-59acd5f3 elementor-align-justify elementor-widget elementor-widget-button\" data-id=\"59acd5f3\" data-element_type=\"widget\" data-e-type=\"widget\" data-widget_type=\"button.default\">\n\t\t\t\t<div class=\"elementor-widget-container\">\n\t\t\t\t\t\t\t\t\t<div class=\"elementor-button-wrapper\">\n\t\t\t\t\t<a class=\"elementor-button elementor-button-link elementor-size-xs\" href=\"https:\/\/afanoc.org\/es\/hazte-socio\/\" target=\"_blank\" rel=\"nofollow\">\n\t\t\t\t\t\t<span class=\"elementor-button-content-wrapper\">\n\t\t\t\t\t\t<span class=\"elementor-button-icon\">\n\t\t\t\t<i aria-hidden=\"true\" class=\"fas fa-hand-holding-heart\"><\/i>\t\t\t<\/span>\n\t\t\t\t\t\t\t\t\t<span class=\"elementor-button-text\">HAZTE SOCIO\/A<\/span>\n\t\t\t\t\t<\/span>\n\t\t\t\t\t<\/a>\n\t\t\t\t<\/div>\n\t\t\t\t\t\t\t\t<\/div>\n\t\t\t\t<\/div>\n\t\t\t\t<div class=\"elementor-element elementor-element-2879504 elementor-widget elementor-widget-video\" data-id=\"2879504\" data-element_type=\"widget\" data-e-type=\"widget\" data-settings=\"{&quot;youtube_url&quot;:&quot;https:\\\/\\\/youtu.be\\\/rS6xDrl8ppo&quot;,&quot;video_type&quot;:&quot;youtube&quot;,&quot;controls&quot;:&quot;yes&quot;}\" data-widget_type=\"video.default\">\n\t\t\t\t<div class=\"elementor-widget-container\">\n\t\t\t\t\t\t\t<div class=\"elementor-wrapper elementor-open-inline\">\n\t\t\t<div class=\"elementor-video\"><\/div>\t\t<\/div>\n\t\t\t\t\t\t<\/div>\n\t\t\t\t<\/div>\n\t\t\t\t\t<\/div>\n\t\t<\/div>\n\t\t\t\t\t<\/div>\n\t\t<\/section>\n\t\t\t\t<\/div>\n\t\t","protected":false},"excerpt":{"rendered":"<p>La Casa dels Xuklis Un hogar lejos de casa, 15 a\u00f1os acogiendo a familias con un ni\u00f1o o joven con c\u00e1ncer M\u00e1s all\u00e1 del tratamiento m\u00e9dico, el diagn\u00f3stico comporta un fuerte impacto emocional, social y econ\u00f3mico para las familias, especialmente cuando deben desplazarse lejos de su entorno habitual. Es en este espacio, fuera del hospital, [&hellip;]<\/p>\n","protected":false},"author":1,"featured_media":0,"parent":0,"menu_order":0,"comment_status":"closed","ping_status":"closed","template":"","meta":{"site-sidebar-layout":"no-sidebar","site-content-layout":"page-builder","ast-site-content-layout":"full-width-container","site-content-style":"default","site-sidebar-style":"default","ast-global-header-display":"","ast-banner-title-visibility":"","ast-main-header-display":"","ast-hfb-above-header-display":"","ast-hfb-below-header-display":"","ast-hfb-mobile-header-display":"","site-post-title":"","ast-breadcrumbs-content":"","ast-featured-img":"disabled","footer-sml-layout":"","theme-transparent-header-meta":"","adv-header-id-meta":"","stick-header-meta":"","header-above-stick-meta":"","header-main-stick-meta":"","header-below-stick-meta":"","astra-migrate-meta-layouts":"set","ast-page-background-enabled":"default","ast-page-background-meta":{"desktop":{"background-color":"var(--ast-global-color-4)","background-image":"","background-repeat":"repeat","background-position":"center center","background-size":"auto","background-attachment":"scroll","background-type":"","background-media":"","overlay-type":"","overlay-color":"","overlay-opacity":"","overlay-gradient":""},"tablet":{"background-color":"","background-image":"","background-repeat":"repeat","background-position":"center center","background-size":"auto","background-attachment":"scroll","background-type":"","background-media":"","overlay-type":"","overlay-color":"","overlay-opacity":"","overlay-gradient":""},"mobile":{"background-color":"","background-image":"","background-repeat":"repeat","background-position":"center center","background-size":"auto","background-attachment":"scroll","background-type":"","background-media":"","overlay-type":"","overlay-color":"","overlay-opacity":"","overlay-gradient":""}},"ast-content-background-meta":{"desktop":{"background-color":"var(--ast-global-color-5)","background-image":"","background-repeat":"repeat","background-position":"center center","background-size":"auto","background-attachment":"scroll","background-type":"","background-media":"","overlay-type":"","overlay-color":"","overlay-opacity":"","overlay-gradient":""},"tablet":{"background-color":"var(--ast-global-color-5)","background-image":"","background-repeat":"repeat","background-position":"center center","background-size":"auto","background-attachment":"scroll","background-type":"","background-media":"","overlay-type":"","overlay-color":"","overlay-opacity":"","overlay-gradient":""},"mobile":{"background-color":"var(--ast-global-color-5)","background-image":"","background-repeat":"repeat","background-position":"center center","background-size":"auto","background-attachment":"scroll","background-type":"","background-media":"","overlay-type":"","overlay-color":"","overlay-opacity":"","overlay-gradient":""}},"footnotes":""},"class_list":["post-77203","page","type-page","status-publish","hentry"],"publishpress_future_workflow_manual_trigger":{"enabledWorkflows":[]},"_links":{"self":[{"href":"https:\/\/afanoc.org\/es\/wp-json\/wp\/v2\/pages\/77203","targetHints":{"allow":["GET"]}}],"collection":[{"href":"https:\/\/afanoc.org\/es\/wp-json\/wp\/v2\/pages"}],"about":[{"href":"https:\/\/afanoc.org\/es\/wp-json\/wp\/v2\/types\/page"}],"author":[{"embeddable":true,"href":"https:\/\/afanoc.org\/es\/wp-json\/wp\/v2\/users\/1"}],"replies":[{"embeddable":true,"href":"https:\/\/afanoc.org\/es\/wp-json\/wp\/v2\/comments?post=77203"}],"version-history":[{"count":0,"href":"https:\/\/afanoc.org\/es\/wp-json\/wp\/v2\/pages\/77203\/revisions"}],"wp:attachment":[{"href":"https:\/\/afanoc.org\/es\/wp-json\/wp\/v2\/media?parent=77203"}],"curies":[{"name":"wp","href":"https:\/\/api.w.org\/{rel}","templated":true}]}}