{"id":70313,"date":"2025-02-03T11:40:36","date_gmt":"2025-02-03T09:40:36","guid":{"rendered":"https:\/\/afanoc.org\/que-es-el-cancer-infantil\/repercusiones-en-elentorno-escolar\/"},"modified":"2025-03-14T11:51:15","modified_gmt":"2025-03-14T09:51:15","slug":"repercusiones-en-elentorno-escolar","status":"publish","type":"page","link":"https:\/\/afanoc.org\/es\/que-es-el-cancer-infantil\/repercusiones-en-elentorno-escolar\/","title":{"rendered":"Repercusiones en el entorno escolar"},"content":{"rendered":"\t\t<div data-elementor-type=\"wp-page\" data-elementor-id=\"70313\" class=\"elementor elementor-70313 elementor-69147\" data-elementor-post-type=\"page\">\n\t\t\t\t<div class=\"elementor-element elementor-element-cb79f37 e-flex e-con-boxed e-con e-parent\" data-id=\"cb79f37\" data-element_type=\"container\" data-e-type=\"container\" data-settings=\"{&quot;background_background&quot;:&quot;classic&quot;}\">\n\t\t\t\t\t<div class=\"e-con-inner\">\n\t\t\t\t\t<\/div>\n\t\t\t\t<\/div>\n\t\t\t\t<section class=\"elementor-section elementor-top-section elementor-element elementor-element-548d73ac elementor-section-boxed elementor-section-height-default elementor-section-height-default\" data-id=\"548d73ac\" data-element_type=\"section\" data-e-type=\"section\">\n\t\t\t\t\t\t<div class=\"elementor-container elementor-column-gap-default\">\n\t\t\t\t\t<div class=\"elementor-column elementor-col-100 elementor-top-column elementor-element elementor-element-706f7fa8\" data-id=\"706f7fa8\" data-element_type=\"column\" data-e-type=\"column\">\n\t\t\t<div class=\"elementor-widget-wrap elementor-element-populated\">\n\t\t\t\t\t\t<div class=\"elementor-element elementor-element-1d43d43d elementor-widget elementor-widget-woocommerce-breadcrumb\" data-id=\"1d43d43d\" data-element_type=\"widget\" data-e-type=\"widget\" data-widget_type=\"woocommerce-breadcrumb.default\">\n\t\t\t\t<div class=\"elementor-widget-container\">\n\t\t\t\t\t<nav class=\"woocommerce-breadcrumb\" aria-label=\"Breadcrumb\">Inicio<\/nav>\t\t\t\t<\/div>\n\t\t\t\t<\/div>\n\t\t\t\t\t<\/div>\n\t\t<\/div>\n\t\t\t\t\t<\/div>\n\t\t<\/section>\n\t\t\t\t<section class=\"elementor-section elementor-top-section elementor-element elementor-element-5758fd02 elementor-section-boxed elementor-section-height-default elementor-section-height-default\" data-id=\"5758fd02\" data-element_type=\"section\" data-e-type=\"section\">\n\t\t\t\t\t\t<div class=\"elementor-container elementor-column-gap-default\">\n\t\t\t\t\t<div class=\"elementor-column elementor-col-50 elementor-top-column elementor-element elementor-element-768c569\" data-id=\"768c569\" data-element_type=\"column\" data-e-type=\"column\">\n\t\t\t<div class=\"elementor-widget-wrap elementor-element-populated\">\n\t\t\t\t\t\t<div class=\"elementor-element elementor-element-21bbf48 elementor-widget elementor-widget-text-editor\" data-id=\"21bbf48\" data-element_type=\"widget\" data-e-type=\"widget\" data-widget_type=\"text-editor.default\">\n\t\t\t\t<div class=\"elementor-widget-container\">\n\t\t\t\t\t\t\t\t\t<h4><a href=\"https:\/\/afanoc.org\/es\/que-es-el-cancer-infantil\/#\"><strong>Los aspectos cl\u00ednicos<\/strong><\/a><\/h4>\n<ul>\n<li><a href=\"https:\/\/afanoc.org\/es\/que-es-el-cancer-infantil\/\">Que es el c\u00e1ncer<\/a><\/li>\n<li><a href=\"https:\/\/afanoc.org\/es\/que-es-el-cancer-infantil\/\">Causas del c\u00e1ncer<\/a><\/li>\n<li><a href=\"https:\/\/afanoc.org\/es\/que-es-el-cancer-infantil\/tipos-de-cancer\/\">Tipos de c\u00e1ncer<\/a><\/li>\n<li><a href=\"https:\/\/afanoc.org\/es\/que-es-el-cancer-infantil\/la-prevalencia\/\">Su prevalencia<\/a><\/li>\n<li><a href=\"https:\/\/afanoc.org\/es\/que-es-el-cancer-infantil\/tractaments\/\">Los tratamientos<\/a><\/li>\n<li><a href=\"https:\/\/afanoc.org\/es\/que-es-el-cancer-infantil\/efectos-secundarios\/\">Efectos secundarios y secuelas<\/a><\/li>\n<li><a href=\"https:\/\/afanoc.org\/es\/que-es-el-cancer-infantil\/fases-de-la-enfermedad\/\">Fases de la enfermedad<\/a><\/li>\n<\/ul>\n<h4><a href=\"https:\/\/afanoc.org\/es\/que-es-el-cancer-infantil\/aspectos-psicosociales\/\"><strong>Los aspectos psicosociales<\/strong><\/a><\/h4>\n<ul>\n<li><a href=\"https:\/\/afanoc.org\/es\/que-es-el-cancer-infantil\/cuidadores\/\">Cuidadores<\/a><\/li>\n<li><a href=\"https:\/\/afanoc.org\/es\/que-es-el-cancer-infantil\/nino-y-adolescente-con-cancer\/\">Ni\u00f1o y adolescente con c\u00e1ncer<\/a><\/li>\n<li><a href=\"https:\/\/afanoc.org\/es\/que-es-el-cancer-infantil\/hermanos-as\/\">Hermanos\/as<\/a><\/li>\n<\/ul>\n<h4><a href=\"https:\/\/afanoc.org\/es\/que-es-el-cancer-infantil\/repercusiones-en-elentorno-escolar\/\">Repercusiones en el entorno escolar<\/a><\/h4>\n\t\t\t\t\t\t\t\t<\/div>\n\t\t\t\t<\/div>\n\t\t\t\t\t<\/div>\n\t\t<\/div>\n\t\t\t\t<div class=\"elementor-column elementor-col-50 elementor-top-column elementor-element elementor-element-6f12f2fe\" data-id=\"6f12f2fe\" data-element_type=\"column\" data-e-type=\"column\">\n\t\t\t<div class=\"elementor-widget-wrap elementor-element-populated\">\n\t\t\t\t\t\t<div class=\"elementor-element elementor-element-85f9a78 elementor-widget elementor-widget-heading\" data-id=\"85f9a78\" data-element_type=\"widget\" data-e-type=\"widget\" data-widget_type=\"heading.default\">\n\t\t\t\t<div class=\"elementor-widget-container\">\n\t\t\t\t\t<h1 class=\"elementor-heading-title elementor-size-default\">Repercusiones en el <span style=\"color: #e17a26\">entorno escolar<\/span><\/h1>\t\t\t\t<\/div>\n\t\t\t\t<\/div>\n\t\t\t\t<div class=\"elementor-element elementor-element-680ac4b elementor-widget__width-initial elementor-widget elementor-widget-text-editor\" data-id=\"680ac4b\" data-element_type=\"widget\" data-e-type=\"widget\" data-widget_type=\"text-editor.default\">\n\t\t\t\t<div class=\"elementor-widget-container\">\n\t\t\t\t\t\t\t\t\t<p>Aparte de trabajar con el equipo docente para la atenci\u00f3n del alumno\/a con c\u00e1ncer, el centro educativo debe facilitar alg\u00fan espacio donde el resto de familias est\u00e9n bien informadas y puedan resolver las dudas que se les generan. Hablarlo puede ayudar a tratar de forma natural lo que est\u00e1n viviendo, conociendo y respetando el ritmo en que la familia afectada quiere tratar esta situaci\u00f3n. Esto es muy importante porque, m\u00e1s all\u00e1 del propio aprendizaje, entre las familias se establecen v\u00ednculos relacionales.  <\/p>\n<p>El papel de las familias de los compa\u00f1eros del alumno\/a es importante por:<\/p>\n<ul>\n<li>Explicar a sus hijos\/as cu\u00e1les son los cambios que sufrir\u00e1 su compa\u00f1ero\/a y poder acompa\u00f1arlos en la comprensi\u00f3n de lo que est\u00e1n viviendo. Esta cuesti\u00f3n tambi\u00e9n permitir\u00e1 que el ni\u00f1o que est\u00e1 enfermo se sienta comprendido y bien acogido, lo que repercutir\u00e1 positivamente en su autoestima. <\/li>\n<li>Facilitar que su hijo\/a mantenga el contacto con su compa\u00f1ero\/a que est\u00e1 enfermo para que pueda continuar vinculado al centro educativo ya sus compa\u00f1eros.<\/li>\n<li>Informar al centro educativo en caso de que sus hijos\/as sufran alguna enfermedad v\u00edrica (herpes, varicela&#8230;). Debido al estado de inmunodepresi\u00f3n del ni\u00f1o\/a con c\u00e1ncer, cualquier enfermedad contagiosa supone un peligro a\u00f1adido a su proceso de enfermedad y un posible retraso de su completo retorno al centro educativo ya su cotidianidad. <\/li>\n<\/ul>\n\t\t\t\t\t\t\t\t<\/div>\n\t\t\t\t<\/div>\n\t\t\t\t<div class=\"elementor-element elementor-element-39d1bd3 elementor-widget__width-initial elementor-widget-divider--view-line elementor-widget elementor-widget-divider\" data-id=\"39d1bd3\" data-element_type=\"widget\" data-e-type=\"widget\" data-widget_type=\"divider.default\">\n\t\t\t\t<div class=\"elementor-widget-container\">\n\t\t\t\t\t\t\t<div class=\"elementor-divider\">\n\t\t\t<span class=\"elementor-divider-separator\">\n\t\t\t\t\t\t<\/span>\n\t\t<\/div>\n\t\t\t\t\t\t<\/div>\n\t\t\t\t<\/div>\n\t\t\t\t<div class=\"elementor-element elementor-element-3272172 elementor-align-center elementor-mobile-align-center elementor-widget elementor-widget-button\" data-id=\"3272172\" data-element_type=\"widget\" data-e-type=\"widget\" data-widget_type=\"button.default\">\n\t\t\t\t<div class=\"elementor-widget-container\">\n\t\t\t\t\t\t\t\t\t<div class=\"elementor-button-wrapper\">\n\t\t\t\t\t<a class=\"elementor-button elementor-button-link elementor-size-md\" href=\"https:\/\/afanoc.org\/wp-content\/uploads\/Llegeix-mes-que-es-el-cancer-infanltil.pdf\" target=\"_blank\">\n\t\t\t\t\t\t<span class=\"elementor-button-content-wrapper\">\n\t\t\t\t\t\t<span class=\"elementor-button-icon\">\n\t\t\t\t<i aria-hidden=\"true\" class=\"fas fa-info-circle\"><\/i>\t\t\t<\/span>\n\t\t\t\t\t\t\t\t\t<span class=\"elementor-button-text\">Leer m\u00e1s sobre qu\u00e9 es el C\u00e1ncer Infantil<\/span>\n\t\t\t\t\t<\/span>\n\t\t\t\t\t<\/a>\n\t\t\t\t<\/div>\n\t\t\t\t\t\t\t\t<\/div>\n\t\t\t\t<\/div>\n\t\t\t\t\t<\/div>\n\t\t<\/div>\n\t\t\t\t\t<\/div>\n\t\t<\/section>\n\t\t\t\t<\/div>\n\t\t","protected":false},"excerpt":{"rendered":"<p>Los aspectos cl\u00ednicos Que es el c\u00e1ncer Causas del c\u00e1ncer Tipos de c\u00e1ncer Su prevalencia Los tratamientos Efectos secundarios y secuelas Fases de la enfermedad Los aspectos psicosociales Cuidadores Ni\u00f1o y adolescente con c\u00e1ncer Hermanos\/as Repercusiones en el entorno escolar Repercusiones en el entorno escolar Aparte de trabajar con el equipo docente para la atenci\u00f3n [&hellip;]<\/p>\n","protected":false},"author":1,"featured_media":0,"parent":43136,"menu_order":0,"comment_status":"closed","ping_status":"closed","template":"elementor_header_footer","meta":{"site-sidebar-layout":"default","site-content-layout":"","ast-site-content-layout":"default","site-content-style":"default","site-sidebar-style":"default","ast-global-header-display":"","ast-banner-title-visibility":"","ast-main-header-display":"","ast-hfb-above-header-display":"","ast-hfb-below-header-display":"","ast-hfb-mobile-header-display":"","site-post-title":"","ast-breadcrumbs-content":"","ast-featured-img":"","footer-sml-layout":"","theme-transparent-header-meta":"","adv-header-id-meta":"","stick-header-meta":"","header-above-stick-meta":"","header-main-stick-meta":"","header-below-stick-meta":"","astra-migrate-meta-layouts":"default","ast-page-background-enabled":"default","ast-page-background-meta":{"desktop":{"background-color":"var(--ast-global-color-4)","background-image":"","background-repeat":"repeat","background-position":"center center","background-size":"auto","background-attachment":"scroll","background-type":"","background-media":"","overlay-type":"","overlay-color":"","overlay-opacity":"","overlay-gradient":""},"tablet":{"background-color":"","background-image":"","background-repeat":"repeat","background-position":"center center","background-size":"auto","background-attachment":"scroll","background-type":"","background-media":"","overlay-type":"","overlay-color":"","overlay-opacity":"","overlay-gradient":""},"mobile":{"background-color":"","background-image":"","background-repeat":"repeat","background-position":"center center","background-size":"auto","background-attachment":"scroll","background-type":"","background-media":"","overlay-type":"","overlay-color":"","overlay-opacity":"","overlay-gradient":""}},"ast-content-background-meta":{"desktop":{"background-color":"var(--ast-global-color-5)","background-image":"","background-repeat":"repeat","background-position":"center center","background-size":"auto","background-attachment":"scroll","background-type":"","background-media":"","overlay-type":"","overlay-color":"","overlay-opacity":"","overlay-gradient":""},"tablet":{"background-color":"var(--ast-global-color-5)","background-image":"","background-repeat":"repeat","background-position":"center center","background-size":"auto","background-attachment":"scroll","background-type":"","background-media":"","overlay-type":"","overlay-color":"","overlay-opacity":"","overlay-gradient":""},"mobile":{"background-color":"var(--ast-global-color-5)","background-image":"","background-repeat":"repeat","background-position":"center center","background-size":"auto","background-attachment":"scroll","background-type":"","background-media":"","overlay-type":"","overlay-color":"","overlay-opacity":"","overlay-gradient":""}},"footnotes":""},"class_list":["post-70313","page","type-page","status-publish","hentry"],"publishpress_future_workflow_manual_trigger":{"enabledWorkflows":[]},"_links":{"self":[{"href":"https:\/\/afanoc.org\/es\/wp-json\/wp\/v2\/pages\/70313","targetHints":{"allow":["GET"]}}],"collection":[{"href":"https:\/\/afanoc.org\/es\/wp-json\/wp\/v2\/pages"}],"about":[{"href":"https:\/\/afanoc.org\/es\/wp-json\/wp\/v2\/types\/page"}],"author":[{"embeddable":true,"href":"https:\/\/afanoc.org\/es\/wp-json\/wp\/v2\/users\/1"}],"replies":[{"embeddable":true,"href":"https:\/\/afanoc.org\/es\/wp-json\/wp\/v2\/comments?post=70313"}],"version-history":[{"count":0,"href":"https:\/\/afanoc.org\/es\/wp-json\/wp\/v2\/pages\/70313\/revisions"}],"up":[{"embeddable":true,"href":"https:\/\/afanoc.org\/es\/wp-json\/wp\/v2\/pages\/43136"}],"wp:attachment":[{"href":"https:\/\/afanoc.org\/es\/wp-json\/wp\/v2\/media?parent=70313"}],"curies":[{"name":"wp","href":"https:\/\/api.w.org\/{rel}","templated":true}]}}