{"id":70304,"date":"2025-02-03T11:18:12","date_gmt":"2025-02-03T09:18:12","guid":{"rendered":"https:\/\/afanoc.org\/que-es-el-cancer-infantil\/cuidadores\/"},"modified":"2025-03-14T11:29:17","modified_gmt":"2025-03-14T09:29:17","slug":"cuidadores","status":"publish","type":"page","link":"https:\/\/afanoc.org\/es\/que-es-el-cancer-infantil\/cuidadores\/","title":{"rendered":"Cuidadores"},"content":{"rendered":"\t\t<div data-elementor-type=\"wp-page\" data-elementor-id=\"70304\" class=\"elementor elementor-70304 elementor-69119\" data-elementor-post-type=\"page\">\n\t\t\t\t<div class=\"elementor-element elementor-element-cb79f37 e-flex e-con-boxed e-con e-parent\" data-id=\"cb79f37\" data-element_type=\"container\" data-e-type=\"container\" data-settings=\"{&quot;background_background&quot;:&quot;classic&quot;}\">\n\t\t\t\t\t<div class=\"e-con-inner\">\n\t\t\t\t\t<\/div>\n\t\t\t\t<\/div>\n\t\t\t\t<section class=\"elementor-section elementor-top-section elementor-element elementor-element-548d73ac elementor-section-boxed elementor-section-height-default elementor-section-height-default\" data-id=\"548d73ac\" data-element_type=\"section\" data-e-type=\"section\">\n\t\t\t\t\t\t<div class=\"elementor-container elementor-column-gap-default\">\n\t\t\t\t\t<div class=\"elementor-column elementor-col-100 elementor-top-column elementor-element elementor-element-706f7fa8\" data-id=\"706f7fa8\" data-element_type=\"column\" data-e-type=\"column\">\n\t\t\t<div class=\"elementor-widget-wrap elementor-element-populated\">\n\t\t\t\t\t\t<div class=\"elementor-element elementor-element-1d43d43d elementor-widget elementor-widget-woocommerce-breadcrumb\" data-id=\"1d43d43d\" data-element_type=\"widget\" data-e-type=\"widget\" data-widget_type=\"woocommerce-breadcrumb.default\">\n\t\t\t\t<div class=\"elementor-widget-container\">\n\t\t\t\t\t<nav class=\"woocommerce-breadcrumb\" aria-label=\"Breadcrumb\">Inicio<\/nav>\t\t\t\t<\/div>\n\t\t\t\t<\/div>\n\t\t\t\t\t<\/div>\n\t\t<\/div>\n\t\t\t\t\t<\/div>\n\t\t<\/section>\n\t\t\t\t<section class=\"elementor-section elementor-top-section elementor-element elementor-element-5758fd02 elementor-section-boxed elementor-section-height-default elementor-section-height-default\" data-id=\"5758fd02\" data-element_type=\"section\" data-e-type=\"section\">\n\t\t\t\t\t\t<div class=\"elementor-container elementor-column-gap-default\">\n\t\t\t\t\t<div class=\"elementor-column elementor-col-50 elementor-top-column elementor-element elementor-element-768c569\" data-id=\"768c569\" data-element_type=\"column\" data-e-type=\"column\">\n\t\t\t<div class=\"elementor-widget-wrap elementor-element-populated\">\n\t\t\t\t\t\t<div class=\"elementor-element elementor-element-5507a5f elementor-widget elementor-widget-text-editor\" data-id=\"5507a5f\" data-element_type=\"widget\" data-e-type=\"widget\" data-widget_type=\"text-editor.default\">\n\t\t\t\t<div class=\"elementor-widget-container\">\n\t\t\t\t\t\t\t\t\t<h4><a href=\"https:\/\/afanoc.org\/es\/que-es-el-cancer-infantil\/\">Los aspectos cl\u00ednicos<\/a><\/h4>\n<ul>\n<li><a href=\"https:\/\/afanoc.org\/es\/que-es-el-cancer-infantil\/\">C\u00e1ncer: que es y causas<\/a><\/li>\n<li><a href=\"https:\/\/afanoc.org\/es\/que-es-el-cancer-infantil\/tipos-de-cancer\/\">Tipos de c\u00e1ncer<\/a><\/li>\n<li><a href=\"https:\/\/afanoc.org\/es\/que-es-el-cancer-infantil\/la-prevalencia\/\">Su prevalencia<\/a><\/li>\n<li><a href=\"https:\/\/afanoc.org\/es\/que-es-el-cancer-infantil\/tractaments\/\">Los tratamientos<\/a><\/li>\n<li><a href=\"https:\/\/afanoc.org\/es\/que-es-el-cancer-infantil\/efectos-secundarios\/\">Efectos secundarios y secuelas<\/a><\/li>\n<li><a href=\"https:\/\/afanoc.org\/es\/que-es-el-cancer-infantil\/fases-de-la-enfermedad\/\">Fases de la enfermedad<\/a><\/li>\n<\/ul>\n<h4><a href=\"https:\/\/afanoc.org\/es\/que-es-el-cancer-infantil\/aspectos-psicosociales\/\"><strong>Los aspectos psicosociales<\/strong><\/a><\/h4>\n<ul>\n<li><strong><a href=\"https:\/\/afanoc.org\/es\/que-es-el-cancer-infantil\/cuidadores\/\">Cuidadores<\/a><\/strong><\/li>\n<li><a href=\"https:\/\/afanoc.org\/que-es-el-cancer-infantil\/infant-i-adolescent-amb-cancer\/\">Ni\u00f1o y adolescente con c\u00e1ncer<\/a><\/li>\n<li><a href=\"https:\/\/afanoc.org\/que-es-el-cancer-infantil\/germans-es\/\">Hermanos\/as<\/a><\/li>\n<\/ul>\n<h4><a href=\"https:\/\/afanoc.org\/que-es-el-cancer-infantil\/repercussions-en-lentorn-escolar\/\">Repercusiones en el entorno escolar<\/a><\/h4>\n\t\t\t\t\t\t\t\t<\/div>\n\t\t\t\t<\/div>\n\t\t\t\t\t<\/div>\n\t\t<\/div>\n\t\t\t\t<div class=\"elementor-column elementor-col-50 elementor-top-column elementor-element elementor-element-6f12f2fe\" data-id=\"6f12f2fe\" data-element_type=\"column\" data-e-type=\"column\">\n\t\t\t<div class=\"elementor-widget-wrap elementor-element-populated\">\n\t\t\t\t\t\t<div class=\"elementor-element elementor-element-85f9a78 elementor-widget elementor-widget-heading\" data-id=\"85f9a78\" data-element_type=\"widget\" data-e-type=\"widget\" data-widget_type=\"heading.default\">\n\t\t\t\t<div class=\"elementor-widget-container\">\n\t\t\t\t\t<h1 class=\"elementor-heading-title elementor-size-default\">Cuidadores\/as<\/h1>\t\t\t\t<\/div>\n\t\t\t\t<\/div>\n\t\t\t\t<div class=\"elementor-element elementor-element-680ac4b elementor-widget__width-initial elementor-widget elementor-widget-text-editor\" data-id=\"680ac4b\" data-element_type=\"widget\" data-e-type=\"widget\" data-widget_type=\"text-editor.default\">\n\t\t\t\t<div class=\"elementor-widget-container\">\n\t\t\t\t\t\t\t\t\t<p>Desde el momento en que se establece un diagn\u00f3stico de c\u00e1ncer en un miembro de la familia, especialmente cuando el afectado es un ni\u00f1o o adolescente, se genera un fuerte impacto, tanto a nivel psicoemocional y cognitivo, como social, entre otros, pueden surgir sentimientos de incredulidad, culpabilidad y\/o impotencia. <\/p>\n<p>Esta noticia inesperada provoca inicialmente, un estado de choque en el que cada n\u00facleo familiar y concretamente, cada uno de sus miembros, reacciona de forma distinta. Entre otros, algunos cuidadores4 se muestran impactados, con dificultades para contener sus emociones. Otros se muestran disociados, con un funcionamiento normalizado, lo que puede resultar extra\u00f1o a las personas de su alrededor.  <\/p>\n<p>Esta nueva situaci\u00f3n de cambio, se caracteriza principalmente por una alteraci\u00f3n brusca de toda la din\u00e1mica familiar ya la vez, por una ruptura en su cotidianidad.<\/p>\n<p>Normalmente la familia tiende a dividirse f\u00edsicamente en dos grupos: por un lado, uno de los cuidadores, que debe dejar de trabajar para atender al ni\u00f1o que est\u00e1 enfermo y por otro lado, el otro progenitor debe seguir trabajando en el lugar de origen y atender a los dem\u00e1s hijos\/as, si los hay. Estos hechos implican cambios de rol, la no convivencia familiar y la necesidad de encontrar otras v\u00edas de comunicaci\u00f3n desde la distancia. Esto les permitir\u00e1 mantener y reajustar el v\u00ednculo a la vez que integrar los cambios que ocurran.  <\/p>\n<p>Estad\u00edsticamente, es dif\u00edcil establecer el curso exacto que va a seguir la enfermedad. Esta dificultad no permite tranquilizar completamente a los cuidadores, lo que les produce un estado de incertidumbre y angustia. Poco a poco, ellos mismos y, si es necesario, con el acompa\u00f1amiento de diferentes profesionales, se ir\u00e1n restableciendo.  <\/p>\n\t\t\t\t\t\t\t\t<\/div>\n\t\t\t\t<\/div>\n\t\t\t\t<div class=\"elementor-element elementor-element-52e4046 elementor-widget__width-initial elementor-widget elementor-widget-text-editor\" data-id=\"52e4046\" data-element_type=\"widget\" data-e-type=\"widget\" data-widget_type=\"text-editor.default\">\n\t\t\t\t<div class=\"elementor-widget-container\">\n\t\t\t\t\t\t\t\t\t<p>*Cuando hablamos de cuidadores no nos referimos s\u00f3lo a padre o madre, sino que englobamos a toda aquella persona que tiene un papel activo en el cuidado del ni\u00f1o o adolescente que est\u00e1 enfermo como podr\u00edan ser: abuelos, t\u00edos, t\u00edas u otros familiares y amigos<\/p>\n\t\t\t\t\t\t\t\t<\/div>\n\t\t\t\t<\/div>\n\t\t\t\t<div class=\"elementor-element elementor-element-39d1bd3 elementor-widget__width-initial elementor-widget-divider--view-line elementor-widget elementor-widget-divider\" data-id=\"39d1bd3\" data-element_type=\"widget\" data-e-type=\"widget\" data-widget_type=\"divider.default\">\n\t\t\t\t<div class=\"elementor-widget-container\">\n\t\t\t\t\t\t\t<div class=\"elementor-divider\">\n\t\t\t<span class=\"elementor-divider-separator\">\n\t\t\t\t\t\t<\/span>\n\t\t<\/div>\n\t\t\t\t\t\t<\/div>\n\t\t\t\t<\/div>\n\t\t\t\t<div class=\"elementor-element elementor-element-3272172 elementor-align-center elementor-mobile-align-center elementor-widget elementor-widget-button\" data-id=\"3272172\" data-element_type=\"widget\" data-e-type=\"widget\" data-widget_type=\"button.default\">\n\t\t\t\t<div class=\"elementor-widget-container\">\n\t\t\t\t\t\t\t\t\t<div class=\"elementor-button-wrapper\">\n\t\t\t\t\t<a class=\"elementor-button elementor-button-link elementor-size-md\" href=\"https:\/\/afanoc.org\/wp-content\/uploads\/Llegeix-mes-que-es-el-cancer-infanltil.pdf\" target=\"_blank\">\n\t\t\t\t\t\t<span class=\"elementor-button-content-wrapper\">\n\t\t\t\t\t\t<span class=\"elementor-button-icon\">\n\t\t\t\t<i aria-hidden=\"true\" class=\"fas fa-info-circle\"><\/i>\t\t\t<\/span>\n\t\t\t\t\t\t\t\t\t<span class=\"elementor-button-text\">Leer m\u00e1s sobre qu\u00e9 es el C\u00e1ncer Infantil<\/span>\n\t\t\t\t\t<\/span>\n\t\t\t\t\t<\/a>\n\t\t\t\t<\/div>\n\t\t\t\t\t\t\t\t<\/div>\n\t\t\t\t<\/div>\n\t\t\t\t\t<\/div>\n\t\t<\/div>\n\t\t\t\t\t<\/div>\n\t\t<\/section>\n\t\t\t\t<\/div>\n\t\t","protected":false},"excerpt":{"rendered":"<p>Los aspectos cl\u00ednicos C\u00e1ncer: que es y causas Tipos de c\u00e1ncer Su prevalencia Los tratamientos Efectos secundarios y secuelas Fases de la enfermedad Los aspectos psicosociales Cuidadores Ni\u00f1o y adolescente con c\u00e1ncer Hermanos\/as Repercusiones en el entorno escolar Cuidadores\/as Desde el momento en que se establece un diagn\u00f3stico de c\u00e1ncer en un miembro de la [&hellip;]<\/p>\n","protected":false},"author":1,"featured_media":0,"parent":43136,"menu_order":0,"comment_status":"closed","ping_status":"closed","template":"elementor_header_footer","meta":{"site-sidebar-layout":"default","site-content-layout":"","ast-site-content-layout":"default","site-content-style":"default","site-sidebar-style":"default","ast-global-header-display":"","ast-banner-title-visibility":"","ast-main-header-display":"","ast-hfb-above-header-display":"","ast-hfb-below-header-display":"","ast-hfb-mobile-header-display":"","site-post-title":"","ast-breadcrumbs-content":"","ast-featured-img":"","footer-sml-layout":"","theme-transparent-header-meta":"","adv-header-id-meta":"","stick-header-meta":"","header-above-stick-meta":"","header-main-stick-meta":"","header-below-stick-meta":"","astra-migrate-meta-layouts":"default","ast-page-background-enabled":"default","ast-page-background-meta":{"desktop":{"background-color":"var(--ast-global-color-4)","background-image":"","background-repeat":"repeat","background-position":"center center","background-size":"auto","background-attachment":"scroll","background-type":"","background-media":"","overlay-type":"","overlay-color":"","overlay-opacity":"","overlay-gradient":""},"tablet":{"background-color":"","background-image":"","background-repeat":"repeat","background-position":"center center","background-size":"auto","background-attachment":"scroll","background-type":"","background-media":"","overlay-type":"","overlay-color":"","overlay-opacity":"","overlay-gradient":""},"mobile":{"background-color":"","background-image":"","background-repeat":"repeat","background-position":"center center","background-size":"auto","background-attachment":"scroll","background-type":"","background-media":"","overlay-type":"","overlay-color":"","overlay-opacity":"","overlay-gradient":""}},"ast-content-background-meta":{"desktop":{"background-color":"var(--ast-global-color-5)","background-image":"","background-repeat":"repeat","background-position":"center center","background-size":"auto","background-attachment":"scroll","background-type":"","background-media":"","overlay-type":"","overlay-color":"","overlay-opacity":"","overlay-gradient":""},"tablet":{"background-color":"var(--ast-global-color-5)","background-image":"","background-repeat":"repeat","background-position":"center center","background-size":"auto","background-attachment":"scroll","background-type":"","background-media":"","overlay-type":"","overlay-color":"","overlay-opacity":"","overlay-gradient":""},"mobile":{"background-color":"var(--ast-global-color-5)","background-image":"","background-repeat":"repeat","background-position":"center center","background-size":"auto","background-attachment":"scroll","background-type":"","background-media":"","overlay-type":"","overlay-color":"","overlay-opacity":"","overlay-gradient":""}},"footnotes":""},"class_list":["post-70304","page","type-page","status-publish","hentry"],"publishpress_future_workflow_manual_trigger":{"enabledWorkflows":[]},"_links":{"self":[{"href":"https:\/\/afanoc.org\/es\/wp-json\/wp\/v2\/pages\/70304","targetHints":{"allow":["GET"]}}],"collection":[{"href":"https:\/\/afanoc.org\/es\/wp-json\/wp\/v2\/pages"}],"about":[{"href":"https:\/\/afanoc.org\/es\/wp-json\/wp\/v2\/types\/page"}],"author":[{"embeddable":true,"href":"https:\/\/afanoc.org\/es\/wp-json\/wp\/v2\/users\/1"}],"replies":[{"embeddable":true,"href":"https:\/\/afanoc.org\/es\/wp-json\/wp\/v2\/comments?post=70304"}],"version-history":[{"count":0,"href":"https:\/\/afanoc.org\/es\/wp-json\/wp\/v2\/pages\/70304\/revisions"}],"up":[{"embeddable":true,"href":"https:\/\/afanoc.org\/es\/wp-json\/wp\/v2\/pages\/43136"}],"wp:attachment":[{"href":"https:\/\/afanoc.org\/es\/wp-json\/wp\/v2\/media?parent=70304"}],"curies":[{"name":"wp","href":"https:\/\/api.w.org\/{rel}","templated":true}]}}