{"id":70302,"date":"2025-02-03T11:14:05","date_gmt":"2025-02-03T09:14:05","guid":{"rendered":"https:\/\/afanoc.org\/que-es-el-cancer-infantil\/aspectos-psicosociales\/"},"modified":"2025-03-14T10:44:53","modified_gmt":"2025-03-14T08:44:53","slug":"aspectos-psicosociales","status":"publish","type":"page","link":"https:\/\/afanoc.org\/es\/que-es-el-cancer-infantil\/aspectos-psicosociales\/","title":{"rendered":"aspectos psicosociales"},"content":{"rendered":"\t\t<div data-elementor-type=\"wp-page\" data-elementor-id=\"70302\" class=\"elementor elementor-70302 elementor-69117\" data-elementor-post-type=\"page\">\n\t\t\t\t<div class=\"elementor-element elementor-element-cb79f37 e-flex e-con-boxed e-con e-parent\" data-id=\"cb79f37\" data-element_type=\"container\" data-e-type=\"container\" data-settings=\"{&quot;background_background&quot;:&quot;classic&quot;}\">\n\t\t\t\t\t<div class=\"e-con-inner\">\n\t\t\t\t\t<\/div>\n\t\t\t\t<\/div>\n\t\t\t\t<section class=\"elementor-section elementor-top-section elementor-element elementor-element-548d73ac elementor-section-boxed elementor-section-height-default elementor-section-height-default\" data-id=\"548d73ac\" data-element_type=\"section\" data-e-type=\"section\">\n\t\t\t\t\t\t<div class=\"elementor-container elementor-column-gap-default\">\n\t\t\t\t\t<div class=\"elementor-column elementor-col-100 elementor-top-column elementor-element elementor-element-706f7fa8\" data-id=\"706f7fa8\" data-element_type=\"column\" data-e-type=\"column\">\n\t\t\t<div class=\"elementor-widget-wrap elementor-element-populated\">\n\t\t\t\t\t\t<div class=\"elementor-element elementor-element-1d43d43d elementor-widget elementor-widget-woocommerce-breadcrumb\" data-id=\"1d43d43d\" data-element_type=\"widget\" data-e-type=\"widget\" data-widget_type=\"woocommerce-breadcrumb.default\">\n\t\t\t\t<div class=\"elementor-widget-container\">\n\t\t\t\t\t<nav class=\"woocommerce-breadcrumb\" aria-label=\"Breadcrumb\">Inicio<\/nav>\t\t\t\t<\/div>\n\t\t\t\t<\/div>\n\t\t\t\t\t<\/div>\n\t\t<\/div>\n\t\t\t\t\t<\/div>\n\t\t<\/section>\n\t\t\t\t<section class=\"elementor-section elementor-top-section elementor-element elementor-element-5758fd02 elementor-section-boxed elementor-section-height-default elementor-section-height-default\" data-id=\"5758fd02\" data-element_type=\"section\" data-e-type=\"section\">\n\t\t\t\t\t\t<div class=\"elementor-container elementor-column-gap-default\">\n\t\t\t\t\t<div class=\"elementor-column elementor-col-50 elementor-top-column elementor-element elementor-element-768c569\" data-id=\"768c569\" data-element_type=\"column\" data-e-type=\"column\">\n\t\t\t<div class=\"elementor-widget-wrap elementor-element-populated\">\n\t\t\t\t\t\t<div class=\"elementor-element elementor-element-20e1527 elementor-widget elementor-widget-text-editor\" data-id=\"20e1527\" data-element_type=\"widget\" data-e-type=\"widget\" data-widget_type=\"text-editor.default\">\n\t\t\t\t<div class=\"elementor-widget-container\">\n\t\t\t\t\t\t\t\t\t<h4><a href=\"https:\/\/afanoc.org\/es\/que-es-el-cancer-infantil\/\">Los aspectos cl\u00ednicos<\/a><\/h4>\n<ul>\n<li><a href=\"https:\/\/afanoc.org\/es\/que-es-el-cancer-infantil\/\">C\u00e1ncer: que es y causas<\/a><\/li>\n<li><a href=\"https:\/\/afanoc.org\/es\/que-es-el-cancer-infantil\/tipos-de-cancer\/\">Tipos de c\u00e1ncer<\/a><\/li>\n<li><a href=\"https:\/\/afanoc.org\/es\/que-es-el-cancer-infantil\/la-prevalencia\/\">Su prevalencia<\/a><\/li>\n<li><a href=\"https:\/\/afanoc.org\/es\/que-es-el-cancer-infantil\/tractaments\/\">Los tratamientos<\/a><\/li>\n<li><a href=\"https:\/\/afanoc.org\/es\/que-es-el-cancer-infantil\/efectos-secundarios\/\">Efectos secundarios y secuelas<\/a><\/li>\n<li><a href=\"https:\/\/afanoc.org\/es\/que-es-el-cancer-infantil\/fases-de-la-enfermedad\/\">Fases de la enfermedad<\/a><\/li>\n<\/ul>\n<h4><a href=\"https:\/\/afanoc.org\/es\/que-es-el-cancer-infantil\/aspectos-psicosociales\/\">Los aspectos psicosociales<\/a><\/h4>\n<ul>\n<li><a href=\"https:\/\/afanoc.org\/que-es-el-cancer-infantil\/cuidadors\/\">Cuidadores<\/a><\/li>\n<li><a href=\"https:\/\/afanoc.org\/que-es-el-cancer-infantil\/infant-i-adolescent-amb-cancer\/\">Ni\u00f1o y adolescente con c\u00e1ncer<\/a><\/li>\n<li><a href=\"https:\/\/afanoc.org\/que-es-el-cancer-infantil\/germans-es\/\">Hermanos\/as<\/a><\/li>\n<\/ul>\n<h4><a href=\"https:\/\/afanoc.org\/que-es-el-cancer-infantil\/repercussions-en-lentorn-escolar\/\">Repercusiones en el entorno escolar<\/a><\/h4>\n\t\t\t\t\t\t\t\t<\/div>\n\t\t\t\t<\/div>\n\t\t\t\t\t<\/div>\n\t\t<\/div>\n\t\t\t\t<div class=\"elementor-column elementor-col-50 elementor-top-column elementor-element elementor-element-6f12f2fe\" data-id=\"6f12f2fe\" data-element_type=\"column\" data-e-type=\"column\">\n\t\t\t<div class=\"elementor-widget-wrap elementor-element-populated\">\n\t\t\t\t\t\t<div class=\"elementor-element elementor-element-85f9a78 elementor-widget elementor-widget-heading\" data-id=\"85f9a78\" data-element_type=\"widget\" data-e-type=\"widget\" data-widget_type=\"heading.default\">\n\t\t\t\t<div class=\"elementor-widget-container\">\n\t\t\t\t\t<h1 class=\"elementor-heading-title elementor-size-default\">Los aspectos <span style=\"color: #e17a26\">psicosociales<\/span><\/h1>\t\t\t\t<\/div>\n\t\t\t\t<\/div>\n\t\t\t\t<div class=\"elementor-element elementor-element-680ac4b elementor-widget__width-initial elementor-widget elementor-widget-text-editor\" data-id=\"680ac4b\" data-element_type=\"widget\" data-e-type=\"widget\" data-widget_type=\"text-editor.default\">\n\t\t\t\t<div class=\"elementor-widget-container\">\n\t\t\t\t\t\t\t\t\t<p>En una enfermedad como el c\u00e1ncer es muy importante el abordaje m\u00e9dico. Sin embargo, tambi\u00e9n hay que tener en cuenta que es una enfermedad de larga duraci\u00f3n y hay toda una serie de repercusiones que acontecen a nivel psicosocial, tanto en el ni\u00f1o o adolescente que est\u00e1 enfermo como en su n\u00facleo familiar. En este sentido, es muy importante darles una respuesta adecuada y as\u00ed ofrecerles un abordaje integral durante todo el proceso de la enfermedad.  <\/p>\n<h3>Repercusiones en el n\u00facleo familiar<\/h3>\n<p>A ra\u00edz del diagn\u00f3stico de c\u00e1ncer en un hijo\/a ocurre una desestabilizaci\u00f3n inicial del sistema familiar, el cual se ir\u00e1 reestructurando a medida que avance el proceso de la enfermedad. La familia tendr\u00e1 que hacer frente a diferentes cambios y situaciones: <\/p>\n<p><strong>La relaci\u00f3n con el hospital de referencia y el personal sanitario:<\/strong><\/p>\n<ul>\n<li>Probablemente un espacio desconocido hasta el momento pasa a ser un espacio habitual.<\/li>\n<li>Es importante procurar que el ni\u00f1o le sienta un entorno seguro y amable para favorecer su adaptaci\u00f3n.<\/li>\n<\/ul>\n<p><strong>Las pruebas y tratamientos:<\/strong><\/p>\n<ul>\n<li>A menudo complejos y dolorosos y con efectos secundarios.<\/li>\n<\/ul>\n<p><strong>La comprensi\u00f3n de la enfermedad en el propio ni\u00f1o:<\/strong><\/p>\n<p>La reacci\u00f3n del ni\u00f1o\/a frente al diagn\u00f3stico var\u00eda seg\u00fan las edades y estar\u00e1 determinada en gran medida por el grado de desarrollo emocional e intelectual, as\u00ed como por sus creencias.<\/p>\n<p><strong>Los cambios en la econom\u00eda familiar y situaci\u00f3n laboral:<\/strong><\/p>\n<p>Generalmente ocurren cambios econ\u00f3micos porque la atenci\u00f3n al hijo\/a que est\u00e1 enfermo supone tener que dejar temporalmente las responsabilidades laborales.<\/p>\n<p><strong>La reorganizaci\u00f3n de la din\u00e1mica familiar:<\/strong><\/p>\n<ul>\n<li>El d\u00eda a d\u00eda de la familia (tareas dom\u00e9sticas, organizaci\u00f3n en el cuidado de otros hijos\/as, etc.) se ver\u00e1 alterado.<\/li>\n<li>En ocasiones, el cuidado de los dem\u00e1s hijos\/as se delegar\u00e1 a otros familiares o amigos.<\/li>\n<li>Dependiendo del tipo de tratamiento, puede darse la indicaci\u00f3n m\u00e9dica de estar alojado cerca del centro de referencia. Por tanto, en muchas ocasiones, la enfermedad tambi\u00e9n implica estar fuera de casa y que la familia quede dividida. <\/li>\n<\/ul>\n<p><strong>Los cambios en las relaciones intrafamiliares:<\/strong><\/p>\n<ul>\n<li>La atenci\u00f3n se centra en el hijo\/a que est\u00e1 enfermo y esto afecta a la relaci\u00f3n entre los distintos miembros de la familia.<\/li>\n<li>Las relaciones de pareja quedan en un segundo plano.<\/li>\n<li>A pesar de no vivir la enfermedad en propia piel, los hermanos viven la distorsi\u00f3n que \u00e9sta provoca en el seno del n\u00facleo familiar, pudi\u00e9ndoles generar la aparici\u00f3n de nuevas emociones que posiblemente no hab\u00edan tenido hasta el momento.<\/li>\n<\/ul>\n<p><strong>La aparici\u00f3n de nuevas emociones:<\/strong><\/p>\n<ul>\n<li>Debido al diagn\u00f3stico, los padres y madres suelen vivir lo que se conoce como \u201cla p\u00e9rdida del hijo sano\u201d.<\/li>\n<li>Un proceso de enfermedad grave y de larga duraci\u00f3n supone una desestabilizaci\u00f3n emocional dada por el impacto inicial del diagn\u00f3stico y por una constante de incertidumbres, angustias, alegr\u00edas, miedos, sensaciones de vulnerabilidad, etc.<\/li>\n<li>Las principales reacciones de las personas cuidadoras pueden ser: choque emocional y aturdimiento; dificultad para tomar decisiones; negaci\u00f3n; falta de control; miedo; fragilidad; enfado; sentimiento de culpa; tensi\u00f3n; aislamiento social; tristeza; ansiedad.\n<\/li>\n<li>Necesitan un tiempo para desbloquearse y reubicarse, para entender lo que significa el diagn\u00f3stico y qu\u00e9 supondr\u00e1 en sus vidas, para adaptarse a la nueva situaci\u00f3n.<\/li>\n<\/ul>\n<p><strong>El distanciamiento social:<\/strong><\/p>\n<ul>\n<li>Dada la ruptura de la cotidianidad familiar, sumada a que toda la atenci\u00f3n y esfuerzos se destinan a la nueva realidad que les ha tocado vivir.<\/li>\n<li>El entorno m\u00e1s inmediato a veces no sabe c\u00f3mo implicarse y c\u00f3mo dar su apoyo.<\/li>\n<\/ul>\n<p><strong>El conocimiento de entidades sociales y recursos p\u00fablicos:<\/strong><\/p>\n<ul>\n<li>Existen servicios y prestaciones, tanto de la Administraci\u00f3n P\u00fablica como asociaciones y fundaciones que acompa\u00f1an y apoyan a los distintos miembros del n\u00facleo familiar durante todo el proceso de la enfermedad.<\/li>\n<\/ul>\n\t\t\t\t\t\t\t\t<\/div>\n\t\t\t\t<\/div>\n\t\t\t\t<div class=\"elementor-element elementor-element-39d1bd3 elementor-widget__width-initial elementor-widget-divider--view-line elementor-widget elementor-widget-divider\" data-id=\"39d1bd3\" data-element_type=\"widget\" data-e-type=\"widget\" data-widget_type=\"divider.default\">\n\t\t\t\t<div class=\"elementor-widget-container\">\n\t\t\t\t\t\t\t<div class=\"elementor-divider\">\n\t\t\t<span class=\"elementor-divider-separator\">\n\t\t\t\t\t\t<\/span>\n\t\t<\/div>\n\t\t\t\t\t\t<\/div>\n\t\t\t\t<\/div>\n\t\t\t\t<div class=\"elementor-element elementor-element-3272172 elementor-align-center elementor-mobile-align-center elementor-widget elementor-widget-button\" data-id=\"3272172\" data-element_type=\"widget\" data-e-type=\"widget\" data-widget_type=\"button.default\">\n\t\t\t\t<div class=\"elementor-widget-container\">\n\t\t\t\t\t\t\t\t\t<div class=\"elementor-button-wrapper\">\n\t\t\t\t\t<a class=\"elementor-button elementor-button-link elementor-size-md\" href=\"https:\/\/afanoc.org\/wp-content\/uploads\/Llegeix-mes-que-es-el-cancer-infanltil.pdf\" target=\"_blank\">\n\t\t\t\t\t\t<span class=\"elementor-button-content-wrapper\">\n\t\t\t\t\t\t<span class=\"elementor-button-icon\">\n\t\t\t\t<i aria-hidden=\"true\" class=\"fas fa-info-circle\"><\/i>\t\t\t<\/span>\n\t\t\t\t\t\t\t\t\t<span class=\"elementor-button-text\">Leer m\u00e1s sobre qu\u00e9 es el C\u00e1ncer Infantil<\/span>\n\t\t\t\t\t<\/span>\n\t\t\t\t\t<\/a>\n\t\t\t\t<\/div>\n\t\t\t\t\t\t\t\t<\/div>\n\t\t\t\t<\/div>\n\t\t\t\t\t<\/div>\n\t\t<\/div>\n\t\t\t\t\t<\/div>\n\t\t<\/section>\n\t\t\t\t<\/div>\n\t\t","protected":false},"excerpt":{"rendered":"<p>Los aspectos cl\u00ednicos C\u00e1ncer: que es y causas Tipos de c\u00e1ncer Su prevalencia Los tratamientos Efectos secundarios y secuelas Fases de la enfermedad Los aspectos psicosociales Cuidadores Ni\u00f1o y adolescente con c\u00e1ncer Hermanos\/as Repercusiones en el entorno escolar Los aspectos psicosociales En una enfermedad como el c\u00e1ncer es muy importante el abordaje m\u00e9dico. Sin embargo, [&hellip;]<\/p>\n","protected":false},"author":1,"featured_media":0,"parent":43136,"menu_order":0,"comment_status":"closed","ping_status":"closed","template":"elementor_header_footer","meta":{"site-sidebar-layout":"default","site-content-layout":"","ast-site-content-layout":"default","site-content-style":"default","site-sidebar-style":"default","ast-global-header-display":"","ast-banner-title-visibility":"","ast-main-header-display":"","ast-hfb-above-header-display":"","ast-hfb-below-header-display":"","ast-hfb-mobile-header-display":"","site-post-title":"","ast-breadcrumbs-content":"","ast-featured-img":"","footer-sml-layout":"","theme-transparent-header-meta":"","adv-header-id-meta":"","stick-header-meta":"","header-above-stick-meta":"","header-main-stick-meta":"","header-below-stick-meta":"","astra-migrate-meta-layouts":"default","ast-page-background-enabled":"default","ast-page-background-meta":{"desktop":{"background-color":"var(--ast-global-color-4)","background-image":"","background-repeat":"repeat","background-position":"center center","background-size":"auto","background-attachment":"scroll","background-type":"","background-media":"","overlay-type":"","overlay-color":"","overlay-opacity":"","overlay-gradient":""},"tablet":{"background-color":"","background-image":"","background-repeat":"repeat","background-position":"center center","background-size":"auto","background-attachment":"scroll","background-type":"","background-media":"","overlay-type":"","overlay-color":"","overlay-opacity":"","overlay-gradient":""},"mobile":{"background-color":"","background-image":"","background-repeat":"repeat","background-position":"center center","background-size":"auto","background-attachment":"scroll","background-type":"","background-media":"","overlay-type":"","overlay-color":"","overlay-opacity":"","overlay-gradient":""}},"ast-content-background-meta":{"desktop":{"background-color":"var(--ast-global-color-5)","background-image":"","background-repeat":"repeat","background-position":"center center","background-size":"auto","background-attachment":"scroll","background-type":"","background-media":"","overlay-type":"","overlay-color":"","overlay-opacity":"","overlay-gradient":""},"tablet":{"background-color":"var(--ast-global-color-5)","background-image":"","background-repeat":"repeat","background-position":"center center","background-size":"auto","background-attachment":"scroll","background-type":"","background-media":"","overlay-type":"","overlay-color":"","overlay-opacity":"","overlay-gradient":""},"mobile":{"background-color":"var(--ast-global-color-5)","background-image":"","background-repeat":"repeat","background-position":"center center","background-size":"auto","background-attachment":"scroll","background-type":"","background-media":"","overlay-type":"","overlay-color":"","overlay-opacity":"","overlay-gradient":""}},"footnotes":""},"class_list":["post-70302","page","type-page","status-publish","hentry"],"publishpress_future_workflow_manual_trigger":{"enabledWorkflows":[]},"_links":{"self":[{"href":"https:\/\/afanoc.org\/es\/wp-json\/wp\/v2\/pages\/70302","targetHints":{"allow":["GET"]}}],"collection":[{"href":"https:\/\/afanoc.org\/es\/wp-json\/wp\/v2\/pages"}],"about":[{"href":"https:\/\/afanoc.org\/es\/wp-json\/wp\/v2\/types\/page"}],"author":[{"embeddable":true,"href":"https:\/\/afanoc.org\/es\/wp-json\/wp\/v2\/users\/1"}],"replies":[{"embeddable":true,"href":"https:\/\/afanoc.org\/es\/wp-json\/wp\/v2\/comments?post=70302"}],"version-history":[{"count":0,"href":"https:\/\/afanoc.org\/es\/wp-json\/wp\/v2\/pages\/70302\/revisions"}],"up":[{"embeddable":true,"href":"https:\/\/afanoc.org\/es\/wp-json\/wp\/v2\/pages\/43136"}],"wp:attachment":[{"href":"https:\/\/afanoc.org\/es\/wp-json\/wp\/v2\/media?parent=70302"}],"curies":[{"name":"wp","href":"https:\/\/api.w.org\/{rel}","templated":true}]}}