{"id":70300,"date":"2025-02-03T11:00:06","date_gmt":"2025-02-03T09:00:06","guid":{"rendered":"https:\/\/afanoc.org\/que-es-el-cancer-infantil\/fases-de-la-enfermedad\/"},"modified":"2025-03-14T10:38:34","modified_gmt":"2025-03-14T08:38:34","slug":"fases-de-la-enfermedad","status":"publish","type":"page","link":"https:\/\/afanoc.org\/es\/que-es-el-cancer-infantil\/fases-de-la-enfermedad\/","title":{"rendered":"fases de la enfermedad"},"content":{"rendered":"\t\t<div data-elementor-type=\"wp-page\" data-elementor-id=\"70300\" class=\"elementor elementor-70300 elementor-69095\" data-elementor-post-type=\"page\">\n\t\t\t\t<div class=\"elementor-element elementor-element-cb79f37 e-flex e-con-boxed e-con e-parent\" data-id=\"cb79f37\" data-element_type=\"container\" data-e-type=\"container\" data-settings=\"{&quot;background_background&quot;:&quot;classic&quot;}\">\n\t\t\t\t\t<div class=\"e-con-inner\">\n\t\t\t\t\t<\/div>\n\t\t\t\t<\/div>\n\t\t\t\t<section class=\"elementor-section elementor-top-section elementor-element elementor-element-548d73ac elementor-section-boxed elementor-section-height-default elementor-section-height-default\" data-id=\"548d73ac\" data-element_type=\"section\" data-e-type=\"section\">\n\t\t\t\t\t\t<div class=\"elementor-container elementor-column-gap-default\">\n\t\t\t\t\t<div class=\"elementor-column elementor-col-100 elementor-top-column elementor-element elementor-element-706f7fa8\" data-id=\"706f7fa8\" data-element_type=\"column\" data-e-type=\"column\">\n\t\t\t<div class=\"elementor-widget-wrap elementor-element-populated\">\n\t\t\t\t\t\t<div class=\"elementor-element elementor-element-1d43d43d elementor-widget elementor-widget-woocommerce-breadcrumb\" data-id=\"1d43d43d\" data-element_type=\"widget\" data-e-type=\"widget\" data-widget_type=\"woocommerce-breadcrumb.default\">\n\t\t\t\t<div class=\"elementor-widget-container\">\n\t\t\t\t\t<nav class=\"woocommerce-breadcrumb\" aria-label=\"Breadcrumb\">Inicio<\/nav>\t\t\t\t<\/div>\n\t\t\t\t<\/div>\n\t\t\t\t\t<\/div>\n\t\t<\/div>\n\t\t\t\t\t<\/div>\n\t\t<\/section>\n\t\t\t\t<section class=\"elementor-section elementor-top-section elementor-element elementor-element-5758fd02 elementor-section-boxed elementor-section-height-default elementor-section-height-default\" data-id=\"5758fd02\" data-element_type=\"section\" data-e-type=\"section\">\n\t\t\t\t\t\t<div class=\"elementor-container elementor-column-gap-default\">\n\t\t\t\t\t<div class=\"elementor-column elementor-col-50 elementor-top-column elementor-element elementor-element-768c569\" data-id=\"768c569\" data-element_type=\"column\" data-e-type=\"column\">\n\t\t\t<div class=\"elementor-widget-wrap elementor-element-populated\">\n\t\t\t\t\t\t<div class=\"elementor-element elementor-element-92ddf4b elementor-widget elementor-widget-text-editor\" data-id=\"92ddf4b\" data-element_type=\"widget\" data-e-type=\"widget\" data-widget_type=\"text-editor.default\">\n\t\t\t\t<div class=\"elementor-widget-container\">\n\t\t\t\t\t\t\t\t\t<h4><a href=\"https:\/\/afanoc.org\/es\/que-es-el-cancer-infantil\/\">Los aspectos cl\u00ednicos<\/a><\/h4>\n<ul>\n \t<li><a href=\"https:\/\/afanoc.org\/es\/que-es-el-cancer-infantil\/\">C\u00e1ncer: que es y causas<\/a><\/li>\n \t<li><a href=\"https:\/\/afanoc.org\/es\/que-es-el-cancer-infantil\/tipos-de-cancer\/\">Tipos de c\u00e1ncer<\/a><\/li>\n \t<li><a href=\"https:\/\/afanoc.org\/es\/que-es-el-cancer-infantil\/la-prevalencia\/\">Su prevalencia<\/a><\/li>\n \t<li><a href=\"https:\/\/afanoc.org\/es\/que-es-el-cancer-infantil\/tractaments\/\">Los tratamientos<\/a><\/li>\n \t<li><a href=\"https:\/\/afanoc.org\/es\/que-es-el-cancer-infantil\/efectos-secundarios\/\">Efectos secundarios y secuelas<\/a><\/li>\n \t<li><strong><a href=\"https:\/\/afanoc.org\/es\/que-es-el-cancer-infantil\/fases-de-la-enfermedad\/\">Fases de la enfermedad<\/a><\/strong><\/li>\n<\/ul>\n<h4><a href=\"https:\/\/afanoc.org\/que-es-el-cancer-infantil\/aspectes-psicosocials\/\"><strong>Los aspectos psicosociales<\/strong><\/a><\/h4>\n<ul>\n \t<li><a href=\"https:\/\/afanoc.org\/que-es-el-cancer-infantil\/cuidadors\/\">Cuidadores<\/a><\/li>\n \t<li><a href=\"https:\/\/afanoc.org\/que-es-el-cancer-infantil\/infant-i-adolescent-amb-cancer\/\">Ni\u00f1o y adolescente con c\u00e1ncer<\/a><\/li>\n \t<li><a href=\"https:\/\/afanoc.org\/que-es-el-cancer-infantil\/germans-es\/\">Hermanos\/as<\/a><\/li>\n<\/ul>\n<h4><a href=\"https:\/\/afanoc.org\/que-es-el-cancer-infantil\/repercussions-en-lentorn-escolar\/\">Repercusiones en el entorno escolar<\/a><\/h4>\t\t\t\t\t\t\t\t<\/div>\n\t\t\t\t<\/div>\n\t\t\t\t\t<\/div>\n\t\t<\/div>\n\t\t\t\t<div class=\"elementor-column elementor-col-50 elementor-top-column elementor-element elementor-element-6f12f2fe\" data-id=\"6f12f2fe\" data-element_type=\"column\" data-e-type=\"column\">\n\t\t\t<div class=\"elementor-widget-wrap elementor-element-populated\">\n\t\t\t\t\t\t<div class=\"elementor-element elementor-element-85f9a78 elementor-widget elementor-widget-heading\" data-id=\"85f9a78\" data-element_type=\"widget\" data-e-type=\"widget\" data-widget_type=\"heading.default\">\n\t\t\t\t<div class=\"elementor-widget-container\">\n\t\t\t\t\t<h1 class=\"elementor-heading-title elementor-size-default\">Fases <span style=\"color: #e17a26\">de la enfermedad<\/span><\/h1>\t\t\t\t<\/div>\n\t\t\t\t<\/div>\n\t\t\t\t<div class=\"elementor-element elementor-element-680ac4b elementor-widget__width-initial elementor-widget elementor-widget-text-editor\" data-id=\"680ac4b\" data-element_type=\"widget\" data-e-type=\"widget\" data-widget_type=\"text-editor.default\">\n\t\t\t\t<div class=\"elementor-widget-container\">\n\t\t\t\t\t\t\t\t\t<p>El c\u00e1ncer es una enfermedad compleja y de larga duraci\u00f3n, en la que se vive d\u00eda a d\u00eda. El tratamiento suele durar un a\u00f1o, aunque en ocasiones puede alargarse o acortarse. <\/p>\n<p>Cada persona reacciona diferente a los tratamientos y esto hace que no se pueda prever hasta cu\u00e1ndo se prolongar\u00e1.<\/p>\n<p>Sin embargo, la enfermedad comporta una serie de fases que se tendr\u00e1n que tener en cuenta para conocer en qu\u00e9 momento se encuentra el ni\u00f1o o el adolescente. Debe tener presente que cada fase puede ser m\u00e1s o menos larga y se puede alterar su direccionalidad: <\/p>\n<p><strong>Diagn\u00f3stico<\/strong><\/p>\n<p>Momento inicial en el que se realiza un estudio de la enfermedad para determinar qu\u00e9 tipo de c\u00e1ncer es, su afectaci\u00f3n y los posibles tratamientos.<\/p>\n<p>Ante la noticia del diagn\u00f3stico, durante las primeras semanas acontece un per\u00edodo de mucho impacto, ya que supone un evento muy traum\u00e1tico para toda la familia. Adem\u00e1s, se alteran de repente sus h\u00e1bitos y costumbres, a la vez que aparece un alto \u00edndice de estr\u00e9s reactivo y un estado de notable confusi\u00f3n. <\/p>\n<p><strong>Hospitalizaci\u00f3n y Tratamiento Ambulatorio<\/strong><\/p>\n<p>El proceso de enfermedad suele requerir un per\u00edodo inicial de hospitalizaci\u00f3n y posteriores ingresos de forma peri\u00f3dica, que se ir\u00e1n alternando con estancias en casa acudiendo a controles o tratamientos ambulatorios en Hospital de Dia. La estancia hospitalaria puede ser m\u00e1s o menos larga e intermitente en funci\u00f3n del tipo y caracter\u00edsticas del tratamiento que se va a aplicar, de la evoluci\u00f3n del ni\u00f1o\/ay de las posibles complicaciones que puedan surgir. Todo el equipo sanitario enfoca su trabajo para facilitar el retorno de la familia a la cotidianidad previa al diagn\u00f3stico (o lo m\u00e1s parecido posible).  <\/p>\n<p><strong>Reca\u00edda<\/strong><\/p>\n<ul>\n<li>La reca\u00edda se produce cuando algunas c\u00e9lulas no pudieron ser eliminadas por completo durante el tratamiento y no se detectaron en su momento.<\/li>\n<li>Podemos hablar de reca\u00eddas siempre que sea el mismo tipo de c\u00e1ncer el que reaparece. Si no se tratar\u00eda de otro tipo de c\u00e1ncer sin relaci\u00f3n con el anterior. <\/li>\n<li>En caso de que se produzca una reca\u00edda, el ni\u00f1o deber\u00e1 volver a reanudar el tratamiento, tal y como indique el personal sanitario.<\/li>\n<li>Aunque las reca\u00eddas son cada vez menos frecuentes (menos de 1 de cada 4 pacientes), el miedo a que la enfermedad vuelva a aparecer persiste durante mucho tiempo en los ni\u00f1os y las familias.<\/li>\n<\/ul>\n<p><strong>Curaci\u00f3n<\/strong><\/p>\n<p>Una vez el\/la paciente ha finalizado el tratamiento con \u00e9xito, comienza la fase de seguimiento o control evolutivo. Cuando se han superado los 5 a\u00f1os posteriores a la enfermedad sin ninguna reca\u00edda, se puede hablar de curaci\u00f3n.  <\/p>\n<p><strong>Fase final de vida<\/strong><\/p>\n<ul>\n<li>Actualmente el tratamiento de c\u00e1ncer no logra curar a uno de cada cinco pacientes. Sin embargo, cada vez existen m\u00e1s terapias experimentales y prometedoras, con la posibilidad de participar en estudios de nuevos medicamentos (ensayos cl\u00ednicos) que prolonguen la vida y aseguren una mejor calidad. <\/li>\n<li>Cuando se llega a una situaci\u00f3n de c\u00e1ncer incurable, los pacientes y familias suelen conocer los equipos de cuidados paliativos, aunque puedan seguir recibiendo tratamiento. Por \u00faltimo, cuando los tumores se hacen resistentes, se entra en una fase de fin de vida donde los cuidados paliativos, el tratamiento de la sintomatolog\u00eda, la calidad de vida y el apoyo a toda la familia y entorno son fundamentales. Tras la muerte del ni\u00f1o o adolescente hay una fase de duelo y reintegraci\u00f3n en la rutina habitual de la familia y amigos muy dolorosa  <\/li>\n<\/ul>\n<p><strong>Cuidados paliativos<\/strong><\/p>\n<p>Los cuidados paliativos pedi\u00e1tricos garantizan el respeto a la dignidad de los pacientes y el derecho a su autonom\u00eda, mediante una atenci\u00f3n continuada e individualizada por un equipo interdisciplinario especializado.<\/p>\n<p>Los objetivos son poder satisfacer las necesidades f\u00edsicas, emocionales, educativas, sociales y espirituales del ni\u00f1o\/a, de forma adaptada a todas las etapas de la vida y mantener el \u201cfuncionamiento\u201d familiar con la mayor normalidad posible, incluyendo servicios de apoyo a los hermanos\/as ya la familia.<\/p>\n\t\t\t\t\t\t\t\t<\/div>\n\t\t\t\t<\/div>\n\t\t\t\t<div class=\"elementor-element elementor-element-39d1bd3 elementor-widget__width-initial elementor-widget-divider--view-line elementor-widget elementor-widget-divider\" data-id=\"39d1bd3\" data-element_type=\"widget\" data-e-type=\"widget\" data-widget_type=\"divider.default\">\n\t\t\t\t<div class=\"elementor-widget-container\">\n\t\t\t\t\t\t\t<div class=\"elementor-divider\">\n\t\t\t<span class=\"elementor-divider-separator\">\n\t\t\t\t\t\t<\/span>\n\t\t<\/div>\n\t\t\t\t\t\t<\/div>\n\t\t\t\t<\/div>\n\t\t\t\t<div class=\"elementor-element elementor-element-3272172 elementor-align-center elementor-mobile-align-center elementor-widget elementor-widget-button\" data-id=\"3272172\" data-element_type=\"widget\" data-e-type=\"widget\" data-widget_type=\"button.default\">\n\t\t\t\t<div class=\"elementor-widget-container\">\n\t\t\t\t\t\t\t\t\t<div class=\"elementor-button-wrapper\">\n\t\t\t\t\t<a class=\"elementor-button elementor-button-link elementor-size-md\" href=\"https:\/\/afanoc.org\/wp-content\/uploads\/Llegeix-mes-que-es-el-cancer-infanltil.pdf\" target=\"_blank\">\n\t\t\t\t\t\t<span class=\"elementor-button-content-wrapper\">\n\t\t\t\t\t\t<span class=\"elementor-button-icon\">\n\t\t\t\t<i aria-hidden=\"true\" class=\"fas fa-info-circle\"><\/i>\t\t\t<\/span>\n\t\t\t\t\t\t\t\t\t<span class=\"elementor-button-text\">Leer m\u00e1s sobre qu\u00e9 es el C\u00e1ncer Infantil<\/span>\n\t\t\t\t\t<\/span>\n\t\t\t\t\t<\/a>\n\t\t\t\t<\/div>\n\t\t\t\t\t\t\t\t<\/div>\n\t\t\t\t<\/div>\n\t\t\t\t\t<\/div>\n\t\t<\/div>\n\t\t\t\t\t<\/div>\n\t\t<\/section>\n\t\t\t\t<\/div>\n\t\t","protected":false},"excerpt":{"rendered":"<p>Los aspectos cl\u00ednicos C\u00e1ncer: que es y causas Tipos de c\u00e1ncer Su prevalencia Los tratamientos Efectos secundarios y secuelas Fases de la enfermedad Los aspectos psicosociales Cuidadores Ni\u00f1o y adolescente con c\u00e1ncer Hermanos\/as Repercusiones en el entorno escolar Fases de la enfermedad El c\u00e1ncer es una enfermedad compleja y de larga duraci\u00f3n, en la que [&hellip;]<\/p>\n","protected":false},"author":1,"featured_media":0,"parent":43136,"menu_order":0,"comment_status":"closed","ping_status":"closed","template":"elementor_header_footer","meta":{"site-sidebar-layout":"default","site-content-layout":"","ast-site-content-layout":"default","site-content-style":"default","site-sidebar-style":"default","ast-global-header-display":"","ast-banner-title-visibility":"","ast-main-header-display":"","ast-hfb-above-header-display":"","ast-hfb-below-header-display":"","ast-hfb-mobile-header-display":"","site-post-title":"","ast-breadcrumbs-content":"","ast-featured-img":"","footer-sml-layout":"","theme-transparent-header-meta":"","adv-header-id-meta":"","stick-header-meta":"","header-above-stick-meta":"","header-main-stick-meta":"","header-below-stick-meta":"","astra-migrate-meta-layouts":"default","ast-page-background-enabled":"default","ast-page-background-meta":{"desktop":{"background-color":"var(--ast-global-color-4)","background-image":"","background-repeat":"repeat","background-position":"center center","background-size":"auto","background-attachment":"scroll","background-type":"","background-media":"","overlay-type":"","overlay-color":"","overlay-opacity":"","overlay-gradient":""},"tablet":{"background-color":"","background-image":"","background-repeat":"repeat","background-position":"center center","background-size":"auto","background-attachment":"scroll","background-type":"","background-media":"","overlay-type":"","overlay-color":"","overlay-opacity":"","overlay-gradient":""},"mobile":{"background-color":"","background-image":"","background-repeat":"repeat","background-position":"center center","background-size":"auto","background-attachment":"scroll","background-type":"","background-media":"","overlay-type":"","overlay-color":"","overlay-opacity":"","overlay-gradient":""}},"ast-content-background-meta":{"desktop":{"background-color":"var(--ast-global-color-5)","background-image":"","background-repeat":"repeat","background-position":"center center","background-size":"auto","background-attachment":"scroll","background-type":"","background-media":"","overlay-type":"","overlay-color":"","overlay-opacity":"","overlay-gradient":""},"tablet":{"background-color":"var(--ast-global-color-5)","background-image":"","background-repeat":"repeat","background-position":"center center","background-size":"auto","background-attachment":"scroll","background-type":"","background-media":"","overlay-type":"","overlay-color":"","overlay-opacity":"","overlay-gradient":""},"mobile":{"background-color":"var(--ast-global-color-5)","background-image":"","background-repeat":"repeat","background-position":"center center","background-size":"auto","background-attachment":"scroll","background-type":"","background-media":"","overlay-type":"","overlay-color":"","overlay-opacity":"","overlay-gradient":""}},"footnotes":""},"class_list":["post-70300","page","type-page","status-publish","hentry"],"publishpress_future_workflow_manual_trigger":{"enabledWorkflows":[]},"_links":{"self":[{"href":"https:\/\/afanoc.org\/es\/wp-json\/wp\/v2\/pages\/70300","targetHints":{"allow":["GET"]}}],"collection":[{"href":"https:\/\/afanoc.org\/es\/wp-json\/wp\/v2\/pages"}],"about":[{"href":"https:\/\/afanoc.org\/es\/wp-json\/wp\/v2\/types\/page"}],"author":[{"embeddable":true,"href":"https:\/\/afanoc.org\/es\/wp-json\/wp\/v2\/users\/1"}],"replies":[{"embeddable":true,"href":"https:\/\/afanoc.org\/es\/wp-json\/wp\/v2\/comments?post=70300"}],"version-history":[{"count":0,"href":"https:\/\/afanoc.org\/es\/wp-json\/wp\/v2\/pages\/70300\/revisions"}],"up":[{"embeddable":true,"href":"https:\/\/afanoc.org\/es\/wp-json\/wp\/v2\/pages\/43136"}],"wp:attachment":[{"href":"https:\/\/afanoc.org\/es\/wp-json\/wp\/v2\/media?parent=70300"}],"curies":[{"name":"wp","href":"https:\/\/api.w.org\/{rel}","templated":true}]}}