{"id":70298,"date":"2025-02-03T10:53:18","date_gmt":"2025-02-03T08:53:18","guid":{"rendered":"https:\/\/afanoc.org\/que-es-el-cancer-infantil\/efectos-secundarios\/"},"modified":"2025-03-14T10:33:23","modified_gmt":"2025-03-14T08:33:23","slug":"efectos-secundarios","status":"publish","type":"page","link":"https:\/\/afanoc.org\/es\/que-es-el-cancer-infantil\/efectos-secundarios\/","title":{"rendered":"Efectos secundarios"},"content":{"rendered":"\t\t<div data-elementor-type=\"wp-page\" data-elementor-id=\"70298\" class=\"elementor elementor-70298 elementor-69079\" data-elementor-post-type=\"page\">\n\t\t\t\t<div class=\"elementor-element elementor-element-cb79f37 e-flex e-con-boxed e-con e-parent\" data-id=\"cb79f37\" data-element_type=\"container\" data-e-type=\"container\" data-settings=\"{&quot;background_background&quot;:&quot;classic&quot;}\">\n\t\t\t\t\t<div class=\"e-con-inner\">\n\t\t\t\t\t<\/div>\n\t\t\t\t<\/div>\n\t\t\t\t<section class=\"elementor-section elementor-top-section elementor-element elementor-element-548d73ac elementor-section-boxed elementor-section-height-default elementor-section-height-default\" data-id=\"548d73ac\" data-element_type=\"section\" data-e-type=\"section\">\n\t\t\t\t\t\t<div class=\"elementor-container elementor-column-gap-default\">\n\t\t\t\t\t<div class=\"elementor-column elementor-col-100 elementor-top-column elementor-element elementor-element-706f7fa8\" data-id=\"706f7fa8\" data-element_type=\"column\" data-e-type=\"column\">\n\t\t\t<div class=\"elementor-widget-wrap elementor-element-populated\">\n\t\t\t\t\t\t<div class=\"elementor-element elementor-element-1d43d43d elementor-widget elementor-widget-woocommerce-breadcrumb\" data-id=\"1d43d43d\" data-element_type=\"widget\" data-e-type=\"widget\" data-widget_type=\"woocommerce-breadcrumb.default\">\n\t\t\t\t<div class=\"elementor-widget-container\">\n\t\t\t\t\t<nav class=\"woocommerce-breadcrumb\" aria-label=\"Breadcrumb\">Inicio<\/nav>\t\t\t\t<\/div>\n\t\t\t\t<\/div>\n\t\t\t\t\t<\/div>\n\t\t<\/div>\n\t\t\t\t\t<\/div>\n\t\t<\/section>\n\t\t\t\t<section class=\"elementor-section elementor-top-section elementor-element elementor-element-5758fd02 elementor-section-boxed elementor-section-height-default elementor-section-height-default\" data-id=\"5758fd02\" data-element_type=\"section\" data-e-type=\"section\">\n\t\t\t\t\t\t<div class=\"elementor-container elementor-column-gap-default\">\n\t\t\t\t\t<div class=\"elementor-column elementor-col-50 elementor-top-column elementor-element elementor-element-768c569\" data-id=\"768c569\" data-element_type=\"column\" data-e-type=\"column\">\n\t\t\t<div class=\"elementor-widget-wrap elementor-element-populated\">\n\t\t\t\t\t\t<div class=\"elementor-element elementor-element-f7145b7 elementor-widget elementor-widget-text-editor\" data-id=\"f7145b7\" data-element_type=\"widget\" data-e-type=\"widget\" data-widget_type=\"text-editor.default\">\n\t\t\t\t<div class=\"elementor-widget-container\">\n\t\t\t\t\t\t\t\t\t<h4><a href=\"https:\/\/afanoc.org\/es\/que-es-el-cancer-infantil\/\">Los aspectos cl\u00ednicos<\/a><\/h4>\n<ul>\n \t<li><a href=\"https:\/\/afanoc.org\/es\/que-es-el-cancer-infantil\/\">C\u00e1ncer: que es y causas<\/a><\/li>\n \t<li><a href=\"https:\/\/afanoc.org\/es\/que-es-el-cancer-infantil\/tipos-de-cancer\/\">Tipos de c\u00e1ncer<\/a><\/li>\n \t<li><a href=\"https:\/\/afanoc.org\/es\/que-es-el-cancer-infantil\/la-prevalencia\/\">Su prevalencia<\/a><\/li>\n \t<li><a href=\"https:\/\/afanoc.org\/es\/que-es-el-cancer-infantil\/tractaments\/\">Los tratamientos<\/a><\/li>\n \t<li><strong><a href=\"https:\/\/afanoc.org\/es\/que-es-el-cancer-infantil\/efectos-secundarios\/\">Efectos secundarios y secuelas<\/a><\/strong><\/li>\n \t<li><a href=\"https:\/\/afanoc.org\/que-es-el-cancer-infantil\/fases-de-la-malaltia\/\">Fases de la enfermedad<\/a><\/li>\n<\/ul>\n<h4><a href=\"https:\/\/afanoc.org\/que-es-el-cancer-infantil\/aspectes-psicosocials\/\"><strong>Los aspectos psicosociales<\/strong><\/a><\/h4>\n<ul>\n \t<li><a href=\"https:\/\/afanoc.org\/que-es-el-cancer-infantil\/cuidadors\/\">Cuidadores<\/a><\/li>\n \t<li><a href=\"https:\/\/afanoc.org\/que-es-el-cancer-infantil\/infant-i-adolescent-amb-cancer\/\">Ni\u00f1o y adolescente con c\u00e1ncer<\/a><\/li>\n \t<li><a href=\"https:\/\/afanoc.org\/que-es-el-cancer-infantil\/germans-es\/\">Hermanos\/as<\/a><\/li>\n<\/ul>\n<h4><a href=\"https:\/\/afanoc.org\/que-es-el-cancer-infantil\/repercussions-en-lentorn-escolar\/\">Repercusiones en el entorno escolar<\/a><\/h4>\t\t\t\t\t\t\t\t<\/div>\n\t\t\t\t<\/div>\n\t\t\t\t\t<\/div>\n\t\t<\/div>\n\t\t\t\t<div class=\"elementor-column elementor-col-50 elementor-top-column elementor-element elementor-element-6f12f2fe\" data-id=\"6f12f2fe\" data-element_type=\"column\" data-e-type=\"column\">\n\t\t\t<div class=\"elementor-widget-wrap elementor-element-populated\">\n\t\t\t\t\t\t<div class=\"elementor-element elementor-element-85f9a78 elementor-widget elementor-widget-heading\" data-id=\"85f9a78\" data-element_type=\"widget\" data-e-type=\"widget\" data-widget_type=\"heading.default\">\n\t\t\t\t<div class=\"elementor-widget-container\">\n\t\t\t\t\t<h1 class=\"elementor-heading-title elementor-size-default\">Efectos <span style=\"color: #e17a26\">secundarios y secuelas<\/span><\/h1>\t\t\t\t<\/div>\n\t\t\t\t<\/div>\n\t\t\t\t<div class=\"elementor-element elementor-element-680ac4b elementor-widget__width-initial elementor-widget elementor-widget-text-editor\" data-id=\"680ac4b\" data-element_type=\"widget\" data-e-type=\"widget\" data-widget_type=\"text-editor.default\">\n\t\t\t\t<div class=\"elementor-widget-container\">\n\t\t\t\t\t\t\t\t\t<p>A pesar de presentar un beneficio positivo para la enfermedad, todos los tratamientos, con mayor o menor intensidad, tienen efectos secundarios que pueden cambiar el aspecto f\u00edsico y el estado an\u00edmico de la persona. La mayor\u00eda de cambios no ser\u00e1n permanentes, sino que la ni\u00f1a o ni\u00f1o ir\u00e1 recobrando su aspecto f\u00edsico a medida que acaben los tratamientos. Estos efectos secundarios producen cambios que ocurren gradualmente y que pueden darse en algunos momentos del proceso, en funci\u00f3n de los tratamientos administrados.  <\/p>\n<p><strong>Algunos de los efectos secundarios m\u00e1s habituales pueden ser<\/strong><\/p>\n<ul>\n<li>Alopecia (ca\u00edda del cabello)<\/li>\n<li>Debilidad y\/o cansancio (anemia)<\/li>\n<li>V\u00f3mitos y\/o n\u00e1useas<\/li>\n<li>Diarrea o estre\u00f1imiento<\/li>\n<li>Problemas renales<\/li>\n<li>Alteraci\u00f3n del gusto<\/li>\n<li>P\u00e9rdida de hambre<\/li>\n<li>Alteraciones de las u\u00f1as y la piel (piel irritada, cambio de coloraci\u00f3n, descamaci\u00f3n,&#8230;<\/li>\n<li>P\u00e9rdida o aumento de peso Aspecto de \u201ccara de luna\u201d (redondeo de las facciones)<\/li>\n<li>Mucositis2 (inflamaci\u00f3n de la mucosa)<\/li>\n<li>Descenso de los gl\u00f3bulos blancos, rojos y plaquitas.<\/li>\n<li>Dolor: dolor de cabeza, dolor muscular, dolor estomacal, dolor en manos y pies.<\/li>\n<li>Cambios de humor y del estado an\u00edmico<\/li>\n<\/ul>\n<p>En los \u00faltimos a\u00f1os, se ha progresado mucho en el tratamiento y control sobre sus efectos secundarios y cada vez hay m\u00e1s ni\u00f1os que lo acaban favorablemente y obtienen una buena calidad de vida.<\/p>\n<p>Sin embargo, existen procedimientos m\u00e9dicos que ocasionan un cambio f\u00edsico permanente en la persona, como ser\u00eda el caso de una intervenci\u00f3n quir\u00fargica que comporte la amputaci\u00f3n de alguna parte del cuerpo (en el caso de algunos tumores s\u00f3lidos) o bien, una cicatriz.<\/p>\n<p><strong>Algunas de las secuelas pueden afectar:<\/strong><\/p>\n<ul>\n<li>El crecimiento, desarrollo y sistema hormonal \u2022 El aprendizaje<\/li>\n<li>La estabilidad emocional: ansiedad, depresi\u00f3n, miedo a recaer, fobia en los hospitales<\/li>\n<li>El aparato reproductor y de desarrollo sexual<\/li>\n<li>El funcionamiento de ciertos \u00f3rganos provocando problemas card\u00edacos, pulmonares, digestivos, renales, dentales, auditivos, visuales<\/li>\n<\/ul>\n\t\t\t\t\t\t\t\t<\/div>\n\t\t\t\t<\/div>\n\t\t\t\t<div class=\"elementor-element elementor-element-39d1bd3 elementor-widget__width-initial elementor-widget-divider--view-line elementor-widget elementor-widget-divider\" data-id=\"39d1bd3\" data-element_type=\"widget\" data-e-type=\"widget\" data-widget_type=\"divider.default\">\n\t\t\t\t<div class=\"elementor-widget-container\">\n\t\t\t\t\t\t\t<div class=\"elementor-divider\">\n\t\t\t<span class=\"elementor-divider-separator\">\n\t\t\t\t\t\t<\/span>\n\t\t<\/div>\n\t\t\t\t\t\t<\/div>\n\t\t\t\t<\/div>\n\t\t\t\t<div class=\"elementor-element elementor-element-3272172 elementor-align-center elementor-mobile-align-center elementor-widget elementor-widget-button\" data-id=\"3272172\" data-element_type=\"widget\" data-e-type=\"widget\" data-widget_type=\"button.default\">\n\t\t\t\t<div class=\"elementor-widget-container\">\n\t\t\t\t\t\t\t\t\t<div class=\"elementor-button-wrapper\">\n\t\t\t\t\t<a class=\"elementor-button elementor-button-link elementor-size-md\" href=\"https:\/\/afanoc.org\/wp-content\/uploads\/Llegeix-mes-que-es-el-cancer-infanltil.pdf\" target=\"_blank\">\n\t\t\t\t\t\t<span class=\"elementor-button-content-wrapper\">\n\t\t\t\t\t\t<span class=\"elementor-button-icon\">\n\t\t\t\t<i aria-hidden=\"true\" class=\"fas fa-info-circle\"><\/i>\t\t\t<\/span>\n\t\t\t\t\t\t\t\t\t<span class=\"elementor-button-text\">Leer m\u00e1s sobre qu\u00e9 es el C\u00e1ncer Infantil<\/span>\n\t\t\t\t\t<\/span>\n\t\t\t\t\t<\/a>\n\t\t\t\t<\/div>\n\t\t\t\t\t\t\t\t<\/div>\n\t\t\t\t<\/div>\n\t\t\t\t\t<\/div>\n\t\t<\/div>\n\t\t\t\t\t<\/div>\n\t\t<\/section>\n\t\t\t\t<\/div>\n\t\t","protected":false},"excerpt":{"rendered":"<p>Los aspectos cl\u00ednicos C\u00e1ncer: que es y causas Tipos de c\u00e1ncer Su prevalencia Los tratamientos Efectos secundarios y secuelas Fases de la enfermedad Los aspectos psicosociales Cuidadores Ni\u00f1o y adolescente con c\u00e1ncer Hermanos\/as Repercusiones en el entorno escolar Efectos secundarios y secuelas A pesar de presentar un beneficio positivo para la enfermedad, todos los tratamientos, [&hellip;]<\/p>\n","protected":false},"author":1,"featured_media":0,"parent":43136,"menu_order":0,"comment_status":"closed","ping_status":"closed","template":"elementor_header_footer","meta":{"site-sidebar-layout":"default","site-content-layout":"","ast-site-content-layout":"default","site-content-style":"default","site-sidebar-style":"default","ast-global-header-display":"","ast-banner-title-visibility":"","ast-main-header-display":"","ast-hfb-above-header-display":"","ast-hfb-below-header-display":"","ast-hfb-mobile-header-display":"","site-post-title":"","ast-breadcrumbs-content":"","ast-featured-img":"","footer-sml-layout":"","theme-transparent-header-meta":"","adv-header-id-meta":"","stick-header-meta":"","header-above-stick-meta":"","header-main-stick-meta":"","header-below-stick-meta":"","astra-migrate-meta-layouts":"default","ast-page-background-enabled":"default","ast-page-background-meta":{"desktop":{"background-color":"var(--ast-global-color-4)","background-image":"","background-repeat":"repeat","background-position":"center center","background-size":"auto","background-attachment":"scroll","background-type":"","background-media":"","overlay-type":"","overlay-color":"","overlay-opacity":"","overlay-gradient":""},"tablet":{"background-color":"","background-image":"","background-repeat":"repeat","background-position":"center center","background-size":"auto","background-attachment":"scroll","background-type":"","background-media":"","overlay-type":"","overlay-color":"","overlay-opacity":"","overlay-gradient":""},"mobile":{"background-color":"","background-image":"","background-repeat":"repeat","background-position":"center center","background-size":"auto","background-attachment":"scroll","background-type":"","background-media":"","overlay-type":"","overlay-color":"","overlay-opacity":"","overlay-gradient":""}},"ast-content-background-meta":{"desktop":{"background-color":"var(--ast-global-color-5)","background-image":"","background-repeat":"repeat","background-position":"center center","background-size":"auto","background-attachment":"scroll","background-type":"","background-media":"","overlay-type":"","overlay-color":"","overlay-opacity":"","overlay-gradient":""},"tablet":{"background-color":"var(--ast-global-color-5)","background-image":"","background-repeat":"repeat","background-position":"center center","background-size":"auto","background-attachment":"scroll","background-type":"","background-media":"","overlay-type":"","overlay-color":"","overlay-opacity":"","overlay-gradient":""},"mobile":{"background-color":"var(--ast-global-color-5)","background-image":"","background-repeat":"repeat","background-position":"center center","background-size":"auto","background-attachment":"scroll","background-type":"","background-media":"","overlay-type":"","overlay-color":"","overlay-opacity":"","overlay-gradient":""}},"footnotes":""},"class_list":["post-70298","page","type-page","status-publish","hentry"],"publishpress_future_workflow_manual_trigger":{"enabledWorkflows":[]},"_links":{"self":[{"href":"https:\/\/afanoc.org\/es\/wp-json\/wp\/v2\/pages\/70298","targetHints":{"allow":["GET"]}}],"collection":[{"href":"https:\/\/afanoc.org\/es\/wp-json\/wp\/v2\/pages"}],"about":[{"href":"https:\/\/afanoc.org\/es\/wp-json\/wp\/v2\/types\/page"}],"author":[{"embeddable":true,"href":"https:\/\/afanoc.org\/es\/wp-json\/wp\/v2\/users\/1"}],"replies":[{"embeddable":true,"href":"https:\/\/afanoc.org\/es\/wp-json\/wp\/v2\/comments?post=70298"}],"version-history":[{"count":0,"href":"https:\/\/afanoc.org\/es\/wp-json\/wp\/v2\/pages\/70298\/revisions"}],"up":[{"embeddable":true,"href":"https:\/\/afanoc.org\/es\/wp-json\/wp\/v2\/pages\/43136"}],"wp:attachment":[{"href":"https:\/\/afanoc.org\/es\/wp-json\/wp\/v2\/media?parent=70298"}],"curies":[{"name":"wp","href":"https:\/\/api.w.org\/{rel}","templated":true}]}}