{"id":69822,"date":"2025-02-03T10:46:14","date_gmt":"2025-02-03T08:46:14","guid":{"rendered":"https:\/\/afanoc.org\/que-es-el-cancer-infantil\/tractaments\/"},"modified":"2025-03-14T10:27:32","modified_gmt":"2025-03-14T08:27:32","slug":"tractaments","status":"publish","type":"page","link":"https:\/\/afanoc.org\/es\/que-es-el-cancer-infantil\/tractaments\/","title":{"rendered":"tratamientos"},"content":{"rendered":"\t\t<div data-elementor-type=\"wp-page\" data-elementor-id=\"69822\" class=\"elementor elementor-69822 elementor-69069\" data-elementor-post-type=\"page\">\n\t\t\t\t<div class=\"elementor-element elementor-element-cb79f37 e-flex e-con-boxed e-con e-parent\" data-id=\"cb79f37\" data-element_type=\"container\" data-e-type=\"container\" data-settings=\"{&quot;background_background&quot;:&quot;classic&quot;}\">\n\t\t\t\t\t<div class=\"e-con-inner\">\n\t\t\t\t\t<\/div>\n\t\t\t\t<\/div>\n\t\t\t\t<section class=\"elementor-section elementor-top-section elementor-element elementor-element-548d73ac elementor-section-boxed elementor-section-height-default elementor-section-height-default\" data-id=\"548d73ac\" data-element_type=\"section\" data-e-type=\"section\">\n\t\t\t\t\t\t<div class=\"elementor-container elementor-column-gap-default\">\n\t\t\t\t\t<div class=\"elementor-column elementor-col-100 elementor-top-column elementor-element elementor-element-706f7fa8\" data-id=\"706f7fa8\" data-element_type=\"column\" data-e-type=\"column\">\n\t\t\t<div class=\"elementor-widget-wrap elementor-element-populated\">\n\t\t\t\t\t\t<div class=\"elementor-element elementor-element-1d43d43d elementor-widget elementor-widget-woocommerce-breadcrumb\" data-id=\"1d43d43d\" data-element_type=\"widget\" data-e-type=\"widget\" data-widget_type=\"woocommerce-breadcrumb.default\">\n\t\t\t\t<div class=\"elementor-widget-container\">\n\t\t\t\t\t<nav class=\"woocommerce-breadcrumb\" aria-label=\"Breadcrumb\">Inicio<\/nav>\t\t\t\t<\/div>\n\t\t\t\t<\/div>\n\t\t\t\t\t<\/div>\n\t\t<\/div>\n\t\t\t\t\t<\/div>\n\t\t<\/section>\n\t\t\t\t<section class=\"elementor-section elementor-top-section elementor-element elementor-element-5758fd02 elementor-section-boxed elementor-section-height-default elementor-section-height-default\" data-id=\"5758fd02\" data-element_type=\"section\" data-e-type=\"section\">\n\t\t\t\t\t\t<div class=\"elementor-container elementor-column-gap-default\">\n\t\t\t\t\t<div class=\"elementor-column elementor-col-50 elementor-top-column elementor-element elementor-element-768c569\" data-id=\"768c569\" data-element_type=\"column\" data-e-type=\"column\">\n\t\t\t<div class=\"elementor-widget-wrap elementor-element-populated\">\n\t\t\t\t\t\t<div class=\"elementor-element elementor-element-175b75d elementor-widget elementor-widget-text-editor\" data-id=\"175b75d\" data-element_type=\"widget\" data-e-type=\"widget\" data-widget_type=\"text-editor.default\">\n\t\t\t\t<div class=\"elementor-widget-container\">\n\t\t\t\t\t\t\t\t\t<h4><a href=\"https:\/\/afanoc.org\/es\/que-es-el-cancer-infantil\/\">Los aspectos cl\u00ednicos<\/a><\/h4>\n<ul>\n \t<li><a href=\"https:\/\/afanoc.org\/es\/que-es-el-cancer-infantil\/\">C\u00e1ncer: que es y causas<\/a><\/li>\n \t<li><a href=\"https:\/\/afanoc.org\/es\/que-es-el-cancer-infantil\/tipos-de-cancer\/\">Tipos de c\u00e1ncer<\/a><\/li>\n \t<li><a href=\"https:\/\/afanoc.org\/es\/que-es-el-cancer-infantil\/la-prevalencia\/\">Su prevalencia<\/a><\/li>\n \t<li><strong><a href=\"https:\/\/afanoc.org\/es\/que-es-el-cancer-infantil\/tractaments\/\">Los tratamientos<\/a><\/strong><\/li>\n \t<li><a href=\"https:\/\/afanoc.org\/que-es-el-cancer-infantil\/efectes-secundaris\/\">Efectos secundarios y secuelas<\/a><\/li>\n \t<li><a href=\"https:\/\/afanoc.org\/que-es-el-cancer-infantil\/fases-de-la-malaltia\/\">Fases de la enfermedad<\/a><\/li>\n<\/ul>\n<h4><a href=\"https:\/\/afanoc.org\/que-es-el-cancer-infantil\/aspectes-psicosocials\/\"><strong>Los aspectos psicosociales<\/strong><\/a><\/h4>\n<ul>\n \t<li><a href=\"https:\/\/afanoc.org\/que-es-el-cancer-infantil\/cuidadors\/\">Cuidadores<\/a><\/li>\n \t<li><a href=\"https:\/\/afanoc.org\/que-es-el-cancer-infantil\/infant-i-adolescent-amb-cancer\/\">Ni\u00f1o y adolescente con c\u00e1ncer<\/a><\/li>\n \t<li><a href=\"https:\/\/afanoc.org\/que-es-el-cancer-infantil\/germans-es\/\">Hermanos\/as<\/a><\/li>\n<\/ul>\n<h4><a href=\"https:\/\/afanoc.org\/que-es-el-cancer-infantil\/repercussions-en-lentorn-escolar\/\">Repercusiones en el entorno escolar<\/a><\/h4>\t\t\t\t\t\t\t\t<\/div>\n\t\t\t\t<\/div>\n\t\t\t\t\t<\/div>\n\t\t<\/div>\n\t\t\t\t<div class=\"elementor-column elementor-col-50 elementor-top-column elementor-element elementor-element-6f12f2fe\" data-id=\"6f12f2fe\" data-element_type=\"column\" data-e-type=\"column\">\n\t\t\t<div class=\"elementor-widget-wrap elementor-element-populated\">\n\t\t\t\t\t\t<div class=\"elementor-element elementor-element-85f9a78 elementor-widget elementor-widget-heading\" data-id=\"85f9a78\" data-element_type=\"widget\" data-e-type=\"widget\" data-widget_type=\"heading.default\">\n\t\t\t\t<div class=\"elementor-widget-container\">\n\t\t\t\t\t<h1 class=\"elementor-heading-title elementor-size-default\">Los <span style=\"color: #e17a26\">tratamientos<\/span><\/h1>\t\t\t\t<\/div>\n\t\t\t\t<\/div>\n\t\t\t\t<div class=\"elementor-element elementor-element-680ac4b elementor-widget__width-initial elementor-widget elementor-widget-text-editor\" data-id=\"680ac4b\" data-element_type=\"widget\" data-e-type=\"widget\" data-widget_type=\"text-editor.default\">\n\t\t\t\t<div class=\"elementor-widget-container\">\n\t\t\t\t\t\t\t\t\t<p>Los tratamientos que se aplican cuando se diagnostica un c\u00e1ncer en edad pedi\u00e1trica, est\u00e1n establecidos internacionalmente y son iguales o similares en toda Europa y Estados Unidos. En funci\u00f3n del diagn\u00f3stico, la evoluci\u00f3n de la enfermedad y la respuesta de cada ni\u00f1o o adolescente en particular, se concretar\u00e1n unos protocolos determinados donde se decidir\u00e1 el tipo de tratamiento que se aplica, que puede comportar una combinaci\u00f3n de terapias o una sola. Aunque se est\u00e1n estudiando continuamente nuevas, las m\u00e1s comunes hasta ahora son las siguientes:  <\/p>\n<p><strong>Cirug\u00eda:<\/strong> es el tratamiento habitual de los tumores s\u00f3lidos, aunque debe completarse con quimioterapia y\/o radioterapia. En algunos casos, es pr\u00e1cticamente imposible por la localizaci\u00f3n del tumor. En otros casos, es necesaria la administraci\u00f3n de quimioterapia, con el objetivo inicial de reducir el tama\u00f1o del tumor, para poder facilitar despu\u00e9s su extirpaci\u00f3n quir\u00fargica. La cirug\u00eda tambi\u00e9n ser\u00e1 necesaria para poder efectuar otros procedimientos necesarios, como la implantaci\u00f3n del porth-a-cath (PAC)1.   <\/p>\n<p><strong>Quimioterapia:<\/strong> es un tratamiento que act\u00faa sobre las c\u00e9lulas que se dividen r\u00e1pidamente, como es el caso de las c\u00e9lulas cancerosas, evitando que crezcan y se dividan en m\u00e1s c\u00e9lulas. Sin embargo, tambi\u00e9n act\u00faa en algunas de las c\u00e9lulas sanas, lo que produce efectos secundarios que deber\u00e1n ser tratados. El tratamiento puede realizarse por v\u00eda intravenosa o por v\u00eda oral.  <\/p>\n<p><strong>Radioterapia:<\/strong> consiste en la utilizaci\u00f3n de rayos de alta energ\u00eda para destruir o reducir las c\u00e9lulas tumorales de una zona espec\u00edficamente acotada. La radioterapia da\u00f1a el ADN de las c\u00e9lulas cancerosas, por lo que las c\u00e9lulas dejan de dividirse o mueren. Puede ir combinada con otros tratamientos.  <\/p>\n<p><strong>Trasplante de progenitores hematopoy\u00e9ticos:<\/strong> consiste en sustituir la m\u00e9dula \u00f3sea que no \u201cfunciona\u201d por una m\u00e9dula \u00f3sea sana. La m\u00e9dula \u00f3sea es un material esponjoso que se encuentra en el interior de los huesos y es rico en c\u00e9lulas progenitoras de los elementos de la sangre (gl\u00f3bulos rojos, gl\u00f3bulos blancos y plaquetas). El procedimiento consta de dos fases. En la primera se administra quimioterapia y\/o radioterapia en dosis muy altas para eliminar todas las c\u00e9lulas (sanas y malignas) de la m\u00e9dula \u00f3sea de la persona. Una vez conseguido, se procede a infundir nuevas c\u00e9lulas sanas para que el tejido se regenere. Todo este proceso debe llevarse a cabo en unidades especializadas de hospitalizaci\u00f3n, debido al riesgo que comporta para la persona, al reducir las defensas (inmunodepresi\u00f3n) y quedar vulnerable ante cualquier infecci\u00f3n.     <\/p>\n<p>La mayor\u00eda de los trasplantes se realizan por las leucemias, aunque existen otras enfermedades oncol\u00f3gicas y no oncol\u00f3gicas en las que tambi\u00e9n se pueden realizar trasplantes de progenitores. Aunque algunos trasplantes son de la misma persona que est\u00e1 enferma (auto trasplantes), la mayor\u00eda son de un donante (trasplante alog\u00e9nico) el cual puede ser alguien de la familia (generalmente hermanos o hermanas, padre o madre), un donante no emparentado (de los registros de donantes de m\u00e9dula) o tambi\u00e9n puede ser de sangre de cord\u00f3n <\/p>\n\t\t\t\t\t\t\t\t<\/div>\n\t\t\t\t<\/div>\n\t\t\t\t<div class=\"elementor-element elementor-element-39d1bd3 elementor-widget__width-initial elementor-widget-divider--view-line elementor-widget elementor-widget-divider\" data-id=\"39d1bd3\" data-element_type=\"widget\" data-e-type=\"widget\" data-widget_type=\"divider.default\">\n\t\t\t\t<div class=\"elementor-widget-container\">\n\t\t\t\t\t\t\t<div class=\"elementor-divider\">\n\t\t\t<span class=\"elementor-divider-separator\">\n\t\t\t\t\t\t<\/span>\n\t\t<\/div>\n\t\t\t\t\t\t<\/div>\n\t\t\t\t<\/div>\n\t\t\t\t<div class=\"elementor-element elementor-element-3272172 elementor-align-center elementor-mobile-align-center elementor-widget elementor-widget-button\" data-id=\"3272172\" data-element_type=\"widget\" data-e-type=\"widget\" data-widget_type=\"button.default\">\n\t\t\t\t<div class=\"elementor-widget-container\">\n\t\t\t\t\t\t\t\t\t<div class=\"elementor-button-wrapper\">\n\t\t\t\t\t<a class=\"elementor-button elementor-button-link elementor-size-md\" href=\"https:\/\/afanoc.org\/wp-content\/uploads\/Llegeix-mes-que-es-el-cancer-infanltil.pdf\" target=\"_blank\">\n\t\t\t\t\t\t<span class=\"elementor-button-content-wrapper\">\n\t\t\t\t\t\t<span class=\"elementor-button-icon\">\n\t\t\t\t<i aria-hidden=\"true\" class=\"fas fa-info-circle\"><\/i>\t\t\t<\/span>\n\t\t\t\t\t\t\t\t\t<span class=\"elementor-button-text\">Leer m\u00e1s sobre qu\u00e9 es el C\u00e1ncer Infantil<\/span>\n\t\t\t\t\t<\/span>\n\t\t\t\t\t<\/a>\n\t\t\t\t<\/div>\n\t\t\t\t\t\t\t\t<\/div>\n\t\t\t\t<\/div>\n\t\t\t\t\t<\/div>\n\t\t<\/div>\n\t\t\t\t\t<\/div>\n\t\t<\/section>\n\t\t\t\t<\/div>\n\t\t","protected":false},"excerpt":{"rendered":"<p>Los aspectos cl\u00ednicos C\u00e1ncer: que es y causas Tipos de c\u00e1ncer Su prevalencia Los tratamientos Efectos secundarios y secuelas Fases de la enfermedad Los aspectos psicosociales Cuidadores Ni\u00f1o y adolescente con c\u00e1ncer Hermanos\/as Repercusiones en el entorno escolar Los tratamientos Los tratamientos que se aplican cuando se diagnostica un c\u00e1ncer en edad pedi\u00e1trica, est\u00e1n establecidos [&hellip;]<\/p>\n","protected":false},"author":1,"featured_media":0,"parent":43136,"menu_order":0,"comment_status":"closed","ping_status":"closed","template":"elementor_header_footer","meta":{"site-sidebar-layout":"default","site-content-layout":"","ast-site-content-layout":"default","site-content-style":"default","site-sidebar-style":"default","ast-global-header-display":"","ast-banner-title-visibility":"","ast-main-header-display":"","ast-hfb-above-header-display":"","ast-hfb-below-header-display":"","ast-hfb-mobile-header-display":"","site-post-title":"","ast-breadcrumbs-content":"","ast-featured-img":"","footer-sml-layout":"","theme-transparent-header-meta":"","adv-header-id-meta":"","stick-header-meta":"","header-above-stick-meta":"","header-main-stick-meta":"","header-below-stick-meta":"","astra-migrate-meta-layouts":"default","ast-page-background-enabled":"default","ast-page-background-meta":{"desktop":{"background-color":"var(--ast-global-color-4)","background-image":"","background-repeat":"repeat","background-position":"center center","background-size":"auto","background-attachment":"scroll","background-type":"","background-media":"","overlay-type":"","overlay-color":"","overlay-opacity":"","overlay-gradient":""},"tablet":{"background-color":"","background-image":"","background-repeat":"repeat","background-position":"center center","background-size":"auto","background-attachment":"scroll","background-type":"","background-media":"","overlay-type":"","overlay-color":"","overlay-opacity":"","overlay-gradient":""},"mobile":{"background-color":"","background-image":"","background-repeat":"repeat","background-position":"center center","background-size":"auto","background-attachment":"scroll","background-type":"","background-media":"","overlay-type":"","overlay-color":"","overlay-opacity":"","overlay-gradient":""}},"ast-content-background-meta":{"desktop":{"background-color":"var(--ast-global-color-5)","background-image":"","background-repeat":"repeat","background-position":"center center","background-size":"auto","background-attachment":"scroll","background-type":"","background-media":"","overlay-type":"","overlay-color":"","overlay-opacity":"","overlay-gradient":""},"tablet":{"background-color":"var(--ast-global-color-5)","background-image":"","background-repeat":"repeat","background-position":"center center","background-size":"auto","background-attachment":"scroll","background-type":"","background-media":"","overlay-type":"","overlay-color":"","overlay-opacity":"","overlay-gradient":""},"mobile":{"background-color":"var(--ast-global-color-5)","background-image":"","background-repeat":"repeat","background-position":"center center","background-size":"auto","background-attachment":"scroll","background-type":"","background-media":"","overlay-type":"","overlay-color":"","overlay-opacity":"","overlay-gradient":""}},"footnotes":""},"class_list":["post-69822","page","type-page","status-publish","hentry"],"publishpress_future_workflow_manual_trigger":{"enabledWorkflows":[]},"_links":{"self":[{"href":"https:\/\/afanoc.org\/es\/wp-json\/wp\/v2\/pages\/69822","targetHints":{"allow":["GET"]}}],"collection":[{"href":"https:\/\/afanoc.org\/es\/wp-json\/wp\/v2\/pages"}],"about":[{"href":"https:\/\/afanoc.org\/es\/wp-json\/wp\/v2\/types\/page"}],"author":[{"embeddable":true,"href":"https:\/\/afanoc.org\/es\/wp-json\/wp\/v2\/users\/1"}],"replies":[{"embeddable":true,"href":"https:\/\/afanoc.org\/es\/wp-json\/wp\/v2\/comments?post=69822"}],"version-history":[{"count":0,"href":"https:\/\/afanoc.org\/es\/wp-json\/wp\/v2\/pages\/69822\/revisions"}],"up":[{"embeddable":true,"href":"https:\/\/afanoc.org\/es\/wp-json\/wp\/v2\/pages\/43136"}],"wp:attachment":[{"href":"https:\/\/afanoc.org\/es\/wp-json\/wp\/v2\/media?parent=69822"}],"curies":[{"name":"wp","href":"https:\/\/api.w.org\/{rel}","templated":true}]}}