{"id":68981,"date":"2024-09-27T13:39:15","date_gmt":"2024-09-27T11:39:15","guid":{"rendered":"https:\/\/afanoc.org\/voluntariado\/formacion-tarragona\/"},"modified":"2026-04-14T09:38:26","modified_gmt":"2026-04-14T07:38:26","slug":"formacion-tarragona","status":"publish","type":"page","link":"https:\/\/afanoc.org\/es\/voluntariado\/formacion-tarragona\/","title":{"rendered":"Formaci\u00f3n Tarragona"},"content":{"rendered":"\t\t<div data-elementor-type=\"wp-page\" data-elementor-id=\"68981\" class=\"elementor elementor-68981 elementor-65352\" data-elementor-post-type=\"page\">\n\t\t\t\t<div class=\"elementor-element elementor-element-3da653a3 e-flex e-con-boxed e-con e-parent\" data-id=\"3da653a3\" data-element_type=\"container\" data-e-type=\"container\" data-settings=\"{&quot;background_background&quot;:&quot;classic&quot;}\">\n\t\t\t\t\t<div class=\"e-con-inner\">\n\t\t<div class=\"elementor-element elementor-element-2130eeff e-con-full e-flex e-con e-child\" data-id=\"2130eeff\" data-element_type=\"container\" data-e-type=\"container\">\n\t\t\t\t<\/div>\n\t\t\t\t\t<\/div>\n\t\t\t\t<\/div>\n\t\t<div class=\"elementor-element elementor-element-5fbf877b e-flex e-con-boxed e-con e-parent\" data-id=\"5fbf877b\" data-element_type=\"container\" data-e-type=\"container\">\n\t\t\t\t\t<div class=\"e-con-inner\">\n\t\t<div class=\"elementor-element elementor-element-388828c1 e-con-full e-flex e-con e-child\" data-id=\"388828c1\" data-element_type=\"container\" data-e-type=\"container\">\n\t\t\t\t<div class=\"elementor-element elementor-element-89d6ec6 elementor-widget elementor-widget-woocommerce-breadcrumb\" data-id=\"89d6ec6\" data-element_type=\"widget\" data-e-type=\"widget\" data-widget_type=\"woocommerce-breadcrumb.default\">\n\t\t\t\t<div class=\"elementor-widget-container\">\n\t\t\t\t\t<nav class=\"woocommerce-breadcrumb\" aria-label=\"Breadcrumb\">Inicio<\/nav>\t\t\t\t<\/div>\n\t\t\t\t<\/div>\n\t\t\t\t<\/div>\n\t\t\t\t\t<\/div>\n\t\t\t\t<\/div>\n\t\t<div class=\"elementor-element elementor-element-39838bea e-flex e-con-boxed e-con e-parent\" data-id=\"39838bea\" data-element_type=\"container\" data-e-type=\"container\">\n\t\t\t\t\t<div class=\"e-con-inner\">\n\t\t<div class=\"elementor-element elementor-element-727fe94b e-con-full e-flex e-con e-child\" data-id=\"727fe94b\" data-element_type=\"container\" data-e-type=\"container\">\n\t\t\t\t<div class=\"elementor-element elementor-element-11f4a7a4 elementor-widget elementor-widget-heading\" data-id=\"11f4a7a4\" data-element_type=\"widget\" data-e-type=\"widget\" data-widget_type=\"heading.default\">\n\t\t\t\t<div class=\"elementor-widget-container\">\n\t\t\t\t\t<h2 class=\"elementor-heading-title elementor-size-default\">Formaci\u00f3n <span style=\"color: #e17a26\">Tarragona<\/span><\/h2>\t\t\t\t<\/div>\n\t\t\t\t<\/div>\n\t\t\t\t<div class=\"elementor-element elementor-element-4be9875d elementor-widget elementor-widget-text-editor\" data-id=\"4be9875d\" data-element_type=\"widget\" data-e-type=\"widget\" data-widget_type=\"text-editor.default\">\n\t\t\t\t<div class=\"elementor-widget-container\">\n\t\t\t\t\t\t\t\t\t<p>Desde AFANOC consideramos que la formaci\u00f3n es una herramienta fundamental para mejorar la acci\u00f3n voluntaria<\/p>\t\t\t\t\t\t\t\t<\/div>\n\t\t\t\t<\/div>\n\t\t\t\t<div class=\"elementor-element elementor-element-84a0d4d elementor-widget elementor-widget-text-editor\" data-id=\"84a0d4d\" data-element_type=\"widget\" data-e-type=\"widget\" data-widget_type=\"text-editor.default\">\n\t\t\t\t<div class=\"elementor-widget-container\">\n\t\t\t\t\t\t\t\t\t<h4 style=\"font-size: 20px;\"><strong>Iniciaci\u00f3n Voluntariado en<span style=\"color: #ff6600;\">\u00a0Tarragona<\/span><\/strong><\/h4><p><strong>Fecha: <span style=\"color: #ff6600;\">7 de mayo de 2026<\/span><\/strong><br \/><strong>Lugar:<\/strong> Seu de l&#8217;AFANOC a Tarragona (c. Adri\u00e0, 9, baixos)<br \/><strong>Hora:\u00a0<\/strong>De 18.00 h hasta las 20.00 h<br \/><strong>Duraci\u00f3n:<\/strong> 2 horas<\/p>\t\t\t\t\t\t\t\t<\/div>\n\t\t\t\t<\/div>\n\t\t<div class=\"elementor-element elementor-element-4cbb6c27 e-con-full e-flex e-con e-child\" data-id=\"4cbb6c27\" data-element_type=\"container\" data-e-type=\"container\" data-settings=\"{&quot;background_background&quot;:&quot;classic&quot;}\">\n\t\t\t\t<div class=\"elementor-element elementor-element-bfb61ff elementor-widget elementor-widget-button\" data-id=\"bfb61ff\" data-element_type=\"widget\" data-e-type=\"widget\" data-widget_type=\"button.default\">\n\t\t\t\t<div class=\"elementor-widget-container\">\n\t\t\t\t\t\t\t\t\t<div class=\"elementor-button-wrapper\">\n\t\t\t\t\t<a class=\"elementor-button elementor-size-sm\" role=\"button\">\n\t\t\t\t\t\t<span class=\"elementor-button-content-wrapper\">\n\t\t\t\t\t\t\t\t\t<span class=\"elementor-button-text\">Si quieres m\u00e1s informaci\u00f3n escribe un mail a tarragona@afanoc.org<\/span>\n\t\t\t\t\t<\/span>\n\t\t\t\t\t<\/a>\n\t\t\t\t<\/div>\n\t\t\t\t\t\t\t\t<\/div>\n\t\t\t\t<\/div>\n\t\t\t\t<\/div>\n\t\t\t\t<\/div>\n\t\t\t\t\t<\/div>\n\t\t\t\t<\/div>\n\t\t<div class=\"elementor-element elementor-element-b4bfbdb e-flex e-con-boxed e-con e-parent\" data-id=\"b4bfbdb\" data-element_type=\"container\" data-e-type=\"container\">\n\t\t\t\t\t<div class=\"e-con-inner\">\n\t\t\t\t<div class=\"elementor-element elementor-element-ef9a0ef elementor-widget-divider--view-line elementor-widget elementor-widget-divider\" data-id=\"ef9a0ef\" data-element_type=\"widget\" data-e-type=\"widget\" data-widget_type=\"divider.default\">\n\t\t\t\t<div class=\"elementor-widget-container\">\n\t\t\t\t\t\t\t<div class=\"elementor-divider\">\n\t\t\t<span class=\"elementor-divider-separator\">\n\t\t\t\t\t\t<\/span>\n\t\t<\/div>\n\t\t\t\t\t\t<\/div>\n\t\t\t\t<\/div>\n\t\t\t\t\t<\/div>\n\t\t\t\t<\/div>\n\t\t<div class=\"elementor-element elementor-element-5be874f e-flex e-con-boxed e-con e-parent\" data-id=\"5be874f\" data-element_type=\"container\" data-e-type=\"container\">\n\t\t\t\t\t<div class=\"e-con-inner\">\n\t\t\t\t<div class=\"elementor-element elementor-element-929900d elementor-widget elementor-widget-heading\" data-id=\"929900d\" data-element_type=\"widget\" data-e-type=\"widget\" data-widget_type=\"heading.default\">\n\t\t\t\t<div class=\"elementor-widget-container\">\n\t\t\t\t\t<h2 class=\"elementor-heading-title elementor-size-default\">Taller de formaci\u00f3n al <span style=\"color: #e17a26\">voluntariado de AFANOC: <\/span>C\u00e1psula de actos y campa\u00f1as <span style=\"font-style: inherit\"><\/span><br><\/h2>\t\t\t\t<\/div>\n\t\t\t\t<\/div>\n\t\t\t\t\t<\/div>\n\t\t\t\t<\/div>\n\t\t<div class=\"elementor-element elementor-element-7ed8caa e-flex e-con-boxed e-con e-parent\" data-id=\"7ed8caa\" data-element_type=\"container\" data-e-type=\"container\">\n\t\t\t\t\t<div class=\"e-con-inner\">\n\t\t\t\t<div class=\"elementor-element elementor-element-a479894 elementor-widget elementor-widget-text-editor\" data-id=\"a479894\" data-element_type=\"widget\" data-e-type=\"widget\" data-widget_type=\"text-editor.default\">\n\t\t\t\t<div class=\"elementor-widget-container\">\n\t\t\t\t\t\t\t\t\t<p>Este taller est\u00e1 dirigido a todas aquellas personas que desean formar parte del equipo de voluntariado de la entidad, concretamente apoyando a las acciones de sensibilizaci\u00f3n y difusi\u00f3n de la entidad: participando en actas y campa\u00f1as como lo \u201cPosa&#8217;t la Gorra!\u201d o \u201cRockpelsXuklis\u201d.<\/p><p>Posteriormente en el taller se realiza una entrevista personal con la coordinadora de voluntariado correspondiente para valorar, conjuntamente, su incorporaci\u00f3n.<\/p>\t\t\t\t\t\t\t\t<\/div>\n\t\t\t\t<\/div>\n\t\t\t\t\t<\/div>\n\t\t\t\t<\/div>\n\t\t<div class=\"elementor-element elementor-element-b292942 e-flex e-con-boxed e-con e-parent\" data-id=\"b292942\" data-element_type=\"container\" data-e-type=\"container\" data-settings=\"{&quot;background_background&quot;:&quot;classic&quot;}\">\n\t\t\t\t\t<div class=\"e-con-inner\">\n\t\t<div class=\"elementor-element elementor-element-980a2f1 e-con-full e-flex e-con e-child\" data-id=\"980a2f1\" data-element_type=\"container\" data-e-type=\"container\">\n\t\t<div class=\"elementor-element elementor-element-7e1578a e-con-full e-flex e-con e-child\" data-id=\"7e1578a\" data-element_type=\"container\" data-e-type=\"container\">\n\t\t<div class=\"elementor-element elementor-element-2af8459 e-con-full e-flex e-con e-child\" data-id=\"2af8459\" data-element_type=\"container\" data-e-type=\"container\">\n\t\t\t\t<div class=\"elementor-element elementor-element-d752fb0 elementor-view-default elementor-widget elementor-widget-icon\" data-id=\"d752fb0\" data-element_type=\"widget\" data-e-type=\"widget\" data-widget_type=\"icon.default\">\n\t\t\t\t<div class=\"elementor-widget-container\">\n\t\t\t\t\t\t\t<div class=\"elementor-icon-wrapper\">\n\t\t\t<div class=\"elementor-icon\">\n\t\t\t<i aria-hidden=\"true\" class=\"far fa-calendar-alt\"><\/i>\t\t\t<\/div>\n\t\t<\/div>\n\t\t\t\t\t\t<\/div>\n\t\t\t\t<\/div>\n\t\t\t\t<\/div>\n\t\t<div class=\"elementor-element elementor-element-0eec4de e-con-full e-flex e-con e-child\" data-id=\"0eec4de\" data-element_type=\"container\" data-e-type=\"container\">\n\t\t\t\t<div class=\"elementor-element elementor-element-54567d1 elementor-widget elementor-widget-text-editor\" data-id=\"54567d1\" data-element_type=\"widget\" data-e-type=\"widget\" data-widget_type=\"text-editor.default\">\n\t\t\t\t<div class=\"elementor-widget-container\">\n\t\t\t\t\t\t\t\t\t<h4><strong>Calendario<\/strong><\/h4><p><strong><span style=\"color: #ff6600;\">Jueves 7 de mayo, de 18.00 a 0.00 horas.<\/span><\/strong><\/p>\t\t\t\t\t\t\t\t<\/div>\n\t\t\t\t<\/div>\n\t\t\t\t<\/div>\n\t\t\t\t<\/div>\n\t\t\t\t<\/div>\n\t\t<div class=\"elementor-element elementor-element-a67815f e-con-full e-flex e-con e-child\" data-id=\"a67815f\" data-element_type=\"container\" data-e-type=\"container\">\n\t\t<div class=\"elementor-element elementor-element-6eba4b3 e-con-full e-flex e-con e-child\" data-id=\"6eba4b3\" data-element_type=\"container\" data-e-type=\"container\">\n\t\t<div class=\"elementor-element elementor-element-31264ff e-con-full e-flex e-con e-child\" data-id=\"31264ff\" data-element_type=\"container\" data-e-type=\"container\">\n\t\t\t\t<div class=\"elementor-element elementor-element-e569cf7 elementor-view-default elementor-widget elementor-widget-icon\" data-id=\"e569cf7\" data-element_type=\"widget\" data-e-type=\"widget\" data-widget_type=\"icon.default\">\n\t\t\t\t<div class=\"elementor-widget-container\">\n\t\t\t\t\t\t\t<div class=\"elementor-icon-wrapper\">\n\t\t\t<div class=\"elementor-icon\">\n\t\t\t<i aria-hidden=\"true\" class=\"fas fa-euro-sign\"><\/i>\t\t\t<\/div>\n\t\t<\/div>\n\t\t\t\t\t\t<\/div>\n\t\t\t\t<\/div>\n\t\t\t\t<\/div>\n\t\t<div class=\"elementor-element elementor-element-c9d66f6 e-con-full e-flex e-con e-child\" data-id=\"c9d66f6\" data-element_type=\"container\" data-e-type=\"container\">\n\t\t\t\t<div class=\"elementor-element elementor-element-dfff490 elementor-widget elementor-widget-text-editor\" data-id=\"dfff490\" data-element_type=\"widget\" data-e-type=\"widget\" data-widget_type=\"text-editor.default\">\n\t\t\t\t<div class=\"elementor-widget-container\">\n\t\t\t\t\t\t\t\t\t<h4><strong>Precio<\/strong><\/h4><p><strong><span style=\"color: #ff6600;\">Gratuito<\/span><\/strong><\/p>\t\t\t\t\t\t\t\t<\/div>\n\t\t\t\t<\/div>\n\t\t\t\t<\/div>\n\t\t\t\t<\/div>\n\t\t\t\t<\/div>\n\t\t<div class=\"elementor-element elementor-element-be3f3b5 e-con-full e-flex e-con e-child\" data-id=\"be3f3b5\" data-element_type=\"container\" data-e-type=\"container\" data-settings=\"{&quot;background_background&quot;:&quot;classic&quot;}\">\n\t\t<div class=\"elementor-element elementor-element-3495eaa e-con-full e-flex e-con e-child\" data-id=\"3495eaa\" data-element_type=\"container\" data-e-type=\"container\">\n\t\t<div class=\"elementor-element elementor-element-38e4bf6 e-con-full e-flex e-con e-child\" data-id=\"38e4bf6\" data-element_type=\"container\" data-e-type=\"container\">\n\t\t\t\t<div class=\"elementor-element elementor-element-ee4d39c elementor-view-default elementor-widget elementor-widget-icon\" data-id=\"ee4d39c\" data-element_type=\"widget\" data-e-type=\"widget\" data-widget_type=\"icon.default\">\n\t\t\t\t<div class=\"elementor-widget-container\">\n\t\t\t\t\t\t\t<div class=\"elementor-icon-wrapper\">\n\t\t\t<div class=\"elementor-icon\">\n\t\t\t<i aria-hidden=\"true\" class=\"far fa-user\"><\/i>\t\t\t<\/div>\n\t\t<\/div>\n\t\t\t\t\t\t<\/div>\n\t\t\t\t<\/div>\n\t\t\t\t<\/div>\n\t\t<div class=\"elementor-element elementor-element-a05e38e e-con-full e-flex e-con e-child\" data-id=\"a05e38e\" data-element_type=\"container\" data-e-type=\"container\">\n\t\t\t\t<div class=\"elementor-element elementor-element-49e25c0 elementor-widget elementor-widget-text-editor\" data-id=\"49e25c0\" data-element_type=\"widget\" data-e-type=\"widget\" data-widget_type=\"text-editor.default\">\n\t\t\t\t<div class=\"elementor-widget-container\">\n\t\t\t\t\t\t\t\t\t<h4><strong>Docentes<\/strong><\/h4><p><strong><span style=\"color: #ff6600;\">Jordi Rodr\u00edguez\u00a0 <\/span><\/strong>\u00a0 \u00a0 \u00a0 \u00a0 \u00a0 Coordinador de la sede de AFANOC en Tarragona.<\/p><p><strong><span style=\"color: #ff6600;\">Anna Robert\u00a0 \u00a0 \u00a0 \u00a0 \u00a0 <\/span><\/strong>Responsable de comunicaci\u00f3n de AFANOC en Tarragona.<\/p>\t\t\t\t\t\t\t\t<\/div>\n\t\t\t\t<\/div>\n\t\t\t\t<\/div>\n\t\t\t\t<\/div>\n\t\t\t\t<\/div>\n\t\t\t\t<div class=\"elementor-element elementor-element-6308ff1 elementor-view-default elementor-widget elementor-widget-icon\" data-id=\"6308ff1\" data-element_type=\"widget\" data-e-type=\"widget\" data-widget_type=\"icon.default\">\n\t\t\t\t<div class=\"elementor-widget-container\">\n\t\t\t\t\t\t\t<div class=\"elementor-icon-wrapper\">\n\t\t\t<div class=\"elementor-icon\">\n\t\t\t<i aria-hidden=\"true\" class=\"fas fa-map-marker-alt\"><\/i>\t\t\t<\/div>\n\t\t<\/div>\n\t\t\t\t\t\t<\/div>\n\t\t\t\t<\/div>\n\t\t<div class=\"elementor-element elementor-element-9c02616 e-con-full e-flex e-con e-child\" data-id=\"9c02616\" data-element_type=\"container\" data-e-type=\"container\">\n\t\t\t\t<div class=\"elementor-element elementor-element-4d58a36 elementor-widget elementor-widget-text-editor\" data-id=\"4d58a36\" data-element_type=\"widget\" data-e-type=\"widget\" data-widget_type=\"text-editor.default\">\n\t\t\t\t<div class=\"elementor-widget-container\">\n\t\t\t\t\t\t\t\t\t<h4><strong>Ubicaci\u00f3n<\/strong><\/h4><p><strong><span style=\"color: #ff6600;\">Sede de l&#8217;AFANOC a Tarragona\u00a0 \u00a0 <\/span><\/strong><span style=\"color: #000000;\"><a style=\"color: #000000;\" href=\"https:\/\/maps.app.goo.gl\/F5evG27dsxmENG9K7\" target=\"_blank\" rel=\"noopener\">(c. Adri\u00e0, 9, baixos)\u00a0<\/a><\/span><\/p>\t\t\t\t\t\t\t\t<\/div>\n\t\t\t\t<\/div>\n\t\t\t\t<\/div>\n\t\t<div class=\"elementor-element elementor-element-4a6be7d e-con-full e-flex e-con e-child\" data-id=\"4a6be7d\" data-element_type=\"container\" data-e-type=\"container\">\n\t\t\t\t<div class=\"elementor-element elementor-element-8e25544 elementor-widget elementor-widget-text-editor\" data-id=\"8e25544\" data-element_type=\"widget\" data-e-type=\"widget\" data-widget_type=\"text-editor.default\">\n\t\t\t\t<div class=\"elementor-widget-container\">\n\t\t\t\t\t\t\t\t\t<h4><strong>Idioma<\/strong><\/h4><p><strong><span style=\"color: #ff6600;\">El curso se impartir\u00e1 en <\/span><\/strong><span style=\"color: #000000;\"><strong>catalan<\/strong>.\u00a0<\/span><\/p>\t\t\t\t\t\t\t\t<\/div>\n\t\t\t\t<\/div>\n\t\t\t\t<\/div>\n\t\t\t\t\t<\/div>\n\t\t\t\t<\/div>\n\t\t<div class=\"elementor-element elementor-element-bce9fe1 e-flex e-con-boxed e-con e-parent\" data-id=\"bce9fe1\" data-element_type=\"container\" data-e-type=\"container\">\n\t\t\t\t\t<div class=\"e-con-inner\">\n\t\t<div class=\"elementor-element elementor-element-15aac64 e-con-full e-flex e-con e-child\" data-id=\"15aac64\" data-element_type=\"container\" data-e-type=\"container\">\n\t\t\t\t<div class=\"elementor-element elementor-element-fc2385e elementor-widget elementor-widget-heading\" data-id=\"fc2385e\" data-element_type=\"widget\" data-e-type=\"widget\" data-widget_type=\"heading.default\">\n\t\t\t\t<div class=\"elementor-widget-container\">\n\t\t\t\t\t<h3 class=\"elementor-heading-title elementor-size-default\">Contenidos<\/h3>\t\t\t\t<\/div>\n\t\t\t\t<\/div>\n\t\t\t\t<div class=\"elementor-element elementor-element-75060d3 elementor-widget elementor-widget-text-editor\" data-id=\"75060d3\" data-element_type=\"widget\" data-e-type=\"widget\" data-widget_type=\"text-editor.default\">\n\t\t\t\t<div class=\"elementor-widget-container\">\n\t\t\t\t\t\t\t\t\t<ul><li>Qu\u00e9 es el c\u00e1ncer infantil<\/li><li>Conoce el AFANOC: misi\u00f3n, visi\u00f3n, valores, sedes, campa\u00f1as y financiaci\u00f3n.<\/li><li>Qu\u00e9 es ser voluntario\/a: tipo de voluntariado que hay a la entidad y ser parte activa en la sensibilizaci\u00f3n y difusi\u00f3n.<\/li><li>Actos y campa\u00f1as: Implica&#8217;ts, acontecimientos, \u00abPosa&#8217;t la Gorra!\u00bb y \u00abRockpelsXuklis\u00bb<\/li><\/ul>\t\t\t\t\t\t\t\t<\/div>\n\t\t\t\t<\/div>\n\t\t\t\t<div class=\"elementor-element elementor-element-62ae685 elementor-widget elementor-widget-heading\" data-id=\"62ae685\" data-element_type=\"widget\" data-e-type=\"widget\" data-widget_type=\"heading.default\">\n\t\t\t\t<div class=\"elementor-widget-container\">\n\t\t\t\t\t<h3 class=\"elementor-heading-title elementor-size-default\">Proceso de inscripci\u00f3n al curso<\/h3>\t\t\t\t<\/div>\n\t\t\t\t<\/div>\n\t\t\t\t<div class=\"elementor-element elementor-element-74a195f elementor-widget elementor-widget-text-editor\" data-id=\"74a195f\" data-element_type=\"widget\" data-e-type=\"widget\" data-widget_type=\"text-editor.default\">\n\t\t\t\t<div class=\"elementor-widget-container\">\n\t\t\t\t\t\t\t\t\t<div class=\"elementor-element elementor-element-3321805 elementor-widget elementor-widget-heading\" data-id=\"3321805\" data-element_type=\"widget\" data-widget_type=\"heading.default\"><ul><li>Para formalizar la inscripci\u00f3n hace falta rellenar este<strong> <a href=\"https:\/\/docs.google.com\/forms\/d\/e\/1FAIpQLSewueSl25RyQUZmBj2tumzxZ-JWMgvFNiwI1VYQMEQ-r-Nk_g\/viewform\" target=\"_blank\" rel=\"noopener\">formulario online.<\/a><\/strong><\/li><li class=\"elementor-widget-container\">Una vez est\u00e9 cerrado el grupo del curso, os enviaremos un correo electr\u00f3nico por parte de AFANOC.<\/li><li class=\"elementor-widget-container\">Plazas limitadas. AFANOC se reserva el derecho de anular el curso si no han suficientes personas inscritas.<\/li><li class=\"elementor-widget-container\">Si, finalmente, no pod\u00e9is asistir, os pedimos que nos lo hag\u00e1is saber, para asignar vuestra plaza a otra persona.<\/li><\/ul><p>Para m\u00e1s informaci\u00f3n contacte por tel\u00e9fono al 977.22.87.12 o al correo electr\u00f3nico <a style=\"font-size: 16px; background-color: #ffffff;\" href=\"mailto:voluntariattgn@afanoc.org\">voluntariattgn@afanoc.org<\/a><\/p><\/div>\t\t\t\t\t\t\t\t<\/div>\n\t\t\t\t<\/div>\n\t\t\t\t<\/div>\n\t\t\t\t\t<\/div>\n\t\t\t\t<\/div>\n\t\t\t\t<\/div>\n\t\t","protected":false},"excerpt":{"rendered":"<p>Formaci\u00f3n Tarragona Desde AFANOC consideramos que la formaci\u00f3n es una herramienta fundamental para mejorar la acci\u00f3n voluntaria Iniciaci\u00f3n Voluntariado en\u00a0Tarragona Fecha: 7 de mayo de 2026Lugar: Seu de l&#8217;AFANOC a Tarragona (c. Adri\u00e0, 9, baixos)Hora:\u00a0De 18.00 h hasta las 20.00 hDuraci\u00f3n: 2 horas Si quieres m\u00e1s informaci\u00f3n escribe un mail a tarragona@afanoc.org Taller de formaci\u00f3n [&hellip;]<\/p>\n","protected":false},"author":692,"featured_media":0,"parent":43117,"menu_order":0,"comment_status":"closed","ping_status":"closed","template":"","meta":{"site-sidebar-layout":"no-sidebar","site-content-layout":"page-builder","ast-site-content-layout":"full-width-container","site-content-style":"default","site-sidebar-style":"default","ast-global-header-display":"","ast-banner-title-visibility":"","ast-main-header-display":"","ast-hfb-above-header-display":"","ast-hfb-below-header-display":"","ast-hfb-mobile-header-display":"","site-post-title":"disabled","ast-breadcrumbs-content":"","ast-featured-img":"disabled","footer-sml-layout":"","theme-transparent-header-meta":"","adv-header-id-meta":"","stick-header-meta":"","header-above-stick-meta":"","header-main-stick-meta":"","header-below-stick-meta":"","astra-migrate-meta-layouts":"default","ast-page-background-enabled":"default","ast-page-background-meta":{"desktop":{"background-color":"var(--ast-global-color-4)","background-image":"","background-repeat":"repeat","background-position":"center center","background-size":"auto","background-attachment":"scroll","background-type":"","background-media":"","overlay-type":"","overlay-color":"","overlay-opacity":"","overlay-gradient":""},"tablet":{"background-color":"","background-image":"","background-repeat":"repeat","background-position":"center center","background-size":"auto","background-attachment":"scroll","background-type":"","background-media":"","overlay-type":"","overlay-color":"","overlay-opacity":"","overlay-gradient":""},"mobile":{"background-color":"","background-image":"","background-repeat":"repeat","background-position":"center center","background-size":"auto","background-attachment":"scroll","background-type":"","background-media":"","overlay-type":"","overlay-color":"","overlay-opacity":"","overlay-gradient":""}},"ast-content-background-meta":{"desktop":{"background-color":"var(--ast-global-color-5)","background-image":"","background-repeat":"repeat","background-position":"center center","background-size":"auto","background-attachment":"scroll","background-type":"","background-media":"","overlay-type":"","overlay-color":"","overlay-opacity":"","overlay-gradient":""},"tablet":{"background-color":"var(--ast-global-color-5)","background-image":"","background-repeat":"repeat","background-position":"center center","background-size":"auto","background-attachment":"scroll","background-type":"","background-media":"","overlay-type":"","overlay-color":"","overlay-opacity":"","overlay-gradient":""},"mobile":{"background-color":"var(--ast-global-color-5)","background-image":"","background-repeat":"repeat","background-position":"center center","background-size":"auto","background-attachment":"scroll","background-type":"","background-media":"","overlay-type":"","overlay-color":"","overlay-opacity":"","overlay-gradient":""}},"footnotes":""},"class_list":["post-68981","page","type-page","status-publish","hentry"],"publishpress_future_workflow_manual_trigger":{"enabledWorkflows":[]},"_links":{"self":[{"href":"https:\/\/afanoc.org\/es\/wp-json\/wp\/v2\/pages\/68981","targetHints":{"allow":["GET"]}}],"collection":[{"href":"https:\/\/afanoc.org\/es\/wp-json\/wp\/v2\/pages"}],"about":[{"href":"https:\/\/afanoc.org\/es\/wp-json\/wp\/v2\/types\/page"}],"author":[{"embeddable":true,"href":"https:\/\/afanoc.org\/es\/wp-json\/wp\/v2\/users\/692"}],"replies":[{"embeddable":true,"href":"https:\/\/afanoc.org\/es\/wp-json\/wp\/v2\/comments?post=68981"}],"version-history":[{"count":0,"href":"https:\/\/afanoc.org\/es\/wp-json\/wp\/v2\/pages\/68981\/revisions"}],"up":[{"embeddable":true,"href":"https:\/\/afanoc.org\/es\/wp-json\/wp\/v2\/pages\/43117"}],"wp:attachment":[{"href":"https:\/\/afanoc.org\/es\/wp-json\/wp\/v2\/media?parent=68981"}],"curies":[{"name":"wp","href":"https:\/\/api.w.org\/{rel}","templated":true}]}}