{"id":52348,"date":"2023-04-19T13:39:51","date_gmt":"2023-04-19T13:39:51","guid":{"rendered":"https:\/\/afanoc.org\/gracies-implicat\/"},"modified":"2024-07-25T16:20:54","modified_gmt":"2024-07-25T16:20:54","slug":"gracias-implicate","status":"publish","type":"page","link":"https:\/\/afanoc.org\/es\/gracias-implicate\/","title":{"rendered":"Gracias Impl\u00edcate"},"content":{"rendered":"\t\t<div data-elementor-type=\"wp-page\" data-elementor-id=\"52348\" class=\"elementor elementor-52348 elementor-51348\" data-elementor-post-type=\"page\">\n\t\t\t\t<div class=\"elementor-element elementor-element-e49b4e4 e-flex e-con-boxed e-con e-parent\" data-id=\"e49b4e4\" data-element_type=\"container\" data-e-type=\"container\">\n\t\t\t\t\t<div class=\"e-con-inner\">\n\t\t<div class=\"elementor-element elementor-element-675faa1 e-con-full e-flex e-con e-child\" data-id=\"675faa1\" data-element_type=\"container\" data-e-type=\"container\">\n\t\t\t\t<div class=\"elementor-element elementor-element-03e4dd0 elementor-widget elementor-widget-heading\" data-id=\"03e4dd0\" data-element_type=\"widget\" data-e-type=\"widget\" data-widget_type=\"heading.default\">\n\t\t\t\t<div class=\"elementor-widget-container\">\n\t\t\t\t\t<h2 class=\"elementor-heading-title elementor-size-default\"><h2><span style=\"color: #000000\">Tu formulario<\/span> <span style=\"color: #e17a26\">se ha enviado correctamente<\/span><\/h2><\/h2>\t\t\t\t<\/div>\n\t\t\t\t<\/div>\n\t\t\t\t<div class=\"elementor-element elementor-element-f8a6433 elementor-widget elementor-widget-text-editor\" data-id=\"f8a6433\" data-element_type=\"widget\" data-e-type=\"widget\" data-widget_type=\"text-editor.default\">\n\t\t\t\t<div class=\"elementor-widget-container\">\n\t\t\t\t\t\t\t\t\t<p>\u00a1Muchas gracias por pensar con nosotros! Con este gesto nos ayuda a trabajar para que el d\u00eda a d\u00eda de los ni\u00f1os, ni\u00f1as y adolescentes con c\u00e1ncer y sus familias sea el m\u00e1s adecuado. <\/p>\n<p>La implicaci\u00f3n es un gesto que desde AFANOC agradecemos plenamente.<\/p>\n<p>Si la iniciativa es viable, nosotros te ayudaremos a hacerla posible poniendo a tu disposici\u00f3n nuestros recursos.<\/p>\n<p>Te daremos respuesta lo antes posible.<\/p>\n\t\t\t\t\t\t\t\t<\/div>\n\t\t\t\t<\/div>\n\t\t\t\t<\/div>\n\t\t<div class=\"elementor-element elementor-element-873e9eb elementor-hidden-mobile e-con-full e-flex e-con e-child\" data-id=\"873e9eb\" data-element_type=\"container\" data-e-type=\"container\">\n\t\t\t\t<div class=\"elementor-element elementor-element-2a2d33d elementor-widget elementor-widget-image\" data-id=\"2a2d33d\" data-element_type=\"widget\" data-e-type=\"widget\" data-widget_type=\"image.default\">\n\t\t\t\t<div class=\"elementor-widget-container\">\n\t\t\t\t\t\t\t\t\t\t\t\t\t\t\t<img loading=\"lazy\" decoding=\"async\" width=\"300\" height=\"200\" src=\"https:\/\/afanoc.org\/wp-content\/uploads\/POSATLAGORRALLEIDA2023\u00a9EVABALCELLS-228-300x200.jpg\" class=\"attachment-medium size-medium wp-image-49968\" alt=\"\" srcset=\"https:\/\/afanoc.org\/wp-content\/uploads\/POSATLAGORRALLEIDA2023\u00a9EVABALCELLS-228-300x200.jpg 300w, https:\/\/afanoc.org\/wp-content\/uploads\/POSATLAGORRALLEIDA2023\u00a9EVABALCELLS-228-1024x683.jpg 1024w, https:\/\/afanoc.org\/wp-content\/uploads\/POSATLAGORRALLEIDA2023\u00a9EVABALCELLS-228-150x100.jpg 150w, https:\/\/afanoc.org\/wp-content\/uploads\/POSATLAGORRALLEIDA2023\u00a9EVABALCELLS-228-768x512.jpg 768w, https:\/\/afanoc.org\/wp-content\/uploads\/POSATLAGORRALLEIDA2023\u00a9EVABALCELLS-228-1536x1024.jpg 1536w, https:\/\/afanoc.org\/wp-content\/uploads\/POSATLAGORRALLEIDA2023\u00a9EVABALCELLS-228-2048x1365.jpg 2048w, https:\/\/afanoc.org\/wp-content\/uploads\/POSATLAGORRALLEIDA2023\u00a9EVABALCELLS-228-600x400.jpg 600w\" sizes=\"auto, (max-width: 300px) 100vw, 300px\" \/>\t\t\t\t\t\t\t\t\t\t\t\t\t\t\t<\/div>\n\t\t\t\t<\/div>\n\t\t\t\t<\/div>\n\t\t\t\t\t<\/div>\n\t\t\t\t<\/div>\n\t\t\t\t<\/div>\n\t\t","protected":false},"excerpt":{"rendered":"<p>Tu formulario se ha enviado correctamente \u00a1Muchas gracias por pensar con nosotros! Con este gesto nos ayuda a trabajar para que el d\u00eda a d\u00eda de los ni\u00f1os, ni\u00f1as y adolescentes con c\u00e1ncer y sus familias sea el m\u00e1s adecuado. La implicaci\u00f3n es un gesto que desde AFANOC agradecemos plenamente. Si la iniciativa es viable, [&hellip;]<\/p>\n","protected":false},"author":1,"featured_media":0,"parent":0,"menu_order":0,"comment_status":"closed","ping_status":"closed","template":"elementor_header_footer","meta":{"site-sidebar-layout":"default","site-content-layout":"","ast-site-content-layout":"default","site-content-style":"default","site-sidebar-style":"default","ast-global-header-display":"","ast-banner-title-visibility":"","ast-main-header-display":"","ast-hfb-above-header-display":"","ast-hfb-below-header-display":"","ast-hfb-mobile-header-display":"","site-post-title":"","ast-breadcrumbs-content":"","ast-featured-img":"","footer-sml-layout":"","theme-transparent-header-meta":"","adv-header-id-meta":"","stick-header-meta":"","header-above-stick-meta":"","header-main-stick-meta":"","header-below-stick-meta":"","astra-migrate-meta-layouts":"default","ast-page-background-enabled":"default","ast-page-background-meta":{"desktop":{"background-color":"var(--ast-global-color-4)","background-image":"","background-repeat":"repeat","background-position":"center center","background-size":"auto","background-attachment":"scroll","background-type":"","background-media":"","overlay-type":"","overlay-color":"","overlay-opacity":"","overlay-gradient":""},"tablet":{"background-color":"","background-image":"","background-repeat":"repeat","background-position":"center center","background-size":"auto","background-attachment":"scroll","background-type":"","background-media":"","overlay-type":"","overlay-color":"","overlay-opacity":"","overlay-gradient":""},"mobile":{"background-color":"","background-image":"","background-repeat":"repeat","background-position":"center center","background-size":"auto","background-attachment":"scroll","background-type":"","background-media":"","overlay-type":"","overlay-color":"","overlay-opacity":"","overlay-gradient":""}},"ast-content-background-meta":{"desktop":{"background-color":"var(--ast-global-color-5)","background-image":"","background-repeat":"repeat","background-position":"center center","background-size":"auto","background-attachment":"scroll","background-type":"","background-media":"","overlay-type":"","overlay-color":"","overlay-opacity":"","overlay-gradient":""},"tablet":{"background-color":"var(--ast-global-color-5)","background-image":"","background-repeat":"repeat","background-position":"center center","background-size":"auto","background-attachment":"scroll","background-type":"","background-media":"","overlay-type":"","overlay-color":"","overlay-opacity":"","overlay-gradient":""},"mobile":{"background-color":"var(--ast-global-color-5)","background-image":"","background-repeat":"repeat","background-position":"center center","background-size":"auto","background-attachment":"scroll","background-type":"","background-media":"","overlay-type":"","overlay-color":"","overlay-opacity":"","overlay-gradient":""}},"footnotes":""},"class_list":["post-52348","page","type-page","status-publish","hentry"],"publishpress_future_workflow_manual_trigger":{"enabledWorkflows":[]},"_links":{"self":[{"href":"https:\/\/afanoc.org\/es\/wp-json\/wp\/v2\/pages\/52348","targetHints":{"allow":["GET"]}}],"collection":[{"href":"https:\/\/afanoc.org\/es\/wp-json\/wp\/v2\/pages"}],"about":[{"href":"https:\/\/afanoc.org\/es\/wp-json\/wp\/v2\/types\/page"}],"author":[{"embeddable":true,"href":"https:\/\/afanoc.org\/es\/wp-json\/wp\/v2\/users\/1"}],"replies":[{"embeddable":true,"href":"https:\/\/afanoc.org\/es\/wp-json\/wp\/v2\/comments?post=52348"}],"version-history":[{"count":0,"href":"https:\/\/afanoc.org\/es\/wp-json\/wp\/v2\/pages\/52348\/revisions"}],"wp:attachment":[{"href":"https:\/\/afanoc.org\/es\/wp-json\/wp\/v2\/media?parent=52348"}],"curies":[{"name":"wp","href":"https:\/\/api.w.org\/{rel}","templated":true}]}}