{"id":52346,"date":"2023-04-19T13:47:34","date_gmt":"2023-04-19T13:47:34","guid":{"rendered":"https:\/\/afanoc.org\/gracies-per-asociar-te\/"},"modified":"2023-05-15T12:23:24","modified_gmt":"2023-05-15T12:23:24","slug":"gracias-por-asociarte","status":"publish","type":"page","link":"https:\/\/afanoc.org\/es\/gracias-por-asociarte\/","title":{"rendered":"Gracias por Asociarte"},"content":{"rendered":"\t\t<div data-elementor-type=\"wp-page\" data-elementor-id=\"52346\" class=\"elementor elementor-52346 elementor-51357\" data-elementor-post-type=\"page\">\n\t\t\t\t\t\t<section class=\"elementor-section elementor-top-section elementor-element elementor-element-7643d3af elementor-section-boxed elementor-section-height-default elementor-section-height-default\" data-id=\"7643d3af\" data-element_type=\"section\" data-e-type=\"section\">\n\t\t\t\t\t\t<div class=\"elementor-container elementor-column-gap-default\">\n\t\t\t\t\t<div class=\"elementor-column elementor-col-100 elementor-top-column elementor-element elementor-element-656f1bb7\" data-id=\"656f1bb7\" data-element_type=\"column\" data-e-type=\"column\">\n\t\t\t<div class=\"elementor-widget-wrap\">\n\t\t\t\t\t\t\t<\/div>\n\t\t<\/div>\n\t\t\t\t\t<\/div>\n\t\t<\/section>\n\t\t\t\t<section class=\"elementor-section elementor-top-section elementor-element elementor-element-766a4a89 elementor-section-boxed elementor-section-height-default elementor-section-height-default\" data-id=\"766a4a89\" data-element_type=\"section\" data-e-type=\"section\">\n\t\t\t\t\t\t<div class=\"elementor-container elementor-column-gap-default\">\n\t\t\t\t\t<div class=\"elementor-column elementor-col-66 elementor-top-column elementor-element elementor-element-741353b6\" data-id=\"741353b6\" data-element_type=\"column\" data-e-type=\"column\">\n\t\t\t<div class=\"elementor-widget-wrap elementor-element-populated\">\n\t\t\t\t\t\t<div class=\"elementor-element elementor-element-32f4dc3 elementor-widget elementor-widget-heading\" data-id=\"32f4dc3\" data-element_type=\"widget\" data-e-type=\"widget\" data-widget_type=\"heading.default\">\n\t\t\t\t<div class=\"elementor-widget-container\">\n\t\t\t\t\t<h2 class=\"elementor-heading-title elementor-size-default\"><h2><span style=\"color: #000000\">\u00a1Muchas<\/span> <span style=\"color: #e17a26\">Gracias!<\/span><\/h2><\/h2>\t\t\t\t<\/div>\n\t\t\t\t<\/div>\n\t\t\t\t<div class=\"elementor-element elementor-element-fb3348a elementor-widget elementor-widget-text-editor\" data-id=\"fb3348a\" data-element_type=\"widget\" data-e-type=\"widget\" data-widget_type=\"text-editor.default\">\n\t\t\t\t<div class=\"elementor-widget-container\">\n\t\t\t\t\t\t\t\t\t<p><strong>En nombre de AFANOC, quisiera agradecerte sinceramente por convertirte en socio\/a de nuestra organizaci\u00f3n.<\/strong><\/p><p>Tu generosidad y compromiso nos inspiran a seguir trabajando por nuestra misi\u00f3n de hacer del mundo un sitio mejor.<\/p><p>Gracias a tu apoyo, podremos continuar con nuestros proyectos y programas para ayudar a quienes m\u00e1s lo necesitan. Tu aportaci\u00f3n no s\u00f3lo es un gesto significativo de solidaridad, sino que tambi\u00e9n es una inversi\u00f3n en un futuro m\u00e1s justo y equitativo para todos.<\/p><p>Esperamos poder contar contigo en el futuro mientras seguimos trabajando juntos para alcanzar nuestros objetivos compartidos.<\/p><p>De nuevo, muchas gracias por tu apoyo y confianza en nuestra organizaci\u00f3n.<\/p><p>Con gratitud y cari\u00f1o,<\/p><p><strong>AFANOC<\/strong><\/p>\t\t\t\t\t\t\t\t<\/div>\n\t\t\t\t<\/div>\n\t\t\t\t\t<\/div>\n\t\t<\/div>\n\t\t\t\t<div class=\"elementor-column elementor-col-33 elementor-top-column elementor-element elementor-element-a27cdb3 elementor-hidden-mobile\" data-id=\"a27cdb3\" data-element_type=\"column\" data-e-type=\"column\">\n\t\t\t<div class=\"elementor-widget-wrap elementor-element-populated\">\n\t\t\t\t\t\t<div class=\"elementor-element elementor-element-f64e877 elementor-widget elementor-widget-image\" data-id=\"f64e877\" data-element_type=\"widget\" data-e-type=\"widget\" data-widget_type=\"image.default\">\n\t\t\t\t<div class=\"elementor-widget-container\">\n\t\t\t\t\t\t\t\t\t\t\t\t\t\t\t<img loading=\"lazy\" decoding=\"async\" width=\"300\" height=\"300\" src=\"https:\/\/afanoc.org\/wp-content\/uploads\/lat-allotjaments-300x300.png\" class=\"attachment-medium size-medium wp-image-42687\" alt=\"Allotjaments\" srcset=\"https:\/\/afanoc.org\/wp-content\/uploads\/lat-allotjaments-300x300.png 300w, https:\/\/afanoc.org\/wp-content\/uploads\/lat-allotjaments-150x150.png 150w, https:\/\/afanoc.org\/wp-content\/uploads\/lat-allotjaments-600x600.png 600w, https:\/\/afanoc.org\/wp-content\/uploads\/lat-allotjaments-100x100.png 100w, https:\/\/afanoc.org\/wp-content\/uploads\/lat-allotjaments.png 663w\" sizes=\"auto, (max-width: 300px) 100vw, 300px\" \/>\t\t\t\t\t\t\t\t\t\t\t\t\t\t\t<\/div>\n\t\t\t\t<\/div>\n\t\t\t\t\t<\/div>\n\t\t<\/div>\n\t\t\t\t\t<\/div>\n\t\t<\/section>\n\t\t\t\t<\/div>\n\t\t","protected":false},"excerpt":{"rendered":"<p>\u00a1Muchas Gracias! En nombre de AFANOC, quisiera agradecerte sinceramente por convertirte en socio\/a de nuestra organizaci\u00f3n. Tu generosidad y compromiso nos inspiran a seguir trabajando por nuestra misi\u00f3n de hacer del mundo un sitio mejor. Gracias a tu apoyo, podremos continuar con nuestros proyectos y programas para ayudar a quienes m\u00e1s lo necesitan. Tu aportaci\u00f3n [&hellip;]<\/p>\n","protected":false},"author":1,"featured_media":0,"parent":0,"menu_order":0,"comment_status":"closed","ping_status":"closed","template":"","meta":{"site-sidebar-layout":"default","site-content-layout":"","ast-site-content-layout":"default","site-content-style":"default","site-sidebar-style":"default","ast-global-header-display":"","ast-banner-title-visibility":"","ast-main-header-display":"","ast-hfb-above-header-display":"","ast-hfb-below-header-display":"","ast-hfb-mobile-header-display":"","site-post-title":"","ast-breadcrumbs-content":"","ast-featured-img":"","footer-sml-layout":"","theme-transparent-header-meta":"","adv-header-id-meta":"","stick-header-meta":"","header-above-stick-meta":"","header-main-stick-meta":"","header-below-stick-meta":"","astra-migrate-meta-layouts":"default","ast-page-background-enabled":"default","ast-page-background-meta":{"desktop":{"background-color":"var(--ast-global-color-4)","background-image":"","background-repeat":"repeat","background-position":"center center","background-size":"auto","background-attachment":"scroll","background-type":"","background-media":"","overlay-type":"","overlay-color":"","overlay-opacity":"","overlay-gradient":""},"tablet":{"background-color":"","background-image":"","background-repeat":"repeat","background-position":"center center","background-size":"auto","background-attachment":"scroll","background-type":"","background-media":"","overlay-type":"","overlay-color":"","overlay-opacity":"","overlay-gradient":""},"mobile":{"background-color":"","background-image":"","background-repeat":"repeat","background-position":"center center","background-size":"auto","background-attachment":"scroll","background-type":"","background-media":"","overlay-type":"","overlay-color":"","overlay-opacity":"","overlay-gradient":""}},"ast-content-background-meta":{"desktop":{"background-color":"var(--ast-global-color-5)","background-image":"","background-repeat":"repeat","background-position":"center center","background-size":"auto","background-attachment":"scroll","background-type":"","background-media":"","overlay-type":"","overlay-color":"","overlay-opacity":"","overlay-gradient":""},"tablet":{"background-color":"var(--ast-global-color-5)","background-image":"","background-repeat":"repeat","background-position":"center center","background-size":"auto","background-attachment":"scroll","background-type":"","background-media":"","overlay-type":"","overlay-color":"","overlay-opacity":"","overlay-gradient":""},"mobile":{"background-color":"var(--ast-global-color-5)","background-image":"","background-repeat":"repeat","background-position":"center center","background-size":"auto","background-attachment":"scroll","background-type":"","background-media":"","overlay-type":"","overlay-color":"","overlay-opacity":"","overlay-gradient":""}},"footnotes":""},"class_list":["post-52346","page","type-page","status-publish","hentry"],"publishpress_future_workflow_manual_trigger":{"enabledWorkflows":[]},"_links":{"self":[{"href":"https:\/\/afanoc.org\/es\/wp-json\/wp\/v2\/pages\/52346","targetHints":{"allow":["GET"]}}],"collection":[{"href":"https:\/\/afanoc.org\/es\/wp-json\/wp\/v2\/pages"}],"about":[{"href":"https:\/\/afanoc.org\/es\/wp-json\/wp\/v2\/types\/page"}],"author":[{"embeddable":true,"href":"https:\/\/afanoc.org\/es\/wp-json\/wp\/v2\/users\/1"}],"replies":[{"embeddable":true,"href":"https:\/\/afanoc.org\/es\/wp-json\/wp\/v2\/comments?post=52346"}],"version-history":[{"count":0,"href":"https:\/\/afanoc.org\/es\/wp-json\/wp\/v2\/pages\/52346\/revisions"}],"wp:attachment":[{"href":"https:\/\/afanoc.org\/es\/wp-json\/wp\/v2\/media?parent=52346"}],"curies":[{"name":"wp","href":"https:\/\/api.w.org\/{rel}","templated":true}]}}