{"id":48167,"date":"2023-02-02T11:35:53","date_gmt":"2023-02-02T11:35:53","guid":{"rendered":"https:\/\/afanoc.org\/?page_id=48167"},"modified":"2024-07-30T16:34:57","modified_gmt":"2024-07-30T16:34:57","slug":"clausula-formulario-empresa-solidaria","status":"publish","type":"page","link":"https:\/\/afanoc.org\/es\/clausula-formulario-empresa-solidaria\/","title":{"rendered":"Cl\u00e1usula Formulario Empresa Solidaria"},"content":{"rendered":"\t\t<div data-elementor-type=\"wp-page\" data-elementor-id=\"48167\" class=\"elementor elementor-48167\" data-elementor-post-type=\"page\">\n\t\t\t\t\t\t<section class=\"elementor-section elementor-top-section elementor-element elementor-element-178f52b2 elementor-section-stretched elementor-section-boxed elementor-section-height-default elementor-section-height-default\" data-id=\"178f52b2\" data-element_type=\"section\" data-e-type=\"section\" data-settings=\"{&quot;stretch_section&quot;:&quot;section-stretched&quot;}\">\n\t\t\t\t\t\t<div class=\"elementor-container elementor-column-gap-default\">\n\t\t\t\t\t<div class=\"elementor-column elementor-col-100 elementor-top-column elementor-element elementor-element-380a524b\" data-id=\"380a524b\" data-element_type=\"column\" data-e-type=\"column\">\n\t\t\t<div class=\"elementor-widget-wrap elementor-element-populated\">\n\t\t\t\t\t\t<div class=\"elementor-element elementor-element-5ec1ecf2 elementor-widget elementor-widget-heading\" data-id=\"5ec1ecf2\" data-element_type=\"widget\" data-e-type=\"widget\" data-widget_type=\"heading.default\">\n\t\t\t\t<div class=\"elementor-widget-container\">\n\t\t\t\t\t<h2 class=\"elementor-heading-title elementor-size-default\">S\u00e9 Empresa Solid\u00e1ria<\/h2>\t\t\t\t<\/div>\n\t\t\t\t<\/div>\n\t\t\t\t<div class=\"elementor-element elementor-element-6915d356 elementor-widget elementor-widget-heading\" data-id=\"6915d356\" data-element_type=\"widget\" data-e-type=\"widget\" data-widget_type=\"heading.default\">\n\t\t\t\t<div class=\"elementor-widget-container\">\n\t\t\t\t\t<h3 class=\"elementor-heading-title elementor-size-default\">Protecci\u00f3n de Datos RGPDUE 2016\/679 \u2013 LOPDGDD 3\/2018<\/h3>\t\t\t\t<\/div>\n\t\t\t\t<\/div>\n\t\t\t\t<div class=\"elementor-element elementor-element-2b72d1e8 elementor-widget elementor-widget-text-editor\" data-id=\"2b72d1e8\" data-element_type=\"widget\" data-e-type=\"widget\" data-widget_type=\"text-editor.default\">\n\t\t\t\t<div class=\"elementor-widget-container\">\n\t\t\t\t\t\t\t\t\t<table>\n<tbody>\n<tr>\n<td>\n\t\t\t\tResponsable\n\t\t\t<\/td>\n<td>\n\t\t\t\tASSOCIACI\u00d3 DE FAMILIARS I AMICS DE NENS ONCOL\u00d2GICS DE CATALUNYA ?AFANOC-\n\t\t\t<\/td>\n<\/tr>\n<tr>\n<td>\n\t\t\t\tFinalidad<br>\n\t\t\t\t&nbsp;\n\t\t\t<\/td>\n<td>\n\t\t\t\tRecogida y tratamiento de sus datos para atender su solicitud de ser colaborar con AFANOC, siendo informado sobre todos los productos, actos o acciones donde participar, as\u00ed como facilitarle informaci\u00f3n sobre otros productos\/servicios que pueden ser de su inter\u00e9s y\/o preferencia por medios electr\u00f3nicos actuales o futuros, siempre que nos autorice a su tratamiento.\n\t\t\t<\/td>\n<\/tr>\n<tr>\n<td>\n\t\t\t\tLegitimaci\u00f3n<br>\n\t\t\t\t&nbsp;\n\t\t\t<\/td>\n<td>\n\t\t\t\tInter\u00e9s leg\u00edtimo del tratamiento por parte del responsable para mantener la relaci\u00f3n\/servicios con las empresas solidarias.<br>\n\t\t\t\tConsentimiento inequ\u00edvoco y especifico otorgado por el propio interesado\n\t\t\t<\/td>\n<\/tr>\n<tr>\n<td>\n\t\t\t\tDestinatarios\n\t\t\t<\/td>\n<td>\n\t\t\t\tNo se ceder\u00e1n datos a terceros, salvo obligaci\u00f3n legal.\n\t\t\t<\/td>\n<\/tr>\n<tr>\n<td>\n\t\t\t\tDerechos\n\t\t\t<\/td>\n<td>\n\t\t\t\tAcceder, rectificar y suprimir los datos, as\u00ed como otros derechos como se explica en la +info adicional RGPDUE\n\t\t\t<\/td>\n<\/tr>\n<tr>\n<td>\n\t\t\t\tInformaci\u00f3n adicional\n\t\t\t<\/td>\n<td>\n\t\t\t\tPuede consultar la informaci\u00f3n adicional y detallada sobre protecci\u00f3n de datos en nuestra p\u00e1gina web: <a href=\"https:\/\/www.afanoc.org\">afanoc.org\n\t\t\t<\/a><\/td>\n<\/tr>\n<\/tbody>\n<\/table>\t\t\t\t\t\t\t\t<\/div>\n\t\t\t\t<\/div>\n\t\t\t\t\t<\/div>\n\t\t<\/div>\n\t\t\t\t\t<\/div>\n\t\t<\/section>\n\t\t\t\t<\/div>\n\t\t","protected":false},"excerpt":{"rendered":"<p>S\u00e9 Empresa Solid\u00e1ria Protecci\u00f3n de Datos RGPDUE 2016\/679 \u2013 LOPDGDD 3\/2018 Responsable ASSOCIACI\u00d3 DE FAMILIARS I AMICS DE NENS ONCOL\u00d2GICS DE CATALUNYA ?AFANOC- Finalidad &nbsp; Recogida y tratamiento de sus datos para atender su solicitud de ser colaborar con AFANOC, siendo informado sobre todos los productos, actos o acciones donde participar, as\u00ed como facilitarle informaci\u00f3n [&hellip;]<\/p>\n","protected":false},"author":1,"featured_media":0,"parent":0,"menu_order":0,"comment_status":"closed","ping_status":"closed","template":"","meta":{"site-sidebar-layout":"default","site-content-layout":"","ast-site-content-layout":"default","site-content-style":"default","site-sidebar-style":"default","ast-global-header-display":"","ast-banner-title-visibility":"","ast-main-header-display":"","ast-hfb-above-header-display":"","ast-hfb-below-header-display":"","ast-hfb-mobile-header-display":"","site-post-title":"","ast-breadcrumbs-content":"","ast-featured-img":"","footer-sml-layout":"","theme-transparent-header-meta":"","adv-header-id-meta":"","stick-header-meta":"","header-above-stick-meta":"","header-main-stick-meta":"","header-below-stick-meta":"","astra-migrate-meta-layouts":"default","ast-page-background-enabled":"default","ast-page-background-meta":{"desktop":{"background-color":"var(--ast-global-color-4)","background-image":"","background-repeat":"repeat","background-position":"center center","background-size":"auto","background-attachment":"scroll","background-type":"","background-media":"","overlay-type":"","overlay-color":"","overlay-opacity":"","overlay-gradient":""},"tablet":{"background-color":"","background-image":"","background-repeat":"repeat","background-position":"center center","background-size":"auto","background-attachment":"scroll","background-type":"","background-media":"","overlay-type":"","overlay-color":"","overlay-opacity":"","overlay-gradient":""},"mobile":{"background-color":"","background-image":"","background-repeat":"repeat","background-position":"center center","background-size":"auto","background-attachment":"scroll","background-type":"","background-media":"","overlay-type":"","overlay-color":"","overlay-opacity":"","overlay-gradient":""}},"ast-content-background-meta":{"desktop":{"background-color":"var(--ast-global-color-5)","background-image":"","background-repeat":"repeat","background-position":"center center","background-size":"auto","background-attachment":"scroll","background-type":"","background-media":"","overlay-type":"","overlay-color":"","overlay-opacity":"","overlay-gradient":""},"tablet":{"background-color":"var(--ast-global-color-5)","background-image":"","background-repeat":"repeat","background-position":"center center","background-size":"auto","background-attachment":"scroll","background-type":"","background-media":"","overlay-type":"","overlay-color":"","overlay-opacity":"","overlay-gradient":""},"mobile":{"background-color":"var(--ast-global-color-5)","background-image":"","background-repeat":"repeat","background-position":"center center","background-size":"auto","background-attachment":"scroll","background-type":"","background-media":"","overlay-type":"","overlay-color":"","overlay-opacity":"","overlay-gradient":""}},"footnotes":""},"class_list":["post-48167","page","type-page","status-publish","hentry"],"publishpress_future_workflow_manual_trigger":{"enabledWorkflows":[]},"_links":{"self":[{"href":"https:\/\/afanoc.org\/es\/wp-json\/wp\/v2\/pages\/48167","targetHints":{"allow":["GET"]}}],"collection":[{"href":"https:\/\/afanoc.org\/es\/wp-json\/wp\/v2\/pages"}],"about":[{"href":"https:\/\/afanoc.org\/es\/wp-json\/wp\/v2\/types\/page"}],"author":[{"embeddable":true,"href":"https:\/\/afanoc.org\/es\/wp-json\/wp\/v2\/users\/1"}],"replies":[{"embeddable":true,"href":"https:\/\/afanoc.org\/es\/wp-json\/wp\/v2\/comments?post=48167"}],"version-history":[{"count":0,"href":"https:\/\/afanoc.org\/es\/wp-json\/wp\/v2\/pages\/48167\/revisions"}],"wp:attachment":[{"href":"https:\/\/afanoc.org\/es\/wp-json\/wp\/v2\/media?parent=48167"}],"curies":[{"name":"wp","href":"https:\/\/api.w.org\/{rel}","templated":true}]}}