{"id":48138,"date":"2022-06-03T17:17:46","date_gmt":"2022-06-03T17:17:46","guid":{"rendered":"https:\/\/afanoc.org\/clausula-de-consentiment-fes-te-soci\/"},"modified":"2024-07-30T16:24:06","modified_gmt":"2024-07-30T16:24:06","slug":"clausula-de-consentimiento-hazte-socio","status":"publish","type":"page","link":"https:\/\/afanoc.org\/es\/clausula-de-consentimiento-hazte-socio\/","title":{"rendered":"Cl\u00e1usula de consentimiento (hazte socio)"},"content":{"rendered":"\t\t<div data-elementor-type=\"wp-page\" data-elementor-id=\"48138\" class=\"elementor elementor-48138 elementor-4538\" data-elementor-post-type=\"page\">\n\t\t\t\t\t\t<section class=\"elementor-section elementor-top-section elementor-element elementor-element-12280d6b elementor-section-boxed elementor-section-height-default elementor-section-height-default\" data-id=\"12280d6b\" data-element_type=\"section\" data-e-type=\"section\">\n\t\t\t\t\t\t<div class=\"elementor-container elementor-column-gap-default\">\n\t\t\t\t\t<div class=\"elementor-column elementor-col-100 elementor-top-column elementor-element elementor-element-44aca8bb\" data-id=\"44aca8bb\" data-element_type=\"column\" data-e-type=\"column\">\n\t\t\t<div class=\"elementor-widget-wrap elementor-element-populated\">\n\t\t\t\t\t\t<div class=\"elementor-element elementor-element-92c3c2e elementor-widget elementor-widget-heading\" data-id=\"92c3c2e\" data-element_type=\"widget\" data-e-type=\"widget\" data-widget_type=\"heading.default\">\n\t\t\t\t<div class=\"elementor-widget-container\">\n\t\t\t\t\t<h2 class=\"elementor-heading-title elementor-size-default\">Formulario hazte <span style=\"color: #e17a26\">socio<\/span><\/h2>\t\t\t\t<\/div>\n\t\t\t\t<\/div>\n\t\t\t\t\t<\/div>\n\t\t<\/div>\n\t\t\t\t\t<\/div>\n\t\t<\/section>\n\t\t\t\t<section class=\"elementor-section elementor-top-section elementor-element elementor-element-59a30637 elementor-section-stretched elementor-section-boxed elementor-section-height-default elementor-section-height-default\" data-id=\"59a30637\" data-element_type=\"section\" data-e-type=\"section\" data-settings=\"{&quot;stretch_section&quot;:&quot;section-stretched&quot;}\">\n\t\t\t\t\t\t<div class=\"elementor-container elementor-column-gap-default\">\n\t\t\t\t\t<div class=\"elementor-column elementor-col-100 elementor-top-column elementor-element elementor-element-28fb1a1\" data-id=\"28fb1a1\" data-element_type=\"column\" data-e-type=\"column\">\n\t\t\t<div class=\"elementor-widget-wrap elementor-element-populated\">\n\t\t\t\t\t\t<div class=\"elementor-element elementor-element-215f1bb2 elementor-widget elementor-widget-heading\" data-id=\"215f1bb2\" data-element_type=\"widget\" data-e-type=\"widget\" data-widget_type=\"heading.default\">\n\t\t\t\t<div class=\"elementor-widget-container\">\n\t\t\t\t\t<h2 class=\"elementor-heading-title elementor-size-default\">Protecci\u00f3n de datos<\/h2>\t\t\t\t<\/div>\n\t\t\t\t<\/div>\n\t\t\t\t<div class=\"elementor-element elementor-element-7a3c72a9 elementor-widget elementor-widget-text-editor\" data-id=\"7a3c72a9\" data-element_type=\"widget\" data-e-type=\"widget\" data-widget_type=\"text-editor.default\">\n\t\t\t\t<div class=\"elementor-widget-container\">\n\t\t\t\t\t\t\t\t\t<table>\n<tbody>\n<tr>\n<td>Responsable<\/td>\n<td>ASSOCIACI\u00d3N DE FAMILIARES I AMIGOS DE NI\u00d1OS ONCOL\u00d3GICOS DE CATALUNYA -AFANOC-<\/td>\n<\/tr>\n<tr>\n<td>Finalidad<\/td>\n<td>Recogida y tratamiento de sus datos para atender su solicitud de ser socio\/a de AFANOC y, ser informado sobre las ventajas y ofertas como socio\/a, as\u00ed como facilitarle informaci\u00f3n sobre otros productos\/servicios que pueden ser de su inter\u00e9s y\/o preferencia por medios electr\u00f3nicos actuales o futuros, siempre que nos autorice a su tratamiento.<\/td>\n<\/tr>\n<tr>\n<td>Legitimaci\u00f3n<\/td>\n<td>Inter\u00e9s leg\u00edtimo del tratamiento por parte del responsable por mantener la relaci\u00f3n\/servicios con socios\/as.<br \/> Consentimiento inequ\u00edvoco y espec\u00edfico otorgado por el propio interesado<\/td>\n<\/tr>\n<tr>\n<td>Destinatarios<\/td>\n<td>No se ceder\u00e1n datos a terceros, salvo obligaci\u00f3n legal.<\/td>\n<\/tr>\n<tr>\n<td>Derechos<\/td>\n<td>Acceder, rectificar y suprimir los datos, as\u00ed como otros derechos como se explica en la +info adicional RGPDUE<\/td>\n<\/tr>\n<tr>\n<td>Informaci\u00f3n adicional<\/td>\n<td>Puede consultar la informaci\u00f3n adicional y detallada sobre protecci\u00f3n de datos en nuestra p\u00e1gina web: <a href=\"https:\/\/www.afanoc.org\">www.afanoc.org<\/a><\/td>\n<\/tr>\n<\/tbody>\n<\/table>\n\t\t\t\t\t\t\t\t<\/div>\n\t\t\t\t<\/div>\n\t\t\t\t\t<\/div>\n\t\t<\/div>\n\t\t\t\t\t<\/div>\n\t\t<\/section>\n\t\t\t\t<\/div>\n\t\t","protected":false},"excerpt":{"rendered":"<p>Formulario hazte socio Protecci\u00f3n de datos Responsable ASSOCIACI\u00d3N DE FAMILIARES I AMIGOS DE NI\u00d1OS ONCOL\u00d3GICOS DE CATALUNYA -AFANOC- Finalidad Recogida y tratamiento de sus datos para atender su solicitud de ser socio\/a de AFANOC y, ser informado sobre las ventajas y ofertas como socio\/a, as\u00ed como facilitarle informaci\u00f3n sobre otros productos\/servicios que pueden ser de [&hellip;]<\/p>\n","protected":false},"author":1,"featured_media":0,"parent":0,"menu_order":0,"comment_status":"closed","ping_status":"closed","template":"","meta":{"site-sidebar-layout":"default","site-content-layout":"","ast-site-content-layout":"default","site-content-style":"default","site-sidebar-style":"default","ast-global-header-display":"","ast-banner-title-visibility":"","ast-main-header-display":"","ast-hfb-above-header-display":"","ast-hfb-below-header-display":"","ast-hfb-mobile-header-display":"","site-post-title":"","ast-breadcrumbs-content":"","ast-featured-img":"","footer-sml-layout":"","theme-transparent-header-meta":"","adv-header-id-meta":"","stick-header-meta":"","header-above-stick-meta":"","header-main-stick-meta":"","header-below-stick-meta":"","astra-migrate-meta-layouts":"default","ast-page-background-enabled":"default","ast-page-background-meta":{"desktop":{"background-color":"var(--ast-global-color-4)","background-image":"","background-repeat":"repeat","background-position":"center center","background-size":"auto","background-attachment":"scroll","background-type":"","background-media":"","overlay-type":"","overlay-color":"","overlay-opacity":"","overlay-gradient":""},"tablet":{"background-color":"","background-image":"","background-repeat":"repeat","background-position":"center center","background-size":"auto","background-attachment":"scroll","background-type":"","background-media":"","overlay-type":"","overlay-color":"","overlay-opacity":"","overlay-gradient":""},"mobile":{"background-color":"","background-image":"","background-repeat":"repeat","background-position":"center center","background-size":"auto","background-attachment":"scroll","background-type":"","background-media":"","overlay-type":"","overlay-color":"","overlay-opacity":"","overlay-gradient":""}},"ast-content-background-meta":{"desktop":{"background-color":"var(--ast-global-color-5)","background-image":"","background-repeat":"repeat","background-position":"center center","background-size":"auto","background-attachment":"scroll","background-type":"","background-media":"","overlay-type":"","overlay-color":"","overlay-opacity":"","overlay-gradient":""},"tablet":{"background-color":"var(--ast-global-color-5)","background-image":"","background-repeat":"repeat","background-position":"center center","background-size":"auto","background-attachment":"scroll","background-type":"","background-media":"","overlay-type":"","overlay-color":"","overlay-opacity":"","overlay-gradient":""},"mobile":{"background-color":"var(--ast-global-color-5)","background-image":"","background-repeat":"repeat","background-position":"center center","background-size":"auto","background-attachment":"scroll","background-type":"","background-media":"","overlay-type":"","overlay-color":"","overlay-opacity":"","overlay-gradient":""}},"footnotes":""},"class_list":["post-48138","page","type-page","status-publish","hentry"],"publishpress_future_workflow_manual_trigger":{"enabledWorkflows":[]},"_links":{"self":[{"href":"https:\/\/afanoc.org\/es\/wp-json\/wp\/v2\/pages\/48138","targetHints":{"allow":["GET"]}}],"collection":[{"href":"https:\/\/afanoc.org\/es\/wp-json\/wp\/v2\/pages"}],"about":[{"href":"https:\/\/afanoc.org\/es\/wp-json\/wp\/v2\/types\/page"}],"author":[{"embeddable":true,"href":"https:\/\/afanoc.org\/es\/wp-json\/wp\/v2\/users\/1"}],"replies":[{"embeddable":true,"href":"https:\/\/afanoc.org\/es\/wp-json\/wp\/v2\/comments?post=48138"}],"version-history":[{"count":0,"href":"https:\/\/afanoc.org\/es\/wp-json\/wp\/v2\/pages\/48138\/revisions"}],"wp:attachment":[{"href":"https:\/\/afanoc.org\/es\/wp-json\/wp\/v2\/media?parent=48138"}],"curies":[{"name":"wp","href":"https:\/\/api.w.org\/{rel}","templated":true}]}}