{"id":43157,"date":"2022-06-27T15:10:49","date_gmt":"2022-06-27T13:10:49","guid":{"rendered":"https:\/\/afanoc.org\/participa\/"},"modified":"2025-10-14T12:06:23","modified_gmt":"2025-10-14T10:06:23","slug":"participa","status":"publish","type":"page","link":"https:\/\/afanoc.org\/es\/participa\/","title":{"rendered":"Participa!"},"content":{"rendered":"\t\t<div data-elementor-type=\"wp-page\" data-elementor-id=\"43157\" class=\"elementor elementor-43157 elementor-26949\" data-elementor-post-type=\"page\">\n\t\t\t\t<div class=\"elementor-element elementor-element-684952f e-flex e-con-boxed e-con e-parent\" data-id=\"684952f\" data-element_type=\"container\" data-e-type=\"container\" data-settings=\"{&quot;background_background&quot;:&quot;classic&quot;}\">\n\t\t\t\t\t<div class=\"e-con-inner\">\n\t\t\t\t\t<\/div>\n\t\t\t\t<\/div>\n\t\t\t\t<section class=\"elementor-section elementor-top-section elementor-element elementor-element-53acaacb elementor-section-boxed elementor-section-height-default elementor-section-height-default\" data-id=\"53acaacb\" data-element_type=\"section\" data-e-type=\"section\">\n\t\t\t\t\t\t<div class=\"elementor-container elementor-column-gap-default\">\n\t\t\t\t\t<div class=\"elementor-column elementor-col-100 elementor-top-column elementor-element elementor-element-10f70eec\" data-id=\"10f70eec\" data-element_type=\"column\" data-e-type=\"column\">\n\t\t\t<div class=\"elementor-widget-wrap elementor-element-populated\">\n\t\t\t\t\t\t<div class=\"elementor-element elementor-element-12341a04 elementor-widget elementor-widget-woocommerce-breadcrumb\" data-id=\"12341a04\" data-element_type=\"widget\" data-e-type=\"widget\" data-widget_type=\"woocommerce-breadcrumb.default\">\n\t\t\t\t<div class=\"elementor-widget-container\">\n\t\t\t\t\t<nav class=\"woocommerce-breadcrumb\" aria-label=\"Breadcrumb\">Inicio<\/nav>\t\t\t\t<\/div>\n\t\t\t\t<\/div>\n\t\t\t\t<div class=\"elementor-element elementor-element-a493ea1 elementor-widget elementor-widget-heading\" data-id=\"a493ea1\" data-element_type=\"widget\" data-e-type=\"widget\" data-widget_type=\"heading.default\">\n\t\t\t\t<div class=\"elementor-widget-container\">\n\t\t\t\t\t<h1 class=\"elementor-heading-title elementor-size-default\">Participa!<\/h1>\t\t\t\t<\/div>\n\t\t\t\t<\/div>\n\t\t\t\t\t<\/div>\n\t\t<\/div>\n\t\t\t\t\t<\/div>\n\t\t<\/section>\n\t\t\t\t<section class=\"elementor-section elementor-top-section elementor-element elementor-element-6c9b8ce4 elementor-section-boxed elementor-section-height-default elementor-section-height-default\" data-id=\"6c9b8ce4\" data-element_type=\"section\" data-e-type=\"section\">\n\t\t\t\t\t\t<div class=\"elementor-container elementor-column-gap-default\">\n\t\t\t\t\t<div class=\"elementor-column elementor-col-100 elementor-top-column elementor-element elementor-element-5ce91602\" data-id=\"5ce91602\" data-element_type=\"column\" data-e-type=\"column\">\n\t\t\t<div class=\"elementor-widget-wrap elementor-element-populated\">\n\t\t\t\t\t\t<div class=\"elementor-element elementor-element-09fee4e elementor-widget elementor-widget-text-editor\" data-id=\"09fee4e\" data-element_type=\"widget\" data-e-type=\"widget\" data-widget_type=\"text-editor.default\">\n\t\t\t\t<div class=\"elementor-widget-container\">\n\t\t\t\t\t\t\t\t\t<h2><span style=\"color: #000000;\"> Participa <\/span> <span style=\"color: #e17a26;\"> de la Campa\u00f1a! <\/span><\/h2><h3>Y seas parte de su \u00e9xito.<\/h3><p>El <strong>\u00ab\u00a1Ponte la gorra!\u00bb<\/strong> se ha ido extendiendo gracias al apoyo y la implicaci\u00f3n de muchas personas, ya que <strong>la campa\u00f1a hace de nexo entre la sociedad y las familias con el objetivo de normalizar la enfermedad.<\/strong><\/p><p>Por ello, la gorra sale a la calle y busca entornos l\u00fadicos y festivos, que son los espacios favoritos de los ni\u00f1os y j\u00f3venes, especialmente cuando a causa de la enfermedad se han visto privados durante mucho tiempo.<\/p><p>Poder celebrar una fiesta es un regalo para todos ellos y ellas y un ejemplo de normalizaci\u00f3n.<\/p><p>Cada a\u00f1o personas an\u00f3nimas, escuelas; ayuntamientos, hospitales, entidades, empresas, celebridades, artistas y medios de comunicaci\u00f3n, ponen de su parte para garantizar el \u00e9xito de la campa\u00f1a ofreciendo su apoyo y colaboraci\u00f3n. Ya sea distribuyendo gorras, procr\u00e1ndolos, haciendo difusi\u00f3n, e incluso organizando fiestas en su localidad. El abanico para participar es muy amplio y nosotros lo ponemos muy f\u00e1cil.<\/p><p>\u00bfTe animas?<\/p><p>\u00a0<\/p>\t\t\t\t\t\t\t\t<\/div>\n\t\t\t\t<\/div>\n\t\t\t\t\t<\/div>\n\t\t<\/div>\n\t\t\t\t\t<\/div>\n\t\t<\/section>\n\t\t\t\t<section class=\"elementor-section elementor-top-section elementor-element elementor-element-2b9b313d elementor-section-boxed elementor-section-height-default elementor-section-height-default\" data-id=\"2b9b313d\" data-element_type=\"section\" data-e-type=\"section\">\n\t\t\t\t\t\t<div class=\"elementor-container elementor-column-gap-default\">\n\t\t\t\t\t<div class=\"elementor-column elementor-col-50 elementor-top-column elementor-element elementor-element-269e9032\" data-id=\"269e9032\" data-element_type=\"column\" data-e-type=\"column\">\n\t\t\t<div class=\"elementor-widget-wrap elementor-element-populated\">\n\t\t\t\t\t\t<div class=\"elementor-element elementor-element-5eda66c elementor-widget elementor-widget-image\" data-id=\"5eda66c\" data-element_type=\"widget\" data-e-type=\"widget\" data-widget_type=\"image.default\">\n\t\t\t\t<div class=\"elementor-widget-container\">\n\t\t\t\t\t\t\t\t\t\t\t\t\t\t\t<img decoding=\"async\" width=\"1024\" height=\"768\" src=\"https:\/\/afanoc.org\/wp-content\/uploads\/Participa-PosatlaGorra-1-1024x768.jpg\" class=\"attachment-large size-large wp-image-66112\" alt=\"Participa com Ambaixador de la campanya del Posa&#039;t laGorra\" srcset=\"https:\/\/afanoc.org\/wp-content\/uploads\/Participa-PosatlaGorra-1-1024x768.jpg 1024w, https:\/\/afanoc.org\/wp-content\/uploads\/Participa-PosatlaGorra-1-320x240.jpg 320w, https:\/\/afanoc.org\/wp-content\/uploads\/Participa-PosatlaGorra-1-150x113.jpg 150w, https:\/\/afanoc.org\/wp-content\/uploads\/Participa-PosatlaGorra-1-768x576.jpg 768w, https:\/\/afanoc.org\/wp-content\/uploads\/Participa-PosatlaGorra-1-1536x1152.jpg 1536w, https:\/\/afanoc.org\/wp-content\/uploads\/Participa-PosatlaGorra-1-600x450.jpg 600w, https:\/\/afanoc.org\/wp-content\/uploads\/Participa-PosatlaGorra-1.jpg 2000w\" sizes=\"(max-width: 1024px) 100vw, 1024px\" \/>\t\t\t\t\t\t\t\t\t\t\t\t\t\t\t<\/div>\n\t\t\t\t<\/div>\n\t\t\t\t<div class=\"elementor-element elementor-element-63a491cc elementor-widget elementor-widget-text-editor\" data-id=\"63a491cc\" data-element_type=\"widget\" data-e-type=\"widget\" data-widget_type=\"text-editor.default\">\n\t\t\t\t<div class=\"elementor-widget-container\">\n\t\t\t\t\t\t\t\t\t<h2><span style=\"color: #3c97fd;\">\u00a0<\/span><span style=\"font-style: inherit; background-color: var( --e-global-color-astglobalcolor5 ); color: #3c97fd;\">\u00a1An\u00edmate a ser embajador o embajadora<\/span><span style=\"font-style: inherit; color: #3c97fd; background-color: var( --e-global-color-astglobalcolor5 );\">!<\/span><\/h2>\t\t\t\t\t\t\t\t<\/div>\n\t\t\t\t<\/div>\n\t\t\t\t<div class=\"elementor-element elementor-element-7b30f0c9 elementor-widget elementor-widget-text-editor\" data-id=\"7b30f0c9\" data-element_type=\"widget\" data-e-type=\"widget\" data-widget_type=\"text-editor.default\">\n\t\t\t\t<div class=\"elementor-widget-container\">\n\t\t\t\t\t\t\t\t\t<p>Haciendo de tu<strong> red social una peque\u00f1a \u00abembajada\u00bb<\/strong> donde distribuir las gorras a tus contactos, amistades y familias.<\/p><p>\u00a1Haz fotos con la gorra y compartidlas! \u00bfTienes 500 contactos? \u00a1S\u00f3lo que el 10% te compre una gorra ya nos est\u00e1s ayudando mucho!<\/p><h3><strong><span style=\"color: #3c97fd;\">Cont\u00e1ctanos y te contamos<\/span><\/strong><\/h3><p><strong>Barcelona<\/strong>: 93 237 7979 \u2013 <span style=\"color: #ff6600;\"><a style=\"color: #ff6600;\" href=\"mailto:imatge@afanoc.org\">imatge@afanoc.org<\/a><\/span><\/p><p><strong>Tarragona:<\/strong> 977 228 712 \u2013 <span style=\"color: #ff6600;\"><a style=\"color: #ff6600;\" href=\"mailto:tarragona@afanoc.org\">tarragona@afanoc.org<\/a><\/span><\/p><p><strong>Lleida:<\/strong> 973 216 057 \u2013 <span style=\"color: #ff6600;\"><a style=\"color: #ff6600;\" href=\"mailto:comunicaciolleida@afanoc.org\">comunicaciolleida@afanoc.org<\/a><\/span><\/p><p><strong>Girona:<\/strong> 872 223 420 \u2013 <span style=\"color: #ff6600;\"><a style=\"color: #ff6600;\" href=\"girona@afanoc.org\">girona@afanoc.org<\/a><\/span><\/p>\t\t\t\t\t\t\t\t<\/div>\n\t\t\t\t<\/div>\n\t\t\t\t\t<\/div>\n\t\t<\/div>\n\t\t\t\t<div class=\"elementor-column elementor-col-50 elementor-top-column elementor-element elementor-element-6a6bf6bd\" data-id=\"6a6bf6bd\" data-element_type=\"column\" data-e-type=\"column\">\n\t\t\t<div class=\"elementor-widget-wrap elementor-element-populated\">\n\t\t\t\t\t\t<div class=\"elementor-element elementor-element-f7c3698 elementor-widget elementor-widget-image\" data-id=\"f7c3698\" data-element_type=\"widget\" data-e-type=\"widget\" data-widget_type=\"image.default\">\n\t\t\t\t<div class=\"elementor-widget-container\">\n\t\t\t\t\t\t\t\t\t\t\t\t\t\t\t<img decoding=\"async\" width=\"1024\" height=\"768\" src=\"https:\/\/afanoc.org\/wp-content\/uploads\/Participa-PosatlaGorra2-1-1024x768.jpg\" class=\"attachment-large size-large wp-image-66110\" alt=\"Participa com Establiment de la campanya del Posa&#039;t laGorra\" srcset=\"https:\/\/afanoc.org\/wp-content\/uploads\/Participa-PosatlaGorra2-1-1024x768.jpg 1024w, https:\/\/afanoc.org\/wp-content\/uploads\/Participa-PosatlaGorra2-1-320x240.jpg 320w, https:\/\/afanoc.org\/wp-content\/uploads\/Participa-PosatlaGorra2-1-150x113.jpg 150w, https:\/\/afanoc.org\/wp-content\/uploads\/Participa-PosatlaGorra2-1-768x576.jpg 768w, https:\/\/afanoc.org\/wp-content\/uploads\/Participa-PosatlaGorra2-1-1536x1152.jpg 1536w, https:\/\/afanoc.org\/wp-content\/uploads\/Participa-PosatlaGorra2-1-600x450.jpg 600w, https:\/\/afanoc.org\/wp-content\/uploads\/Participa-PosatlaGorra2-1.jpg 2000w\" sizes=\"(max-width: 1024px) 100vw, 1024px\" \/>\t\t\t\t\t\t\t\t\t\t\t\t\t\t\t<\/div>\n\t\t\t\t<\/div>\n\t\t\t\t<div class=\"elementor-element elementor-element-473ac780 elementor-widget elementor-widget-text-editor\" data-id=\"473ac780\" data-element_type=\"widget\" data-e-type=\"widget\" data-widget_type=\"text-editor.default\">\n\t\t\t\t<div class=\"elementor-widget-container\">\n\t\t\t\t\t\t\t\t\t<h2><span style=\"color: #ff6600;\">\u00a1Haz que tu Escuela o Centro se ponga la gorra!<\/span><\/h2>\t\t\t\t\t\t\t\t<\/div>\n\t\t\t\t<\/div>\n\t\t\t\t<div class=\"elementor-element elementor-element-7335c3c2 elementor-widget elementor-widget-text-editor\" data-id=\"7335c3c2\" data-element_type=\"widget\" data-e-type=\"widget\" data-widget_type=\"text-editor.default\">\n\t\t\t\t<div class=\"elementor-widget-container\">\n\t\t\t\t\t\t\t\t\t<p>\u00a1Que todo el mundo conozca la campa\u00f1a! distribuye la gorra a trav\u00e9s de <strong>la escuela<\/strong> o <strong>AMPA<\/strong>. \u00a1Nosotros te proporcionaremos todo el material que haga falta! (p\u00f3sters, din\u00e1micas para trabajar en el aula y toda la informaci\u00f3n para los alumnos). Os podemos facilitar unas din\u00e1micas para trabajar en el aula y m\u00e1s informaci\u00f3n para sensibilizar a los ni\u00f1os.<\/p><h3><span style=\"color: #ff6600;\">\u00a1Contactanos all\u00ed donde est\u00e9s!<\/span><\/h3><p><strong>Barcelona<\/strong>: <em>93 237 79 79<\/em> \u2013 <span style=\"color: #ff6600;\"><a style=\"color: #ff6600;\" href=\"mailto:escoles@afanoc.org\">escoles@afanoc.org<\/a><\/span><\/p><p><strong>Tarragona:<\/strong> 977 228 712 \u2013 <span style=\"color: #ff6600;\"><a style=\"color: #ff6600;\" href=\"mailto:escolestgn@afanoc.org\">escolestgn@afanoc.org<\/a><\/span><\/p><p><strong>Lleida:<\/strong> 973 216 057 \u2013 <span style=\"color: #ff6600;\"><a style=\"color: #ff6600;\" href=\"mailto:voluntariatlleida@afanoc.org\">voluntariatlleida@afanoc.org<\/a><\/span><\/p><p><strong>Girona:<\/strong> 872 223 420 \u2013 <span style=\"color: #ff6600;\"><a style=\"color: #ff6600;\" href=\"girona@afanoc.org\">girona@afanoc.org<\/a><\/span><\/p>\t\t\t\t\t\t\t\t<\/div>\n\t\t\t\t<\/div>\n\t\t\t\t\t<\/div>\n\t\t<\/div>\n\t\t\t\t\t<\/div>\n\t\t<\/section>\n\t\t\t\t<\/div>\n\t\t","protected":false},"excerpt":{"rendered":"<p>Participa! Participa de la Campa\u00f1a! Y seas parte de su \u00e9xito. El \u00ab\u00a1Ponte la gorra!\u00bb se ha ido extendiendo gracias al apoyo y la implicaci\u00f3n de muchas personas, ya que la campa\u00f1a hace de nexo entre la sociedad y las familias con el objetivo de normalizar la enfermedad. Por ello, la gorra sale a la [&hellip;]<\/p>\n","protected":false},"author":692,"featured_media":33053,"parent":0,"menu_order":0,"comment_status":"closed","ping_status":"closed","template":"elementor_header_footer","meta":{"site-sidebar-layout":"default","site-content-layout":"","ast-site-content-layout":"default","site-content-style":"default","site-sidebar-style":"default","ast-global-header-display":"","ast-banner-title-visibility":"","ast-main-header-display":"","ast-hfb-above-header-display":"","ast-hfb-below-header-display":"","ast-hfb-mobile-header-display":"","site-post-title":"","ast-breadcrumbs-content":"","ast-featured-img":"","footer-sml-layout":"","theme-transparent-header-meta":"","adv-header-id-meta":"","stick-header-meta":"","header-above-stick-meta":"","header-main-stick-meta":"","header-below-stick-meta":"","astra-migrate-meta-layouts":"default","ast-page-background-enabled":"default","ast-page-background-meta":{"desktop":{"background-color":"var(--ast-global-color-4)","background-image":"","background-repeat":"repeat","background-position":"center center","background-size":"auto","background-attachment":"scroll","background-type":"","background-media":"","overlay-type":"","overlay-color":"","overlay-opacity":"","overlay-gradient":""},"tablet":{"background-color":"","background-image":"","background-repeat":"repeat","background-position":"center center","background-size":"auto","background-attachment":"scroll","background-type":"","background-media":"","overlay-type":"","overlay-color":"","overlay-opacity":"","overlay-gradient":""},"mobile":{"background-color":"","background-image":"","background-repeat":"repeat","background-position":"center center","background-size":"auto","background-attachment":"scroll","background-type":"","background-media":"","overlay-type":"","overlay-color":"","overlay-opacity":"","overlay-gradient":""}},"ast-content-background-meta":{"desktop":{"background-color":"var(--ast-global-color-5)","background-image":"","background-repeat":"repeat","background-position":"center center","background-size":"auto","background-attachment":"scroll","background-type":"","background-media":"","overlay-type":"","overlay-color":"","overlay-opacity":"","overlay-gradient":""},"tablet":{"background-color":"var(--ast-global-color-5)","background-image":"","background-repeat":"repeat","background-position":"center center","background-size":"auto","background-attachment":"scroll","background-type":"","background-media":"","overlay-type":"","overlay-color":"","overlay-opacity":"","overlay-gradient":""},"mobile":{"background-color":"var(--ast-global-color-5)","background-image":"","background-repeat":"repeat","background-position":"center center","background-size":"auto","background-attachment":"scroll","background-type":"","background-media":"","overlay-type":"","overlay-color":"","overlay-opacity":"","overlay-gradient":""}},"footnotes":""},"class_list":["post-43157","page","type-page","status-publish","has-post-thumbnail","hentry"],"publishpress_future_workflow_manual_trigger":{"enabledWorkflows":[]},"_links":{"self":[{"href":"https:\/\/afanoc.org\/es\/wp-json\/wp\/v2\/pages\/43157","targetHints":{"allow":["GET"]}}],"collection":[{"href":"https:\/\/afanoc.org\/es\/wp-json\/wp\/v2\/pages"}],"about":[{"href":"https:\/\/afanoc.org\/es\/wp-json\/wp\/v2\/types\/page"}],"author":[{"embeddable":true,"href":"https:\/\/afanoc.org\/es\/wp-json\/wp\/v2\/users\/692"}],"replies":[{"embeddable":true,"href":"https:\/\/afanoc.org\/es\/wp-json\/wp\/v2\/comments?post=43157"}],"version-history":[{"count":0,"href":"https:\/\/afanoc.org\/es\/wp-json\/wp\/v2\/pages\/43157\/revisions"}],"wp:featuredmedia":[{"embeddable":true,"href":"https:\/\/afanoc.org\/es\/wp-json\/wp\/v2\/media\/33053"}],"wp:attachment":[{"href":"https:\/\/afanoc.org\/es\/wp-json\/wp\/v2\/media?parent=43157"}],"curies":[{"name":"wp","href":"https:\/\/api.w.org\/{rel}","templated":true}]}}