{"id":43155,"date":"2022-09-22T14:04:42","date_gmt":"2022-09-22T14:04:42","guid":{"rendered":"https:\/\/afanoc.org\/que-es\/"},"modified":"2024-09-06T09:16:03","modified_gmt":"2024-09-06T09:16:03","slug":"que-es","status":"publish","type":"page","link":"https:\/\/afanoc.org\/es\/rockpelsxuklis\/que-es\/","title":{"rendered":"Qu\u00e8 \u00e9s RockpelsXuklis?"},"content":{"rendered":"\t\t<div data-elementor-type=\"wp-page\" data-elementor-id=\"43155\" class=\"elementor elementor-43155 elementor-42203\" data-elementor-post-type=\"page\">\n\t\t\t\t\t\t<section class=\"elementor-section elementor-top-section elementor-element elementor-element-779468f5 elementor-section-stretched elementor-section-boxed elementor-section-height-default elementor-section-height-default\" data-id=\"779468f5\" data-element_type=\"section\" data-e-type=\"section\" data-settings=\"{&quot;background_background&quot;:&quot;classic&quot;,&quot;stretch_section&quot;:&quot;section-stretched&quot;}\">\n\t\t\t\t\t\t\t<div class=\"elementor-background-overlay\"><\/div>\n\t\t\t\t\t\t\t<div class=\"elementor-container elementor-column-gap-no\">\n\t\t\t\t\t<div class=\"elementor-column elementor-col-100 elementor-top-column elementor-element elementor-element-507e1a3\" data-id=\"507e1a3\" data-element_type=\"column\" data-e-type=\"column\" data-settings=\"{&quot;background_background&quot;:&quot;classic&quot;}\">\n\t\t\t<div class=\"elementor-widget-wrap elementor-element-populated\">\n\t\t\t\t\t\t<div class=\"elementor-element elementor-element-239f0b05 elementor-widget elementor-widget-theme-post-title elementor-page-title elementor-widget-heading\" data-id=\"239f0b05\" data-element_type=\"widget\" data-e-type=\"widget\" data-widget_type=\"theme-post-title.default\">\n\t\t\t\t<div class=\"elementor-widget-container\">\n\t\t\t\t\t<h1 class=\"elementor-heading-title elementor-size-default\">Qu\u00e8 \u00e9s RockpelsXuklis?<\/h1>\t\t\t\t<\/div>\n\t\t\t\t<\/div>\n\t\t\t\t\t<\/div>\n\t\t<\/div>\n\t\t\t\t\t<\/div>\n\t\t<\/section>\n\t\t\t\t<section class=\"elementor-section elementor-top-section elementor-element elementor-element-6a935f89 elementor-section-boxed elementor-section-height-default elementor-section-height-default\" data-id=\"6a935f89\" data-element_type=\"section\" data-e-type=\"section\">\n\t\t\t\t\t\t<div class=\"elementor-container elementor-column-gap-default\">\n\t\t\t\t\t<div class=\"elementor-column elementor-col-100 elementor-top-column elementor-element elementor-element-25f186b7\" data-id=\"25f186b7\" data-element_type=\"column\" data-e-type=\"column\">\n\t\t\t<div class=\"elementor-widget-wrap elementor-element-populated\">\n\t\t\t\t\t\t<div class=\"elementor-element elementor-element-a5a5978 elementor-widget elementor-widget-woocommerce-breadcrumb\" data-id=\"a5a5978\" data-element_type=\"widget\" data-e-type=\"widget\" data-widget_type=\"woocommerce-breadcrumb.default\">\n\t\t\t\t<div class=\"elementor-widget-container\">\n\t\t\t\t\t<nav class=\"woocommerce-breadcrumb\" aria-label=\"Breadcrumb\">Inicio<\/nav>\t\t\t\t<\/div>\n\t\t\t\t<\/div>\n\t\t\t\t\t<\/div>\n\t\t<\/div>\n\t\t\t\t\t<\/div>\n\t\t<\/section>\n\t\t\t\t<section class=\"elementor-section elementor-top-section elementor-element elementor-element-a818c6e elementor-section-boxed elementor-section-height-default elementor-section-height-default\" data-id=\"a818c6e\" data-element_type=\"section\" data-e-type=\"section\">\n\t\t\t\t\t\t<div class=\"elementor-container elementor-column-gap-default\">\n\t\t\t\t\t<div class=\"elementor-column elementor-col-100 elementor-top-column elementor-element elementor-element-a0fc032\" data-id=\"a0fc032\" data-element_type=\"column\" data-e-type=\"column\">\n\t\t\t<div class=\"elementor-widget-wrap elementor-element-populated\">\n\t\t\t\t\t\t<div class=\"elementor-element elementor-element-07ef45f elementor-widget elementor-widget-heading\" data-id=\"07ef45f\" data-element_type=\"widget\" data-e-type=\"widget\" data-widget_type=\"heading.default\">\n\t\t\t\t<div class=\"elementor-widget-container\">\n\t\t\t\t\t<h2 class=\"elementor-heading-title elementor-size-default\">\u00bfQu\u00e9 es RockpelsXuklis?<br><\/h2>\t\t\t\t<\/div>\n\t\t\t\t<\/div>\n\t\t\t\t<div class=\"elementor-element elementor-element-196fc47 elementor-widget elementor-widget-heading\" data-id=\"196fc47\" data-element_type=\"widget\" data-e-type=\"widget\" data-widget_type=\"heading.default\">\n\t\t\t\t<div class=\"elementor-widget-container\">\n\t\t\t\t\t<h3 class=\"elementor-heading-title elementor-size-default\">Desde AFANOC se impulsan diferentes campa\u00f1as de sensibilizaci\u00f3n para conseguir recursos.<\/h3>\t\t\t\t<\/div>\n\t\t\t\t<\/div>\n\t\t\t\t<div class=\"elementor-element elementor-element-6d3ecf8 elementor-widget elementor-widget-text-editor\" data-id=\"6d3ecf8\" data-element_type=\"widget\" data-e-type=\"widget\" data-widget_type=\"text-editor.default\">\n\t\t\t\t<div class=\"elementor-widget-container\">\n\t\t\t\t\t\t\t\t\t<p>\u00abROCKPELSXUKLIS\u00bb es una de ellas y nace con el objetivo de apoyar iniciativas musicales que quieran poner su granito de arena para ayudar a todas estas familias y al mismo tiempo hacer visible la realidad de los j\u00f3venes con c\u00e1ncer desde espacios que los identifiquen.<\/p>\t\t\t\t\t\t\t\t<\/div>\n\t\t\t\t<\/div>\n\t\t\t\t\t<\/div>\n\t\t<\/div>\n\t\t\t\t\t<\/div>\n\t\t<\/section>\n\t\t\t\t<section class=\"elementor-section elementor-top-section elementor-element elementor-element-be4eb90 elementor-section-boxed elementor-section-height-default elementor-section-height-default\" data-id=\"be4eb90\" data-element_type=\"section\" data-e-type=\"section\">\n\t\t\t\t\t\t<div class=\"elementor-container elementor-column-gap-default\">\n\t\t\t\t\t<div class=\"elementor-column elementor-col-50 elementor-top-column elementor-element elementor-element-23b3a84\" data-id=\"23b3a84\" data-element_type=\"column\" data-e-type=\"column\">\n\t\t\t<div class=\"elementor-widget-wrap elementor-element-populated\">\n\t\t\t\t\t\t<div class=\"elementor-element elementor-element-52b09c1 elementor-widget elementor-widget-text-editor\" data-id=\"52b09c1\" data-element_type=\"widget\" data-e-type=\"widget\" data-widget_type=\"text-editor.default\">\n\t\t\t\t<div class=\"elementor-widget-container\">\n\t\t\t\t\t\t\t\t\t<h3>Los <span style=\"color: #e17a26;\">Inicios<\/span><\/h3>\nEn el a\u00f1o 2012, con la intenci\u00f3n de integrar la Casa dels Xuklis en el entorno y en el d\u00eda a d\u00eda del barrio, la Asociaci\u00f3n de Vecinos de Montbau (AVVM), en complicidad con la AFANOC, organiz\u00f3 un evento musical en el marco de su fiesta mayor, en el Pla de Montbau. Bautizado entonces como \u00abXuklis Blues Festival\u00bb, se recaudaron fondos para el proyecto de la Casa de los Xuklis gracias a la implicaci\u00f3n de comercios, un servicio de bar, galpones y venta de merchandising. El vecindario se volc\u00f3 con el evento sintiendo que contribu\u00eda y participaba de manera activa en el mantenimiento de la Casa y sus nuevos y especiales vecinos.\n\nCon el tiempo, se ha pasado a nombrar \u00abXuklis-Festival\u00bb y empresas, entidades, comercios, bandas y grupos locales de diferentes estilos se han ido implicando de manera altruista, haciendo que el festival haya crecido hasta consolidarse como un evento musical de calidad que sensibiliza sobre la realidad del c\u00e1ncer en adolescentes y j\u00f3venes desde espacios donde se identifican.\t\t\t\t\t\t\t\t<\/div>\n\t\t\t\t<\/div>\n\t\t\t\t\t<\/div>\n\t\t<\/div>\n\t\t\t\t<div class=\"elementor-column elementor-col-50 elementor-top-column elementor-element elementor-element-047d37d\" data-id=\"047d37d\" data-element_type=\"column\" data-e-type=\"column\">\n\t\t\t<div class=\"elementor-widget-wrap elementor-element-populated\">\n\t\t\t\t\t\t<div class=\"elementor-element elementor-element-dd77aca elementor-widget elementor-widget-image\" data-id=\"dd77aca\" data-element_type=\"widget\" data-e-type=\"widget\" data-widget_type=\"image.default\">\n\t\t\t\t<div class=\"elementor-widget-container\">\n\t\t\t\t\t\t\t\t\t\t\t\t\t\t\t<img decoding=\"async\" width=\"431\" height=\"302\" src=\"https:\/\/afanoc.org\/wp-content\/uploads\/rocksdelsxuklis-foto.jpg\" class=\"attachment-large size-large wp-image-41820\" alt=\"Rocksdelsxuklis foto\" srcset=\"https:\/\/afanoc.org\/wp-content\/uploads\/rocksdelsxuklis-foto.jpg 431w, https:\/\/afanoc.org\/wp-content\/uploads\/rocksdelsxuklis-foto-300x210.jpg 300w, https:\/\/afanoc.org\/wp-content\/uploads\/rocksdelsxuklis-foto-150x105.jpg 150w\" sizes=\"(max-width: 431px) 100vw, 431px\" \/>\t\t\t\t\t\t\t\t\t\t\t\t\t\t\t<\/div>\n\t\t\t\t<\/div>\n\t\t\t\t\t<\/div>\n\t\t<\/div>\n\t\t\t\t\t<\/div>\n\t\t<\/section>\n\t\t\t\t<section class=\"elementor-section elementor-top-section elementor-element elementor-element-ab134fd elementor-section-boxed elementor-section-height-default elementor-section-height-default\" data-id=\"ab134fd\" data-element_type=\"section\" data-e-type=\"section\">\n\t\t\t\t\t\t<div class=\"elementor-container elementor-column-gap-wide\">\n\t\t\t\t\t<div class=\"elementor-column elementor-col-33 elementor-top-column elementor-element elementor-element-8f2b9c6\" data-id=\"8f2b9c6\" data-element_type=\"column\" data-e-type=\"column\">\n\t\t\t<div class=\"elementor-widget-wrap elementor-element-populated\">\n\t\t\t\t\t\t<div class=\"elementor-element elementor-element-41e5e8a elementor-widget elementor-widget-text-editor\" data-id=\"41e5e8a\" data-element_type=\"widget\" data-e-type=\"widget\" data-widget_type=\"text-editor.default\">\n\t\t\t\t<div class=\"elementor-widget-container\">\n\t\t\t\t\t\t\t\t\t<h3>\u00bfPor qu\u00e9 <span style=\"color: #e17a26;\">Rock?<\/span><\/h3>\nLos \u00abXuklis\u00bb, con \u00ab<strong>K\u00bb<\/strong>, son unos seres especiales que tienen la virtud de <strong>\u00abxuclar\u00bb los malos rollos<\/strong> que genera el proceso de la enfermedad. Aunque su nombre viene de la palabra \u00abchupar\u00bb, escribimos Xuklis con <strong>\u00abK\u00bb<\/strong> para dotarlos de nombre propio <strong>\u00abK\u00bb<\/strong> , porque tiene mucha m\u00e1s fuerza y porque la <strong>\u00abK\u00bb<\/strong> identifica a los j\u00f3venes.\n\n<img decoding=\"async\" class=\"alignnone size-full wp-image-41812\" src=\"https:\/\/afanoc.org\/wp-content\/uploads\/rockdelsxuklis.jpg\" alt=\"Rockdelsxuklis\" width=\"491\" height=\"216\" srcset=\"https:\/\/afanoc.org\/wp-content\/uploads\/rockdelsxuklis.jpg 491w, https:\/\/afanoc.org\/wp-content\/uploads\/rockdelsxuklis-300x132.jpg 300w, https:\/\/afanoc.org\/wp-content\/uploads\/rockdelsxuklis-150x66.jpg 150w\" sizes=\"(max-width: 491px) 100vw, 491px\" \/>\t\t\t\t\t\t\t\t<\/div>\n\t\t\t\t<\/div>\n\t\t\t\t\t<\/div>\n\t\t<\/div>\n\t\t\t\t<div class=\"elementor-column elementor-col-33 elementor-top-column elementor-element elementor-element-947ab12\" data-id=\"947ab12\" data-element_type=\"column\" data-e-type=\"column\">\n\t\t\t<div class=\"elementor-widget-wrap\">\n\t\t\t\t\t\t\t<\/div>\n\t\t<\/div>\n\t\t\t\t<div class=\"elementor-column elementor-col-33 elementor-top-column elementor-element elementor-element-7e324b1\" data-id=\"7e324b1\" data-element_type=\"column\" data-e-type=\"column\">\n\t\t\t<div class=\"elementor-widget-wrap elementor-element-populated\">\n\t\t\t\t\t\t<div class=\"elementor-element elementor-element-3ebd099 elementor-widget elementor-widget-text-editor\" data-id=\"3ebd099\" data-element_type=\"widget\" data-e-type=\"widget\" data-widget_type=\"text-editor.default\">\n\t\t\t\t<div class=\"elementor-widget-container\">\n\t\t\t\t\t\t\t\t\t<h3> <\/h3>\n<p>Nada tiene tanta fuerza como la palabra \u201crock\u201d, ya que tiene mucho significado detr\u00e1s: juventud, fuerza, poder, dureza, impacto, cambio y reivindicaci\u00f3n.<\/p>\n<p>En sus inicios, el proyecto fue impulsado por personas que hab\u00edan vivido la realidad del c\u00e1ncer en sus hijos\/as y eran amantes del blues y del rock. Los primeros conciertos se realizaron con bandas de estos estilos musicales, pero con el tiempo se fueron a\u00f1adiendo otros.<\/p>\n<p>Por eso, ROCKPELSXUKLIS quiere ser una marca que incluya todos los estilos y proyectos musicales desde el rock hasta el blues, pasando por el heavy, el metal, el jazz, la cl\u00e1sica, el hip-hop, la \u00f3pera, el reggae, el ska, el gospel, el rape, el trap, e incluso las habaneras!<\/p>\n\t\t\t\t\t\t\t\t<\/div>\n\t\t\t\t<\/div>\n\t\t\t\t\t<\/div>\n\t\t<\/div>\n\t\t\t\t\t<\/div>\n\t\t<\/section>\n\t\t\t\t<section class=\"elementor-section elementor-top-section elementor-element elementor-element-be30a5b elementor-section-boxed elementor-section-height-default elementor-section-height-default\" data-id=\"be30a5b\" data-element_type=\"section\" data-e-type=\"section\">\n\t\t\t\t\t\t<div class=\"elementor-container elementor-column-gap-default\">\n\t\t\t\t\t<div class=\"elementor-column elementor-col-100 elementor-top-column elementor-element elementor-element-7442e1d\" data-id=\"7442e1d\" data-element_type=\"column\" data-e-type=\"column\">\n\t\t\t<div class=\"elementor-widget-wrap elementor-element-populated\">\n\t\t\t\t\t\t<div class=\"elementor-element elementor-element-5682cc8 elementor-widget elementor-widget-text-editor\" data-id=\"5682cc8\" data-element_type=\"widget\" data-e-type=\"widget\" data-widget_type=\"text-editor.default\">\n\t\t\t\t<div class=\"elementor-widget-container\">\n\t\t\t\t\t\t\t\t\t<h3>Qu\u00e9 Objetivos <span style=\"color: #e17a26;\">tiene RockpelsXuklis<\/span><\/h3>\n<ul>\n<li class=\"p1\"><strong>Sensibilizar<\/strong> a la sociedad a trav\u00e9s de la m\u00fasica para dar a conocer el c\u00e1ncer en ni\u00f1os y adolescentes y las repercusiones que se generan a partir del diagn\u00f3stico.<\/li>\n<li class=\"p1\"><strong>Generar<\/strong> recursos propios y promover un modelo de implicaci\u00f3n y participaci\u00f3n a trav\u00e9s de un evento solidario.<\/li>\n<li class=\"p1\"><strong>Garantizar <\/strong> la gratuidad de los servicios que la AFANOC ofrece a las familias, tanto en los hospitales como en la Casa de los Xuklis y en las sedes de Barcelona, Tarragona y Lleida.<\/li>\n<\/ul>\n\t\t\t\t\t\t\t\t<\/div>\n\t\t\t\t<\/div>\n\t\t\t\t<div class=\"elementor-element elementor-element-dd2c294 elementor-widget elementor-widget-text-editor\" data-id=\"dd2c294\" data-element_type=\"widget\" data-e-type=\"widget\" data-widget_type=\"text-editor.default\">\n\t\t\t\t<div class=\"elementor-widget-container\">\n\t\t\t\t\t\t\t\t\t<p>Por otro lado, tambi\u00e9n permite ofrecer una oportunidad a las bandas y grupos musicales para darse a conocer bajo el paraguas de una entidad con m\u00e1s de 30 a\u00f1os de trayectoria, con gran alcance de difusi\u00f3n, que participa en los medios de comunicaci\u00f3n masivos desde la presencia en televisiones, radios, prensa, revistas, web y redes sociales.<\/p>\n<p class=\"p1\"><strong>Incentivar<\/strong> a las empresas, entidades y administraciones a implicarse en un recurso necesario y gestionado con total transparencia.<\/p>\n<p class=\"p1\"><strong>Facilitar<\/strong> que las personas puedan hacer un donativo desde un espacio l\u00fadico mientras disfrutan de la m\u00fasica, la cultura y la solidaridad.<\/p>\n<p class=\"p1\">La campa\u00f1a RockpelsXuklis quiere profesionalizar una parte de sus nuevos conciertos y seguir con la vertiente semi profesional y voluntaria con la que comenz\u00f3 por seguir dando cabida a todo el mundo que quiera participar.<\/p>\n\t\t\t\t\t\t\t\t<\/div>\n\t\t\t\t<\/div>\n\t\t\t\t\t<\/div>\n\t\t<\/div>\n\t\t\t\t\t<\/div>\n\t\t<\/section>\n\t\t\t\t<\/div>\n\t\t","protected":false},"excerpt":{"rendered":"<p>\u00bfQu\u00e9 es RockpelsXuklis? Desde AFANOC se impulsan diferentes campa\u00f1as de sensibilizaci\u00f3n para conseguir recursos. \u00abROCKPELSXUKLIS\u00bb es una de ellas y nace con el objetivo de apoyar iniciativas musicales que quieran poner su granito de arena para ayudar a todas estas familias y al mismo tiempo hacer visible la realidad de los j\u00f3venes con c\u00e1ncer desde [&hellip;]<\/p>\n","protected":false},"author":692,"featured_media":33861,"parent":43156,"menu_order":0,"comment_status":"closed","ping_status":"closed","template":"elementor_header_footer","meta":{"site-sidebar-layout":"default","site-content-layout":"","ast-site-content-layout":"default","site-content-style":"default","site-sidebar-style":"default","ast-global-header-display":"","ast-banner-title-visibility":"","ast-main-header-display":"","ast-hfb-above-header-display":"","ast-hfb-below-header-display":"","ast-hfb-mobile-header-display":"","site-post-title":"","ast-breadcrumbs-content":"","ast-featured-img":"","footer-sml-layout":"","theme-transparent-header-meta":"","adv-header-id-meta":"","stick-header-meta":"","header-above-stick-meta":"","header-main-stick-meta":"","header-below-stick-meta":"","astra-migrate-meta-layouts":"default","ast-page-background-enabled":"default","ast-page-background-meta":{"desktop":{"background-color":"var(--ast-global-color-4)","background-image":"","background-repeat":"repeat","background-position":"center center","background-size":"auto","background-attachment":"scroll","background-type":"","background-media":"","overlay-type":"","overlay-color":"","overlay-opacity":"","overlay-gradient":""},"tablet":{"background-color":"","background-image":"","background-repeat":"repeat","background-position":"center center","background-size":"auto","background-attachment":"scroll","background-type":"","background-media":"","overlay-type":"","overlay-color":"","overlay-opacity":"","overlay-gradient":""},"mobile":{"background-color":"","background-image":"","background-repeat":"repeat","background-position":"center center","background-size":"auto","background-attachment":"scroll","background-type":"","background-media":"","overlay-type":"","overlay-color":"","overlay-opacity":"","overlay-gradient":""}},"ast-content-background-meta":{"desktop":{"background-color":"var(--ast-global-color-5)","background-image":"","background-repeat":"repeat","background-position":"center center","background-size":"auto","background-attachment":"scroll","background-type":"","background-media":"","overlay-type":"","overlay-color":"","overlay-opacity":"","overlay-gradient":""},"tablet":{"background-color":"var(--ast-global-color-5)","background-image":"","background-repeat":"repeat","background-position":"center center","background-size":"auto","background-attachment":"scroll","background-type":"","background-media":"","overlay-type":"","overlay-color":"","overlay-opacity":"","overlay-gradient":""},"mobile":{"background-color":"var(--ast-global-color-5)","background-image":"","background-repeat":"repeat","background-position":"center center","background-size":"auto","background-attachment":"scroll","background-type":"","background-media":"","overlay-type":"","overlay-color":"","overlay-opacity":"","overlay-gradient":""}},"footnotes":""},"class_list":["post-43155","page","type-page","status-publish","has-post-thumbnail","hentry"],"publishpress_future_workflow_manual_trigger":{"enabledWorkflows":[]},"_links":{"self":[{"href":"https:\/\/afanoc.org\/es\/wp-json\/wp\/v2\/pages\/43155","targetHints":{"allow":["GET"]}}],"collection":[{"href":"https:\/\/afanoc.org\/es\/wp-json\/wp\/v2\/pages"}],"about":[{"href":"https:\/\/afanoc.org\/es\/wp-json\/wp\/v2\/types\/page"}],"author":[{"embeddable":true,"href":"https:\/\/afanoc.org\/es\/wp-json\/wp\/v2\/users\/692"}],"replies":[{"embeddable":true,"href":"https:\/\/afanoc.org\/es\/wp-json\/wp\/v2\/comments?post=43155"}],"version-history":[{"count":0,"href":"https:\/\/afanoc.org\/es\/wp-json\/wp\/v2\/pages\/43155\/revisions"}],"up":[{"embeddable":true,"href":"https:\/\/afanoc.org\/es\/wp-json\/wp\/v2\/pages\/43156"}],"wp:featuredmedia":[{"embeddable":true,"href":"https:\/\/afanoc.org\/es\/wp-json\/wp\/v2\/media\/33861"}],"wp:attachment":[{"href":"https:\/\/afanoc.org\/es\/wp-json\/wp\/v2\/media?parent=43155"}],"curies":[{"name":"wp","href":"https:\/\/api.w.org\/{rel}","templated":true}]}}