{"id":43148,"date":"2022-06-16T14:24:18","date_gmt":"2022-06-16T12:24:18","guid":{"rendered":"https:\/\/afanoc.org\/implicat\/"},"modified":"2025-12-31T13:38:17","modified_gmt":"2025-12-31T11:38:17","slug":"implicate","status":"publish","type":"page","link":"https:\/\/afanoc.org\/es\/implicate\/","title":{"rendered":"Impl\u00edcate, haz una propuesta"},"content":{"rendered":"\t\t<div data-elementor-type=\"wp-page\" data-elementor-id=\"43148\" class=\"elementor elementor-43148 elementor-25574\" data-elementor-post-type=\"page\">\n\t\t\t\t<div class=\"elementor-element elementor-element-7c8034f e-flex e-con-boxed e-con e-parent\" data-id=\"7c8034f\" data-element_type=\"container\" data-e-type=\"container\" data-settings=\"{&quot;background_background&quot;:&quot;classic&quot;}\">\n\t\t\t\t\t<div class=\"e-con-inner\">\n\t\t\t\t\t<\/div>\n\t\t\t\t<\/div>\n\t\t\t\t<section class=\"elementor-section elementor-top-section elementor-element elementor-element-6af32060 elementor-section-boxed elementor-section-height-default elementor-section-height-default\" data-id=\"6af32060\" data-element_type=\"section\" data-e-type=\"section\">\n\t\t\t\t\t\t<div class=\"elementor-container elementor-column-gap-default\">\n\t\t\t\t\t<div class=\"elementor-column elementor-col-100 elementor-top-column elementor-element elementor-element-171be611\" data-id=\"171be611\" data-element_type=\"column\" data-e-type=\"column\">\n\t\t\t<div class=\"elementor-widget-wrap elementor-element-populated\">\n\t\t\t\t\t\t<div class=\"elementor-element elementor-element-14e4d25c elementor-widget elementor-widget-woocommerce-breadcrumb\" data-id=\"14e4d25c\" data-element_type=\"widget\" data-e-type=\"widget\" data-widget_type=\"woocommerce-breadcrumb.default\">\n\t\t\t\t<div class=\"elementor-widget-container\">\n\t\t\t\t\t<nav class=\"woocommerce-breadcrumb\" aria-label=\"Breadcrumb\">Inicio<\/nav>\t\t\t\t<\/div>\n\t\t\t\t<\/div>\n\t\t\t\t<div class=\"elementor-element elementor-element-24dc48e elementor-widget elementor-widget-heading\" data-id=\"24dc48e\" data-element_type=\"widget\" data-e-type=\"widget\" data-widget_type=\"heading.default\">\n\t\t\t\t<div class=\"elementor-widget-container\">\n\t\t\t\t\t<h1 class=\"elementor-heading-title elementor-size-default\">Impl\u00edcate, haz <span style=\"color: #e17a26\">una propuesta<\/span><\/h1>\t\t\t\t<\/div>\n\t\t\t\t<\/div>\n\t\t\t\t\t<\/div>\n\t\t<\/div>\n\t\t\t\t\t<\/div>\n\t\t<\/section>\n\t\t\t\t<section class=\"elementor-section elementor-top-section elementor-element elementor-element-351bd36 elementor-section-boxed elementor-section-height-default elementor-section-height-default\" data-id=\"351bd36\" data-element_type=\"section\" data-e-type=\"section\">\n\t\t\t\t\t\t<div class=\"elementor-container elementor-column-gap-default\">\n\t\t\t\t\t<div class=\"elementor-column elementor-col-100 elementor-top-column elementor-element elementor-element-f1fcf4f\" data-id=\"f1fcf4f\" data-element_type=\"column\" data-e-type=\"column\">\n\t\t\t<div class=\"elementor-widget-wrap elementor-element-populated\">\n\t\t\t\t\t\t<div class=\"elementor-element elementor-element-aca4bba elementor-widget elementor-widget-heading\" data-id=\"aca4bba\" data-element_type=\"widget\" data-e-type=\"widget\" data-widget_type=\"heading.default\">\n\t\t\t\t<div class=\"elementor-widget-container\">\n\t\t\t\t\t<h2 class=\"elementor-heading-title elementor-size-default\">\u00bfQu\u00e9 es<\/span> <span style=\"color: #e17a26\">impl\u00edcate? <\/span><\/h2>\t\t\t\t<\/div>\n\t\t\t\t<\/div>\n\t\t\t\t<div class=\"elementor-element elementor-element-143ba49b elementor-widget elementor-widget-text-editor\" data-id=\"143ba49b\" data-element_type=\"widget\" data-e-type=\"widget\" data-widget_type=\"text-editor.default\">\n\t\t\t\t<div class=\"elementor-widget-container\">\n\t\t\t\t\t\t\t\t\t<p>Es un proyecto que busca incentivar personas con ideas para que nos hagan propuestas que nos ayuden a difundir nuestra tarea y aporten recursos.<\/p>\n<p>Implicarse en AFANOC significa conocer de cerca nuestros proyectos, estar en contacto y contribuir a su mejora. Los implicados engloban propuestas de todo tipo: deportivas, musicales, art\u00edsticas, literarias, populares, o retos personales. \u00bfHas tenido una idea?<\/p>\n\t\t\t\t\t\t\t\t<\/div>\n\t\t\t\t<\/div>\n\t\t\t\t<div class=\"elementor-element elementor-element-3c4d472 elementor-widget elementor-widget-heading\" data-id=\"3c4d472\" data-element_type=\"widget\" data-e-type=\"widget\" data-widget_type=\"heading.default\">\n\t\t\t\t<div class=\"elementor-widget-container\">\n\t\t\t\t\t<h2 class=\"elementor-heading-title elementor-size-default\">Te damos <span style=\"color: #e17a26\">algunas ideas<\/span><\/h2>\t\t\t\t<\/div>\n\t\t\t\t<\/div>\n\t\t\t\t<div class=\"elementor-element elementor-element-23b72b3 elementor-widget elementor-widget-text-editor\" data-id=\"23b72b3\" data-element_type=\"widget\" data-e-type=\"widget\" data-widget_type=\"text-editor.default\">\n\t\t\t\t<div class=\"elementor-widget-container\">\n\t\t\t\t\t\t\t\t\t<p>Si tu iniciativa es viable, nosotros te ayudaremos a realizarla poniendo a tu disposici\u00f3n nuestros recursos.<\/p>\n<p>Te proporcionaremos nuestro logo para incluirlo en tu invitaci\u00f3n, compartiremos tu iniciativa en nuestras redes con el fin de enga\u00f1ar a otros y para que tus amigos la puedan compartir. Entre todos haremos red para dar la m\u00e1xima difusi\u00f3n y visibilidad a tu proyecto!<\/p>\n\t\t\t\t\t\t\t\t<\/div>\n\t\t\t\t<\/div>\n\t\t\t\t\t<\/div>\n\t\t<\/div>\n\t\t\t\t\t<\/div>\n\t\t<\/section>\n\t\t\t\t<section class=\"elementor-section elementor-top-section elementor-element elementor-element-a75aacf elementor-section-boxed elementor-section-height-default elementor-section-height-default\" data-id=\"a75aacf\" data-element_type=\"section\" data-e-type=\"section\">\n\t\t\t\t\t\t<div class=\"elementor-container elementor-column-gap-default\">\n\t\t\t\t\t<div class=\"elementor-column elementor-col-50 elementor-top-column elementor-element elementor-element-6e09246\" data-id=\"6e09246\" data-element_type=\"column\" data-e-type=\"column\">\n\t\t\t<div class=\"elementor-widget-wrap elementor-element-populated\">\n\t\t\t\t\t\t<div class=\"elementor-element elementor-element-c57fb82 elementor-widget elementor-widget-text-editor\" data-id=\"c57fb82\" data-element_type=\"widget\" data-e-type=\"widget\" data-widget_type=\"text-editor.default\">\n\t\t\t\t<div class=\"elementor-widget-container\">\n\t\t\t\t\t\t\t\t\t<ul>\n<li>Organiza una cena, comida , brunch o desayuno solidario entre tus amistades.<\/li>\n<li>\u00bfEs tu cumplea\u00f1os y ya tienes de todo? Haz que tus amistades nos compren merchandising, se hagan socias, o nos hagan un donativo!<\/li>\n<li>Organiza una rifa o una exposici\u00f3n, conoces artistas, \u00bferes t\u00fa el artista?<\/li>\n<li>Organiza un concierto de m\u00fasica , una obra de teatro<\/li>\n<li>Organiza una carrera entre tus compa\u00f1eros de trabajo, implica tu oficina!<\/li>\n<\/ul>\n\t\t\t\t\t\t\t\t<\/div>\n\t\t\t\t<\/div>\n\t\t\t\t\t<\/div>\n\t\t<\/div>\n\t\t\t\t<div class=\"elementor-column elementor-col-50 elementor-top-column elementor-element elementor-element-267e4fd\" data-id=\"267e4fd\" data-element_type=\"column\" data-e-type=\"column\">\n\t\t\t<div class=\"elementor-widget-wrap elementor-element-populated\">\n\t\t\t\t\t\t<div class=\"elementor-element elementor-element-dc6e319 elementor-widget elementor-widget-text-editor\" data-id=\"dc6e319\" data-element_type=\"widget\" data-e-type=\"widget\" data-widget_type=\"text-editor.default\">\n\t\t\t\t<div class=\"elementor-widget-container\">\n\t\t\t\t\t\t\t\t\t<ul>\n<li>\u00bfJuegas a p\u00e1del? \u00bfTenis? F\u00fatbol? \u00a1Organiza un torneo solidario!<\/li>\n<li>\u00bfTe gusta hacer <em>trekking<\/em>? Organiza una caminata solidaria<\/li>\n<li>\u00bfTe casas y no quieres gastar en el regalo recordatorio para los invitados? \u00a1Destina este importe a nuestra causa, te haremos unas tarjetas especiales!<\/li>\n<li>Haz que esta Navidad sea solidaria, \u00a1regala nuestros productos!<\/li>\n<\/ul>\n\t\t\t\t\t\t\t\t<\/div>\n\t\t\t\t<\/div>\n\t\t\t\t\t<\/div>\n\t\t<\/div>\n\t\t\t\t\t<\/div>\n\t\t<\/section>\n\t\t\t\t<section class=\"elementor-section elementor-top-section elementor-element elementor-element-b50aa50 elementor-section-boxed elementor-section-height-default elementor-section-height-default\" data-id=\"b50aa50\" data-element_type=\"section\" data-e-type=\"section\">\n\t\t\t\t\t\t<div class=\"elementor-container elementor-column-gap-default\">\n\t\t\t\t\t<div class=\"elementor-column elementor-col-100 elementor-top-column elementor-element elementor-element-6035d51\" data-id=\"6035d51\" data-element_type=\"column\" data-e-type=\"column\">\n\t\t\t<div class=\"elementor-widget-wrap elementor-element-populated\">\n\t\t\t\t\t\t<div class=\"elementor-element elementor-element-493c394 elementor-widget elementor-widget-text-editor\" data-id=\"493c394\" data-element_type=\"widget\" data-e-type=\"widget\" data-widget_type=\"text-editor.default\">\n\t\t\t\t<div class=\"elementor-widget-container\">\n\t\t\t\t\t\t\t\t\t<h2>Haznos <span style=\"color: #e17a26;\">tu propuesta<\/span><\/h2>\t\t\t\t\t\t\t\t<\/div>\n\t\t\t\t<\/div>\n\t\t\t\t\t<\/div>\n\t\t<\/div>\n\t\t\t\t\t<\/div>\n\t\t<\/section>\n\t\t\t\t<section class=\"elementor-section elementor-top-section elementor-element elementor-element-7c870f57 elementor-section-boxed elementor-section-height-default elementor-section-height-default\" data-id=\"7c870f57\" data-element_type=\"section\" data-e-type=\"section\">\n\t\t\t\t\t\t<div class=\"elementor-container elementor-column-gap-default\">\n\t\t\t\t\t<div class=\"elementor-column elementor-col-100 elementor-top-column elementor-element elementor-element-1f82b819\" data-id=\"1f82b819\" data-element_type=\"column\" data-e-type=\"column\">\n\t\t\t<div class=\"elementor-widget-wrap elementor-element-populated\">\n\t\t\t\t\t\t<div class=\"elementor-element elementor-element-4023d51 elementor-widget elementor-widget-shortcode\" data-id=\"4023d51\" data-element_type=\"widget\" data-e-type=\"widget\" data-widget_type=\"shortcode.default\">\n\t\t\t\t<div class=\"elementor-widget-container\">\n\t\t\t\t\t\t\t<div class=\"elementor-shortcode\"><div class=\"forminator-ui forminator-custom-form forminator-custom-form-45737 forminator-design--default  \" data-forminator-render=\"0\" data-form=\"forminator-module-45737\" data-uid=\"69ea6eaf0a9ed\"><br\/><\/div><form\n\t\t\t\tid=\"forminator-module-45737\"\n\t\t\t\tclass=\"forminator-ui forminator-custom-form forminator-custom-form-45737 forminator-design--default  \"\n\t\t\t\tmethod=\"post\"\n\t\t\t\tdata-forminator-render=\"0\"\n\t\t\t\tdata-form-id=\"45737\"\n\t\t\t\t\n\t\t\t\tdata-design=\"default\"\n\t\t\t\tdata-color-option=\"default\"\n\t\t\t\t\n\t\t\t\t\n\t\t\t\t\n\t\t\t\tdata-grid=\"open\"\n\t\t\t\t\n\t\t\t\t\n\t\t\t\tstyle=\"display: none;\"\n\t\t\t\t\n\t\t\t\tdata-uid=\"69ea6eaf0a9ed\"\n\t\t\t><div role=\"alert\" aria-live=\"polite\" class=\"forminator-response-message forminator-error\" aria-hidden=\"true\"><\/div><div class=\"forminator-row\"><div id=\"html-1\" class=\"forminator-field-html forminator-col forminator-col-12 \"><div class=\"forminator-field forminator-merge-tags\" data-field=\"html-1\"><h3 style=\"border-bottom: 1px solid #E17A26\">Datos de <span style=\"color: #e17a26\">Contacto<\/span><\/h3><\/div><\/div><\/div><div class=\"forminator-row\"><div id=\"text-1\" class=\"forminator-field-text forminator-col forminator-col-6 \"><div class=\"forminator-field\"><label for=\"forminator-field-text-1_69ea6eaf0a9ed\" id=\"forminator-field-text-1_69ea6eaf0a9ed-label\" class=\"forminator-label\">Nombre y Apellidos <span class=\"forminator-required\">*<\/span><\/label><input type=\"text\" name=\"text-1\" value=\"\" placeholder=\"Ej: Daniel Vidal\" id=\"forminator-field-text-1_69ea6eaf0a9ed\" class=\"forminator-input forminator-name--field\" data-required=\"1\" \/><\/div><\/div><div id=\"email-1\" class=\"forminator-field-email forminator-col forminator-col-6 \"><div class=\"forminator-field\"><label for=\"forminator-field-email-1_69ea6eaf0a9ed\" id=\"forminator-field-email-1_69ea6eaf0a9ed-label\" class=\"forminator-label\">Correo de contacto <span class=\"forminator-required\">*<\/span><\/label><input type=\"email\" name=\"email-1\" value=\"\" placeholder=\"ej: tucorreo@gmail.com*\" id=\"forminator-field-email-1_69ea6eaf0a9ed\" class=\"forminator-input forminator-email--field\" data-required=\"1\" aria-required=\"true\" \/><\/div><\/div><\/div><div class=\"forminator-row\"><div id=\"phone-1\" class=\"forminator-field-phone forminator-col forminator-col-6 \"><div class=\"forminator-field\"><label for=\"forminator-field-phone-1_69ea6eaf0a9ed\" id=\"forminator-field-phone-1_69ea6eaf0a9ed-label\" class=\"forminator-label\">Tel\u00e9fono <span class=\"forminator-required\">*<\/span><\/label><input type=\"text\" name=\"phone-1\" value=\"\" placeholder=\"Ej: 666999333*\" id=\"forminator-field-phone-1_69ea6eaf0a9ed\" class=\"forminator-input forminator-field--phone\" data-required=\"1\" aria-required=\"true\" autocomplete=\"off\" \/><\/div><\/div><div id=\"phone-2\" class=\"forminator-field-phone forminator-col forminator-col-6 \"><div class=\"forminator-field\"><label for=\"forminator-field-phone-2_69ea6eaf0a9ed\" id=\"forminator-field-phone-2_69ea6eaf0a9ed-label\" class=\"forminator-label\">Provincia <span class=\"forminator-required\">*<\/span><\/label><input type=\"text\" name=\"phone-2\" value=\"\" placeholder=\"Ej: Barcelona, Tarragona, LLeida o Girona\" id=\"forminator-field-phone-2_69ea6eaf0a9ed\" class=\"forminator-input forminator-field--phone\" data-required=\"1\" aria-required=\"true\" autocomplete=\"off\" \/><\/div><\/div><\/div><div class=\"forminator-row\"><div id=\"html-2\" class=\"forminator-field-html forminator-col forminator-col-12 \"><div class=\"forminator-field forminator-merge-tags\" data-field=\"html-2\"><h3 style=\"border-bottom: 1px s\u00f3lido #E17A26\">Informaci\u00f3n del <span style=\"color: #e17a26\">Proyecto<\/span><\/h3><\/div><\/div><\/div><div class=\"forminator-row\"><div id=\"textarea-1\" class=\"forminator-field-textarea forminator-col forminator-col-6 \"><div class=\"forminator-field\"><label for=\"forminator-field-textarea-1_69ea6eaf0a9ed\" id=\"forminator-field-textarea-1_69ea6eaf0a9ed-label\" class=\"forminator-label\">Proyecto <span class=\"forminator-required\">*<\/span><\/label><textarea name=\"textarea-1\" placeholder=\"\u00bfQu\u00e9 quieres hacer y d\u00f3nde?\" id=\"forminator-field-textarea-1_69ea6eaf0a9ed\" class=\"forminator-textarea\" rows=\"6\" style=\"min-height:140px;\" maxlength=\"160\" ><\/textarea><span id=\"forminator-field-textarea-1_69ea6eaf0a9ed-description\" class=\"forminator-description\"><span data-limit=\"160\" data-type=\"characters\" data-editor=\"\">0 \/ 160<\/span><\/span><\/div><\/div><div id=\"textarea-2\" class=\"forminator-field-textarea forminator-col forminator-col-6 \"><div class=\"forminator-field\"><label for=\"forminator-field-textarea-2_69ea6eaf0a9ed\" id=\"forminator-field-textarea-2_69ea6eaf0a9ed-label\" class=\"forminator-label\">Objetivos <span class=\"forminator-required\">*<\/span><\/label><textarea name=\"textarea-2\" placeholder=\"\u00bfA qui\u00e9n va dirigido y qu\u00e9 quieres conseguir?\" id=\"forminator-field-textarea-2_69ea6eaf0a9ed\" class=\"forminator-textarea\" rows=\"6\" style=\"min-height:140px;\" maxlength=\"160\" ><\/textarea><span id=\"forminator-field-textarea-2_69ea6eaf0a9ed-description\" class=\"forminator-description\"><span data-limit=\"160\" data-type=\"characters\" data-editor=\"\">0 \/ 160<\/span><\/span><\/div><\/div><\/div><div class=\"forminator-row\"><div id=\"textarea-3\" class=\"forminator-field-textarea forminator-col forminator-col-4 \"><div class=\"forminator-field\"><label for=\"forminator-field-textarea-3_69ea6eaf0a9ed\" id=\"forminator-field-textarea-3_69ea6eaf0a9ed-label\" class=\"forminator-label\">M\u00e9todo <span class=\"forminator-required\">*<\/span><\/label><textarea name=\"textarea-3\" placeholder=\"\u00bfC\u00f3mo has pensado en hacerlo? \u00bfDispones de los medios?\" id=\"forminator-field-textarea-3_69ea6eaf0a9ed\" class=\"forminator-textarea\" rows=\"6\" style=\"min-height:140px;\" maxlength=\"160\" ><\/textarea><span id=\"forminator-field-textarea-3_69ea6eaf0a9ed-description\" class=\"forminator-description\"><span data-limit=\"160\" data-type=\"characters\" data-editor=\"\">0 \/ 160<\/span><\/span><\/div><\/div><div id=\"textarea-4\" class=\"forminator-field-textarea forminator-col forminator-col-4 \"><div class=\"forminator-field\"><label for=\"forminator-field-textarea-4_69ea6eaf0a9ed\" id=\"forminator-field-textarea-4_69ea6eaf0a9ed-label\" class=\"forminator-label\">Fechas <span class=\"forminator-required\">*<\/span><\/label><textarea name=\"textarea-4\" placeholder=\"\u00bfSe trata de una actividad de un solo d\u00eda? o \u00bfComprende m\u00e1s d\u00edas?\" id=\"forminator-field-textarea-4_69ea6eaf0a9ed\" class=\"forminator-textarea\" rows=\"6\" style=\"min-height:140px;\" maxlength=\"160\" ><\/textarea><span id=\"forminator-field-textarea-4_69ea6eaf0a9ed-description\" class=\"forminator-description\"><span data-limit=\"160\" data-type=\"characters\" data-editor=\"\">0 \/ 160<\/span><\/span><\/div><\/div><div id=\"textarea-5\" class=\"forminator-field-textarea forminator-col forminator-col-4 \"><div class=\"forminator-field\"><label for=\"forminator-field-textarea-5_69ea6eaf0a9ed\" id=\"forminator-field-textarea-5_69ea6eaf0a9ed-label\" class=\"forminator-label\">Personas involucradas <span class=\"forminator-required\">*<\/span><\/label><textarea name=\"textarea-5\" placeholder=\"\u00bfFormas parte de un colectivo, entidad, asociaci\u00f3n... un grupo de amigos? \u00bfVas por libre?\" id=\"forminator-field-textarea-5_69ea6eaf0a9ed\" class=\"forminator-textarea\" rows=\"6\" style=\"min-height:140px;\" maxlength=\"160\" ><\/textarea><span id=\"forminator-field-textarea-5_69ea6eaf0a9ed-description\" class=\"forminator-description\"><span data-limit=\"160\" data-type=\"characters\" data-editor=\"\">0 \/ 160<\/span><\/span><\/div><\/div><\/div><div class=\"forminator-row\"><div id=\"html-5\" class=\"forminator-field-html forminator-col forminator-col-12 \"><div class=\"forminator-field forminator-merge-tags\" data-field=\"html-5\"><p><br \/>* Campos obligatorios (Dispones de un m\u00e1ximo de 160 caracteres para describir cada uno de los apartados anteriores).<\/p><\/div><\/div><\/div><div class=\"forminator-row\"><div id=\"checkbox-1\" class=\"forminator-field-checkbox forminator-col forminator-col-12 \"><div role=\"group\" class=\"forminator-field required\" aria-labelledby=\"forminator-checkbox-group-forminator-field-checkbox-1-69ea6eaf0a9ed-label\"><label id=\"forminator-field-checkbox-1-1-69ea6eaf0a9ed-label\" for=\"forminator-field-checkbox-1-1-69ea6eaf0a9ed\" class=\"forminator-checkbox\" title=\"He le\u00eddo y acepto la &lt;a href=&quot;https:\/\/afanoc.org\/es\/clausula-de-consentimiento-implicate\/&quot;&gt;Cl\u00e1usula de consentimiento.&lt;\/a&gt;\"><input type=\"checkbox\" name=\"checkbox-1[]\" value=\"He-le\u00eddo-y-acepto-la-Cl\u00e1usula-de-consentimiento.\" id=\"forminator-field-checkbox-1-1-69ea6eaf0a9ed\" aria-labelledby=\"forminator-field-checkbox-1-1-69ea6eaf0a9ed-label\" data-calculation=\"0\"  \/><span class=\"forminator-checkbox-box\" aria-hidden=\"true\"><\/span><span class=\"forminator-checkbox-label\">He le\u00eddo y acepto la <a href=\"https:\/\/afanoc.org\/es\/clausula-de-consentimiento-implicate\/\">Cl\u00e1usula de consentimiento.<\/a><\/span><\/label><\/div><\/div><\/div><div class=\"forminator-row\"><div id=\"checkbox-2\" class=\"forminator-field-checkbox forminator-col forminator-col-12 \"><div role=\"group\" class=\"forminator-field\" aria-labelledby=\"forminator-checkbox-group-forminator-field-checkbox-2-69ea6eaf0a9ed-label\"><label id=\"forminator-field-checkbox-2-1-69ea6eaf0a9ed-label\" for=\"forminator-field-checkbox-2-1-69ea6eaf0a9ed\" class=\"forminator-checkbox\" title=\"Autoritzo el tratamiento de mis datos para poder recibir informaci\u00f3n por medios electr\u00f3nicos\"><input type=\"checkbox\" name=\"checkbox-2[]\" value=\"Newsletter\" id=\"forminator-field-checkbox-2-1-69ea6eaf0a9ed\" aria-labelledby=\"forminator-field-checkbox-2-1-69ea6eaf0a9ed-label\" data-calculation=\"0\"   data-hidden-behavior=\"zero\"\/><span class=\"forminator-checkbox-box\" aria-hidden=\"true\"><\/span><span class=\"forminator-checkbox-label\">Autoritzo el tratamiento de mis datos para poder recibir informaci\u00f3n por medios electr\u00f3nicos<\/span><\/label><\/div><\/div><\/div><div class=\"forminator-row forminator-hidden\"><input type=\"hidden\" id=\"hidden-1_69ea6eaf0a9ed\" name=\"hidden-1\" value=\"Castell\u00e0\" \/><\/div><input type=\"hidden\" name=\"referer_url\" value=\"\" \/><div class=\"forminator-row forminator-row-last\"><div class=\"forminator-col\"><div class=\"forminator-field\"><button class=\"forminator-button forminator-button-submit form-inscriute\">ENVIAR PROPUESTA<\/button><\/div><\/div><\/div><input type=\"hidden\" id=\"forminator_nonce\" name=\"forminator_nonce\" value=\"191aa9d2a7\" \/><input type=\"hidden\" name=\"_wp_http_referer\" value=\"\/es\/wp-json\/wp\/v2\/pages\/43148\" \/><input type=\"hidden\" name=\"form_id\" value=\"45737\"><input type=\"hidden\" name=\"page_id\" value=\"43148\"><input type=\"hidden\" name=\"form_type\" value=\"default\"><input type=\"hidden\" name=\"current_url\" value=\"https:\/\/afanoc.org\/es\/implicate\/\"><input type=\"hidden\" name=\"render_id\" value=\"0\"><input type=\"hidden\" name=\"action\" value=\"forminator_submit_form_custom-forms\"><label for=\"input_13\" class=\"forminator-hidden\" aria-hidden=\"true\">Por favor, no rellenes este campo. <input id=\"input_13\" type=\"text\" name=\"input_13\" value=\"\" autocomplete=\"off\"><\/label><\/form><\/div>\n\t\t\t\t\t\t<\/div>\n\t\t\t\t<\/div>\n\t\t\t\t\t<\/div>\n\t\t<\/div>\n\t\t\t\t\t<\/div>\n\t\t<\/section>\n\t\t\t\t<\/div>\n\t\t","protected":false},"excerpt":{"rendered":"<p>Impl\u00edcate, haz una propuesta \u00bfQu\u00e9 es impl\u00edcate? Es un proyecto que busca incentivar personas con ideas para que nos hagan propuestas que nos ayuden a difundir nuestra tarea y aporten recursos. Implicarse en AFANOC significa conocer de cerca nuestros proyectos, estar en contacto y contribuir a su mejora. Los implicados engloban propuestas de todo tipo: [&hellip;]<\/p>\n","protected":false},"author":692,"featured_media":33753,"parent":0,"menu_order":0,"comment_status":"closed","ping_status":"closed","template":"elementor_header_footer","meta":{"site-sidebar-layout":"default","site-content-layout":"","ast-site-content-layout":"default","site-content-style":"default","site-sidebar-style":"default","ast-global-header-display":"","ast-banner-title-visibility":"","ast-main-header-display":"","ast-hfb-above-header-display":"","ast-hfb-below-header-display":"","ast-hfb-mobile-header-display":"","site-post-title":"","ast-breadcrumbs-content":"","ast-featured-img":"","footer-sml-layout":"","theme-transparent-header-meta":"","adv-header-id-meta":"","stick-header-meta":"","header-above-stick-meta":"","header-main-stick-meta":"","header-below-stick-meta":"","astra-migrate-meta-layouts":"default","ast-page-background-enabled":"default","ast-page-background-meta":{"desktop":{"background-color":"var(--ast-global-color-4)","background-image":"","background-repeat":"repeat","background-position":"center center","background-size":"auto","background-attachment":"scroll","background-type":"","background-media":"","overlay-type":"","overlay-color":"","overlay-opacity":"","overlay-gradient":""},"tablet":{"background-color":"","background-image":"","background-repeat":"repeat","background-position":"center center","background-size":"auto","background-attachment":"scroll","background-type":"","background-media":"","overlay-type":"","overlay-color":"","overlay-opacity":"","overlay-gradient":""},"mobile":{"background-color":"","background-image":"","background-repeat":"repeat","background-position":"center center","background-size":"auto","background-attachment":"scroll","background-type":"","background-media":"","overlay-type":"","overlay-color":"","overlay-opacity":"","overlay-gradient":""}},"ast-content-background-meta":{"desktop":{"background-color":"var(--ast-global-color-5)","background-image":"","background-repeat":"repeat","background-position":"center center","background-size":"auto","background-attachment":"scroll","background-type":"","background-media":"","overlay-type":"","overlay-color":"","overlay-opacity":"","overlay-gradient":""},"tablet":{"background-color":"var(--ast-global-color-5)","background-image":"","background-repeat":"repeat","background-position":"center center","background-size":"auto","background-attachment":"scroll","background-type":"","background-media":"","overlay-type":"","overlay-color":"","overlay-opacity":"","overlay-gradient":""},"mobile":{"background-color":"var(--ast-global-color-5)","background-image":"","background-repeat":"repeat","background-position":"center center","background-size":"auto","background-attachment":"scroll","background-type":"","background-media":"","overlay-type":"","overlay-color":"","overlay-opacity":"","overlay-gradient":""}},"footnotes":""},"class_list":["post-43148","page","type-page","status-publish","has-post-thumbnail","hentry"],"publishpress_future_workflow_manual_trigger":{"enabledWorkflows":[]},"_links":{"self":[{"href":"https:\/\/afanoc.org\/es\/wp-json\/wp\/v2\/pages\/43148","targetHints":{"allow":["GET"]}}],"collection":[{"href":"https:\/\/afanoc.org\/es\/wp-json\/wp\/v2\/pages"}],"about":[{"href":"https:\/\/afanoc.org\/es\/wp-json\/wp\/v2\/types\/page"}],"author":[{"embeddable":true,"href":"https:\/\/afanoc.org\/es\/wp-json\/wp\/v2\/users\/692"}],"replies":[{"embeddable":true,"href":"https:\/\/afanoc.org\/es\/wp-json\/wp\/v2\/comments?post=43148"}],"version-history":[{"count":0,"href":"https:\/\/afanoc.org\/es\/wp-json\/wp\/v2\/pages\/43148\/revisions"}],"wp:featuredmedia":[{"embeddable":true,"href":"https:\/\/afanoc.org\/es\/wp-json\/wp\/v2\/media\/33753"}],"wp:attachment":[{"href":"https:\/\/afanoc.org\/es\/wp-json\/wp\/v2\/media?parent=43148"}],"curies":[{"name":"wp","href":"https:\/\/api.w.org\/{rel}","templated":true}]}}