{"id":43146,"date":"2022-06-16T17:25:11","date_gmt":"2022-06-16T15:25:11","guid":{"rendered":"https:\/\/afanoc.org\/feste-voluntari\/"},"modified":"2026-01-27T15:31:13","modified_gmt":"2026-01-27T13:31:13","slug":"hazte-voluntario","status":"publish","type":"page","link":"https:\/\/afanoc.org\/es\/hazte-voluntario\/","title":{"rendered":"Haz un voluntariado"},"content":{"rendered":"\t\t<div data-elementor-type=\"wp-page\" data-elementor-id=\"43146\" class=\"elementor elementor-43146 elementor-25702\" data-elementor-post-type=\"page\">\n\t\t\t\t<div class=\"elementor-element elementor-element-eeaa399 e-flex e-con-boxed e-con e-parent\" data-id=\"eeaa399\" data-element_type=\"container\" data-e-type=\"container\" data-settings=\"{&quot;background_background&quot;:&quot;classic&quot;}\">\n\t\t\t\t\t<div class=\"e-con-inner\">\n\t\t\t\t\t<\/div>\n\t\t\t\t<\/div>\n\t\t\t\t<section class=\"elementor-section elementor-top-section elementor-element elementor-element-bac52f elementor-section-boxed elementor-section-height-default elementor-section-height-default\" data-id=\"bac52f\" data-element_type=\"section\" data-e-type=\"section\">\n\t\t\t\t\t\t<div class=\"elementor-container elementor-column-gap-default\">\n\t\t\t\t\t<div class=\"elementor-column elementor-col-100 elementor-top-column elementor-element elementor-element-1525af54\" data-id=\"1525af54\" data-element_type=\"column\" data-e-type=\"column\">\n\t\t\t<div class=\"elementor-widget-wrap elementor-element-populated\">\n\t\t\t\t\t\t<div class=\"elementor-element elementor-element-3f21e9c8 elementor-widget elementor-widget-woocommerce-breadcrumb\" data-id=\"3f21e9c8\" data-element_type=\"widget\" data-e-type=\"widget\" data-widget_type=\"woocommerce-breadcrumb.default\">\n\t\t\t\t<div class=\"elementor-widget-container\">\n\t\t\t\t\t<nav class=\"woocommerce-breadcrumb\" aria-label=\"Breadcrumb\">Inicio<\/nav>\t\t\t\t<\/div>\n\t\t\t\t<\/div>\n\t\t\t\t<div class=\"elementor-element elementor-element-1b7dc66 elementor-widget elementor-widget-heading\" data-id=\"1b7dc66\" data-element_type=\"widget\" data-e-type=\"widget\" data-widget_type=\"heading.default\">\n\t\t\t\t<div class=\"elementor-widget-container\">\n\t\t\t\t\t<h1 class=\"elementor-heading-title elementor-size-default\">Haz un <span style=\"color: #e17a26\">voluntariado<\/span><\/h1>\t\t\t\t<\/div>\n\t\t\t\t<\/div>\n\t\t\t\t\t<\/div>\n\t\t<\/div>\n\t\t\t\t\t<\/div>\n\t\t<\/section>\n\t\t\t\t<section class=\"elementor-section elementor-top-section elementor-element elementor-element-112b622 elementor-section-boxed elementor-section-height-default elementor-section-height-default\" data-id=\"112b622\" data-element_type=\"section\" data-e-type=\"section\">\n\t\t\t\t\t\t<div class=\"elementor-container elementor-column-gap-default\">\n\t\t\t\t\t<div class=\"elementor-column elementor-col-66 elementor-top-column elementor-element elementor-element-3e75234\" data-id=\"3e75234\" data-element_type=\"column\" data-e-type=\"column\">\n\t\t\t<div class=\"elementor-widget-wrap elementor-element-populated\">\n\t\t\t\t\t\t<div class=\"elementor-element elementor-element-1279091 elementor-widget elementor-widget-text-editor\" data-id=\"1279091\" data-element_type=\"widget\" data-e-type=\"widget\" data-widget_type=\"text-editor.default\">\n\t\t\t\t<div class=\"elementor-widget-container\">\n\t\t\t\t\t\t\t\t\t<h2><span style=\"color: #000000;\">\u00a1Pasamos a <\/span> <span style=\"color: #e17a26;\">la Acci\u00f3n!<\/span><\/h2>\n<h3><strong>Si<\/strong> <b>has llegado hasta aqu\u00ed es que eres una persona con ganas de ayudar e implicarte con AFANOC<\/p>\n<p><\/b><\/h3>\n<p>Si tienes inter\u00e9s en sumarte al equipo de voluntariado h\u00e1ganoslo saber y ap\u00fantate a los cursos de iniciaci\u00f3n al voluntariado. La <span style=\"font-style: inherit; font-weight: inherit; background-color: transparent; color: #1d242d; font-family: Arial, sans-serif; font-size: 11pt; white-space-collapse: preserve;\">formaci\u00f3n es una herramienta fundamental para mejorar la acci\u00f3n voluntaria, dotando de recursos y herramientas a aquellas personas que forman parte del equipo de Voluntariado de la entidad.<\/span> <\/p>\n<p><span style=\"font-weight: 400;\">Adem\u00e1s, si quieres colaborar haciendo difusi\u00f3n de nuestra labor y en la venta de producto solidario, no dudes en contactar con nosotros! Tambi\u00e9n te recomendamos que nos sigas en nuestro perfil de<\/span><a style=\"font-size: 16px; background-color: #ffffff;\" href=\"https:\/\/www.instagram.com\/afanoc_org\/\" target=\"_blank\" rel=\"noopener\"><span style=\"font-weight: 400;\">INSTAGRAM<\/span><\/a> <span style=\"font-weight: 400;\">@afanoc_org y as\u00ed, estar al d\u00eda de todo lo que seguimos haciendo.<\/span> <\/p>\n\t\t\t\t\t\t\t\t<\/div>\n\t\t\t\t<\/div>\n\t\t\t\t\t<\/div>\n\t\t<\/div>\n\t\t\t\t<div class=\"elementor-column elementor-col-33 elementor-top-column elementor-element elementor-element-5de949dc\" data-id=\"5de949dc\" data-element_type=\"column\" data-e-type=\"column\">\n\t\t\t<div class=\"elementor-widget-wrap elementor-element-populated\">\n\t\t\t\t\t\t<div class=\"elementor-element elementor-element-226f1b0c elementor-widget elementor-widget-image\" data-id=\"226f1b0c\" data-element_type=\"widget\" data-e-type=\"widget\" data-widget_type=\"image.default\">\n\t\t\t\t<div class=\"elementor-widget-container\">\n\t\t\t\t\t\t\t\t\t\t\t\t\t\t\t<img loading=\"lazy\" decoding=\"async\" width=\"663\" height=\"663\" src=\"https:\/\/afanoc.org\/wp-content\/uploads\/lateral-voluntari.png\" class=\"attachment-large size-large wp-image-33677\" alt=\"\" srcset=\"https:\/\/afanoc.org\/wp-content\/uploads\/lateral-voluntari.png 663w, https:\/\/afanoc.org\/wp-content\/uploads\/lateral-voluntari-300x300.png 300w, https:\/\/afanoc.org\/wp-content\/uploads\/lateral-voluntari-150x150.png 150w, https:\/\/afanoc.org\/wp-content\/uploads\/lateral-voluntari-600x600.png 600w, https:\/\/afanoc.org\/wp-content\/uploads\/lateral-voluntari-100x100.png 100w, https:\/\/afanoc.org\/wp-content\/uploads\/lateral-voluntari-500x500.png 500w\" sizes=\"auto, (max-width: 663px) 100vw, 663px\" \/>\t\t\t\t\t\t\t\t\t\t\t\t\t\t\t<\/div>\n\t\t\t\t<\/div>\n\t\t\t\t\t<\/div>\n\t\t<\/div>\n\t\t\t\t\t<\/div>\n\t\t<\/section>\n\t\t\t\t<section class=\"elementor-section elementor-top-section elementor-element elementor-element-72c8b7a0 elementor-section-stretched elementor-section-boxed elementor-section-height-default elementor-section-height-default\" data-id=\"72c8b7a0\" data-element_type=\"section\" data-e-type=\"section\" data-settings=\"{&quot;stretch_section&quot;:&quot;section-stretched&quot;}\">\n\t\t\t\t\t\t<div class=\"elementor-container elementor-column-gap-default\">\n\t\t\t\t\t<div class=\"elementor-column elementor-col-100 elementor-top-column elementor-element elementor-element-403222fa\" data-id=\"403222fa\" data-element_type=\"column\" data-e-type=\"column\">\n\t\t\t<div class=\"elementor-widget-wrap elementor-element-populated\">\n\t\t\t\t\t\t<div class=\"elementor-element elementor-element-e476338 elementor-widget elementor-widget-text-editor\" data-id=\"e476338\" data-element_type=\"widget\" data-e-type=\"widget\" data-widget_type=\"text-editor.default\">\n\t\t\t\t<div class=\"elementor-widget-container\">\n\t\t\t\t\t\t\t\t\t<h2>Pasos <span style=\"color: #e17a26;\">a Seguir<\/span><\/h2>\n\t\t\t\t\t\t\t\t<\/div>\n\t\t\t\t<\/div>\n\t\t\t\t\t<\/div>\n\t\t<\/div>\n\t\t\t\t\t<\/div>\n\t\t<\/section>\n\t\t\t\t<section class=\"elementor-section elementor-top-section elementor-element elementor-element-5ac12d5b elementor-section-stretched elementor-section-boxed elementor-section-height-default elementor-section-height-default\" data-id=\"5ac12d5b\" data-element_type=\"section\" data-e-type=\"section\" data-settings=\"{&quot;background_background&quot;:&quot;classic&quot;,&quot;stretch_section&quot;:&quot;section-stretched&quot;}\">\n\t\t\t\t\t\t<div class=\"elementor-container elementor-column-gap-default\">\n\t\t\t\t\t<div class=\"elementor-column elementor-col-33 elementor-top-column elementor-element elementor-element-281a2787\" data-id=\"281a2787\" data-element_type=\"column\" data-e-type=\"column\" data-settings=\"{&quot;background_background&quot;:&quot;classic&quot;}\">\n\t\t\t<div class=\"elementor-widget-wrap elementor-element-populated\">\n\t\t\t\t\t\t<div class=\"elementor-element elementor-element-b38cd05 elementor-widget elementor-widget-image\" data-id=\"b38cd05\" data-element_type=\"widget\" data-e-type=\"widget\" data-widget_type=\"image.default\">\n\t\t\t\t<div class=\"elementor-widget-container\">\n\t\t\t\t\t\t\t\t\t\t\t\t\t\t\t<img loading=\"lazy\" decoding=\"async\" width=\"500\" height=\"333\" src=\"https:\/\/afanoc.org\/wp-content\/uploads\/sala-polivalent.jpg\" class=\"attachment-large size-large wp-image-33103\" alt=\"\" srcset=\"https:\/\/afanoc.org\/wp-content\/uploads\/sala-polivalent.jpg 500w, https:\/\/afanoc.org\/wp-content\/uploads\/sala-polivalent-300x200.jpg 300w\" sizes=\"auto, (max-width: 500px) 100vw, 500px\" \/>\t\t\t\t\t\t\t\t\t\t\t\t\t\t\t<\/div>\n\t\t\t\t<\/div>\n\t\t\t\t<div class=\"elementor-element elementor-element-530cde7 elementor-widget elementor-widget-text-editor\" data-id=\"530cde7\" data-element_type=\"widget\" data-e-type=\"widget\" data-widget_type=\"text-editor.default\">\n\t\t\t\t<div class=\"elementor-widget-container\">\n\t\t\t\t\t\t\t\t\t<h3>1. Formaci\u00f3n<\/h3>\n<p>Realizar el taller de iniciaci\u00f3n al Voluntariado de AFANOC.<br \/> <span style=\"font-size: 16px;\">Sesi\u00f3n (in) formativa de 3h.<br \/> Fechas a concretar<\/span><\/p>\n\t\t\t\t\t\t\t\t<\/div>\n\t\t\t\t<\/div>\n\t\t\t\t\t<\/div>\n\t\t<\/div>\n\t\t\t\t<div class=\"elementor-column elementor-col-33 elementor-top-column elementor-element elementor-element-105a7f2\" data-id=\"105a7f2\" data-element_type=\"column\" data-e-type=\"column\" data-settings=\"{&quot;background_background&quot;:&quot;classic&quot;}\">\n\t\t\t<div class=\"elementor-widget-wrap elementor-element-populated\">\n\t\t\t\t\t\t<div class=\"elementor-element elementor-element-8854cfd elementor-widget elementor-widget-image\" data-id=\"8854cfd\" data-element_type=\"widget\" data-e-type=\"widget\" data-widget_type=\"image.default\">\n\t\t\t\t<div class=\"elementor-widget-container\">\n\t\t\t\t\t\t\t\t\t\t\t\t\t\t\t<img loading=\"lazy\" decoding=\"async\" width=\"500\" height=\"333\" src=\"https:\/\/afanoc.org\/wp-content\/uploads\/entrevista-personal-1.jpg\" class=\"attachment-large size-large wp-image-33673\" alt=\"\" srcset=\"https:\/\/afanoc.org\/wp-content\/uploads\/entrevista-personal-1.jpg 500w, https:\/\/afanoc.org\/wp-content\/uploads\/entrevista-personal-1-300x200.jpg 300w\" sizes=\"auto, (max-width: 500px) 100vw, 500px\" \/>\t\t\t\t\t\t\t\t\t\t\t\t\t\t\t<\/div>\n\t\t\t\t<\/div>\n\t\t\t\t<div class=\"elementor-element elementor-element-4b35264 elementor-widget elementor-widget-text-editor\" data-id=\"4b35264\" data-element_type=\"widget\" data-e-type=\"widget\" data-widget_type=\"text-editor.default\">\n\t\t\t\t<div class=\"elementor-widget-container\">\n\t\t\t\t\t\t\t\t\t<h3>2. Entrevista personal<\/h3>\n<p><span style=\"font-weight: 400;\">Entrevista personal con la coordinadora de voluntariado para conocer mejor y valorar las posibilidades de incorporaci\u00f3n al equipo de voluntariado de la entidad.<\/span><\/p><\/p>\n\t\t\t\t\t\t\t\t<\/div>\n\t\t\t\t<\/div>\n\t\t\t\t\t<\/div>\n\t\t<\/div>\n\t\t\t\t<div class=\"elementor-column elementor-col-33 elementor-top-column elementor-element elementor-element-b661d5f\" data-id=\"b661d5f\" data-element_type=\"column\" data-e-type=\"column\" data-settings=\"{&quot;background_background&quot;:&quot;classic&quot;}\">\n\t\t\t<div class=\"elementor-widget-wrap elementor-element-populated\">\n\t\t\t\t\t\t<div class=\"elementor-element elementor-element-d51afdd elementor-widget elementor-widget-image\" data-id=\"d51afdd\" data-element_type=\"widget\" data-e-type=\"widget\" data-widget_type=\"image.default\">\n\t\t\t\t<div class=\"elementor-widget-container\">\n\t\t\t\t\t\t\t\t\t\t\t\t\t\t\t<img loading=\"lazy\" decoding=\"async\" width=\"500\" height=\"333\" src=\"https:\/\/afanoc.org\/wp-content\/uploads\/informacion.jpg\" class=\"attachment-large size-large wp-image-33675\" alt=\"\" srcset=\"https:\/\/afanoc.org\/wp-content\/uploads\/informacion.jpg 500w, https:\/\/afanoc.org\/wp-content\/uploads\/informacion-300x200.jpg 300w\" sizes=\"auto, (max-width: 500px) 100vw, 500px\" \/>\t\t\t\t\t\t\t\t\t\t\t\t\t\t\t<\/div>\n\t\t\t\t<\/div>\n\t\t\t\t<div class=\"elementor-element elementor-element-4db283f elementor-widget elementor-widget-text-editor\" data-id=\"4db283f\" data-element_type=\"widget\" data-e-type=\"widget\" data-widget_type=\"text-editor.default\">\n\t\t\t\t<div class=\"elementor-widget-container\">\n\t\t\t\t\t\t\t\t\t<h3>3. Contacto<\/h3><p>Para m\u00e1s informaci\u00f3n pod\u00e9is enviar un email a:<\/p><p><strong>Barcelona:<\/strong> <a href=\"mailto:voluntariat@afanoc.org\">voluntariat@afanoc.org<\/a><br \/><strong>Lleida:<\/strong> <a href=\"mailto:voluntariatlleida@afanoc.org\">voluntariatlleida@afanoc.org<\/a><br \/><strong>Tarragona:<\/strong> <a href=\"mailto:voluntariattgn@afanoc.org\">voluntariattgn@afanoc.org<\/a><br \/><strong>Gerona:<\/strong> <a href=\"http:\/\/girona@afanoc.org\">girona@afanoc.org<\/a><\/p>\t\t\t\t\t\t\t\t<\/div>\n\t\t\t\t<\/div>\n\t\t\t\t\t<\/div>\n\t\t<\/div>\n\t\t\t\t\t<\/div>\n\t\t<\/section>\n\t\t<div class=\"elementor-element elementor-element-846ff45 e-flex e-con-boxed e-con e-parent\" data-id=\"846ff45\" data-element_type=\"container\" data-e-type=\"container\">\n\t\t\t\t\t<div class=\"e-con-inner\">\n\t\t\t\t<div class=\"elementor-element elementor-element-251ea77 elementor-widget-divider--view-line elementor-widget elementor-widget-divider\" data-id=\"251ea77\" data-element_type=\"widget\" data-e-type=\"widget\" data-widget_type=\"divider.default\">\n\t\t\t\t<div class=\"elementor-widget-container\">\n\t\t\t\t\t\t\t<div class=\"elementor-divider\">\n\t\t\t<span class=\"elementor-divider-separator\">\n\t\t\t\t\t\t<\/span>\n\t\t<\/div>\n\t\t\t\t\t\t<\/div>\n\t\t\t\t<\/div>\n\t\t\t\t<div class=\"elementor-element elementor-element-aba0a4e elementor-widget elementor-widget-text-editor\" data-id=\"aba0a4e\" data-element_type=\"widget\" data-e-type=\"widget\" data-widget_type=\"text-editor.default\">\n\t\t\t\t<div class=\"elementor-widget-container\">\n\t\t\t\t\t\t\t\t\t<h2>La voz del <span style=\"color: #e17a26;\">voluntariado<\/span><\/h2>\n\t\t\t\t\t\t\t\t<\/div>\n\t\t\t\t<\/div>\n\t\t\t\t\t<\/div>\n\t\t\t\t<\/div>\n\t\t<div class=\"elementor-element elementor-element-74602ec e-grid e-con-boxed e-con e-parent\" data-id=\"74602ec\" data-element_type=\"container\" data-e-type=\"container\">\n\t\t\t\t\t<div class=\"e-con-inner\">\n\t\t\t\t<div class=\"elementor-element elementor-element-a14619f elementor-widget elementor-widget-video\" data-id=\"a14619f\" data-element_type=\"widget\" data-e-type=\"widget\" data-settings=\"{&quot;youtube_url&quot;:&quot;https:\\\/\\\/www.youtube.com\\\/watch?v=ztXDeWxNPME&amp;list=PLIoROqTf93YLU0IhfcCodWwJu8y26NxfM&amp;index=7&quot;,&quot;video_type&quot;:&quot;youtube&quot;,&quot;controls&quot;:&quot;yes&quot;}\" data-widget_type=\"video.default\">\n\t\t\t\t<div class=\"elementor-widget-container\">\n\t\t\t\t\t\t\t<div class=\"elementor-wrapper elementor-open-inline\">\n\t\t\t<div class=\"elementor-video\"><\/div>\t\t<\/div>\n\t\t\t\t\t\t<\/div>\n\t\t\t\t<\/div>\n\t\t\t\t<div class=\"elementor-element elementor-element-f4c9157 elementor-widget elementor-widget-video\" data-id=\"f4c9157\" data-element_type=\"widget\" data-e-type=\"widget\" data-settings=\"{&quot;youtube_url&quot;:&quot;https:\\\/\\\/youtu.be\\\/rqRBkeV7_UM?si=g5x8dLBIQHUUUXL4&quot;,&quot;video_type&quot;:&quot;youtube&quot;,&quot;controls&quot;:&quot;yes&quot;}\" data-widget_type=\"video.default\">\n\t\t\t\t<div class=\"elementor-widget-container\">\n\t\t\t\t\t\t\t<div class=\"elementor-wrapper elementor-open-inline\">\n\t\t\t<div class=\"elementor-video\"><\/div>\t\t<\/div>\n\t\t\t\t\t\t<\/div>\n\t\t\t\t<\/div>\n\t\t\t\t\t<\/div>\n\t\t\t\t<\/div>\n\t\t<div class=\"elementor-element elementor-element-5b58084 e-flex e-con-boxed e-con e-parent\" data-id=\"5b58084\" data-element_type=\"container\" data-e-type=\"container\">\n\t\t\t\t\t<div class=\"e-con-inner\">\n\t\t\t\t<div class=\"elementor-element elementor-element-c0ad369 elementor-widget-divider--view-line elementor-widget elementor-widget-divider\" data-id=\"c0ad369\" data-element_type=\"widget\" data-e-type=\"widget\" data-widget_type=\"divider.default\">\n\t\t\t\t<div class=\"elementor-widget-container\">\n\t\t\t\t\t\t\t<div class=\"elementor-divider\">\n\t\t\t<span class=\"elementor-divider-separator\">\n\t\t\t\t\t\t<\/span>\n\t\t<\/div>\n\t\t\t\t\t\t<\/div>\n\t\t\t\t<\/div>\n\t\t\t\t\t<\/div>\n\t\t\t\t<\/div>\n\t\t\t\t<\/div>\n\t\t","protected":false},"excerpt":{"rendered":"<p>Haz un voluntariado \u00a1Pasamos a la Acci\u00f3n! Si has llegado hasta aqu\u00ed es que eres una persona con ganas de ayudar e implicarte con AFANOC Si tienes inter\u00e9s en sumarte al equipo de voluntariado h\u00e1ganoslo saber y ap\u00fantate a los cursos de iniciaci\u00f3n al voluntariado. La formaci\u00f3n es una herramienta fundamental para mejorar la acci\u00f3n [&hellip;]<\/p>\n","protected":false},"author":692,"featured_media":42845,"parent":0,"menu_order":0,"comment_status":"closed","ping_status":"closed","template":"elementor_header_footer","meta":{"site-sidebar-layout":"default","site-content-layout":"","ast-site-content-layout":"default","site-content-style":"default","site-sidebar-style":"default","ast-global-header-display":"","ast-banner-title-visibility":"","ast-main-header-display":"","ast-hfb-above-header-display":"","ast-hfb-below-header-display":"","ast-hfb-mobile-header-display":"","site-post-title":"","ast-breadcrumbs-content":"","ast-featured-img":"","footer-sml-layout":"","theme-transparent-header-meta":"","adv-header-id-meta":"","stick-header-meta":"","header-above-stick-meta":"","header-main-stick-meta":"","header-below-stick-meta":"","astra-migrate-meta-layouts":"default","ast-page-background-enabled":"default","ast-page-background-meta":{"desktop":{"background-color":"var(--ast-global-color-4)","background-image":"","background-repeat":"repeat","background-position":"center center","background-size":"auto","background-attachment":"scroll","background-type":"","background-media":"","overlay-type":"","overlay-color":"","overlay-opacity":"","overlay-gradient":""},"tablet":{"background-color":"","background-image":"","background-repeat":"repeat","background-position":"center center","background-size":"auto","background-attachment":"scroll","background-type":"","background-media":"","overlay-type":"","overlay-color":"","overlay-opacity":"","overlay-gradient":""},"mobile":{"background-color":"","background-image":"","background-repeat":"repeat","background-position":"center center","background-size":"auto","background-attachment":"scroll","background-type":"","background-media":"","overlay-type":"","overlay-color":"","overlay-opacity":"","overlay-gradient":""}},"ast-content-background-meta":{"desktop":{"background-color":"var(--ast-global-color-5)","background-image":"","background-repeat":"repeat","background-position":"center center","background-size":"auto","background-attachment":"scroll","background-type":"","background-media":"","overlay-type":"","overlay-color":"","overlay-opacity":"","overlay-gradient":""},"tablet":{"background-color":"var(--ast-global-color-5)","background-image":"","background-repeat":"repeat","background-position":"center center","background-size":"auto","background-attachment":"scroll","background-type":"","background-media":"","overlay-type":"","overlay-color":"","overlay-opacity":"","overlay-gradient":""},"mobile":{"background-color":"var(--ast-global-color-5)","background-image":"","background-repeat":"repeat","background-position":"center center","background-size":"auto","background-attachment":"scroll","background-type":"","background-media":"","overlay-type":"","overlay-color":"","overlay-opacity":"","overlay-gradient":""}},"footnotes":""},"class_list":["post-43146","page","type-page","status-publish","has-post-thumbnail","hentry"],"publishpress_future_workflow_manual_trigger":{"enabledWorkflows":[]},"_links":{"self":[{"href":"https:\/\/afanoc.org\/es\/wp-json\/wp\/v2\/pages\/43146","targetHints":{"allow":["GET"]}}],"collection":[{"href":"https:\/\/afanoc.org\/es\/wp-json\/wp\/v2\/pages"}],"about":[{"href":"https:\/\/afanoc.org\/es\/wp-json\/wp\/v2\/types\/page"}],"author":[{"embeddable":true,"href":"https:\/\/afanoc.org\/es\/wp-json\/wp\/v2\/users\/692"}],"replies":[{"embeddable":true,"href":"https:\/\/afanoc.org\/es\/wp-json\/wp\/v2\/comments?post=43146"}],"version-history":[{"count":0,"href":"https:\/\/afanoc.org\/es\/wp-json\/wp\/v2\/pages\/43146\/revisions"}],"wp:featuredmedia":[{"embeddable":true,"href":"https:\/\/afanoc.org\/es\/wp-json\/wp\/v2\/media\/42845"}],"wp:attachment":[{"href":"https:\/\/afanoc.org\/es\/wp-json\/wp\/v2\/media?parent=43146"}],"curies":[{"name":"wp","href":"https:\/\/api.w.org\/{rel}","templated":true}]}}