{"id":43138,"date":"2022-09-21T08:42:59","date_gmt":"2022-09-21T06:42:59","guid":{"rendered":"https:\/\/afanoc.org\/que-diuen-les-lleis\/"},"modified":"2025-01-24T14:25:34","modified_gmt":"2025-01-24T12:25:34","slug":"que-dicen-las-leyes","status":"publish","type":"page","link":"https:\/\/afanoc.org\/es\/que-dicen-las-leyes\/","title":{"rendered":"QU\u00c9 DICEN LAS LEYES"},"content":{"rendered":"\t\t<div data-elementor-type=\"wp-page\" data-elementor-id=\"43138\" class=\"elementor elementor-43138 elementor-42123\" data-elementor-post-type=\"page\">\n\t\t\t\t\t\t<section class=\"elementor-section elementor-top-section elementor-element elementor-element-3fcc6b7f elementor-section-stretched elementor-section-boxed elementor-section-height-default elementor-section-height-default\" data-id=\"3fcc6b7f\" data-element_type=\"section\" data-e-type=\"section\" data-settings=\"{&quot;background_background&quot;:&quot;classic&quot;,&quot;stretch_section&quot;:&quot;section-stretched&quot;}\">\n\t\t\t\t\t\t\t<div class=\"elementor-background-overlay\"><\/div>\n\t\t\t\t\t\t\t<div class=\"elementor-container elementor-column-gap-no\">\n\t\t\t\t\t<div class=\"elementor-column elementor-col-100 elementor-top-column elementor-element elementor-element-5c5365db\" data-id=\"5c5365db\" data-element_type=\"column\" data-e-type=\"column\" data-settings=\"{&quot;background_background&quot;:&quot;classic&quot;}\">\n\t\t\t<div class=\"elementor-widget-wrap elementor-element-populated\">\n\t\t\t\t\t\t<div class=\"elementor-element elementor-element-9a94e7a elementor-widget elementor-widget-theme-post-title elementor-page-title elementor-widget-heading\" data-id=\"9a94e7a\" data-element_type=\"widget\" data-e-type=\"widget\" data-widget_type=\"theme-post-title.default\">\n\t\t\t\t<div class=\"elementor-widget-container\">\n\t\t\t\t\t<h1 class=\"elementor-heading-title elementor-size-default\">QU\u00c9 DICEN LAS LEYES<\/h1>\t\t\t\t<\/div>\n\t\t\t\t<\/div>\n\t\t\t\t\t<\/div>\n\t\t<\/div>\n\t\t\t\t\t<\/div>\n\t\t<\/section>\n\t\t\t\t<section class=\"elementor-section elementor-top-section elementor-element elementor-element-548d73ac elementor-section-boxed elementor-section-height-default elementor-section-height-default\" data-id=\"548d73ac\" data-element_type=\"section\" data-e-type=\"section\">\n\t\t\t\t\t\t<div class=\"elementor-container elementor-column-gap-default\">\n\t\t\t\t\t<div class=\"elementor-column elementor-col-100 elementor-top-column elementor-element elementor-element-706f7fa8\" data-id=\"706f7fa8\" data-element_type=\"column\" data-e-type=\"column\">\n\t\t\t<div class=\"elementor-widget-wrap elementor-element-populated\">\n\t\t\t\t\t\t<div class=\"elementor-element elementor-element-1d43d43d elementor-widget elementor-widget-woocommerce-breadcrumb\" data-id=\"1d43d43d\" data-element_type=\"widget\" data-e-type=\"widget\" data-widget_type=\"woocommerce-breadcrumb.default\">\n\t\t\t\t<div class=\"elementor-widget-container\">\n\t\t\t\t\t<nav class=\"woocommerce-breadcrumb\" aria-label=\"Breadcrumb\">Inicio<\/nav>\t\t\t\t<\/div>\n\t\t\t\t<\/div>\n\t\t\t\t\t<\/div>\n\t\t<\/div>\n\t\t\t\t\t<\/div>\n\t\t<\/section>\n\t\t\t\t<section class=\"elementor-section elementor-top-section elementor-element elementor-element-5758fd02 elementor-section-boxed elementor-section-height-default elementor-section-height-default\" data-id=\"5758fd02\" data-element_type=\"section\" data-e-type=\"section\">\n\t\t\t\t\t\t<div class=\"elementor-container elementor-column-gap-default\">\n\t\t\t\t\t<div class=\"elementor-column elementor-col-66 elementor-top-column elementor-element elementor-element-6f12f2fe\" data-id=\"6f12f2fe\" data-element_type=\"column\" data-e-type=\"column\">\n\t\t\t<div class=\"elementor-widget-wrap elementor-element-populated\">\n\t\t\t\t\t\t<div class=\"elementor-element elementor-element-3761801a elementor-widget elementor-widget-text-editor\" data-id=\"3761801a\" data-element_type=\"widget\" data-e-type=\"widget\" data-widget_type=\"text-editor.default\">\n\t\t\t\t<div class=\"elementor-widget-container\">\n\t\t\t\t\t\t\t\t\t<h2>Permiso laboral por larga enfermedad de un hijo<\/h2><p>Sobre el permiso laboral por larga enfermedad de un hijo:<\/p><p><strong>2 de agosto de 2011,<\/strong> el Grupo Parlamentario de CiU present\u00f3 en el Congreso de los Diputados una Proposici\u00f3n no de Ley en la que pide al Gobierno que, cuando un ni\u00f1o tenga c\u00e1ncer, uno de sus padres pueda pedir una baja retribuida durante la hospitalizaci\u00f3n y tratamiento.<\/p><p><strong>11 de noviembre de 2004,<\/strong> el Grupo Parlamentario de Esquerra Verda, Esquerra Unida, Iniciativa per Catalunya Verds present\u00f3 una Proposici\u00f3n no de ley sobre la modificaci\u00f3n de la Ley 39\/1999, de 5 de noviembre, para promover la conciliaci\u00f3n de la vida familiar y laboral de las personas trabajadoras.<\/p><p><strong>15 de junio de 2007,<\/strong> la anterior Proposici\u00f3n de ley se retir\u00f3 del Congreso de los Diputados.<\/p><p><strong>12 de febrero de 2009,<\/strong> el Grupo Parlamentario de CiU present\u00f3 en el Parlament de Catalunya \u201cuna propuesta de resoluci\u00f3n sobre el reconocimiento del derecho de la baja laboral de los tutores legales de los ni\u00f1os que padecen enfermedades graves, mientras dure su hospitalizaci\u00f3n.<\/p><ul><li><a href=\"http:\/\/www.seg-social.es\/wps\/portal\/wss\/internet\/Pensionistas\/Servicios\/34887\/40968\/1951\" target=\"_blank\" rel=\"noopener noreferrer\"> Cuidado de menores afectados por c\u00e1ncer u otra enfermedad grave<\/a>\u00a0(CUME)<\/li><\/ul>\t\t\t\t\t\t\t\t<\/div>\n\t\t\t\t<\/div>\n\t\t\t\t<div class=\"elementor-element elementor-element-69bff1c elementor-widget elementor-widget-text-editor\" data-id=\"69bff1c\" data-element_type=\"widget\" data-e-type=\"widget\" data-widget_type=\"text-editor.default\">\n\t\t\t\t<div class=\"elementor-widget-container\">\n\t\t\t\t\t\t\t\t\t<h2>Social<\/h2><p>A continuaci\u00f3n le ofrecemos la posibilidad de consultar documentaci\u00f3n relacionada con la discapacidad y disminuci\u00f3n.<\/p><ul><li><a href=\"https:\/\/web.gencat.cat\/es\/tramits\/tramits-temes\/Reconeixement-o-revisio-del-grau-de-la-discapacitat\" target=\"_blank\" rel=\"noopener\">Reconocimiento y revisi\u00f3n del grado de discapacidad<\/a><\/li><li><a href=\"https:\/\/dretssocials.gencat.cat\/ca\/ambits_tematics\/persones_amb_dependencia\/index.html#googtrans(ca|es)\" target=\"_blank\" rel=\"noopener\">Ley de Dependencia<\/a><\/li><\/ul>\t\t\t\t\t\t\t\t<\/div>\n\t\t\t\t<\/div>\n\t\t\t\t<div class=\"elementor-element elementor-element-46b9d6e elementor-widget elementor-widget-text-editor\" data-id=\"46b9d6e\" data-element_type=\"widget\" data-e-type=\"widget\" data-widget_type=\"text-editor.default\">\n\t\t\t\t<div class=\"elementor-widget-container\">\n\t\t\t\t\t\t\t\t\t<h2>Educativo<\/h2><p>Los ni\u00f1os con una enfermedad de larga duraci\u00f3n como el c\u00e1ncer, a menudo necesitan una atenci\u00f3n educativa especial que se adapte a sus necesidades.<\/p><ul><li><a href=\"https:\/\/educacio.gencat.cat\/ca\/departament\/publicacions\/colleccions\/guia-families\/malalties-prolongades\/\" target=\"_blank\" rel=\"noopener\">Atenci\u00f3n educativa al alumnado con enfermedades prolongadas.<\/a><\/li><\/ul>\t\t\t\t\t\t\t\t<\/div>\n\t\t\t\t<\/div>\n\t\t\t\t<div class=\"elementor-element elementor-element-640a9cf elementor-widget elementor-widget-text-editor\" data-id=\"640a9cf\" data-element_type=\"widget\" data-e-type=\"widget\" data-widget_type=\"text-editor.default\">\n\t\t\t\t<div class=\"elementor-widget-container\">\n\t\t\t\t\t\t\t\t\t<h2>Sanitario<\/h2><p>Todo ni\u00f1o hospitalizado dispone de unos derechos que rigen la atenci\u00f3n que le ofrecer\u00e1n los centros sanitarios. Adem\u00e1s, sus cuidadores principales pueden disponer de ayudas que tambi\u00e9n encontrar\u00e1 descritas en la siguiente documentaci\u00f3n.<\/p><ul><li><a href=\"https:\/\/web.gencat.cat\/es\/tramits\/tramits-temes\/9729_-_Ajuts_per_a_despeses_d_estada_i_manutencio_a_pacients_i_o_la_persona_acompanyant__per_a_determinats_tractaments_a_centres_de_regions_sanitaries_de_fora_del_seu_domicili_habitual\" target=\"_blank\" rel=\"noopener\">Ayudas para gastos de estancia y manutenci\u00f3n.<\/a>\u00a0(CATSALUT)<\/li><li><a href=\"https:\/\/afanoc.org\/wp-content\/uploads\/Carta_infants_hospitalitzats_cast_LF.pdf\">Carta Europea de los Derechos de la Infancia Hospitalizada <\/a><\/li><\/ul>\t\t\t\t\t\t\t\t<\/div>\n\t\t\t\t<\/div>\n\t\t\t\t\t<\/div>\n\t\t<\/div>\n\t\t\t\t<div class=\"elementor-column elementor-col-33 elementor-top-column elementor-element elementor-element-1ddf816e\" data-id=\"1ddf816e\" data-element_type=\"column\" data-e-type=\"column\">\n\t\t\t<div class=\"elementor-widget-wrap elementor-element-populated\">\n\t\t\t\t\t\t<div class=\"elementor-element elementor-element-cdadb3e elementor-widget elementor-widget-image\" data-id=\"cdadb3e\" data-element_type=\"widget\" data-e-type=\"widget\" data-widget_type=\"image.default\">\n\t\t\t\t<div class=\"elementor-widget-container\">\n\t\t\t\t\t\t\t\t\t\t\t\t\t\t\t<img loading=\"lazy\" decoding=\"async\" width=\"322\" height=\"324\" src=\"https:\/\/afanoc.org\/wp-content\/uploads\/Imatge-pagina-lleis.png\" class=\"attachment-large size-large wp-image-47006\" alt=\"\" srcset=\"https:\/\/afanoc.org\/wp-content\/uploads\/Imatge-pagina-lleis.png 322w, https:\/\/afanoc.org\/wp-content\/uploads\/Imatge-pagina-lleis-298x300.png 298w, https:\/\/afanoc.org\/wp-content\/uploads\/Imatge-pagina-lleis-150x150.png 150w, https:\/\/afanoc.org\/wp-content\/uploads\/Imatge-pagina-lleis-100x100.png 100w\" sizes=\"auto, (max-width: 322px) 100vw, 322px\" \/>\t\t\t\t\t\t\t\t\t\t\t\t\t\t\t<\/div>\n\t\t\t\t<\/div>\n\t\t\t\t<div class=\"elementor-element elementor-element-4ec961ec elementor-widget elementor-widget-heading\" data-id=\"4ec961ec\" data-element_type=\"widget\" data-e-type=\"widget\" data-widget_type=\"heading.default\">\n\t\t\t\t<div class=\"elementor-widget-container\">\n\t\t\t\t\t<h3 class=\"elementor-heading-title elementor-size-default\">\nEnlaces de inter\u00e9s<\/h3>\t\t\t\t<\/div>\n\t\t\t\t<\/div>\n\t\t\t\t<div class=\"elementor-element elementor-element-4e3f581 elementor-widget elementor-widget-text-editor\" data-id=\"4e3f581\" data-element_type=\"widget\" data-e-type=\"widget\" data-widget_type=\"text-editor.default\">\n\t\t\t\t<div class=\"elementor-widget-container\">\n\t\t\t\t\t\t\t\t\t<ul>\n<li><a href=\"http:\/\/cancer.gencat.cat\/ca\/ciutadans\/el_cancer\/cancer_infantil\/\" target=\"_blank\" rel=\"noopener noreferrer\">Canal Salut de la Generalitat<\/a><\/li>\n \t<li><a href=\"http:\/\/cancer.gencat.cat\/ca\/ciutadans\/el_cancer\/cancer_infantil\/altres\/\" target=\"_blank\" rel=\"noopener noreferrer\">Informaci\u00f3 necess\u00e0ria per entendre la malaltia<\/a><\/li>\n \t<li><a href=\"http:\/\/familiaiescola.gencat.cat\/\" target=\"_blank\" rel=\"noopener noreferrer\">familiaiescola.gencat.cat<\/a><\/li>\n \t<li><a href=\"http:\/\/ajuntament.barcelona.cat\/ca\/\" target=\"_blank\" rel=\"noopener noreferrer\">ajuntament.barcelona.cat<\/a><\/li>\n \t<li><a href=\"http:\/\/www.mecd.gob.es\/\" target=\"_blank\" rel=\"noopener noreferrer\">mecd.gob.es<\/a><\/li>\n<\/ul>\t\t\t\t\t\t\t\t<\/div>\n\t\t\t\t<\/div>\n\t\t\t\t\t<\/div>\n\t\t<\/div>\n\t\t\t\t\t<\/div>\n\t\t<\/section>\n\t\t\t\t<\/div>\n\t\t","protected":false},"excerpt":{"rendered":"<p>Permiso laboral por larga enfermedad de un hijo Sobre el permiso laboral por larga enfermedad de un hijo: 2 de agosto de 2011, el Grupo Parlamentario de CiU present\u00f3 en el Congreso de los Diputados una Proposici\u00f3n no de Ley en la que pide al Gobierno que, cuando un ni\u00f1o tenga c\u00e1ncer, uno de sus [&hellip;]<\/p>\n","protected":false},"author":1,"featured_media":0,"parent":0,"menu_order":0,"comment_status":"closed","ping_status":"closed","template":"","meta":{"site-sidebar-layout":"default","site-content-layout":"","ast-site-content-layout":"default","site-content-style":"default","site-sidebar-style":"default","ast-global-header-display":"","ast-banner-title-visibility":"","ast-main-header-display":"","ast-hfb-above-header-display":"","ast-hfb-below-header-display":"","ast-hfb-mobile-header-display":"","site-post-title":"","ast-breadcrumbs-content":"","ast-featured-img":"","footer-sml-layout":"","theme-transparent-header-meta":"","adv-header-id-meta":"","stick-header-meta":"","header-above-stick-meta":"","header-main-stick-meta":"","header-below-stick-meta":"","astra-migrate-meta-layouts":"default","ast-page-background-enabled":"default","ast-page-background-meta":{"desktop":{"background-color":"var(--ast-global-color-4)","background-image":"","background-repeat":"repeat","background-position":"center center","background-size":"auto","background-attachment":"scroll","background-type":"","background-media":"","overlay-type":"","overlay-color":"","overlay-opacity":"","overlay-gradient":""},"tablet":{"background-color":"","background-image":"","background-repeat":"repeat","background-position":"center center","background-size":"auto","background-attachment":"scroll","background-type":"","background-media":"","overlay-type":"","overlay-color":"","overlay-opacity":"","overlay-gradient":""},"mobile":{"background-color":"","background-image":"","background-repeat":"repeat","background-position":"center center","background-size":"auto","background-attachment":"scroll","background-type":"","background-media":"","overlay-type":"","overlay-color":"","overlay-opacity":"","overlay-gradient":""}},"ast-content-background-meta":{"desktop":{"background-color":"var(--ast-global-color-5)","background-image":"","background-repeat":"repeat","background-position":"center center","background-size":"auto","background-attachment":"scroll","background-type":"","background-media":"","overlay-type":"","overlay-color":"","overlay-opacity":"","overlay-gradient":""},"tablet":{"background-color":"var(--ast-global-color-5)","background-image":"","background-repeat":"repeat","background-position":"center center","background-size":"auto","background-attachment":"scroll","background-type":"","background-media":"","overlay-type":"","overlay-color":"","overlay-opacity":"","overlay-gradient":""},"mobile":{"background-color":"var(--ast-global-color-5)","background-image":"","background-repeat":"repeat","background-position":"center center","background-size":"auto","background-attachment":"scroll","background-type":"","background-media":"","overlay-type":"","overlay-color":"","overlay-opacity":"","overlay-gradient":""}},"footnotes":""},"class_list":["post-43138","page","type-page","status-publish","hentry"],"publishpress_future_workflow_manual_trigger":{"enabledWorkflows":[]},"_links":{"self":[{"href":"https:\/\/afanoc.org\/es\/wp-json\/wp\/v2\/pages\/43138","targetHints":{"allow":["GET"]}}],"collection":[{"href":"https:\/\/afanoc.org\/es\/wp-json\/wp\/v2\/pages"}],"about":[{"href":"https:\/\/afanoc.org\/es\/wp-json\/wp\/v2\/types\/page"}],"author":[{"embeddable":true,"href":"https:\/\/afanoc.org\/es\/wp-json\/wp\/v2\/users\/1"}],"replies":[{"embeddable":true,"href":"https:\/\/afanoc.org\/es\/wp-json\/wp\/v2\/comments?post=43138"}],"version-history":[{"count":0,"href":"https:\/\/afanoc.org\/es\/wp-json\/wp\/v2\/pages\/43138\/revisions"}],"wp:attachment":[{"href":"https:\/\/afanoc.org\/es\/wp-json\/wp\/v2\/media?parent=43138"}],"curies":[{"name":"wp","href":"https:\/\/api.w.org\/{rel}","templated":true}]}}