{"id":43136,"date":"2022-06-03T20:15:49","date_gmt":"2022-06-03T18:15:49","guid":{"rendered":"https:\/\/afanoc.org\/que-es-el-cancer-infantil\/"},"modified":"2025-03-14T10:20:31","modified_gmt":"2025-03-14T08:20:31","slug":"que-es-el-cancer-infantil","status":"publish","type":"page","link":"https:\/\/afanoc.org\/es\/que-es-el-cancer-infantil\/","title":{"rendered":"Qu\u00e9 es el c\u00e1ncer infantil"},"content":{"rendered":"\t\t<div data-elementor-type=\"wp-page\" data-elementor-id=\"43136\" class=\"elementor elementor-43136 elementor-4805\" data-elementor-post-type=\"page\">\n\t\t\t\t<div class=\"elementor-element elementor-element-cb79f37 e-flex e-con-boxed e-con e-parent\" data-id=\"cb79f37\" data-element_type=\"container\" data-e-type=\"container\" data-settings=\"{&quot;background_background&quot;:&quot;classic&quot;}\">\n\t\t\t\t\t<div class=\"e-con-inner\">\n\t\t\t\t\t<\/div>\n\t\t\t\t<\/div>\n\t\t\t\t<section class=\"elementor-section elementor-top-section elementor-element elementor-element-548d73ac elementor-section-boxed elementor-section-height-default elementor-section-height-default\" data-id=\"548d73ac\" data-element_type=\"section\" data-e-type=\"section\">\n\t\t\t\t\t\t<div class=\"elementor-container elementor-column-gap-default\">\n\t\t\t\t\t<div class=\"elementor-column elementor-col-100 elementor-top-column elementor-element elementor-element-706f7fa8\" data-id=\"706f7fa8\" data-element_type=\"column\" data-e-type=\"column\">\n\t\t\t<div class=\"elementor-widget-wrap elementor-element-populated\">\n\t\t\t\t\t\t<div class=\"elementor-element elementor-element-1d43d43d elementor-widget elementor-widget-woocommerce-breadcrumb\" data-id=\"1d43d43d\" data-element_type=\"widget\" data-e-type=\"widget\" data-widget_type=\"woocommerce-breadcrumb.default\">\n\t\t\t\t<div class=\"elementor-widget-container\">\n\t\t\t\t\t<nav class=\"woocommerce-breadcrumb\" aria-label=\"Breadcrumb\">Inicio<\/nav>\t\t\t\t<\/div>\n\t\t\t\t<\/div>\n\t\t\t\t<div class=\"elementor-element elementor-element-85f9a78 elementor-widget elementor-widget-heading\" data-id=\"85f9a78\" data-element_type=\"widget\" data-e-type=\"widget\" data-widget_type=\"heading.default\">\n\t\t\t\t<div class=\"elementor-widget-container\">\n\t\t\t\t\t<h1 class=\"elementor-heading-title elementor-size-default\">Qu\u00e9 es <span style=\"color: #e17a26\">el c\u00e1ncer infantil <\/span><\/h1>\t\t\t\t<\/div>\n\t\t\t\t<\/div>\n\t\t\t\t\t<\/div>\n\t\t<\/div>\n\t\t\t\t\t<\/div>\n\t\t<\/section>\n\t\t\t\t<section class=\"elementor-section elementor-top-section elementor-element elementor-element-5758fd02 elementor-section-boxed elementor-section-height-default elementor-section-height-default\" data-id=\"5758fd02\" data-element_type=\"section\" data-e-type=\"section\">\n\t\t\t\t\t\t<div class=\"elementor-container elementor-column-gap-default\">\n\t\t\t\t\t<div class=\"elementor-column elementor-col-50 elementor-top-column elementor-element elementor-element-768c569\" data-id=\"768c569\" data-element_type=\"column\" data-e-type=\"column\">\n\t\t\t<div class=\"elementor-widget-wrap elementor-element-populated\">\n\t\t\t\t\t\t<div class=\"elementor-element elementor-element-f5aa3ed elementor-widget elementor-widget-text-editor\" data-id=\"f5aa3ed\" data-element_type=\"widget\" data-e-type=\"widget\" data-widget_type=\"text-editor.default\">\n\t\t\t\t<div class=\"elementor-widget-container\">\n\t\t\t\t\t\t\t\t\t<h4><a href=\"https:\/\/afanoc.org\/es\/que-es-el-cancer-infantil\/\"><strong>Los aspectos cl\u00ednicos<\/strong><\/a><\/h4>\n<ul>\n \t<li><strong><a href=\"https:\/\/afanoc.org\/es\/que-es-el-cancer-infantil\/\">C\u00e1ncer: que es y causas<\/a><\/strong><\/li>\n \t<li><a href=\"https:\/\/afanoc.org\/es\/que-es-el-cancer-infantil\/tipos-de-cancer\/\">Tipos de c\u00e1ncer<\/a><\/li>\n \t<li><a href=\"https:\/\/afanoc.org\/es\/que-es-el-cancer-infantil\/la-prevalencia\/\">Su prevalencia<\/a><\/li>\n \t<li><a href=\"https:\/\/afanoc.org\/es\/que-es-el-cancer-infantil\/tractaments\/\">Los tratamientos<\/a><\/li>\n \t<li><a href=\"https:\/\/afanoc.org\/que-es-el-cancer-infantil\/efectes-secundaris\/\">Efectos secundarios y secuelas<\/a><\/li>\n \t<li><a href=\"https:\/\/afanoc.org\/que-es-el-cancer-infantil\/fases-de-la-malaltia\/\">Fases de la enfermedad<\/a><\/li>\n<\/ul>\n<h4><a href=\"https:\/\/afanoc.org\/que-es-el-cancer-infantil\/aspectes-psicosocials\/\"><strong>Los aspectos psicosociales<\/strong><\/a><\/h4>\n<ul>\n \t<li><a href=\"https:\/\/afanoc.org\/que-es-el-cancer-infantil\/cuidadors\/\">Cuidadores<\/a><\/li>\n \t<li><a href=\"https:\/\/afanoc.org\/que-es-el-cancer-infantil\/infant-i-adolescent-amb-cancer\/\">Ni\u00f1o y adolescente con c\u00e1ncer<\/a><\/li>\n \t<li><a href=\"https:\/\/afanoc.org\/que-es-el-cancer-infantil\/germans-es\/\">Hermanos\/as<\/a><\/li>\n<\/ul>\n<h4><a href=\"https:\/\/afanoc.org\/que-es-el-cancer-infantil\/repercussions-en-lentorn-escolar\/\">Repercusiones en el entorno escolar<\/a><\/h4>\t\t\t\t\t\t\t\t<\/div>\n\t\t\t\t<\/div>\n\t\t\t\t\t<\/div>\n\t\t<\/div>\n\t\t\t\t<div class=\"elementor-column elementor-col-50 elementor-top-column elementor-element elementor-element-6f12f2fe\" data-id=\"6f12f2fe\" data-element_type=\"column\" data-e-type=\"column\">\n\t\t\t<div class=\"elementor-widget-wrap elementor-element-populated\">\n\t\t\t\t\t\t<div class=\"elementor-element elementor-element-3761801a elementor-widget__width-initial elementor-widget elementor-widget-text-editor\" data-id=\"3761801a\" data-element_type=\"widget\" data-e-type=\"widget\" data-widget_type=\"text-editor.default\">\n\t\t\t\t<div class=\"elementor-widget-container\">\n\t\t\t\t\t\t\t\t\t<p><strong>Tambi\u00e9n llamado c\u00e1ncer del crecimiento, es una alteraci\u00f3n en el funcionamiento celular del organismo<\/strong><\/p>\n\t\t\t\t\t\t\t\t<\/div>\n\t\t\t\t<\/div>\n\t\t\t\t<div class=\"elementor-element elementor-element-3d95d63 elementor-widget elementor-widget-heading\" data-id=\"3d95d63\" data-element_type=\"widget\" data-e-type=\"widget\" data-widget_type=\"heading.default\">\n\t\t\t\t<div class=\"elementor-widget-container\">\n\t\t\t\t\t<h2 class=\"elementor-heading-title elementor-size-default\">Breve <span style=\"color: #e17a26\">definici\u00f3n<\/span><\/h2>\t\t\t\t<\/div>\n\t\t\t\t<\/div>\n\t\t\t\t<div class=\"elementor-element elementor-element-680ac4b elementor-widget__width-initial elementor-widget elementor-widget-text-editor\" data-id=\"680ac4b\" data-element_type=\"widget\" data-e-type=\"widget\" data-widget_type=\"text-editor.default\">\n\t\t\t\t<div class=\"elementor-widget-container\">\n\t\t\t\t\t\t\t\t\t<p class=\"p2\" style=\"text-align: left;\"><b>El c\u00e1ncer <\/b> genera por una alteraci\u00f3n de los mecanismos normales de <b>reproducci\u00f3n, crecimiento y diferenciaci\u00f3n de las c\u00e9lulas del organismo.<\/b> Puede ocurrir en cualquier parte del cuerpo. Las c\u00e9lulas empiezan a dividirse, sin detenerse, de forma descontrolada, se expanden por los tejidos de alrededor y pueden formar masas llamadas tumores.<\/p>\n<p class=\"p2\" style=\"text-align: left;\">Algunos de ellos son benignos, no se extienden ni vuelven a crecer, y otros son malignos y pueden volver a crecer cuando son extirpados, invaden tejidos cercanos y algunas de sus c\u00e9lulas tienen la capacidad de migrar a otras partes del cuerpo y dar lugar a nuevos tumores. Es lo que se llama met\u00e1stasis. <\/p>\n\t\t\t\t\t\t\t\t<\/div>\n\t\t\t\t<\/div>\n\t\t\t\t<div class=\"elementor-element elementor-element-68e35f8 elementor-widget__width-initial elementor-widget elementor-widget-heading\" data-id=\"68e35f8\" data-element_type=\"widget\" data-e-type=\"widget\" data-widget_type=\"heading.default\">\n\t\t\t\t<div class=\"elementor-widget-container\">\n\t\t\t\t\t<h2 class=\"elementor-heading-title elementor-size-default\">Las <span style=\"color: #e17a26\">causas<\/span><\/h2>\t\t\t\t<\/div>\n\t\t\t\t<\/div>\n\t\t\t\t<div class=\"elementor-element elementor-element-bca77af elementor-widget elementor-widget-text-editor\" data-id=\"bca77af\" data-element_type=\"widget\" data-e-type=\"widget\" data-widget_type=\"text-editor.default\">\n\t\t\t\t<div class=\"elementor-widget-container\">\n\t\t\t\t\t\t\t\t\t<p class=\"p2\">Las causas del c\u00e1ncer infantil, <b>tambi\u00e9n llamado c\u00e1ncer del desarrollo<\/b>, <b>se desconocen.<\/b> La gran mayor\u00eda de c\u00e1nceres en edad pedi\u00e1trica no se heredan gen\u00e9ticamente sino que <b>aparecen durante el desarrollo<\/b><\/p>\n<p class=\"p2\">A diferencia del c\u00e1ncer en adultos, no existen factores de riesgo y por tanto, <b>no se puede prevenir. <\/b> Debe dejarse muy claro que el c\u00e1ncer no es contagioso, porque se trata de una alteraci\u00f3n en el funcionamiento celular del organismo.<span class=\"Apple-converted-space\"> <\/span><\/p>\n\t\t\t\t\t\t\t\t<\/div>\n\t\t\t\t<\/div>\n\t\t\t\t<div class=\"elementor-element elementor-element-39d1bd3 elementor-widget__width-initial elementor-widget-divider--view-line elementor-widget elementor-widget-divider\" data-id=\"39d1bd3\" data-element_type=\"widget\" data-e-type=\"widget\" data-widget_type=\"divider.default\">\n\t\t\t\t<div class=\"elementor-widget-container\">\n\t\t\t\t\t\t\t<div class=\"elementor-divider\">\n\t\t\t<span class=\"elementor-divider-separator\">\n\t\t\t\t\t\t<\/span>\n\t\t<\/div>\n\t\t\t\t\t\t<\/div>\n\t\t\t\t<\/div>\n\t\t\t\t<div class=\"elementor-element elementor-element-3272172 elementor-align-center elementor-mobile-align-center elementor-widget elementor-widget-button\" data-id=\"3272172\" data-element_type=\"widget\" data-e-type=\"widget\" data-widget_type=\"button.default\">\n\t\t\t\t<div class=\"elementor-widget-container\">\n\t\t\t\t\t\t\t\t\t<div class=\"elementor-button-wrapper\">\n\t\t\t\t\t<a class=\"elementor-button elementor-button-link elementor-size-md\" href=\"https:\/\/afanoc.org\/wp-content\/uploads\/Llegeix-mes-que-es-el-cancer-infanltil.pdf\" target=\"_blank\">\n\t\t\t\t\t\t<span class=\"elementor-button-content-wrapper\">\n\t\t\t\t\t\t<span class=\"elementor-button-icon\">\n\t\t\t\t<i aria-hidden=\"true\" class=\"fas fa-info-circle\"><\/i>\t\t\t<\/span>\n\t\t\t\t\t\t\t\t\t<span class=\"elementor-button-text\">Leer m\u00e1s sobre qu\u00e9 es el C\u00e1ncer Infantil<\/span>\n\t\t\t\t\t<\/span>\n\t\t\t\t\t<\/a>\n\t\t\t\t<\/div>\n\t\t\t\t\t\t\t\t<\/div>\n\t\t\t\t<\/div>\n\t\t\t\t\t<\/div>\n\t\t<\/div>\n\t\t\t\t\t<\/div>\n\t\t<\/section>\n\t\t\t\t<\/div>\n\t\t","protected":false},"excerpt":{"rendered":"<p>Qu\u00e9 es el c\u00e1ncer infantil Los aspectos cl\u00ednicos C\u00e1ncer: que es y causas Tipos de c\u00e1ncer Su prevalencia Los tratamientos Efectos secundarios y secuelas Fases de la enfermedad Los aspectos psicosociales Cuidadores Ni\u00f1o y adolescente con c\u00e1ncer Hermanos\/as Repercusiones en el entorno escolar Tambi\u00e9n llamado c\u00e1ncer del crecimiento, es una alteraci\u00f3n en el funcionamiento celular [&hellip;]<\/p>\n","protected":false},"author":692,"featured_media":0,"parent":0,"menu_order":0,"comment_status":"closed","ping_status":"closed","template":"elementor_header_footer","meta":{"site-sidebar-layout":"default","site-content-layout":"","ast-site-content-layout":"default","site-content-style":"default","site-sidebar-style":"default","ast-global-header-display":"","ast-banner-title-visibility":"","ast-main-header-display":"","ast-hfb-above-header-display":"","ast-hfb-below-header-display":"","ast-hfb-mobile-header-display":"","site-post-title":"","ast-breadcrumbs-content":"","ast-featured-img":"","footer-sml-layout":"","theme-transparent-header-meta":"","adv-header-id-meta":"","stick-header-meta":"","header-above-stick-meta":"","header-main-stick-meta":"","header-below-stick-meta":"","astra-migrate-meta-layouts":"default","ast-page-background-enabled":"default","ast-page-background-meta":{"desktop":{"background-color":"var(--ast-global-color-4)","background-image":"","background-repeat":"repeat","background-position":"center center","background-size":"auto","background-attachment":"scroll","background-type":"","background-media":"","overlay-type":"","overlay-color":"","overlay-opacity":"","overlay-gradient":""},"tablet":{"background-color":"","background-image":"","background-repeat":"repeat","background-position":"center center","background-size":"auto","background-attachment":"scroll","background-type":"","background-media":"","overlay-type":"","overlay-color":"","overlay-opacity":"","overlay-gradient":""},"mobile":{"background-color":"","background-image":"","background-repeat":"repeat","background-position":"center center","background-size":"auto","background-attachment":"scroll","background-type":"","background-media":"","overlay-type":"","overlay-color":"","overlay-opacity":"","overlay-gradient":""}},"ast-content-background-meta":{"desktop":{"background-color":"var(--ast-global-color-5)","background-image":"","background-repeat":"repeat","background-position":"center center","background-size":"auto","background-attachment":"scroll","background-type":"","background-media":"","overlay-type":"","overlay-color":"","overlay-opacity":"","overlay-gradient":""},"tablet":{"background-color":"var(--ast-global-color-5)","background-image":"","background-repeat":"repeat","background-position":"center center","background-size":"auto","background-attachment":"scroll","background-type":"","background-media":"","overlay-type":"","overlay-color":"","overlay-opacity":"","overlay-gradient":""},"mobile":{"background-color":"var(--ast-global-color-5)","background-image":"","background-repeat":"repeat","background-position":"center center","background-size":"auto","background-attachment":"scroll","background-type":"","background-media":"","overlay-type":"","overlay-color":"","overlay-opacity":"","overlay-gradient":""}},"footnotes":""},"class_list":["post-43136","page","type-page","status-publish","hentry"],"publishpress_future_workflow_manual_trigger":{"enabledWorkflows":[]},"_links":{"self":[{"href":"https:\/\/afanoc.org\/es\/wp-json\/wp\/v2\/pages\/43136","targetHints":{"allow":["GET"]}}],"collection":[{"href":"https:\/\/afanoc.org\/es\/wp-json\/wp\/v2\/pages"}],"about":[{"href":"https:\/\/afanoc.org\/es\/wp-json\/wp\/v2\/types\/page"}],"author":[{"embeddable":true,"href":"https:\/\/afanoc.org\/es\/wp-json\/wp\/v2\/users\/692"}],"replies":[{"embeddable":true,"href":"https:\/\/afanoc.org\/es\/wp-json\/wp\/v2\/comments?post=43136"}],"version-history":[{"count":0,"href":"https:\/\/afanoc.org\/es\/wp-json\/wp\/v2\/pages\/43136\/revisions"}],"wp:attachment":[{"href":"https:\/\/afanoc.org\/es\/wp-json\/wp\/v2\/media?parent=43136"}],"curies":[{"name":"wp","href":"https:\/\/api.w.org\/{rel}","templated":true}]}}