{"id":43130,"date":"2022-09-20T14:32:53","date_gmt":"2022-09-20T12:32:53","guid":{"rendered":"https:\/\/afanoc.org\/allotjament\/"},"modified":"2026-03-05T17:25:06","modified_gmt":"2026-03-05T15:25:06","slug":"alojamiento","status":"publish","type":"page","link":"https:\/\/afanoc.org\/es\/alojamiento\/","title":{"rendered":"Alojamiento"},"content":{"rendered":"\t\t<div data-elementor-type=\"wp-page\" data-elementor-id=\"43130\" class=\"elementor elementor-43130 elementor-42110\" data-elementor-post-type=\"page\">\n\t\t\t\t<div class=\"elementor-element elementor-element-783cc7b e-flex e-con-boxed e-con e-parent\" data-id=\"783cc7b\" data-element_type=\"container\" data-e-type=\"container\" data-settings=\"{&quot;background_background&quot;:&quot;classic&quot;}\">\n\t\t\t\t\t<div class=\"e-con-inner\">\n\t\t\t\t\t<\/div>\n\t\t\t\t<\/div>\n\t\t\t\t<section class=\"elementor-section elementor-top-section elementor-element elementor-element-7643d3af elementor-section-boxed elementor-section-height-default elementor-section-height-default\" data-id=\"7643d3af\" data-element_type=\"section\" data-e-type=\"section\">\n\t\t\t\t\t\t<div class=\"elementor-container elementor-column-gap-default\">\n\t\t\t\t\t<div class=\"elementor-column elementor-col-100 elementor-top-column elementor-element elementor-element-656f1bb7\" data-id=\"656f1bb7\" data-element_type=\"column\" data-e-type=\"column\">\n\t\t\t<div class=\"elementor-widget-wrap elementor-element-populated\">\n\t\t\t\t\t\t<div class=\"elementor-element elementor-element-540b4105 elementor-widget elementor-widget-woocommerce-breadcrumb\" data-id=\"540b4105\" data-element_type=\"widget\" data-e-type=\"widget\" data-widget_type=\"woocommerce-breadcrumb.default\">\n\t\t\t\t<div class=\"elementor-widget-container\">\n\t\t\t\t\t<nav class=\"woocommerce-breadcrumb\" aria-label=\"Breadcrumb\">Inicio<\/nav>\t\t\t\t<\/div>\n\t\t\t\t<\/div>\n\t\t\t\t<div class=\"elementor-element elementor-element-271e6ed elementor-widget elementor-widget-heading\" data-id=\"271e6ed\" data-element_type=\"widget\" data-e-type=\"widget\" data-widget_type=\"heading.default\">\n\t\t\t\t<div class=\"elementor-widget-container\">\n\t\t\t\t\t<h1 class=\"elementor-heading-title elementor-size-default\">Alojamiento<\/h1>\t\t\t\t<\/div>\n\t\t\t\t<\/div>\n\t\t\t\t\t<\/div>\n\t\t<\/div>\n\t\t\t\t\t<\/div>\n\t\t<\/section>\n\t\t\t\t<section class=\"elementor-section elementor-top-section elementor-element elementor-element-766a4a89 elementor-section-boxed elementor-section-height-default elementor-section-height-default\" data-id=\"766a4a89\" data-element_type=\"section\" data-e-type=\"section\">\n\t\t\t\t\t\t<div class=\"elementor-container elementor-column-gap-default\">\n\t\t\t\t\t<div class=\"elementor-column elementor-col-66 elementor-top-column elementor-element elementor-element-741353b6\" data-id=\"741353b6\" data-element_type=\"column\" data-e-type=\"column\">\n\t\t\t<div class=\"elementor-widget-wrap elementor-element-populated\">\n\t\t\t\t\t\t<div class=\"elementor-element elementor-element-34072b5 elementor-widget elementor-widget-text-editor\" data-id=\"34072b5\" data-element_type=\"widget\" data-e-type=\"widget\" data-widget_type=\"text-editor.default\">\n\t\t\t\t<div class=\"elementor-widget-container\">\n\t\t\t\t\t\t\t\t\t<h3><strong>Un hogar cuando la vida se detiene<\/strong><\/h3>\t\t\t\t\t\t\t\t<\/div>\n\t\t\t\t<\/div>\n\t\t\t\t<div class=\"elementor-element elementor-element-fe18ce8 elementor-widget elementor-widget-text-editor\" data-id=\"fe18ce8\" data-element_type=\"widget\" data-e-type=\"widget\" data-widget_type=\"text-editor.default\">\n\t\t\t\t<div class=\"elementor-widget-container\">\n\t\t\t\t\t\t\t\t\t<h3><strong>M\u00e1s de 1.000 familias alojadas en estos primeros 15 a\u00f1os<\/strong><\/h3>\t\t\t\t\t\t\t\t<\/div>\n\t\t\t\t<\/div>\n\t\t\t\t<div class=\"elementor-element elementor-element-fb3348a elementor-widget elementor-widget-text-editor\" data-id=\"fb3348a\" data-element_type=\"widget\" data-e-type=\"widget\" data-widget_type=\"text-editor.default\">\n\t\t\t\t<div class=\"elementor-widget-container\">\n\t\t\t\t\t\t\t\t\t<p>La Casa dels Xuklis se convierte en un hogar cuando la vida se detiene y hace posible que el d\u00eda a d\u00eda contin\u00fae. Hospitales, largos tratamientos y desplazamientos constantes pasan a formar parte del d\u00eda a d\u00eda, y para muchas familias de fuera de Barcelona, \u200b\u200besto significa vivir durante meses lejos de casa. Desde hace quince a\u00f1os, la Casa ofrece una respuesta a esta realidad: un lugar donde dormir, pero sobre todo un espacio en el que sentirse acompa\u00f1ado, sostenido y algo m\u00e1s cerca de la normalidad, en medio de la enfermedad.<\/p><p>Desde 2011, a\u00f1o de su apertura, la Casa ha alojado a m\u00e1s de 1.000 familias de fuera del \u00e1rea metropolitana de Barcelona, \u200b\u200bdel resto del Estado y algunos del extranjero.<\/p>\t\t\t\t\t\t\t\t<\/div>\n\t\t\t\t<\/div>\n\t\t\t\t<div class=\"elementor-element elementor-element-9164ffb elementor-widget elementor-widget-heading\" data-id=\"9164ffb\" data-element_type=\"widget\" data-e-type=\"widget\" data-widget_type=\"heading.default\">\n\t\t\t\t<div class=\"elementor-widget-container\">\n\t\t\t\t\t<h3 class=\"elementor-heading-title elementor-size-default\">C\u00f3mo acceder <span style=\"color: #e17a26\">al recurso <\/span><\/h3>\t\t\t\t<\/div>\n\t\t\t\t<\/div>\n\t\t\t\t<div class=\"elementor-element elementor-element-eaacfc8 elementor-widget elementor-widget-text-editor\" data-id=\"eaacfc8\" data-element_type=\"widget\" data-e-type=\"widget\" data-widget_type=\"text-editor.default\">\n\t\t\t\t<div class=\"elementor-widget-container\">\n\t\t\t\t\t\t\t\t\t<p>El acceso a la Casa dels Xuklis se basa en criterios m\u00e9dicos y sociales, en la necesidad de que la familia est\u00e9 alojada cerca del hospital en Barcelona. Gracias a los convenios con los hospitales referentes, desde AFANOC podemos atender a las familias desde el momento del diagn\u00f3stico y ayudarles en la gesti\u00f3n de las ayudas, siempre en coordinaci\u00f3n con los equipos m\u00e9dicos y trabajadores sociales de los hospitales de referencia.<\/p><p>Cada caso es estudiado de forma individual y los criterios que se siguen son los mismos para las familias de toda Catalu\u00f1a, de fuera del \u00c1rea Metropolitana de Barcelona, \u200b\u200bde las familias que provienen del resto del Estado, las familias extranjeras que vienen v\u00eda Cooperaci\u00f3n Internacional o bien las familias derivadas desde otros hospitales de fuera del Estado.<\/p>\t\t\t\t\t\t\t\t<\/div>\n\t\t\t\t<\/div>\n\t\t\t\t\t<\/div>\n\t\t<\/div>\n\t\t\t\t<div class=\"elementor-column elementor-col-33 elementor-top-column elementor-element elementor-element-a27cdb3\" data-id=\"a27cdb3\" data-element_type=\"column\" data-e-type=\"column\">\n\t\t\t<div class=\"elementor-widget-wrap elementor-element-populated\">\n\t\t\t\t\t\t<div class=\"elementor-element elementor-element-f64e877 elementor-widget elementor-widget-image\" data-id=\"f64e877\" data-element_type=\"widget\" data-e-type=\"widget\" data-widget_type=\"image.default\">\n\t\t\t\t<div class=\"elementor-widget-container\">\n\t\t\t\t\t\t\t\t\t\t\t\t\t\t\t<img decoding=\"async\" width=\"300\" height=\"300\" src=\"https:\/\/afanoc.org\/wp-content\/uploads\/lat-allotjaments-300x300.png\" class=\"attachment-medium size-medium wp-image-42687\" alt=\"Allotjaments\" srcset=\"https:\/\/afanoc.org\/wp-content\/uploads\/lat-allotjaments-300x300.png 300w, https:\/\/afanoc.org\/wp-content\/uploads\/lat-allotjaments-150x150.png 150w, https:\/\/afanoc.org\/wp-content\/uploads\/lat-allotjaments-600x600.png 600w, https:\/\/afanoc.org\/wp-content\/uploads\/lat-allotjaments-100x100.png 100w, https:\/\/afanoc.org\/wp-content\/uploads\/lat-allotjaments.png 663w\" sizes=\"(max-width: 300px) 100vw, 300px\" \/>\t\t\t\t\t\t\t\t\t\t\t\t\t\t\t<\/div>\n\t\t\t\t<\/div>\n\t\t\t\t<div class=\"elementor-element elementor-element-1586dd2 elementor-widget elementor-widget-image\" data-id=\"1586dd2\" data-element_type=\"widget\" data-e-type=\"widget\" data-widget_type=\"image.default\">\n\t\t\t\t<div class=\"elementor-widget-container\">\n\t\t\t\t\t\t\t\t\t\t\t\t\t\t\t<img decoding=\"async\" width=\"291\" height=\"300\" src=\"https:\/\/afanoc.org\/wp-content\/uploads\/apartament-casa-xuklis-afanoc-barcelona-291x300.jpg\" class=\"attachment-medium size-medium wp-image-32609\" alt=\"apartament-casa-xuklis-afanoc-barcelona\" srcset=\"https:\/\/afanoc.org\/wp-content\/uploads\/apartament-casa-xuklis-afanoc-barcelona-291x300.jpg 291w, https:\/\/afanoc.org\/wp-content\/uploads\/apartament-casa-xuklis-afanoc-barcelona-768x793.jpg 768w, https:\/\/afanoc.org\/wp-content\/uploads\/apartament-casa-xuklis-afanoc-barcelona-600x620.jpg 600w, https:\/\/afanoc.org\/wp-content\/uploads\/apartament-casa-xuklis-afanoc-barcelona.jpg 800w\" sizes=\"(max-width: 291px) 100vw, 291px\" \/>\t\t\t\t\t\t\t\t\t\t\t\t\t\t\t<\/div>\n\t\t\t\t<\/div>\n\t\t\t\t\t<\/div>\n\t\t<\/div>\n\t\t\t\t\t<\/div>\n\t\t<\/section>\n\t\t\t\t<\/div>\n\t\t","protected":false},"excerpt":{"rendered":"<p>Alojamiento Un hogar cuando la vida se detiene M\u00e1s de 1.000 familias alojadas en estos primeros 15 a\u00f1os La Casa dels Xuklis se convierte en un hogar cuando la vida se detiene y hace posible que el d\u00eda a d\u00eda contin\u00fae. Hospitales, largos tratamientos y desplazamientos constantes pasan a formar parte del d\u00eda a d\u00eda, [&hellip;]<\/p>\n","protected":false},"author":692,"featured_media":42693,"parent":0,"menu_order":0,"comment_status":"closed","ping_status":"closed","template":"elementor_header_footer","meta":{"site-sidebar-layout":"default","site-content-layout":"","ast-site-content-layout":"default","site-content-style":"default","site-sidebar-style":"default","ast-global-header-display":"","ast-banner-title-visibility":"","ast-main-header-display":"","ast-hfb-above-header-display":"","ast-hfb-below-header-display":"","ast-hfb-mobile-header-display":"","site-post-title":"","ast-breadcrumbs-content":"","ast-featured-img":"","footer-sml-layout":"","theme-transparent-header-meta":"","adv-header-id-meta":"","stick-header-meta":"","header-above-stick-meta":"","header-main-stick-meta":"","header-below-stick-meta":"","astra-migrate-meta-layouts":"default","ast-page-background-enabled":"default","ast-page-background-meta":{"desktop":{"background-color":"var(--ast-global-color-4)","background-image":"","background-repeat":"repeat","background-position":"center center","background-size":"auto","background-attachment":"scroll","background-type":"","background-media":"","overlay-type":"","overlay-color":"","overlay-opacity":"","overlay-gradient":""},"tablet":{"background-color":"","background-image":"","background-repeat":"repeat","background-position":"center center","background-size":"auto","background-attachment":"scroll","background-type":"","background-media":"","overlay-type":"","overlay-color":"","overlay-opacity":"","overlay-gradient":""},"mobile":{"background-color":"","background-image":"","background-repeat":"repeat","background-position":"center center","background-size":"auto","background-attachment":"scroll","background-type":"","background-media":"","overlay-type":"","overlay-color":"","overlay-opacity":"","overlay-gradient":""}},"ast-content-background-meta":{"desktop":{"background-color":"var(--ast-global-color-5)","background-image":"","background-repeat":"repeat","background-position":"center center","background-size":"auto","background-attachment":"scroll","background-type":"","background-media":"","overlay-type":"","overlay-color":"","overlay-opacity":"","overlay-gradient":""},"tablet":{"background-color":"var(--ast-global-color-5)","background-image":"","background-repeat":"repeat","background-position":"center center","background-size":"auto","background-attachment":"scroll","background-type":"","background-media":"","overlay-type":"","overlay-color":"","overlay-opacity":"","overlay-gradient":""},"mobile":{"background-color":"var(--ast-global-color-5)","background-image":"","background-repeat":"repeat","background-position":"center center","background-size":"auto","background-attachment":"scroll","background-type":"","background-media":"","overlay-type":"","overlay-color":"","overlay-opacity":"","overlay-gradient":""}},"footnotes":""},"class_list":["post-43130","page","type-page","status-publish","has-post-thumbnail","hentry"],"publishpress_future_workflow_manual_trigger":{"enabledWorkflows":[]},"_links":{"self":[{"href":"https:\/\/afanoc.org\/es\/wp-json\/wp\/v2\/pages\/43130","targetHints":{"allow":["GET"]}}],"collection":[{"href":"https:\/\/afanoc.org\/es\/wp-json\/wp\/v2\/pages"}],"about":[{"href":"https:\/\/afanoc.org\/es\/wp-json\/wp\/v2\/types\/page"}],"author":[{"embeddable":true,"href":"https:\/\/afanoc.org\/es\/wp-json\/wp\/v2\/users\/692"}],"replies":[{"embeddable":true,"href":"https:\/\/afanoc.org\/es\/wp-json\/wp\/v2\/comments?post=43130"}],"version-history":[{"count":0,"href":"https:\/\/afanoc.org\/es\/wp-json\/wp\/v2\/pages\/43130\/revisions"}],"wp:featuredmedia":[{"embeddable":true,"href":"https:\/\/afanoc.org\/es\/wp-json\/wp\/v2\/media\/42693"}],"wp:attachment":[{"href":"https:\/\/afanoc.org\/es\/wp-json\/wp\/v2\/media?parent=43130"}],"curies":[{"name":"wp","href":"https:\/\/api.w.org\/{rel}","templated":true}]}}