{"id":43129,"date":"2022-06-22T19:06:09","date_gmt":"2022-06-22T17:06:09","guid":{"rendered":"https:\/\/afanoc.org\/xuklis\/"},"modified":"2025-06-26T17:52:28","modified_gmt":"2025-06-26T15:52:28","slug":"xuklis","status":"publish","type":"page","link":"https:\/\/afanoc.org\/es\/xuklis\/","title":{"rendered":"Els Xuklis"},"content":{"rendered":"\t\t<div data-elementor-type=\"wp-page\" data-elementor-id=\"43129\" class=\"elementor elementor-43129 elementor-26384\" data-elementor-post-type=\"page\">\n\t\t\t\t<div class=\"elementor-element elementor-element-0e8ea46 e-flex e-con-boxed e-con e-parent\" data-id=\"0e8ea46\" data-element_type=\"container\" data-e-type=\"container\" data-settings=\"{&quot;background_background&quot;:&quot;classic&quot;}\">\n\t\t\t\t\t<div class=\"e-con-inner\">\n\t\t\t\t\t<\/div>\n\t\t\t\t<\/div>\n\t\t\t\t<section class=\"elementor-section elementor-top-section elementor-element elementor-element-7643d3af elementor-section-boxed elementor-section-height-default elementor-section-height-default\" data-id=\"7643d3af\" data-element_type=\"section\" data-e-type=\"section\">\n\t\t\t\t\t\t<div class=\"elementor-container elementor-column-gap-default\">\n\t\t\t\t\t<div class=\"elementor-column elementor-col-100 elementor-top-column elementor-element elementor-element-656f1bb7\" data-id=\"656f1bb7\" data-element_type=\"column\" data-e-type=\"column\">\n\t\t\t<div class=\"elementor-widget-wrap elementor-element-populated\">\n\t\t\t\t\t\t<div class=\"elementor-element elementor-element-540b4105 elementor-widget elementor-widget-woocommerce-breadcrumb\" data-id=\"540b4105\" data-element_type=\"widget\" data-e-type=\"widget\" data-widget_type=\"woocommerce-breadcrumb.default\">\n\t\t\t\t<div class=\"elementor-widget-container\">\n\t\t\t\t\t<nav class=\"woocommerce-breadcrumb\" aria-label=\"Breadcrumb\">Inicio<\/nav>\t\t\t\t<\/div>\n\t\t\t\t<\/div>\n\t\t\t\t<div class=\"elementor-element elementor-element-1ae36e3 elementor-widget elementor-widget-heading\" data-id=\"1ae36e3\" data-element_type=\"widget\" data-e-type=\"widget\" data-widget_type=\"heading.default\">\n\t\t\t\t<div class=\"elementor-widget-container\">\n\t\t\t\t\t<h1 class=\"elementor-heading-title elementor-size-default\">Els <span style=\"color: #e17a26\">Xuklis<\/span><\/h1>\t\t\t\t<\/div>\n\t\t\t\t<\/div>\n\t\t\t\t\t<\/div>\n\t\t<\/div>\n\t\t\t\t\t<\/div>\n\t\t<\/section>\n\t\t\t\t<section class=\"elementor-section elementor-top-section elementor-element elementor-element-766a4a89 elementor-section-boxed elementor-section-height-default elementor-section-height-default\" data-id=\"766a4a89\" data-element_type=\"section\" data-e-type=\"section\">\n\t\t\t\t\t\t<div class=\"elementor-container elementor-column-gap-default\">\n\t\t\t\t\t<div class=\"elementor-column elementor-col-50 elementor-top-column elementor-element elementor-element-741353b6\" data-id=\"741353b6\" data-element_type=\"column\" data-e-type=\"column\">\n\t\t\t<div class=\"elementor-widget-wrap elementor-element-populated\">\n\t\t\t\t\t\t<div class=\"elementor-element elementor-element-bd66712 elementor-widget elementor-widget-heading\" data-id=\"bd66712\" data-element_type=\"widget\" data-e-type=\"widget\" data-widget_type=\"heading.default\">\n\t\t\t\t<div class=\"elementor-widget-container\">\n\t\t\t\t\t<h3 class=\"elementor-heading-title elementor-size-default\">Un concepto de acompa\u00f1amiento hecho realidad<\/h3>\t\t\t\t<\/div>\n\t\t\t\t<\/div>\n\t\t\t\t<div class=\"elementor-element elementor-element-fb3348a elementor-widget elementor-widget-text-editor\" data-id=\"fb3348a\" data-element_type=\"widget\" data-e-type=\"widget\" data-widget_type=\"text-editor.default\">\n\t\t\t\t<div class=\"elementor-widget-container\">\n\t\t\t\t\t\t\t\t\t<p><strong>Un concepto de acompa\u00f1amiento por los m\u00e1s peque\u00f1os.<\/strong><\/p><p>Un Xukli es un ser que absorbe. Aspira, transforma e incluso hace desaparecer todos los malos rollos. \u00a1Le encantan! Especialmente los que aparentemente cuestan ver. Los absorbe, los digiere y los transforma en buen rollo gracias a un proceso viral y desconocido.<\/p><p>Los Xuklis son muy limpios y viven en sitios muy limpios. Por eso, no sorprende encontrarlos en los hospitales donde la exigencia de limpieza es muy alta y donde los miedos est\u00e1n presentes entre los ni\u00f1os, ni\u00f1as y sus familias. Especialmente, las que aparecen a causa de la enfermedad del c\u00e1ncer.<\/p><p>Cuando AFANOC los conoci\u00f3 decidi\u00f3 hacerles una casa para que pudieran vivir y acompa\u00f1aran a las familias en este proceso, por eso no es extra\u00f1o que hayan desarrollado una mano en la cabeza, \u00a1de tantas manos que dan!<br \/><br \/>Aunque su nombre viene de chupar, Xukli se escribe con \u201cK\u201d porque seg\u00fan uno de los alfabetos m\u00e1s ancestrales, \u00a1K significa mano!<\/p>\t\t\t\t\t\t\t\t<\/div>\n\t\t\t\t<\/div>\n\t\t\t\t<div class=\"elementor-element elementor-element-7f975e1 elementor-widget elementor-widget-image\" data-id=\"7f975e1\" data-element_type=\"widget\" data-e-type=\"widget\" data-widget_type=\"image.default\">\n\t\t\t\t<div class=\"elementor-widget-container\">\n\t\t\t\t\t\t\t\t\t\t\t\t\t\t\t<img decoding=\"async\" width=\"947\" height=\"368\" src=\"https:\/\/afanoc.org\/wp-content\/uploads\/Xuklis-ma.jpg\" class=\"attachment-large size-large wp-image-72046\" alt=\"\" srcset=\"https:\/\/afanoc.org\/wp-content\/uploads\/Xuklis-ma.jpg 947w, https:\/\/afanoc.org\/wp-content\/uploads\/Xuklis-ma-320x124.jpg 320w, https:\/\/afanoc.org\/wp-content\/uploads\/Xuklis-ma-150x58.jpg 150w, https:\/\/afanoc.org\/wp-content\/uploads\/Xuklis-ma-768x298.jpg 768w, https:\/\/afanoc.org\/wp-content\/uploads\/Xuklis-ma-600x233.jpg 600w\" sizes=\"(max-width: 947px) 100vw, 947px\" \/>\t\t\t\t\t\t\t\t\t\t\t\t\t\t\t<\/div>\n\t\t\t\t<\/div>\n\t\t\t\t<div class=\"elementor-element elementor-element-b5faa90 elementor-widget elementor-widget-text-editor\" data-id=\"b5faa90\" data-element_type=\"widget\" data-e-type=\"widget\" data-widget_type=\"text-editor.default\">\n\t\t\t\t<div class=\"elementor-widget-container\">\n\t\t\t\t\t\t\t\t\t<p>Los Xuklis son tan antiguos como la humanidad y, si quer\u00e9is saber m\u00e1s, en las p\u00e1ginas de este libro, descubrir\u00e1n su aut\u00e9ntico origen, su cultura y la incre\u00edble historia de lo que ha supuesto su hallazgo.<\/p>\t\t\t\t\t\t\t\t<\/div>\n\t\t\t\t<\/div>\n\t\t\t\t\t<\/div>\n\t\t<\/div>\n\t\t\t\t<div class=\"elementor-column elementor-col-50 elementor-top-column elementor-element elementor-element-0a49fc6\" data-id=\"0a49fc6\" data-element_type=\"column\" data-e-type=\"column\">\n\t\t\t<div class=\"elementor-widget-wrap elementor-element-populated\">\n\t\t\t\t\t\t<div class=\"elementor-element elementor-element-2ce3109 elementor-widget elementor-widget-image\" data-id=\"2ce3109\" data-element_type=\"widget\" data-e-type=\"widget\" data-widget_type=\"image.default\">\n\t\t\t\t<div class=\"elementor-widget-container\">\n\t\t\t\t\t\t\t\t\t\t\t\t\t\t\t<img decoding=\"async\" width=\"804\" height=\"1024\" src=\"https:\/\/afanoc.org\/wp-content\/uploads\/Xuklis-llibre-804x1024.jpg\" class=\"attachment-large size-large wp-image-72052\" alt=\"El conte dels Xuklis\" srcset=\"https:\/\/afanoc.org\/wp-content\/uploads\/Xuklis-llibre-804x1024.jpg 804w, https:\/\/afanoc.org\/wp-content\/uploads\/Xuklis-llibre-251x320.jpg 251w, https:\/\/afanoc.org\/wp-content\/uploads\/Xuklis-llibre-118x150.jpg 118w, https:\/\/afanoc.org\/wp-content\/uploads\/Xuklis-llibre-768x978.jpg 768w, https:\/\/afanoc.org\/wp-content\/uploads\/Xuklis-llibre-1206x1536.jpg 1206w, https:\/\/afanoc.org\/wp-content\/uploads\/Xuklis-llibre-1608x2048.jpg 1608w, https:\/\/afanoc.org\/wp-content\/uploads\/Xuklis-llibre-600x764.jpg 600w, https:\/\/afanoc.org\/wp-content\/uploads\/Xuklis-llibre-scaled.jpg 2009w\" sizes=\"(max-width: 804px) 100vw, 804px\" \/>\t\t\t\t\t\t\t\t\t\t\t\t\t\t\t<\/div>\n\t\t\t\t<\/div>\n\t\t\t\t<div class=\"elementor-element elementor-element-7f60621 elementor-widget elementor-widget-spacer\" data-id=\"7f60621\" data-element_type=\"widget\" data-e-type=\"widget\" data-widget_type=\"spacer.default\">\n\t\t\t\t<div class=\"elementor-widget-container\">\n\t\t\t\t\t\t\t<div class=\"elementor-spacer\">\n\t\t\t<div class=\"elementor-spacer-inner\"><\/div>\n\t\t<\/div>\n\t\t\t\t\t\t<\/div>\n\t\t\t\t<\/div>\n\t\t\t\t<div class=\"elementor-element elementor-element-83b3a09 elementor-align-center elementor-widget elementor-widget-button\" data-id=\"83b3a09\" data-element_type=\"widget\" data-e-type=\"widget\" data-widget_type=\"button.default\">\n\t\t\t\t<div class=\"elementor-widget-container\">\n\t\t\t\t\t\t\t\t\t<div class=\"elementor-button-wrapper\">\n\t\t\t\t\t<a class=\"elementor-button elementor-button-link elementor-size-sm\" href=\"https:\/\/afanoc.org\/es\/tienda-solidaria\/el-gran-libro-de-los-xuklis\/\">\n\t\t\t\t\t\t<span class=\"elementor-button-content-wrapper\">\n\t\t\t\t\t\t\t\t\t<span class=\"elementor-button-text\">Compra tu libro de los Xuklis<\/span>\n\t\t\t\t\t<\/span>\n\t\t\t\t\t<\/a>\n\t\t\t\t<\/div>\n\t\t\t\t\t\t\t\t<\/div>\n\t\t\t\t<\/div>\n\t\t\t\t\t<\/div>\n\t\t<\/div>\n\t\t\t\t\t<\/div>\n\t\t<\/section>\n\t\t\t\t<\/div>\n\t\t","protected":false},"excerpt":{"rendered":"<p>Els Xuklis Un concepto de acompa\u00f1amiento hecho realidad Un concepto de acompa\u00f1amiento por los m\u00e1s peque\u00f1os. Un Xukli es un ser que absorbe. Aspira, transforma e incluso hace desaparecer todos los malos rollos. \u00a1Le encantan! Especialmente los que aparentemente cuestan ver. Los absorbe, los digiere y los transforma en buen rollo gracias a un proceso [&hellip;]<\/p>\n","protected":false},"author":692,"featured_media":42705,"parent":0,"menu_order":0,"comment_status":"closed","ping_status":"closed","template":"elementor_header_footer","meta":{"site-sidebar-layout":"default","site-content-layout":"","ast-site-content-layout":"default","site-content-style":"default","site-sidebar-style":"default","ast-global-header-display":"","ast-banner-title-visibility":"","ast-main-header-display":"","ast-hfb-above-header-display":"","ast-hfb-below-header-display":"","ast-hfb-mobile-header-display":"","site-post-title":"","ast-breadcrumbs-content":"","ast-featured-img":"","footer-sml-layout":"","theme-transparent-header-meta":"","adv-header-id-meta":"","stick-header-meta":"","header-above-stick-meta":"","header-main-stick-meta":"","header-below-stick-meta":"","astra-migrate-meta-layouts":"default","ast-page-background-enabled":"default","ast-page-background-meta":{"desktop":{"background-color":"var(--ast-global-color-4)","background-image":"","background-repeat":"repeat","background-position":"center center","background-size":"auto","background-attachment":"scroll","background-type":"","background-media":"","overlay-type":"","overlay-color":"","overlay-opacity":"","overlay-gradient":""},"tablet":{"background-color":"","background-image":"","background-repeat":"repeat","background-position":"center center","background-size":"auto","background-attachment":"scroll","background-type":"","background-media":"","overlay-type":"","overlay-color":"","overlay-opacity":"","overlay-gradient":""},"mobile":{"background-color":"","background-image":"","background-repeat":"repeat","background-position":"center center","background-size":"auto","background-attachment":"scroll","background-type":"","background-media":"","overlay-type":"","overlay-color":"","overlay-opacity":"","overlay-gradient":""}},"ast-content-background-meta":{"desktop":{"background-color":"var(--ast-global-color-5)","background-image":"","background-repeat":"repeat","background-position":"center center","background-size":"auto","background-attachment":"scroll","background-type":"","background-media":"","overlay-type":"","overlay-color":"","overlay-opacity":"","overlay-gradient":""},"tablet":{"background-color":"var(--ast-global-color-5)","background-image":"","background-repeat":"repeat","background-position":"center center","background-size":"auto","background-attachment":"scroll","background-type":"","background-media":"","overlay-type":"","overlay-color":"","overlay-opacity":"","overlay-gradient":""},"mobile":{"background-color":"var(--ast-global-color-5)","background-image":"","background-repeat":"repeat","background-position":"center center","background-size":"auto","background-attachment":"scroll","background-type":"","background-media":"","overlay-type":"","overlay-color":"","overlay-opacity":"","overlay-gradient":""}},"footnotes":""},"class_list":["post-43129","page","type-page","status-publish","has-post-thumbnail","hentry"],"publishpress_future_workflow_manual_trigger":{"enabledWorkflows":[]},"_links":{"self":[{"href":"https:\/\/afanoc.org\/es\/wp-json\/wp\/v2\/pages\/43129","targetHints":{"allow":["GET"]}}],"collection":[{"href":"https:\/\/afanoc.org\/es\/wp-json\/wp\/v2\/pages"}],"about":[{"href":"https:\/\/afanoc.org\/es\/wp-json\/wp\/v2\/types\/page"}],"author":[{"embeddable":true,"href":"https:\/\/afanoc.org\/es\/wp-json\/wp\/v2\/users\/692"}],"replies":[{"embeddable":true,"href":"https:\/\/afanoc.org\/es\/wp-json\/wp\/v2\/comments?post=43129"}],"version-history":[{"count":0,"href":"https:\/\/afanoc.org\/es\/wp-json\/wp\/v2\/pages\/43129\/revisions"}],"wp:featuredmedia":[{"embeddable":true,"href":"https:\/\/afanoc.org\/es\/wp-json\/wp\/v2\/media\/42705"}],"wp:attachment":[{"href":"https:\/\/afanoc.org\/es\/wp-json\/wp\/v2\/media?parent=43129"}],"curies":[{"name":"wp","href":"https:\/\/api.w.org\/{rel}","templated":true}]}}