{"id":43116,"date":"2022-06-16T16:12:04","date_gmt":"2022-06-16T14:12:04","guid":{"rendered":"https:\/\/afanoc.org\/grup-de-joves\/"},"modified":"2025-12-04T13:07:23","modified_gmt":"2025-12-04T11:07:23","slug":"grupo-de-jovenes","status":"publish","type":"page","link":"https:\/\/afanoc.org\/es\/grupo-de-jovenes\/","title":{"rendered":"Grupo de j\u00f3venes"},"content":{"rendered":"\t\t<div data-elementor-type=\"wp-page\" data-elementor-id=\"43116\" class=\"elementor elementor-43116 elementor-25636\" data-elementor-post-type=\"page\">\n\t\t\t\t<div class=\"elementor-element elementor-element-8a9475d e-flex e-con-boxed e-con e-parent\" data-id=\"8a9475d\" data-element_type=\"container\" data-e-type=\"container\" data-settings=\"{&quot;background_background&quot;:&quot;classic&quot;}\">\n\t\t\t\t\t<div class=\"e-con-inner\">\n\t\t\t\t\t<\/div>\n\t\t\t\t<\/div>\n\t\t<div class=\"elementor-element elementor-element-ed00004 e-flex e-con-boxed e-con e-parent\" data-id=\"ed00004\" data-element_type=\"container\" data-e-type=\"container\">\n\t\t\t\t\t<div class=\"e-con-inner\">\n\t\t\t\t<div class=\"elementor-element elementor-element-34b372b elementor-widget elementor-widget-woocommerce-breadcrumb\" data-id=\"34b372b\" data-element_type=\"widget\" data-e-type=\"widget\" data-widget_type=\"woocommerce-breadcrumb.default\">\n\t\t\t\t<div class=\"elementor-widget-container\">\n\t\t\t\t\t<nav class=\"woocommerce-breadcrumb\" aria-label=\"Breadcrumb\">Inicio<\/nav>\t\t\t\t<\/div>\n\t\t\t\t<\/div>\n\t\t\t\t<div class=\"elementor-element elementor-element-05be43c elementor-widget elementor-widget-heading\" data-id=\"05be43c\" data-element_type=\"widget\" data-e-type=\"widget\" data-widget_type=\"heading.default\">\n\t\t\t\t<div class=\"elementor-widget-container\">\n\t\t\t\t\t<h2 class=\"elementor-heading-title elementor-size-default\">Acompa\u00f1amos <span style=\"color: #e17a26\">a los j\u00f3venes <\/span><\/h2>\t\t\t\t<\/div>\n\t\t\t\t<\/div>\n\t\t\t\t<div class=\"elementor-element elementor-element-be418b7 elementor-widget elementor-widget-spacer\" data-id=\"be418b7\" data-element_type=\"widget\" data-e-type=\"widget\" data-widget_type=\"spacer.default\">\n\t\t\t\t<div class=\"elementor-widget-container\">\n\t\t\t\t\t\t\t<div class=\"elementor-spacer\">\n\t\t\t<div class=\"elementor-spacer-inner\"><\/div>\n\t\t<\/div>\n\t\t\t\t\t\t<\/div>\n\t\t\t\t<\/div>\n\t\t\t\t<div class=\"elementor-element elementor-element-c554f5c elementor-widget elementor-widget-text-editor\" data-id=\"c554f5c\" data-element_type=\"widget\" data-e-type=\"widget\" data-widget_type=\"text-editor.default\">\n\t\t\t\t<div class=\"elementor-widget-container\">\n\t\t\t\t\t\t\t\t\t<p>El proyecto de acompa\u00f1amiento a los j\u00f3venes de AFANOC nace con la voluntad de ofrecer un espacio propio para chicos y chicas que han vivido de cerca la realidad del c\u00e1ncer, ya sea en primera persona o como hermanos y hermanas. Es un proyecto que propicia el encuentro, la convivencia y el crecimiento personal a trav\u00e9s de actividades l\u00fadicas, educativas y de participaci\u00f3n social adaptadas a sus intereses y necesidades.<\/p><p>Grupos que ofrecemos:<\/p><ul><li><strong>Grupo de Adolescentes<\/strong> (de 12 a 16 a\u00f1os) y <strong>Grupo de J\u00f3venes<\/strong> (de 17 a 21 a\u00f1os)<\/li><\/ul><p>Los encuentros son peri\u00f3dicos e incluyen salidas, talleres, juegos, espacios de reflexi\u00f3n y actividades al aire libre. Siempre cuentan con el acompa\u00f1amiento de los t\u00e9cnicos y el voluntariado de AFANOC.<\/p><p>Una vez al a\u00f1o, se organiza el fin de semana joven, un espacio de convivencia y reflexi\u00f3n abierto a los componentes del Grupo de J\u00f3venes. Cuando llega el verano, se organizan las colonias para ni\u00f1os y adolescentes hasta los 16 a\u00f1os y estancias de j\u00f3venes, para los j\u00f3venes que participan activamente en el Grupo de J\u00f3venes.<\/p><ul><li><strong>\u00a0J\u00f3venes +21 a\u00f1os<\/strong><\/li><\/ul><p>Esta propuesta, gestionada por los mismos j\u00f3venes mayores de 21 a\u00f1os, es una oportunidad para mantener el v\u00ednculo con AFANOC y participar en encuentros puntuales de reflexi\u00f3n y di\u00e1logo.<\/p><ul><li><strong>Grupo \u2018Kamaleonix\u2019 <\/strong><\/li><\/ul><p>Est\u00e1 formado por j\u00f3venes que han pasado por un proceso oncol\u00f3gico en la infancia o adolescencia y que ya no est\u00e1n en tratamiento activo, pero que se encuentran con el objetivo de mejorar las carencias o necesidades m\u00e9dicas, sociales, acad\u00e9micas, laborales o legales que se han encontrado a lo largo del proceso, en coordinaci\u00f3n con otros grupos a nivel estatal y europeo.<\/p>\t\t\t\t\t\t\t\t<\/div>\n\t\t\t\t<\/div>\n\t\t\t\t<div class=\"elementor-element elementor-element-e5b63a6 elementor-widget-divider--view-line elementor-widget elementor-widget-divider\" data-id=\"e5b63a6\" data-element_type=\"widget\" data-e-type=\"widget\" data-widget_type=\"divider.default\">\n\t\t\t\t<div class=\"elementor-widget-container\">\n\t\t\t\t\t\t\t<div class=\"elementor-divider\">\n\t\t\t<span class=\"elementor-divider-separator\">\n\t\t\t\t\t\t<\/span>\n\t\t<\/div>\n\t\t\t\t\t\t<\/div>\n\t\t\t\t<\/div>\n\t\t\t\t\t<\/div>\n\t\t\t\t<\/div>\n\t\t<div class=\"elementor-element elementor-element-a2ab47e e-flex e-con-boxed e-con e-parent\" data-id=\"a2ab47e\" data-element_type=\"container\" data-e-type=\"container\">\n\t\t\t\t\t<div class=\"e-con-inner\">\n\t\t\t\t<div class=\"elementor-element elementor-element-603eb4e elementor-widget elementor-widget-heading\" data-id=\"603eb4e\" data-element_type=\"widget\" data-e-type=\"widget\" data-widget_type=\"heading.default\">\n\t\t\t\t<div class=\"elementor-widget-container\">\n\t\t\t\t\t<h2 class=\"elementor-heading-title elementor-size-default\">Participa<\/h2>\t\t\t\t<\/div>\n\t\t\t\t<\/div>\n\t\t\t\t\t<\/div>\n\t\t\t\t<\/div>\n\t\t<div class=\"elementor-element elementor-element-e708943 e-flex e-con-boxed e-con e-parent\" data-id=\"e708943\" data-element_type=\"container\" data-e-type=\"container\">\n\t\t\t\t\t<div class=\"e-con-inner\">\n\t\t\t\t<div class=\"elementor-element elementor-element-9120e6a elementor-widget elementor-widget-text-editor\" data-id=\"9120e6a\" data-element_type=\"widget\" data-e-type=\"widget\" data-widget_type=\"text-editor.default\">\n\t\t\t\t<div class=\"elementor-widget-container\">\n\t\t\t\t\t\t\t\t\t<p>Contacta con tu sede de referencia (Barcelona, Tarragona, Lleida y Girona) y te explicaremos m\u00e1s detalles.<\/p>\t\t\t\t\t\t\t\t<\/div>\n\t\t\t\t<\/div>\n\t\t\t\t<div class=\"elementor-element elementor-element-15f70a0 elementor-button-danger elementor-widget elementor-widget-button\" data-id=\"15f70a0\" data-element_type=\"widget\" data-e-type=\"widget\" data-widget_type=\"button.default\">\n\t\t\t\t<div class=\"elementor-widget-container\">\n\t\t\t\t\t\t\t\t\t<div class=\"elementor-button-wrapper\">\n\t\t\t\t\t<a class=\"elementor-button elementor-button-link elementor-size-sm\" href=\"https:\/\/afanoc.org\/es\/sedes\/\">\n\t\t\t\t\t\t<span class=\"elementor-button-content-wrapper\">\n\t\t\t\t\t\t\t\t\t<span class=\"elementor-button-text\">Contacta con las Sedes<\/span>\n\t\t\t\t\t<\/span>\n\t\t\t\t\t<\/a>\n\t\t\t\t<\/div>\n\t\t\t\t\t\t\t\t<\/div>\n\t\t\t\t<\/div>\n\t\t\t\t\t<\/div>\n\t\t\t\t<\/div>\n\t\t<div class=\"elementor-element elementor-element-d84ae4b e-flex e-con-boxed e-con e-parent\" data-id=\"d84ae4b\" data-element_type=\"container\" data-e-type=\"container\">\n\t\t\t\t\t<div class=\"e-con-inner\">\n\t\t\t\t<div class=\"elementor-element elementor-element-ee92342 elementor-widget-divider--view-line elementor-widget elementor-widget-divider\" data-id=\"ee92342\" data-element_type=\"widget\" data-e-type=\"widget\" data-widget_type=\"divider.default\">\n\t\t\t\t<div class=\"elementor-widget-container\">\n\t\t\t\t\t\t\t<div class=\"elementor-divider\">\n\t\t\t<span class=\"elementor-divider-separator\">\n\t\t\t\t\t\t<\/span>\n\t\t<\/div>\n\t\t\t\t\t\t<\/div>\n\t\t\t\t<\/div>\n\t\t\t\t\t<\/div>\n\t\t\t\t<\/div>\n\t\t<div class=\"elementor-element elementor-element-bfebbc4 e-flex e-con-boxed e-con e-parent\" data-id=\"bfebbc4\" data-element_type=\"container\" data-e-type=\"container\">\n\t\t\t\t\t<div class=\"e-con-inner\">\n\t\t\t\t<div class=\"elementor-element elementor-element-7aeb477 elementor-widget elementor-widget-image\" data-id=\"7aeb477\" data-element_type=\"widget\" data-e-type=\"widget\" data-widget_type=\"image.default\">\n\t\t\t\t<div class=\"elementor-widget-container\">\n\t\t\t\t\t\t\t\t\t\t\t\t\t\t\t<img decoding=\"async\" width=\"1024\" height=\"768\" src=\"https:\/\/afanoc.org\/wp-content\/uploads\/foto-grup-1024x768.jpg\" class=\"attachment-large size-large wp-image-74849\" alt=\"El Grup de Joves de l&#039;Afanoc\" srcset=\"https:\/\/afanoc.org\/wp-content\/uploads\/foto-grup-1024x768.jpg 1024w, https:\/\/afanoc.org\/wp-content\/uploads\/foto-grup-320x240.jpg 320w, https:\/\/afanoc.org\/wp-content\/uploads\/foto-grup-150x113.jpg 150w, https:\/\/afanoc.org\/wp-content\/uploads\/foto-grup-768x576.jpg 768w, https:\/\/afanoc.org\/wp-content\/uploads\/foto-grup-1536x1152.jpg 1536w, https:\/\/afanoc.org\/wp-content\/uploads\/foto-grup-2048x1536.jpg 2048w, https:\/\/afanoc.org\/wp-content\/uploads\/foto-grup-600x450.jpg 600w\" sizes=\"(max-width: 1024px) 100vw, 1024px\" \/>\t\t\t\t\t\t\t\t\t\t\t\t\t\t\t<\/div>\n\t\t\t\t<\/div>\n\t\t\t\t\t<\/div>\n\t\t\t\t<\/div>\n\t\t\t\t<\/div>\n\t\t","protected":false},"excerpt":{"rendered":"<p>Acompa\u00f1amos a los j\u00f3venes El proyecto de acompa\u00f1amiento a los j\u00f3venes de AFANOC nace con la voluntad de ofrecer un espacio propio para chicos y chicas que han vivido de cerca la realidad del c\u00e1ncer, ya sea en primera persona o como hermanos y hermanas. Es un proyecto que propicia el encuentro, la convivencia y [&hellip;]<\/p>\n","protected":false},"author":692,"featured_media":32853,"parent":0,"menu_order":0,"comment_status":"closed","ping_status":"closed","template":"elementor_header_footer","meta":{"site-sidebar-layout":"default","site-content-layout":"","ast-site-content-layout":"default","site-content-style":"default","site-sidebar-style":"default","ast-global-header-display":"","ast-banner-title-visibility":"","ast-main-header-display":"","ast-hfb-above-header-display":"","ast-hfb-below-header-display":"","ast-hfb-mobile-header-display":"","site-post-title":"","ast-breadcrumbs-content":"","ast-featured-img":"","footer-sml-layout":"","theme-transparent-header-meta":"","adv-header-id-meta":"","stick-header-meta":"","header-above-stick-meta":"","header-main-stick-meta":"","header-below-stick-meta":"","astra-migrate-meta-layouts":"default","ast-page-background-enabled":"default","ast-page-background-meta":{"desktop":{"background-color":"var(--ast-global-color-4)","background-image":"","background-repeat":"repeat","background-position":"center center","background-size":"auto","background-attachment":"scroll","background-type":"","background-media":"","overlay-type":"","overlay-color":"","overlay-opacity":"","overlay-gradient":""},"tablet":{"background-color":"","background-image":"","background-repeat":"repeat","background-position":"center center","background-size":"auto","background-attachment":"scroll","background-type":"","background-media":"","overlay-type":"","overlay-color":"","overlay-opacity":"","overlay-gradient":""},"mobile":{"background-color":"","background-image":"","background-repeat":"repeat","background-position":"center center","background-size":"auto","background-attachment":"scroll","background-type":"","background-media":"","overlay-type":"","overlay-color":"","overlay-opacity":"","overlay-gradient":""}},"ast-content-background-meta":{"desktop":{"background-color":"var(--ast-global-color-5)","background-image":"","background-repeat":"repeat","background-position":"center center","background-size":"auto","background-attachment":"scroll","background-type":"","background-media":"","overlay-type":"","overlay-color":"","overlay-opacity":"","overlay-gradient":""},"tablet":{"background-color":"var(--ast-global-color-5)","background-image":"","background-repeat":"repeat","background-position":"center center","background-size":"auto","background-attachment":"scroll","background-type":"","background-media":"","overlay-type":"","overlay-color":"","overlay-opacity":"","overlay-gradient":""},"mobile":{"background-color":"var(--ast-global-color-5)","background-image":"","background-repeat":"repeat","background-position":"center center","background-size":"auto","background-attachment":"scroll","background-type":"","background-media":"","overlay-type":"","overlay-color":"","overlay-opacity":"","overlay-gradient":""}},"footnotes":""},"class_list":["post-43116","page","type-page","status-publish","has-post-thumbnail","hentry"],"publishpress_future_workflow_manual_trigger":{"enabledWorkflows":[]},"_links":{"self":[{"href":"https:\/\/afanoc.org\/es\/wp-json\/wp\/v2\/pages\/43116","targetHints":{"allow":["GET"]}}],"collection":[{"href":"https:\/\/afanoc.org\/es\/wp-json\/wp\/v2\/pages"}],"about":[{"href":"https:\/\/afanoc.org\/es\/wp-json\/wp\/v2\/types\/page"}],"author":[{"embeddable":true,"href":"https:\/\/afanoc.org\/es\/wp-json\/wp\/v2\/users\/692"}],"replies":[{"embeddable":true,"href":"https:\/\/afanoc.org\/es\/wp-json\/wp\/v2\/comments?post=43116"}],"version-history":[{"count":0,"href":"https:\/\/afanoc.org\/es\/wp-json\/wp\/v2\/pages\/43116\/revisions"}],"wp:featuredmedia":[{"embeddable":true,"href":"https:\/\/afanoc.org\/es\/wp-json\/wp\/v2\/media\/32853"}],"wp:attachment":[{"href":"https:\/\/afanoc.org\/es\/wp-json\/wp\/v2\/media?parent=43116"}],"curies":[{"name":"wp","href":"https:\/\/api.w.org\/{rel}","templated":true}]}}