{"id":43111,"date":"2022-09-19T08:03:38","date_gmt":"2022-09-19T08:03:38","guid":{"rendered":"https:\/\/afanoc.org\/humanitzacio-hospitalaria\/"},"modified":"2024-07-23T14:42:21","modified_gmt":"2024-07-23T14:42:21","slug":"humanitzacion-hospitalaria","status":"publish","type":"page","link":"https:\/\/afanoc.org\/es\/humanitzacion-hospitalaria\/","title":{"rendered":"Humanizaci\u00f3n hospitalaria"},"content":{"rendered":"\t\t<div data-elementor-type=\"wp-page\" data-elementor-id=\"43111\" class=\"elementor elementor-43111 elementor-42031\" data-elementor-post-type=\"page\">\n\t\t\t\t<div class=\"elementor-element elementor-element-88b44e8 e-flex e-con-boxed e-con e-parent\" data-id=\"88b44e8\" data-element_type=\"container\" data-e-type=\"container\" data-settings=\"{&quot;background_background&quot;:&quot;classic&quot;}\">\n\t\t\t\t\t<div class=\"e-con-inner\">\n\t\t\t\t\t<\/div>\n\t\t\t\t<\/div>\n\t\t\t\t<section class=\"elementor-section elementor-top-section elementor-element elementor-element-1377326b elementor-section-boxed elementor-section-height-default elementor-section-height-default\" data-id=\"1377326b\" data-element_type=\"section\" data-e-type=\"section\">\n\t\t\t\t\t\t<div class=\"elementor-container elementor-column-gap-default\">\n\t\t\t\t\t<div class=\"elementor-column elementor-col-100 elementor-top-column elementor-element elementor-element-1bf7209b\" data-id=\"1bf7209b\" data-element_type=\"column\" data-e-type=\"column\">\n\t\t\t<div class=\"elementor-widget-wrap elementor-element-populated\">\n\t\t\t\t\t\t<div class=\"elementor-element elementor-element-13c6fbe6 elementor-widget elementor-widget-woocommerce-breadcrumb\" data-id=\"13c6fbe6\" data-element_type=\"widget\" data-e-type=\"widget\" data-widget_type=\"woocommerce-breadcrumb.default\">\n\t\t\t\t<div class=\"elementor-widget-container\">\n\t\t\t\t\t<nav class=\"woocommerce-breadcrumb\" aria-label=\"Breadcrumb\">Inicio<\/nav>\t\t\t\t<\/div>\n\t\t\t\t<\/div>\n\t\t\t\t<div class=\"elementor-element elementor-element-ec0fd28 elementor-widget elementor-widget-heading\" data-id=\"ec0fd28\" data-element_type=\"widget\" data-e-type=\"widget\" data-widget_type=\"heading.default\">\n\t\t\t\t<div class=\"elementor-widget-container\">\n\t\t\t\t\t<h1 class=\"elementor-heading-title elementor-size-default\">Hospitales <span style=\"color: #e17a26\">m\u00e1s humanos<\/span><\/h1>\t\t\t\t<\/div>\n\t\t\t\t<\/div>\n\t\t\t\t\t<\/div>\n\t\t<\/div>\n\t\t\t\t\t<\/div>\n\t\t<\/section>\n\t\t\t\t<section class=\"elementor-section elementor-top-section elementor-element elementor-element-73e5db03 elementor-section-boxed elementor-section-height-default elementor-section-height-default\" data-id=\"73e5db03\" data-element_type=\"section\" data-e-type=\"section\">\n\t\t\t\t\t\t<div class=\"elementor-container elementor-column-gap-default\">\n\t\t\t\t\t<div class=\"elementor-column elementor-col-66 elementor-top-column elementor-element elementor-element-6d26e6ca\" data-id=\"6d26e6ca\" data-element_type=\"column\" data-e-type=\"column\">\n\t\t\t<div class=\"elementor-widget-wrap elementor-element-populated\">\n\t\t\t\t\t\t<div class=\"elementor-element elementor-element-ba1577e elementor-widget elementor-widget-text-editor\" data-id=\"ba1577e\" data-element_type=\"widget\" data-e-type=\"widget\" data-widget_type=\"text-editor.default\">\n\t\t\t\t<div class=\"elementor-widget-container\">\n\t\t\t\t\t\t\t\t\t<h3>Hospitales m\u00e1s humanos. Crear entornos que favorezcan una sensaci\u00f3n de bienestar resulta absolutamente indispensable<\/h3>\n\t\t\t\t\t\t\t\t<\/div>\n\t\t\t\t<\/div>\n\t\t\t\t<div class=\"elementor-element elementor-element-1403c223 elementor-widget elementor-widget-text-editor\" data-id=\"1403c223\" data-element_type=\"widget\" data-e-type=\"widget\" data-widget_type=\"text-editor.default\">\n\t\t\t\t<div class=\"elementor-widget-container\">\n\t\t\t\t\t\t\t\t\t<p>Desde AFANOC consideramos que es fundamental <strong>mantener un contacto directo<\/strong> con los ni\u00f1os y adolescentes y sus familias durante las diferentes fases del proceso de enfermedad y, <strong>concretamente, durante los per\u00edodos de ingreso hospitalario.<\/strong><\/p>\n<p>Es as\u00ed, como se conocen sus necesidades y demandas para <strong>dar una mejor respuesta<\/strong>, ya sea a trav\u00e9s de recursos propios como derivando a otros profesionales con los que mantenemos un <strong>trabajo en red<\/strong>, tanto dentro del hospital como de fuera.<\/p>\n<p>Gracias a esta <strong>colaboraci\u00f3n entre hospitales y entidad,<\/strong> podemos ofrecer todos los servicios de Atenci\u00f3n Psicosocial que llevamos a cabo y <strong>trabajar por su humanizaci\u00f3n.<\/strong><\/p>\n<p>AFANOC fue <strong>una de las primeras entidades sociales<\/strong> que se incorpor\u00f3 a un centro sanitario para mejorar la calidad asistencial al trabajar complementariamente con el Servicio de Oncolog\u00eda y Hematolog\u00eda Pedi\u00e1tricas del <strong>Hospital del Infante y de la Mujer de la Vall d&#8217;Hebron,<\/strong> donde aporta el apoyo del <strong>voluntariado<\/strong> y <strong>trabajo social<\/strong> , as\u00ed como la <strong>gesti\u00f3n y la adecuaci\u00f3n de las salas<\/strong> de juegos y espacios comunes como las salas de estar para adultos, sala polivalente, biblioteca, taquillas, neveras y microondas.<\/p>\n<p>Tambi\u00e9n <strong>interviene en el dise\u00f1o<\/strong> y adecuaci\u00f3n de la planta de oncolog\u00eda y hematolog\u00eda pedi\u00e1tricas de este hospital, desde 2004. As\u00ed, actualmente la planta cuenta con espacios comunes destinados a las <strong>actividades l\u00fadicas y educativas<\/strong> de los ni\u00f1os y adolescentes, los <strong>espacios comunes para los cuidadores <\/strong> y un despacho de atenci\u00f3n. Tambi\u00e9n <u>se adecua<\/u> parte del <strong>mobiliario para mejorar el bienestar<\/strong> de los acompa\u00f1antes de los pacientes.<\/p>\n<p>En 2005 se firma convenio con el <strong>Hospital San Juan de Dios <\/strong> para la implementaci\u00f3n en la Unidad de Oncolog\u00eda y Hematolog\u00eda de nuestros programas como <strong>el acompa\u00f1amiento emocional, la atenci\u00f3n psicol\u00f3gica, <\/strong> taller y actividades y el programa de apoyo emocional al personal sanitario implicado. Recientemente, se han incorporado profesionales de <strong>trabajo social. <\/strong><\/p>\n<p>A lo largo de estos a\u00f1os, AFANOC tambi\u00e9n se ha implicado con este hospital adecuando y mejorando sus instalaciones, siempre que lo han solicitado.<\/p>\n\t\t\t\t\t\t\t\t<\/div>\n\t\t\t\t<\/div>\n\t\t\t\t\t<\/div>\n\t\t<\/div>\n\t\t\t\t<div class=\"elementor-column elementor-col-33 elementor-top-column elementor-element elementor-element-2a63d27b\" data-id=\"2a63d27b\" data-element_type=\"column\" data-e-type=\"column\">\n\t\t\t<div class=\"elementor-widget-wrap elementor-element-populated\">\n\t\t\t\t\t\t<div class=\"elementor-element elementor-element-5004001 elementor-widget elementor-widget-image\" data-id=\"5004001\" data-element_type=\"widget\" data-e-type=\"widget\" data-widget_type=\"image.default\">\n\t\t\t\t<div class=\"elementor-widget-container\">\n\t\t\t\t\t\t\t\t\t\t\t\t\t\t\t<img loading=\"lazy\" decoding=\"async\" width=\"665\" height=\"665\" src=\"https:\/\/afanoc.org\/wp-content\/uploads\/humanitzar-hospitals-lateral.png\" class=\"attachment-large size-large wp-image-42061\" alt=\"Humanitzar Hospitals\" srcset=\"https:\/\/afanoc.org\/wp-content\/uploads\/humanitzar-hospitals-lateral.png 665w, https:\/\/afanoc.org\/wp-content\/uploads\/humanitzar-hospitals-lateral-300x300.png 300w, https:\/\/afanoc.org\/wp-content\/uploads\/humanitzar-hospitals-lateral-150x150.png 150w, https:\/\/afanoc.org\/wp-content\/uploads\/humanitzar-hospitals-lateral-600x600.png 600w, https:\/\/afanoc.org\/wp-content\/uploads\/humanitzar-hospitals-lateral-100x100.png 100w\" sizes=\"auto, (max-width: 665px) 100vw, 665px\" \/>\t\t\t\t\t\t\t\t\t\t\t\t\t\t\t<\/div>\n\t\t\t\t<\/div>\n\t\t\t\t<div class=\"elementor-element elementor-element-3613106 elementor-align-center elementor-widget elementor-widget-button\" data-id=\"3613106\" data-element_type=\"widget\" data-e-type=\"widget\" data-widget_type=\"button.default\">\n\t\t\t\t<div class=\"elementor-widget-container\">\n\t\t\t\t\t\t\t\t\t<div class=\"elementor-button-wrapper\">\n\t\t\t\t\t<a class=\"elementor-button elementor-button-link elementor-size-sm\" href=\"https:\/\/afanoc.org\/es\/presencia-en-los-hospitales\/\">\n\t\t\t\t\t\t<span class=\"elementor-button-content-wrapper\">\n\t\t\t\t\t\t\t\t\t<span class=\"elementor-button-text\">PRESENCIA EN LOS HOSPITALES<\/span>\n\t\t\t\t\t<\/span>\n\t\t\t\t\t<\/a>\n\t\t\t\t<\/div>\n\t\t\t\t\t\t\t\t<\/div>\n\t\t\t\t<\/div>\n\t\t\t\t\t<\/div>\n\t\t<\/div>\n\t\t\t\t\t<\/div>\n\t\t<\/section>\n\t\t\t\t<\/div>\n\t\t","protected":false},"excerpt":{"rendered":"<p>Hospitales m\u00e1s humanos Hospitales m\u00e1s humanos. Crear entornos que favorezcan una sensaci\u00f3n de bienestar resulta absolutamente indispensable Desde AFANOC consideramos que es fundamental mantener un contacto directo con los ni\u00f1os y adolescentes y sus familias durante las diferentes fases del proceso de enfermedad y, concretamente, durante los per\u00edodos de ingreso hospitalario. Es as\u00ed, como se [&hellip;]<\/p>\n","protected":false},"author":692,"featured_media":51672,"parent":0,"menu_order":0,"comment_status":"closed","ping_status":"closed","template":"elementor_header_footer","meta":{"site-sidebar-layout":"default","site-content-layout":"","ast-site-content-layout":"default","site-content-style":"default","site-sidebar-style":"default","ast-global-header-display":"","ast-banner-title-visibility":"","ast-main-header-display":"","ast-hfb-above-header-display":"","ast-hfb-below-header-display":"","ast-hfb-mobile-header-display":"","site-post-title":"","ast-breadcrumbs-content":"","ast-featured-img":"","footer-sml-layout":"","theme-transparent-header-meta":"","adv-header-id-meta":"","stick-header-meta":"","header-above-stick-meta":"","header-main-stick-meta":"","header-below-stick-meta":"","astra-migrate-meta-layouts":"default","ast-page-background-enabled":"default","ast-page-background-meta":{"desktop":{"background-color":"var(--ast-global-color-4)","background-image":"","background-repeat":"repeat","background-position":"center center","background-size":"auto","background-attachment":"scroll","background-type":"","background-media":"","overlay-type":"","overlay-color":"","overlay-opacity":"","overlay-gradient":""},"tablet":{"background-color":"","background-image":"","background-repeat":"repeat","background-position":"center center","background-size":"auto","background-attachment":"scroll","background-type":"","background-media":"","overlay-type":"","overlay-color":"","overlay-opacity":"","overlay-gradient":""},"mobile":{"background-color":"","background-image":"","background-repeat":"repeat","background-position":"center center","background-size":"auto","background-attachment":"scroll","background-type":"","background-media":"","overlay-type":"","overlay-color":"","overlay-opacity":"","overlay-gradient":""}},"ast-content-background-meta":{"desktop":{"background-color":"var(--ast-global-color-5)","background-image":"","background-repeat":"repeat","background-position":"center center","background-size":"auto","background-attachment":"scroll","background-type":"","background-media":"","overlay-type":"","overlay-color":"","overlay-opacity":"","overlay-gradient":""},"tablet":{"background-color":"var(--ast-global-color-5)","background-image":"","background-repeat":"repeat","background-position":"center center","background-size":"auto","background-attachment":"scroll","background-type":"","background-media":"","overlay-type":"","overlay-color":"","overlay-opacity":"","overlay-gradient":""},"mobile":{"background-color":"var(--ast-global-color-5)","background-image":"","background-repeat":"repeat","background-position":"center center","background-size":"auto","background-attachment":"scroll","background-type":"","background-media":"","overlay-type":"","overlay-color":"","overlay-opacity":"","overlay-gradient":""}},"footnotes":""},"class_list":["post-43111","page","type-page","status-publish","has-post-thumbnail","hentry"],"publishpress_future_workflow_manual_trigger":{"enabledWorkflows":[]},"_links":{"self":[{"href":"https:\/\/afanoc.org\/es\/wp-json\/wp\/v2\/pages\/43111","targetHints":{"allow":["GET"]}}],"collection":[{"href":"https:\/\/afanoc.org\/es\/wp-json\/wp\/v2\/pages"}],"about":[{"href":"https:\/\/afanoc.org\/es\/wp-json\/wp\/v2\/types\/page"}],"author":[{"embeddable":true,"href":"https:\/\/afanoc.org\/es\/wp-json\/wp\/v2\/users\/692"}],"replies":[{"embeddable":true,"href":"https:\/\/afanoc.org\/es\/wp-json\/wp\/v2\/comments?post=43111"}],"version-history":[{"count":0,"href":"https:\/\/afanoc.org\/es\/wp-json\/wp\/v2\/pages\/43111\/revisions"}],"wp:featuredmedia":[{"embeddable":true,"href":"https:\/\/afanoc.org\/es\/wp-json\/wp\/v2\/media\/51672"}],"wp:attachment":[{"href":"https:\/\/afanoc.org\/es\/wp-json\/wp\/v2\/media?parent=43111"}],"curies":[{"name":"wp","href":"https:\/\/api.w.org\/{rel}","templated":true}]}}