{"id":43109,"date":"2022-09-29T14:36:22","date_gmt":"2022-09-29T14:36:22","guid":{"rendered":"https:\/\/afanoc.org\/activitats-socioeducatives\/"},"modified":"2024-07-25T16:22:40","modified_gmt":"2024-07-25T16:22:40","slug":"actividades-socioeducativas","status":"publish","type":"page","link":"https:\/\/afanoc.org\/es\/actividades-socioeducativas\/","title":{"rendered":"Actividades socioeducativas"},"content":{"rendered":"\t\t<div data-elementor-type=\"wp-page\" data-elementor-id=\"43109\" class=\"elementor elementor-43109 elementor-42272\" data-elementor-post-type=\"page\">\n\t\t\t\t<div class=\"elementor-element elementor-element-d145464 e-flex e-con-boxed e-con e-parent\" data-id=\"d145464\" data-element_type=\"container\" data-e-type=\"container\" data-settings=\"{&quot;background_background&quot;:&quot;classic&quot;}\">\n\t\t\t\t\t<div class=\"e-con-inner\">\n\t\t\t\t\t<\/div>\n\t\t\t\t<\/div>\n\t\t\t\t<section class=\"elementor-section elementor-top-section elementor-element elementor-element-55429acf elementor-section-boxed elementor-section-height-default elementor-section-height-default\" data-id=\"55429acf\" data-element_type=\"section\" data-e-type=\"section\">\n\t\t\t\t\t\t<div class=\"elementor-container elementor-column-gap-default\">\n\t\t\t\t\t<div class=\"elementor-column elementor-col-100 elementor-top-column elementor-element elementor-element-12cb05d9\" data-id=\"12cb05d9\" data-element_type=\"column\" data-e-type=\"column\">\n\t\t\t<div class=\"elementor-widget-wrap elementor-element-populated\">\n\t\t\t\t\t\t<div class=\"elementor-element elementor-element-cfaf53a elementor-widget elementor-widget-woocommerce-breadcrumb\" data-id=\"cfaf53a\" data-element_type=\"widget\" data-e-type=\"widget\" data-widget_type=\"woocommerce-breadcrumb.default\">\n\t\t\t\t<div class=\"elementor-widget-container\">\n\t\t\t\t\t<nav class=\"woocommerce-breadcrumb\" aria-label=\"Breadcrumb\">Inicio<\/nav>\t\t\t\t<\/div>\n\t\t\t\t<\/div>\n\t\t\t\t<div class=\"elementor-element elementor-element-2fbc69b elementor-widget elementor-widget-heading\" data-id=\"2fbc69b\" data-element_type=\"widget\" data-e-type=\"widget\" data-widget_type=\"heading.default\">\n\t\t\t\t<div class=\"elementor-widget-container\">\n\t\t\t\t\t<h1 class=\"elementor-heading-title elementor-size-default\">Actividades <span style=\"color: #e17a26\">Socioeducativas<\/span><\/h1>\t\t\t\t<\/div>\n\t\t\t\t<\/div>\n\t\t\t\t\t<\/div>\n\t\t<\/div>\n\t\t\t\t\t<\/div>\n\t\t<\/section>\n\t\t\t\t<section class=\"elementor-section elementor-top-section elementor-element elementor-element-55fd5fa elementor-section-boxed elementor-section-height-default elementor-section-height-default\" data-id=\"55fd5fa\" data-element_type=\"section\" data-e-type=\"section\">\n\t\t\t\t\t\t<div class=\"elementor-container elementor-column-gap-default\">\n\t\t\t\t\t<div class=\"elementor-column elementor-col-66 elementor-top-column elementor-element elementor-element-6c015c1e\" data-id=\"6c015c1e\" data-element_type=\"column\" data-e-type=\"column\">\n\t\t\t<div class=\"elementor-widget-wrap elementor-element-populated\">\n\t\t\t\t\t\t<div class=\"elementor-element elementor-element-35fef4b elementor-widget elementor-widget-text-editor\" data-id=\"35fef4b\" data-element_type=\"widget\" data-e-type=\"widget\" data-widget_type=\"text-editor.default\">\n\t\t\t\t<div class=\"elementor-widget-container\">\n\t\t\t\t\t\t\t\t\t<p class=\"p2\"><b>Ofrecemos propuestas de ocio adaptado y espacios de encuentro entre iguales<span class=\"Apple-converted-space\"> <\/span><\/b><\/p>\n\t\t\t\t\t\t\t\t<\/div>\n\t\t\t\t<\/div>\n\t\t\t\t<div class=\"elementor-element elementor-element-f087aee elementor-widget elementor-widget-heading\" data-id=\"f087aee\" data-element_type=\"widget\" data-e-type=\"widget\" data-widget_type=\"heading.default\">\n\t\t\t\t<div class=\"elementor-widget-container\">\n\t\t\t\t\t<h2 class=\"elementor-heading-title elementor-size-default\">Colonias y estancias de verano<\/h2>\t\t\t\t<\/div>\n\t\t\t\t<\/div>\n\t\t\t\t<div class=\"elementor-element elementor-element-7ff2ac86 elementor-widget elementor-widget-text-editor\" data-id=\"7ff2ac86\" data-element_type=\"widget\" data-e-type=\"widget\" data-widget_type=\"text-editor.default\">\n\t\t\t\t<div class=\"elementor-widget-container\">\n\t\t\t\t\t\t\t\t\t<p>Fuera del contexto hospitalario, AFANOC organiza, desde hace ya muchos a\u00f1os, sus colonias de verano. \u00c9stas permiten un espacio de encuentro entre iguales, en el que <strong>se realizan din\u00e1micas que les permiten crecer como personas<\/strong> y adquirir habilidades personales y sociales, de relaci\u00f3n, reflexi\u00f3n, convivencia\u2026 todo esto se realiza al aire libre, en un entorno natural y con propuestas adecuadas a este colectivo, lo que tambi\u00e9n <strong>normaliza la realidad del c\u00e1ncer infantil<\/strong> .<\/p>\n<p>Despu\u00e9s de largos per\u00edodos de tratamientos m\u00e9dicos, las colonias son, para muchos ni\u00f1os, el primer momento de relaci\u00f3n y convivencia entre iguales, <strong>con otros ni\u00f1os que han vivido la misma enfermedad. <\/strong> Tambi\u00e9n son el primer espacio de tiempo prolongado sin el padre, la madre o su figura adulta de referencia y esto les dota de autonom\u00eda en un entorno seguro y con un programa de ocio totalmente adaptado a su realidad.<br \/>Estas colonias est\u00e1n <strong>dirigidas a ni\u00f1os y adolescentes que han tenido c\u00e1ncer y tambi\u00e9n a sus hermanos y hermanas<\/strong> , teniendo en cuenta que \u00e9stos tambi\u00e9n viven de primera mano los efectos de la enfermedad, sinti\u00e9ndose alejados de su hermano o hermana durante el per\u00edodo de hospitalizaci\u00f3n y teniendo la necesidad de disponer de un espacio donde poder relacionarse con \u00e9l (y otros ni\u00f1os) a trav\u00e9s del juego y la normalizaci\u00f3n del c\u00e1ncer y los efectos o secuelas que hayan podido surgir.<\/p>\n<p>Estos motivos hacen que las colonias sean un espacio tan positivo para estos ni\u00f1os con <strong>nuevas emociones, nuevos retos, nuevos roles y nuevas amistades<\/strong> .<br \/>Las colonias de verano se realizan con ni\u00f1os de 6 a 13 a\u00f1os y desde 2020 tambi\u00e9n se proponen las estancias de j\u00f3venes dirigidas a adolescentes y j\u00f3venes que forman parte del Grupo de J\u00f3venes de AFANOC y que tienen edades comprendidas entre los 14 y 21 a\u00f1os.<\/p>\n\t\t\t\t\t\t\t\t<\/div>\n\t\t\t\t<\/div>\n\t\t\t\t<div class=\"elementor-element elementor-element-2fd0a09 elementor-widget elementor-widget-heading\" data-id=\"2fd0a09\" data-element_type=\"widget\" data-e-type=\"widget\" data-widget_type=\"heading.default\">\n\t\t\t\t<div class=\"elementor-widget-container\">\n\t\t\t\t\t<h2 class=\"elementor-heading-title elementor-size-default\">Salidas familiares<\/h2>\t\t\t\t<\/div>\n\t\t\t\t<\/div>\n\t\t\t\t<div class=\"elementor-element elementor-element-2dc6ede elementor-widget elementor-widget-text-editor\" data-id=\"2dc6ede\" data-element_type=\"widget\" data-e-type=\"widget\" data-widget_type=\"text-editor.default\">\n\t\t\t\t<div class=\"elementor-widget-container\">\n\t\t\t\t\t\t\t\t\t<p><span style=\"font-style: inherit; font-weight: inherit;\">Ante la necesidad de disponer de espacios de encuentro entre iguales y ofrecer propuestas de ocio adaptado, AFANOC organiza de forma continuada diversas actividades y salidas de car\u00e1cter familiar.<\/span><\/p>\n<p>Este programa tiene como finalidad la <strong>vinculaci\u00f3n entre familias<\/strong> que han vivido la realidad del c\u00e1ncer infantil y que, por tanto, han compartido vivencias similares. El hecho de vincularse con el grupo de iguales las hace disponer de un nuevo agente de socializaci\u00f3n con el que <strong>compartir las vivencias que tienen en com\u00fan<\/strong> y por tanto, les ayuda a sentirse acompa\u00f1adas y apoyadas.<\/p>\n<p>Por otro lado, entre ni\u00f1os y adolescentes tambi\u00e9n se generan relaciones de iguales y se fomenta el juego en equipo y el intercambio. A nivel l\u00fadico, en estas salidas se les permite, despu\u00e9s de largos per\u00edodos de ingreso hospitalario o de limitaci\u00f3n en el tiempo libre, el <strong>descubrir nuevas motivaciones, aficiones y hobbies. <\/strong><\/p>\n<p>Adem\u00e1s, se fomenta la vinculaci\u00f3n, no s\u00f3lo entre familias, sino tambi\u00e9n con estas familias y la entidad.<\/p>\n\t\t\t\t\t\t\t\t<\/div>\n\t\t\t\t<\/div>\n\t\t\t\t<div class=\"elementor-element elementor-element-76cbdc9 elementor-widget elementor-widget-heading\" data-id=\"76cbdc9\" data-element_type=\"widget\" data-e-type=\"widget\" data-widget_type=\"heading.default\">\n\t\t\t\t<div class=\"elementor-widget-container\">\n\t\t\t\t\t<h3 class=\"elementor-heading-title elementor-size-default\">Encuentros y Grupos de Familias<\/h3>\t\t\t\t<\/div>\n\t\t\t\t<\/div>\n\t\t\t\t<div class=\"elementor-element elementor-element-81cb81d elementor-widget elementor-widget-text-editor\" data-id=\"81cb81d\" data-element_type=\"widget\" data-e-type=\"widget\" data-widget_type=\"text-editor.default\">\n\t\t\t\t<div class=\"elementor-widget-container\">\n\t\t\t\t\t\t\t\t\t<p><span style=\"font-style: inherit; font-weight: inherit;\">Tambi\u00e9n se llevan a cabo los Encuentros y Grupos de familias dirigidas a padres, madres o cuidadores\/as, donde se comparte la experiencia vivida con otras familias que tienen o han tenido un hijo\/a con diagn\u00f3stico de c\u00e1ncer. Desde AFANOC consideramos <\/span><strong style=\"font-style: inherit;\">que es necesario<\/strong> <strong style=\"font-style: inherit;\">facilitar un tiempo para poder cuidarse<\/strong><span style=\"font-style: inherit; font-weight: inherit;\">, ofreciendo un espacio a todas las familias fuera del contexto hospitalario. En ocasiones se realizan talleres, arte terapia y otras actividades pensadas entre todo el grupo, y en otras ocasiones se debate sobre temas de inter\u00e9s. Los encuentros tienen tambi\u00e9n el objetivo de promover <\/span><strong style=\"font-style: inherit;\">la participaci\u00f3n de las familias en los proyectos de la entidad<\/strong><span style=\"font-style: inherit; font-weight: inherit;\">. <\/span><\/p>\n\t\t\t\t\t\t\t\t<\/div>\n\t\t\t\t<\/div>\n\t\t\t\t<div class=\"elementor-element elementor-element-13ed779 elementor-widget elementor-widget-heading\" data-id=\"13ed779\" data-element_type=\"widget\" data-e-type=\"widget\" data-widget_type=\"heading.default\">\n\t\t\t\t<div class=\"elementor-widget-container\">\n\t\t\t\t\t<h2 class=\"elementor-heading-title elementor-size-default\">Talleres, celebraciones y propuestas culturales<\/h2>\t\t\t\t<\/div>\n\t\t\t\t<\/div>\n\t\t\t\t<div class=\"elementor-element elementor-element-c6e80d8 elementor-widget elementor-widget-text-editor\" data-id=\"c6e80d8\" data-element_type=\"widget\" data-e-type=\"widget\" data-widget_type=\"text-editor.default\">\n\t\t\t\t<div class=\"elementor-widget-container\">\n\t\t\t\t\t\t\t\t\t<p>Destacadas experiencias de hospitales de todo el mundo y la nuestra propia, nos demuestran que la incorporaci\u00f3n <strong>de actividades fundamentadas en el juego, el ocio, la estimulaci\u00f3n y la educaci\u00f3n aumentan considerablemente la calidad de vida y la autoestima<\/strong> de los ni\u00f1os y adolescentes durante los ingresos hospitalarios o durante los largos per\u00edodos de tiempo que pasan en casa.  <\/p>\n<p>En este sentido y con el objetivo de hacer posible <strong>ratos de buen humor<\/strong> , sonrisas, sorpresa y fantas\u00eda se realizan algunas <strong>actividades y talleres puntuales<\/strong> y otras actividades semanales de m\u00fasica, cuentacuentos, talleres de <strong>manualidades o creatividad<\/strong> en el Servicio de Oncolog\u00eda y Hematolog\u00eda Pedi\u00e1tricas del Vall d&#8217;Hebron y en la Casa dels Xuklis.  <\/p>\n<p>Adem\u00e1s, consideramos importante mantener cierto v\u00ednculo con todo lo que ocurre fuera del hospital o la Casa de los Xuklis. Por este motivo, <strong>hacemos posible la celebraci\u00f3n de las fiestas <\/strong> populares y los cumplea\u00f1os de ni\u00f1os y adolescentes. <\/p>\n<p>En las sedes de AFANOC se realizan encuentros para las familias celebrando festividades t\u00edpicas como el Sant Jordi, la Casta\u00f1ada y la celebraci\u00f3n de Navidad. <\/p>\n<p>Se ofrecen tambi\u00e9n a las familias entradas para actividades l\u00fadicas y culturales de forma general a medida que lleguen a la entidad.<\/p>\n\t\t\t\t\t\t\t\t<\/div>\n\t\t\t\t<\/div>\n\t\t\t\t\t<\/div>\n\t\t<\/div>\n\t\t\t\t<div class=\"elementor-column elementor-col-33 elementor-top-column elementor-element elementor-element-457c9a20\" data-id=\"457c9a20\" data-element_type=\"column\" data-e-type=\"column\">\n\t\t\t<div class=\"elementor-widget-wrap elementor-element-populated\">\n\t\t\t\t\t\t<div class=\"elementor-element elementor-element-7760c173 elementor-widget elementor-widget-image\" data-id=\"7760c173\" data-element_type=\"widget\" data-e-type=\"widget\" data-widget_type=\"image.default\">\n\t\t\t\t<div class=\"elementor-widget-container\">\n\t\t\t\t\t\t\t\t\t\t\t\t\t\t\t<img loading=\"lazy\" decoding=\"async\" width=\"800\" height=\"800\" src=\"https:\/\/afanoc.org\/wp-content\/uploads\/lateral-activitats.png\" class=\"attachment-large size-large wp-image-42905\" alt=\"lateral activitats\" srcset=\"https:\/\/afanoc.org\/wp-content\/uploads\/lateral-activitats.png 800w, https:\/\/afanoc.org\/wp-content\/uploads\/lateral-activitats-300x300.png 300w, https:\/\/afanoc.org\/wp-content\/uploads\/lateral-activitats-150x150.png 150w, https:\/\/afanoc.org\/wp-content\/uploads\/lateral-activitats-768x768.png 768w, https:\/\/afanoc.org\/wp-content\/uploads\/lateral-activitats-600x600.png 600w, https:\/\/afanoc.org\/wp-content\/uploads\/lateral-activitats-100x100.png 100w\" sizes=\"auto, (max-width: 800px) 100vw, 800px\" \/>\t\t\t\t\t\t\t\t\t\t\t\t\t\t\t<\/div>\n\t\t\t\t<\/div>\n\t\t\t\t<div class=\"elementor-element elementor-element-207dd74 elementor-align-justify elementor-widget elementor-widget-button\" data-id=\"207dd74\" data-element_type=\"widget\" data-e-type=\"widget\" data-widget_type=\"button.default\">\n\t\t\t\t<div class=\"elementor-widget-container\">\n\t\t\t\t\t\t\t\t\t<div class=\"elementor-button-wrapper\">\n\t\t\t\t\t<a class=\"elementor-button elementor-button-link elementor-size-sm\" href=\"https:\/\/afanoc.org\/es\/recursos\/\">\n\t\t\t\t\t\t<span class=\"elementor-button-content-wrapper\">\n\t\t\t\t\t\t\t\t\t<span class=\"elementor-button-text\">Recursos<\/span>\n\t\t\t\t\t<\/span>\n\t\t\t\t\t<\/a>\n\t\t\t\t<\/div>\n\t\t\t\t\t\t\t\t<\/div>\n\t\t\t\t<\/div>\n\t\t\t\t<div class=\"elementor-element elementor-element-eaf1fac elementor-align-justify elementor-widget elementor-widget-button\" data-id=\"eaf1fac\" data-element_type=\"widget\" data-e-type=\"widget\" data-widget_type=\"button.default\">\n\t\t\t\t<div class=\"elementor-widget-container\">\n\t\t\t\t\t\t\t\t\t<div class=\"elementor-button-wrapper\">\n\t\t\t\t\t<a class=\"elementor-button elementor-button-link elementor-size-sm\" href=\"https:\/\/afanoc.org\/es\/que-dicen-las-leyes\/\">\n\t\t\t\t\t\t<span class=\"elementor-button-content-wrapper\">\n\t\t\t\t\t\t\t\t\t<span class=\"elementor-button-text\">Leyes<\/span>\n\t\t\t\t\t<\/span>\n\t\t\t\t\t<\/a>\n\t\t\t\t<\/div>\n\t\t\t\t\t\t\t\t<\/div>\n\t\t\t\t<\/div>\n\t\t\t\t<div class=\"elementor-element elementor-element-bd59c68 elementor-align-justify elementor-widget elementor-widget-button\" data-id=\"bd59c68\" data-element_type=\"widget\" data-e-type=\"widget\" data-widget_type=\"button.default\">\n\t\t\t\t<div class=\"elementor-widget-container\">\n\t\t\t\t\t\t\t\t\t<div class=\"elementor-button-wrapper\">\n\t\t\t\t\t<a class=\"elementor-button elementor-button-link elementor-size-sm\" href=\"https:\/\/afanoc.org\/wp-content\/uploads\/PDF-Carta-Europea-dels-Drets-dels-Infants-Hospitalitzats-Lectura-Facil.pdf\" target=\"_blank\" rel=\"nofollow\">\n\t\t\t\t\t\t<span class=\"elementor-button-content-wrapper\">\n\t\t\t\t\t\t\t\t\t<span class=\"elementor-button-text\">Derechos Ni\u00f1os Hospitalizados<\/span>\n\t\t\t\t\t<\/span>\n\t\t\t\t\t<\/a>\n\t\t\t\t<\/div>\n\t\t\t\t\t\t\t\t<\/div>\n\t\t\t\t<\/div>\n\t\t\t\t\t<\/div>\n\t\t<\/div>\n\t\t\t\t\t<\/div>\n\t\t<\/section>\n\t\t\t\t<\/div>\n\t\t","protected":false},"excerpt":{"rendered":"<p>Actividades Socioeducativas Ofrecemos propuestas de ocio adaptado y espacios de encuentro entre iguales Colonias y estancias de verano Fuera del contexto hospitalario, AFANOC organiza, desde hace ya muchos a\u00f1os, sus colonias de verano. \u00c9stas permiten un espacio de encuentro entre iguales, en el que se realizan din\u00e1micas que les permiten crecer como personas y adquirir [&hellip;]<\/p>\n","protected":false},"author":692,"featured_media":42901,"parent":0,"menu_order":0,"comment_status":"closed","ping_status":"closed","template":"elementor_header_footer","meta":{"site-sidebar-layout":"default","site-content-layout":"","ast-site-content-layout":"default","site-content-style":"default","site-sidebar-style":"default","ast-global-header-display":"","ast-banner-title-visibility":"","ast-main-header-display":"","ast-hfb-above-header-display":"","ast-hfb-below-header-display":"","ast-hfb-mobile-header-display":"","site-post-title":"","ast-breadcrumbs-content":"","ast-featured-img":"","footer-sml-layout":"","theme-transparent-header-meta":"","adv-header-id-meta":"","stick-header-meta":"","header-above-stick-meta":"","header-main-stick-meta":"","header-below-stick-meta":"","astra-migrate-meta-layouts":"default","ast-page-background-enabled":"default","ast-page-background-meta":{"desktop":{"background-color":"var(--ast-global-color-4)","background-image":"","background-repeat":"repeat","background-position":"center center","background-size":"auto","background-attachment":"scroll","background-type":"","background-media":"","overlay-type":"","overlay-color":"","overlay-opacity":"","overlay-gradient":""},"tablet":{"background-color":"","background-image":"","background-repeat":"repeat","background-position":"center center","background-size":"auto","background-attachment":"scroll","background-type":"","background-media":"","overlay-type":"","overlay-color":"","overlay-opacity":"","overlay-gradient":""},"mobile":{"background-color":"","background-image":"","background-repeat":"repeat","background-position":"center center","background-size":"auto","background-attachment":"scroll","background-type":"","background-media":"","overlay-type":"","overlay-color":"","overlay-opacity":"","overlay-gradient":""}},"ast-content-background-meta":{"desktop":{"background-color":"var(--ast-global-color-5)","background-image":"","background-repeat":"repeat","background-position":"center center","background-size":"auto","background-attachment":"scroll","background-type":"","background-media":"","overlay-type":"","overlay-color":"","overlay-opacity":"","overlay-gradient":""},"tablet":{"background-color":"var(--ast-global-color-5)","background-image":"","background-repeat":"repeat","background-position":"center center","background-size":"auto","background-attachment":"scroll","background-type":"","background-media":"","overlay-type":"","overlay-color":"","overlay-opacity":"","overlay-gradient":""},"mobile":{"background-color":"var(--ast-global-color-5)","background-image":"","background-repeat":"repeat","background-position":"center center","background-size":"auto","background-attachment":"scroll","background-type":"","background-media":"","overlay-type":"","overlay-color":"","overlay-opacity":"","overlay-gradient":""}},"footnotes":""},"class_list":["post-43109","page","type-page","status-publish","has-post-thumbnail","hentry"],"publishpress_future_workflow_manual_trigger":{"enabledWorkflows":[]},"_links":{"self":[{"href":"https:\/\/afanoc.org\/es\/wp-json\/wp\/v2\/pages\/43109","targetHints":{"allow":["GET"]}}],"collection":[{"href":"https:\/\/afanoc.org\/es\/wp-json\/wp\/v2\/pages"}],"about":[{"href":"https:\/\/afanoc.org\/es\/wp-json\/wp\/v2\/types\/page"}],"author":[{"embeddable":true,"href":"https:\/\/afanoc.org\/es\/wp-json\/wp\/v2\/users\/692"}],"replies":[{"embeddable":true,"href":"https:\/\/afanoc.org\/es\/wp-json\/wp\/v2\/comments?post=43109"}],"version-history":[{"count":0,"href":"https:\/\/afanoc.org\/es\/wp-json\/wp\/v2\/pages\/43109\/revisions"}],"wp:featuredmedia":[{"embeddable":true,"href":"https:\/\/afanoc.org\/es\/wp-json\/wp\/v2\/media\/42901"}],"wp:attachment":[{"href":"https:\/\/afanoc.org\/es\/wp-json\/wp\/v2\/media?parent=43109"}],"curies":[{"name":"wp","href":"https:\/\/api.w.org\/{rel}","templated":true}]}}