{"id":43107,"date":"2022-09-29T14:30:44","date_gmt":"2022-09-29T12:30:44","guid":{"rendered":"https:\/\/afanoc.org\/atencio-social\/"},"modified":"2025-04-11T11:38:11","modified_gmt":"2025-04-11T09:38:11","slug":"atencion-social","status":"publish","type":"page","link":"https:\/\/afanoc.org\/es\/atencion-social\/","title":{"rendered":"Trabajo social"},"content":{"rendered":"\t\t<div data-elementor-type=\"wp-page\" data-elementor-id=\"43107\" class=\"elementor elementor-43107 elementor-42266\" data-elementor-post-type=\"page\">\n\t\t\t\t\t\t<section class=\"elementor-section elementor-top-section elementor-element elementor-element-0da970b elementor-section-full_width elementor-section-height-min-height elementor-section-stretched elementor-section-height-default elementor-section-items-middle\" data-id=\"0da970b\" data-element_type=\"section\" data-e-type=\"section\" data-settings=\"{&quot;stretch_section&quot;:&quot;section-stretched&quot;,&quot;background_background&quot;:&quot;classic&quot;}\">\n\t\t\t\t\t\t<div class=\"elementor-container elementor-column-gap-default\">\n\t\t\t\t\t<div class=\"elementor-column elementor-col-100 elementor-top-column elementor-element elementor-element-d856419\" data-id=\"d856419\" data-element_type=\"column\" data-e-type=\"column\">\n\t\t\t<div class=\"elementor-widget-wrap\">\n\t\t\t\t\t\t\t<\/div>\n\t\t<\/div>\n\t\t\t\t\t<\/div>\n\t\t<\/section>\n\t\t\t\t<section class=\"elementor-section elementor-top-section elementor-element elementor-element-55fd5fa elementor-section-boxed elementor-section-height-default elementor-section-height-default\" data-id=\"55fd5fa\" data-element_type=\"section\" data-e-type=\"section\">\n\t\t\t\t\t\t<div class=\"elementor-container elementor-column-gap-default\">\n\t\t\t\t\t<div class=\"elementor-column elementor-col-66 elementor-top-column elementor-element elementor-element-6c015c1e\" data-id=\"6c015c1e\" data-element_type=\"column\" data-e-type=\"column\">\n\t\t\t<div class=\"elementor-widget-wrap elementor-element-populated\">\n\t\t\t\t\t\t<div class=\"elementor-element elementor-element-cfaf53a elementor-widget elementor-widget-woocommerce-breadcrumb\" data-id=\"cfaf53a\" data-element_type=\"widget\" data-e-type=\"widget\" data-widget_type=\"woocommerce-breadcrumb.default\">\n\t\t\t\t<div class=\"elementor-widget-container\">\n\t\t\t\t\t<nav class=\"woocommerce-breadcrumb\" aria-label=\"Breadcrumb\">Inicio<\/nav>\t\t\t\t<\/div>\n\t\t\t\t<\/div>\n\t\t\t\t<div class=\"elementor-element elementor-element-3853e27 elementor-widget elementor-widget-heading\" data-id=\"3853e27\" data-element_type=\"widget\" data-e-type=\"widget\" data-widget_type=\"heading.default\">\n\t\t\t\t<div class=\"elementor-widget-container\">\n\t\t\t\t\t<h1 class=\"elementor-heading-title elementor-size-default\">Trabajo <span style=\"color: #e17a26\">Social<\/span><\/h1>\t\t\t\t<\/div>\n\t\t\t\t<\/div>\n\t\t\t\t<div class=\"elementor-element elementor-element-2a782a7 elementor-widget elementor-widget-text-editor\" data-id=\"2a782a7\" data-element_type=\"widget\" data-e-type=\"widget\" data-widget_type=\"text-editor.default\">\n\t\t\t\t<div class=\"elementor-widget-container\">\n\t\t\t\t\t\t\t\t\t<p><strong>Ayudamos las familias a reorganizar la vida familiar ante las nuevas situaciones surgidas a ra\u00edz del diagn\u00f3stico .<\/strong><\/p>\n\t\t\t\t\t\t\t\t<\/div>\n\t\t\t\t<\/div>\n\t\t\t\t<div class=\"elementor-element elementor-element-7ff2ac86 elementor-widget elementor-widget-text-editor\" data-id=\"7ff2ac86\" data-element_type=\"widget\" data-e-type=\"widget\" data-widget_type=\"text-editor.default\">\n\t\t\t\t<div class=\"elementor-widget-container\">\n\t\t\t\t\t\t\t\t\t<p class=\"p2\"><span class=\"s1\"><span class=\"Apple-converted-space\"> <\/span><\/span>Al impacto del diagn\u00f3stico, se suman toda una serie de <b>cambios que pueden a\u00f1adir m\u00e1s angustia<\/b> y malestar al que ya existen, porque la familia tendr\u00e1 que asumir unos cambios organizativos, algunos muy elementales como <b>encontrar un alojamiento cercano al hospital<\/b> (en caso de que se viva fuera de Barcelona), pensar en el cuidado de los dem\u00e1s hijos\/as, organizarse para la comida durante las estancias en el hospital o <b>reconducir la situaci\u00f3n laboral<\/b> de los padres o madres.<span class=\"Apple-converted-space\"> <\/span><\/p>\n<p class=\"p2\">Los trabajadores <b>y trabajadoras sociales presentes en el Servicio de Oncolog\u00eda<\/b> y Hematolog\u00eda Pedi\u00e1tricas del Hospital Vall d&#8217;Hebron y Sant Joan de D\u00e9u, <b>asumen a las familias<\/b> que tienen un ni\u00f1o hospitalizado, ya las que vienen a consultas externas oa tratamiento ambulatorio en el Hospital de D\u00eda del mismo servicio. <b>Se les asesora y acompa\u00f1a<\/b> , dot\u00e1ndolas de toda la informaci\u00f3n relativa a las prestaciones y servicios existentes, haciendo una valoraci\u00f3n t\u00e9cnica en cada caso. A la vez que se detectan necesidades y <b>se realiza una necesaria coordinaci\u00f3n extrahospitalaria,<\/b> se vincula a la familia con los recursos p\u00fablicos y privados, as\u00ed como se las capacita para movilizar los recursos personales y se hace un seguimiento a lo largo de todo el proceso de la enfermedad.<span class=\"Apple-converted-space\"> <\/span><\/p>\n<p class=\"p2\">Este marco de intervenci\u00f3n p\u00fablico-privado <b>nos da la posibilidad de conocer a las familias en el momento del diagn\u00f3stico<\/b> y poder atenderlas en coordinaci\u00f3n con el equipo sanitario.<span class=\"Apple-converted-space\"> <\/span><\/p>\n<p class=\"p2\">Desde las diferentes sedes de AFANOC se realiza una <b>acogida informativa<\/b> y tambi\u00e9n se acompa\u00f1a a las familias, ofreciendo apoyo y asesoramiento en la gesti\u00f3n de prestaciones, servicios, y solicitudes (\u00e1mbito educativo, sanitario, laboral y social). <b>Cuando las familias vuelven a casa<\/b> , nuestro objetivo es recoger sus demandas y detectar las necesidades para poder acompa\u00f1arlas.<span class=\"Apple-converted-space\"> <\/span><\/p>\n<p class=\"p2\">Trabajo Social se coordina con la Administraci\u00f3n P\u00fablica -Servicios Sociales, CAPs, Ayuntamientos, CADs y Escuelas, entidades privadas y con las Asociaciones de Ni\u00f1os con C\u00e1ncer de todo el Estado Espa\u00f1ol. Es tambi\u00e9n desde Trabajo Social que se gestionan las acogidas de las familias que necesitan alojamiento en la Casa dels Xuklis.<span class=\"Apple-converted-space\"> <\/span><\/p>\n\t\t\t\t\t\t\t\t<\/div>\n\t\t\t\t<\/div>\n\t\t\t\t\t<\/div>\n\t\t<\/div>\n\t\t\t\t<div class=\"elementor-column elementor-col-33 elementor-top-column elementor-element elementor-element-457c9a20\" data-id=\"457c9a20\" data-element_type=\"column\" data-e-type=\"column\">\n\t\t\t<div class=\"elementor-widget-wrap elementor-element-populated\">\n\t\t\t\t\t\t<div class=\"elementor-element elementor-element-7760c173 elementor-widget elementor-widget-image\" data-id=\"7760c173\" data-element_type=\"widget\" data-e-type=\"widget\" data-widget_type=\"image.default\">\n\t\t\t\t<div class=\"elementor-widget-container\">\n\t\t\t\t\t\t\t\t\t\t\t\t\t\t\t<img decoding=\"async\" width=\"800\" height=\"800\" src=\"https:\/\/afanoc.org\/wp-content\/uploads\/2022\/05\/suport-social-afanoc.png\" class=\"attachment-large size-large wp-image-32383\" alt=\"\" srcset=\"https:\/\/afanoc.org\/wp-content\/uploads\/2022\/05\/suport-social-afanoc.png 800w, https:\/\/afanoc.org\/wp-content\/uploads\/2022\/05\/suport-social-afanoc-300x300.png 300w, https:\/\/afanoc.org\/wp-content\/uploads\/2022\/05\/suport-social-afanoc-150x150.png 150w, https:\/\/afanoc.org\/wp-content\/uploads\/2022\/05\/suport-social-afanoc-768x768.png 768w, https:\/\/afanoc.org\/wp-content\/uploads\/2022\/05\/suport-social-afanoc-600x600.png 600w, https:\/\/afanoc.org\/wp-content\/uploads\/2022\/05\/suport-social-afanoc-100x100.png 100w\" sizes=\"(max-width: 800px) 100vw, 800px\" \/>\t\t\t\t\t\t\t\t\t\t\t\t\t\t\t<\/div>\n\t\t\t\t<\/div>\n\t\t\t\t<div class=\"elementor-element elementor-element-207dd74 elementor-align-justify elementor-widget__width-inherit elementor-widget elementor-widget-button\" data-id=\"207dd74\" data-element_type=\"widget\" data-e-type=\"widget\" data-widget_type=\"button.default\">\n\t\t\t\t<div class=\"elementor-widget-container\">\n\t\t\t\t\t\t\t\t\t<div class=\"elementor-button-wrapper\">\n\t\t\t\t\t<a class=\"elementor-button elementor-button-link elementor-size-sm\" href=\"https:\/\/afanoc.org\/es\/recursos\/\">\n\t\t\t\t\t\t<span class=\"elementor-button-content-wrapper\">\n\t\t\t\t\t\t\t\t\t<span class=\"elementor-button-text\">Recursos<\/span>\n\t\t\t\t\t<\/span>\n\t\t\t\t\t<\/a>\n\t\t\t\t<\/div>\n\t\t\t\t\t\t\t\t<\/div>\n\t\t\t\t<\/div>\n\t\t\t\t<div class=\"elementor-element elementor-element-eaf1fac elementor-align-justify elementor-widget elementor-widget-button\" data-id=\"eaf1fac\" data-element_type=\"widget\" data-e-type=\"widget\" data-widget_type=\"button.default\">\n\t\t\t\t<div class=\"elementor-widget-container\">\n\t\t\t\t\t\t\t\t\t<div class=\"elementor-button-wrapper\">\n\t\t\t\t\t<a class=\"elementor-button elementor-button-link elementor-size-sm\" href=\"https:\/\/afanoc.org\/es\/que-dicen-las-leyes\/\">\n\t\t\t\t\t\t<span class=\"elementor-button-content-wrapper\">\n\t\t\t\t\t\t\t\t\t<span class=\"elementor-button-text\">Leyes<\/span>\n\t\t\t\t\t<\/span>\n\t\t\t\t\t<\/a>\n\t\t\t\t<\/div>\n\t\t\t\t\t\t\t\t<\/div>\n\t\t\t\t<\/div>\n\t\t\t\t<div class=\"elementor-element elementor-element-bd59c68 elementor-align-justify elementor-widget elementor-widget-button\" data-id=\"bd59c68\" data-element_type=\"widget\" data-e-type=\"widget\" data-widget_type=\"button.default\">\n\t\t\t\t<div class=\"elementor-widget-container\">\n\t\t\t\t\t\t\t\t\t<div class=\"elementor-button-wrapper\">\n\t\t\t\t\t<a class=\"elementor-button elementor-button-link elementor-size-sm\" href=\"https:\/\/afanoc.org\/wp-content\/uploads\/PDF-Carta-Europea-dels-Drets-dels-Infants-Hospitalitzats-Lectura-Facil.pdf\" target=\"_blank\" rel=\"nofollow\">\n\t\t\t\t\t\t<span class=\"elementor-button-content-wrapper\">\n\t\t\t\t\t\t\t\t\t<span class=\"elementor-button-text\">Derechos de los ni\u00f1os y ni\u00f1as Hospitalitzados<\/span>\n\t\t\t\t\t<\/span>\n\t\t\t\t\t<\/a>\n\t\t\t\t<\/div>\n\t\t\t\t\t\t\t\t<\/div>\n\t\t\t\t<\/div>\n\t\t\t\t\t<\/div>\n\t\t<\/div>\n\t\t\t\t\t<\/div>\n\t\t<\/section>\n\t\t\t\t<\/div>\n\t\t","protected":false},"excerpt":{"rendered":"<p>Trabajo Social Ayudamos las familias a reorganizar la vida familiar ante las nuevas situaciones surgidas a ra\u00edz del diagn\u00f3stico . Al impacto del diagn\u00f3stico, se suman toda una serie de cambios que pueden a\u00f1adir m\u00e1s angustia y malestar al que ya existen, porque la familia tendr\u00e1 que asumir unos cambios organizativos, algunos muy elementales como [&hellip;]<\/p>\n","protected":false},"author":692,"featured_media":32417,"parent":0,"menu_order":0,"comment_status":"closed","ping_status":"closed","template":"elementor_header_footer","meta":{"site-sidebar-layout":"default","site-content-layout":"","ast-site-content-layout":"default","site-content-style":"default","site-sidebar-style":"default","ast-global-header-display":"","ast-banner-title-visibility":"","ast-main-header-display":"","ast-hfb-above-header-display":"","ast-hfb-below-header-display":"","ast-hfb-mobile-header-display":"","site-post-title":"","ast-breadcrumbs-content":"","ast-featured-img":"","footer-sml-layout":"","theme-transparent-header-meta":"","adv-header-id-meta":"","stick-header-meta":"","header-above-stick-meta":"","header-main-stick-meta":"","header-below-stick-meta":"","astra-migrate-meta-layouts":"default","ast-page-background-enabled":"default","ast-page-background-meta":{"desktop":{"background-color":"var(--ast-global-color-4)","background-image":"","background-repeat":"repeat","background-position":"center center","background-size":"auto","background-attachment":"scroll","background-type":"","background-media":"","overlay-type":"","overlay-color":"","overlay-opacity":"","overlay-gradient":""},"tablet":{"background-color":"","background-image":"","background-repeat":"repeat","background-position":"center center","background-size":"auto","background-attachment":"scroll","background-type":"","background-media":"","overlay-type":"","overlay-color":"","overlay-opacity":"","overlay-gradient":""},"mobile":{"background-color":"","background-image":"","background-repeat":"repeat","background-position":"center center","background-size":"auto","background-attachment":"scroll","background-type":"","background-media":"","overlay-type":"","overlay-color":"","overlay-opacity":"","overlay-gradient":""}},"ast-content-background-meta":{"desktop":{"background-color":"var(--ast-global-color-5)","background-image":"","background-repeat":"repeat","background-position":"center center","background-size":"auto","background-attachment":"scroll","background-type":"","background-media":"","overlay-type":"","overlay-color":"","overlay-opacity":"","overlay-gradient":""},"tablet":{"background-color":"var(--ast-global-color-5)","background-image":"","background-repeat":"repeat","background-position":"center center","background-size":"auto","background-attachment":"scroll","background-type":"","background-media":"","overlay-type":"","overlay-color":"","overlay-opacity":"","overlay-gradient":""},"mobile":{"background-color":"var(--ast-global-color-5)","background-image":"","background-repeat":"repeat","background-position":"center center","background-size":"auto","background-attachment":"scroll","background-type":"","background-media":"","overlay-type":"","overlay-color":"","overlay-opacity":"","overlay-gradient":""}},"footnotes":""},"class_list":["post-43107","page","type-page","status-publish","has-post-thumbnail","hentry"],"publishpress_future_workflow_manual_trigger":{"enabledWorkflows":[]},"_links":{"self":[{"href":"https:\/\/afanoc.org\/es\/wp-json\/wp\/v2\/pages\/43107","targetHints":{"allow":["GET"]}}],"collection":[{"href":"https:\/\/afanoc.org\/es\/wp-json\/wp\/v2\/pages"}],"about":[{"href":"https:\/\/afanoc.org\/es\/wp-json\/wp\/v2\/types\/page"}],"author":[{"embeddable":true,"href":"https:\/\/afanoc.org\/es\/wp-json\/wp\/v2\/users\/692"}],"replies":[{"embeddable":true,"href":"https:\/\/afanoc.org\/es\/wp-json\/wp\/v2\/comments?post=43107"}],"version-history":[{"count":0,"href":"https:\/\/afanoc.org\/es\/wp-json\/wp\/v2\/pages\/43107\/revisions"}],"wp:featuredmedia":[{"embeddable":true,"href":"https:\/\/afanoc.org\/es\/wp-json\/wp\/v2\/media\/32417"}],"wp:attachment":[{"href":"https:\/\/afanoc.org\/es\/wp-json\/wp\/v2\/media?parent=43107"}],"curies":[{"name":"wp","href":"https:\/\/api.w.org\/{rel}","templated":true}]}}