{"id":43086,"date":"2022-04-24T21:18:59","date_gmt":"2022-04-24T19:18:59","guid":{"rendered":"https:\/\/afanoc.org\/memories\/"},"modified":"2025-10-17T11:46:14","modified_gmt":"2025-10-17T09:46:14","slug":"memorias","status":"publish","type":"page","link":"https:\/\/afanoc.org\/es\/memorias\/","title":{"rendered":"Memorias"},"content":{"rendered":"\t\t<div data-elementor-type=\"wp-page\" data-elementor-id=\"43086\" class=\"elementor elementor-43086 elementor-3310\" data-elementor-post-type=\"page\">\n\t\t\t\t\t\t<section class=\"elementor-section elementor-top-section elementor-element elementor-element-2846d5b elementor-section-boxed elementor-section-height-default elementor-section-height-default\" data-id=\"2846d5b\" data-element_type=\"section\" data-e-type=\"section\">\n\t\t\t\t\t\t<div class=\"elementor-container elementor-column-gap-default\">\n\t\t\t\t\t<div class=\"elementor-column elementor-col-100 elementor-top-column elementor-element elementor-element-62d7233\" data-id=\"62d7233\" data-element_type=\"column\" data-e-type=\"column\">\n\t\t\t<div class=\"elementor-widget-wrap elementor-element-populated\">\n\t\t\t\t\t\t<div class=\"elementor-element elementor-element-7918e80 elementor-widget elementor-widget-woocommerce-breadcrumb\" data-id=\"7918e80\" data-element_type=\"widget\" data-e-type=\"widget\" data-widget_type=\"woocommerce-breadcrumb.default\">\n\t\t\t\t<div class=\"elementor-widget-container\">\n\t\t\t\t\t<nav class=\"woocommerce-breadcrumb\" aria-label=\"Breadcrumb\">Inicio<\/nav>\t\t\t\t<\/div>\n\t\t\t\t<\/div>\n\t\t\t\t<div class=\"elementor-element elementor-element-8dabc18 elementor-widget elementor-widget-heading\" data-id=\"8dabc18\" data-element_type=\"widget\" data-e-type=\"widget\" data-widget_type=\"heading.default\">\n\t\t\t\t<div class=\"elementor-widget-container\">\n\t\t\t\t\t<h1 class=\"elementor-heading-title elementor-size-default\">\n\n\nNuestra <span style=\"color: #e17a26\">Memoria<\/span><\/h1>\t\t\t\t<\/div>\n\t\t\t\t<\/div>\n\t\t\t\t\t<\/div>\n\t\t<\/div>\n\t\t\t\t\t<\/div>\n\t\t<\/section>\n\t\t\t\t<section class=\"elementor-section elementor-top-section elementor-element elementor-element-408f92bc elementor-section-boxed elementor-section-height-default elementor-section-height-default\" data-id=\"408f92bc\" data-element_type=\"section\" data-e-type=\"section\">\n\t\t\t\t\t\t<div class=\"elementor-container elementor-column-gap-default\">\n\t\t\t\t\t<div class=\"elementor-column elementor-col-100 elementor-top-column elementor-element elementor-element-2e63a935\" data-id=\"2e63a935\" data-element_type=\"column\" data-e-type=\"column\">\n\t\t\t<div class=\"elementor-widget-wrap elementor-element-populated\">\n\t\t\t\t\t\t<div class=\"elementor-element elementor-element-1b040a13 elementor-widget elementor-widget-heading\" data-id=\"1b040a13\" data-element_type=\"widget\" data-e-type=\"widget\" data-widget_type=\"heading.default\">\n\t\t\t\t<div class=\"elementor-widget-container\">\n\t\t\t\t\t<h3 class=\"elementor-heading-title elementor-size-default\">Aqu\u00ed podr\u00e1 encontrar y consultar las \u00faltimas memorias anuales de la asociaci\u00f3n.<\/h3>\t\t\t\t<\/div>\n\t\t\t\t<\/div>\n\t\t\t\t\t<\/div>\n\t\t<\/div>\n\t\t\t\t\t<\/div>\n\t\t<\/section>\n\t\t\t\t<section class=\"elementor-section elementor-top-section elementor-element elementor-element-3992ca2 elementor-section-boxed elementor-section-height-default elementor-section-height-default\" data-id=\"3992ca2\" data-element_type=\"section\" data-e-type=\"section\">\n\t\t\t\t\t\t<div class=\"elementor-container elementor-column-gap-default\">\n\t\t\t\t\t<div class=\"elementor-column elementor-col-25 elementor-top-column elementor-element elementor-element-bf5c456\" data-id=\"bf5c456\" data-element_type=\"column\" data-e-type=\"column\">\n\t\t\t<div class=\"elementor-widget-wrap elementor-element-populated\">\n\t\t\t\t\t\t<div class=\"elementor-element elementor-element-b200851 elementor-widget elementor-widget-image\" data-id=\"b200851\" data-element_type=\"widget\" data-e-type=\"widget\" data-widget_type=\"image.default\">\n\t\t\t\t<div class=\"elementor-widget-container\">\n\t\t\t\t\t\t\t\t\t\t\t\t\t\t\t\t<a href=\"https:\/\/afanoc.org\/wp-content\/uploads\/Memoria2024-SP.es-comprimido_compressed_compressed-1-comprimido-1.pdf\" target=\"_blank\">\n\t\t\t\t\t\t\t<img decoding=\"async\" width=\"768\" height=\"1087\" src=\"https:\/\/afanoc.org\/wp-content\/uploads\/Memoria2024-SP.es-1_page-0001-768x1087.jpg\" class=\"attachment-medium_large size-medium_large wp-image-74195\" alt=\"Memoria2024 SP.es-1_page-0001\" srcset=\"https:\/\/afanoc.org\/wp-content\/uploads\/Memoria2024-SP.es-1_page-0001-768x1087.jpg 768w, https:\/\/afanoc.org\/wp-content\/uploads\/Memoria2024-SP.es-1_page-0001-226x320.jpg 226w, https:\/\/afanoc.org\/wp-content\/uploads\/Memoria2024-SP.es-1_page-0001-724x1024.jpg 724w, https:\/\/afanoc.org\/wp-content\/uploads\/Memoria2024-SP.es-1_page-0001-106x150.jpg 106w, https:\/\/afanoc.org\/wp-content\/uploads\/Memoria2024-SP.es-1_page-0001-1085x1536.jpg 1085w, https:\/\/afanoc.org\/wp-content\/uploads\/Memoria2024-SP.es-1_page-0001-600x849.jpg 600w, https:\/\/afanoc.org\/wp-content\/uploads\/Memoria2024-SP.es-1_page-0001.jpg 1240w\" sizes=\"(max-width: 768px) 100vw, 768px\" \/>\t\t\t\t\t\t\t\t<\/a>\n\t\t\t\t\t\t\t\t\t\t\t\t\t\t\t<\/div>\n\t\t\t\t<\/div>\n\t\t\t\t\t<\/div>\n\t\t<\/div>\n\t\t\t\t<div class=\"elementor-column elementor-col-25 elementor-top-column elementor-element elementor-element-4355a62\" data-id=\"4355a62\" data-element_type=\"column\" data-e-type=\"column\">\n\t\t\t<div class=\"elementor-widget-wrap elementor-element-populated\">\n\t\t\t\t\t\t<div class=\"elementor-element elementor-element-457e6ac elementor-widget elementor-widget-image\" data-id=\"457e6ac\" data-element_type=\"widget\" data-e-type=\"widget\" data-widget_type=\"image.default\">\n\t\t\t\t<div class=\"elementor-widget-container\">\n\t\t\t\t\t\t\t\t\t\t\t\t\t\t\t\t<a href=\"https:\/\/afanoc.org\/wp-content\/uploads\/memoria2023_cast.pdf\" target=\"_blank\">\n\t\t\t\t\t\t\t<img decoding=\"async\" width=\"600\" height=\"849\" src=\"https:\/\/afanoc.org\/wp-content\/uploads\/memoria2023-cast.jpg\" class=\"attachment-large size-large wp-image-63946\" alt=\"Memoria 2023\" srcset=\"https:\/\/afanoc.org\/wp-content\/uploads\/memoria2023-cast.jpg 600w, https:\/\/afanoc.org\/wp-content\/uploads\/memoria2023-cast-226x320.jpg 226w, https:\/\/afanoc.org\/wp-content\/uploads\/memoria2023-cast-106x150.jpg 106w\" sizes=\"(max-width: 600px) 100vw, 600px\" \/>\t\t\t\t\t\t\t\t<\/a>\n\t\t\t\t\t\t\t\t\t\t\t\t\t\t\t<\/div>\n\t\t\t\t<\/div>\n\t\t\t\t\t<\/div>\n\t\t<\/div>\n\t\t\t\t<div class=\"elementor-column elementor-col-25 elementor-top-column elementor-element elementor-element-064683f\" data-id=\"064683f\" data-element_type=\"column\" data-e-type=\"column\">\n\t\t\t<div class=\"elementor-widget-wrap elementor-element-populated\">\n\t\t\t\t\t\t<div class=\"elementor-element elementor-element-0c12629 elementor-widget elementor-widget-image\" data-id=\"0c12629\" data-element_type=\"widget\" data-e-type=\"widget\" data-widget_type=\"image.default\">\n\t\t\t\t<div class=\"elementor-widget-container\">\n\t\t\t\t\t\t\t\t\t\t\t\t\t\t\t\t<a href=\"https:\/\/afanoc.org\/wp-content\/uploads\/memoria2022_CAST_compressed.pdf\" target=\"_blank\">\n\t\t\t\t\t\t\t<img decoding=\"async\" width=\"476\" height=\"674\" src=\"https:\/\/afanoc.org\/wp-content\/uploads\/Memoria-castellana.png\" class=\"attachment-full size-full wp-image-51560\" alt=\"\" srcset=\"https:\/\/afanoc.org\/wp-content\/uploads\/Memoria-castellana.png 476w, https:\/\/afanoc.org\/wp-content\/uploads\/Memoria-castellana-212x300.png 212w, https:\/\/afanoc.org\/wp-content\/uploads\/Memoria-castellana-106x150.png 106w\" sizes=\"(max-width: 476px) 100vw, 476px\" \/>\t\t\t\t\t\t\t\t<\/a>\n\t\t\t\t\t\t\t\t\t\t\t\t\t\t\t<\/div>\n\t\t\t\t<\/div>\n\t\t\t\t\t<\/div>\n\t\t<\/div>\n\t\t\t\t<div class=\"elementor-column elementor-col-25 elementor-top-column elementor-element elementor-element-7a500da\" data-id=\"7a500da\" data-element_type=\"column\" data-e-type=\"column\">\n\t\t\t<div class=\"elementor-widget-wrap elementor-element-populated\">\n\t\t\t\t\t\t<div class=\"elementor-element elementor-element-3e0fe9e elementor-widget elementor-widget-image\" data-id=\"3e0fe9e\" data-element_type=\"widget\" data-e-type=\"widget\" data-widget_type=\"image.default\">\n\t\t\t\t<div class=\"elementor-widget-container\">\n\t\t\t\t\t\t\t\t\t\t\t\t\t\t\t\t<a href=\"https:\/\/afanoc.org\/wp-content\/uploads\/memoria2021_cast.pdf\" target=\"_blank\">\n\t\t\t\t\t\t\t<img decoding=\"async\" width=\"600\" height=\"849\" src=\"https:\/\/afanoc.org\/wp-content\/uploads\/memoria-2021-cast.jpg\" class=\"attachment-large size-large wp-image-64013\" alt=\"Memoria 2021\" srcset=\"https:\/\/afanoc.org\/wp-content\/uploads\/memoria-2021-cast.jpg 600w, https:\/\/afanoc.org\/wp-content\/uploads\/memoria-2021-cast-226x320.jpg 226w, https:\/\/afanoc.org\/wp-content\/uploads\/memoria-2021-cast-106x150.jpg 106w\" sizes=\"(max-width: 600px) 100vw, 600px\" \/>\t\t\t\t\t\t\t\t<\/a>\n\t\t\t\t\t\t\t\t\t\t\t\t\t\t\t<\/div>\n\t\t\t\t<\/div>\n\t\t\t\t\t<\/div>\n\t\t<\/div>\n\t\t\t\t\t<\/div>\n\t\t<\/section>\n\t\t\t\t<section class=\"elementor-section elementor-top-section elementor-element elementor-element-70489d4 elementor-section-boxed elementor-section-height-default elementor-section-height-default\" data-id=\"70489d4\" data-element_type=\"section\" data-e-type=\"section\">\n\t\t\t\t\t\t<div class=\"elementor-container elementor-column-gap-default\">\n\t\t\t\t\t<div class=\"elementor-column elementor-col-25 elementor-top-column elementor-element elementor-element-00c2c0c\" data-id=\"00c2c0c\" data-element_type=\"column\" data-e-type=\"column\">\n\t\t\t<div class=\"elementor-widget-wrap elementor-element-populated\">\n\t\t\t\t\t\t<div class=\"elementor-element elementor-element-4f5f672 elementor-widget elementor-widget-image\" data-id=\"4f5f672\" data-element_type=\"widget\" data-e-type=\"widget\" data-widget_type=\"image.default\">\n\t\t\t\t<div class=\"elementor-widget-container\">\n\t\t\t\t\t\t\t\t\t\t\t\t\t\t\t\t<a href=\"https:\/\/afanoc.org\/wp-content\/uploads\/MemoriaCASTweb-1.pdf\" target=\"_blank\">\n\t\t\t\t\t\t\t<img decoding=\"async\" width=\"600\" height=\"849\" src=\"https:\/\/afanoc.org\/wp-content\/uploads\/memoria-2020-cast.jpg\" class=\"attachment-large size-large wp-image-63997\" alt=\"\" srcset=\"https:\/\/afanoc.org\/wp-content\/uploads\/memoria-2020-cast.jpg 600w, https:\/\/afanoc.org\/wp-content\/uploads\/memoria-2020-cast-226x320.jpg 226w, https:\/\/afanoc.org\/wp-content\/uploads\/memoria-2020-cast-106x150.jpg 106w\" sizes=\"(max-width: 600px) 100vw, 600px\" \/>\t\t\t\t\t\t\t\t<\/a>\n\t\t\t\t\t\t\t\t\t\t\t\t\t\t\t<\/div>\n\t\t\t\t<\/div>\n\t\t\t\t\t<\/div>\n\t\t<\/div>\n\t\t\t\t<div class=\"elementor-column elementor-col-25 elementor-top-column elementor-element elementor-element-6acf063\" data-id=\"6acf063\" data-element_type=\"column\" data-e-type=\"column\">\n\t\t\t<div class=\"elementor-widget-wrap elementor-element-populated\">\n\t\t\t\t\t\t<div class=\"elementor-element elementor-element-0abb24f elementor-widget elementor-widget-image\" data-id=\"0abb24f\" data-element_type=\"widget\" data-e-type=\"widget\" data-widget_type=\"image.default\">\n\t\t\t\t<div class=\"elementor-widget-container\">\n\t\t\t\t\t\t\t\t\t\t\t\t\t\t\t\t<a href=\"https:\/\/afanoc.org\/wp-content\/uploads\/Memoria_2019_C_compressed.pdf\" target=\"_blank\">\n\t\t\t\t\t\t\t<img decoding=\"async\" width=\"600\" height=\"849\" src=\"https:\/\/afanoc.org\/wp-content\/uploads\/memoria-2019-cast.jpg\" class=\"attachment-large size-large wp-image-64008\" alt=\"Memoria 2019\" srcset=\"https:\/\/afanoc.org\/wp-content\/uploads\/memoria-2019-cast.jpg 600w, https:\/\/afanoc.org\/wp-content\/uploads\/memoria-2019-cast-226x320.jpg 226w, https:\/\/afanoc.org\/wp-content\/uploads\/memoria-2019-cast-106x150.jpg 106w\" sizes=\"(max-width: 600px) 100vw, 600px\" \/>\t\t\t\t\t\t\t\t<\/a>\n\t\t\t\t\t\t\t\t\t\t\t\t\t\t\t<\/div>\n\t\t\t\t<\/div>\n\t\t\t\t\t<\/div>\n\t\t<\/div>\n\t\t\t\t<div class=\"elementor-column elementor-col-25 elementor-top-column elementor-element elementor-element-5513ac0\" data-id=\"5513ac0\" data-element_type=\"column\" data-e-type=\"column\">\n\t\t\t<div class=\"elementor-widget-wrap elementor-element-populated\">\n\t\t\t\t\t\t<div class=\"elementor-element elementor-element-ae8140e elementor-widget elementor-widget-image\" data-id=\"ae8140e\" data-element_type=\"widget\" data-e-type=\"widget\" data-widget_type=\"image.default\">\n\t\t\t\t<div class=\"elementor-widget-container\">\n\t\t\t\t\t\t\t\t\t\t\t\t\t\t\t\t<a href=\"https:\/\/afanoc.org\/wp-content\/uploads\/MEMORIACAST_per-enviar_compressed.pdf\" target=\"_blank\">\n\t\t\t\t\t\t\t<img decoding=\"async\" width=\"600\" height=\"849\" src=\"https:\/\/afanoc.org\/wp-content\/uploads\/memoria-2018-cast.jpg\" class=\"attachment-large size-large wp-image-64000\" alt=\"Memoria 2018\" srcset=\"https:\/\/afanoc.org\/wp-content\/uploads\/memoria-2018-cast.jpg 600w, https:\/\/afanoc.org\/wp-content\/uploads\/memoria-2018-cast-226x320.jpg 226w, https:\/\/afanoc.org\/wp-content\/uploads\/memoria-2018-cast-106x150.jpg 106w\" sizes=\"(max-width: 600px) 100vw, 600px\" \/>\t\t\t\t\t\t\t\t<\/a>\n\t\t\t\t\t\t\t\t\t\t\t\t\t\t\t<\/div>\n\t\t\t\t<\/div>\n\t\t\t\t\t<\/div>\n\t\t<\/div>\n\t\t\t\t<div class=\"elementor-column elementor-col-25 elementor-top-column elementor-element elementor-element-a4aa51e\" data-id=\"a4aa51e\" data-element_type=\"column\" data-e-type=\"column\">\n\t\t\t<div class=\"elementor-widget-wrap elementor-element-populated\">\n\t\t\t\t\t\t<div class=\"elementor-element elementor-element-56d1f87 elementor-widget elementor-widget-image\" data-id=\"56d1f87\" data-element_type=\"widget\" data-e-type=\"widget\" data-widget_type=\"image.default\">\n\t\t\t\t<div class=\"elementor-widget-container\">\n\t\t\t\t\t\t\t\t\t\t\t\t\t\t\t\t<a href=\"https:\/\/afanoc.org\/wp-content\/uploads\/memoria-2017-cast.pdf\" target=\"_blank\">\n\t\t\t\t\t\t\t<img decoding=\"async\" width=\"600\" height=\"849\" src=\"https:\/\/afanoc.org\/wp-content\/uploads\/memoria-2017-cast.jpg\" class=\"attachment-large size-large wp-image-64018\" alt=\"Memoria 2017\" srcset=\"https:\/\/afanoc.org\/wp-content\/uploads\/memoria-2017-cast.jpg 600w, https:\/\/afanoc.org\/wp-content\/uploads\/memoria-2017-cast-226x320.jpg 226w, https:\/\/afanoc.org\/wp-content\/uploads\/memoria-2017-cast-106x150.jpg 106w\" sizes=\"(max-width: 600px) 100vw, 600px\" \/>\t\t\t\t\t\t\t\t<\/a>\n\t\t\t\t\t\t\t\t\t\t\t\t\t\t\t<\/div>\n\t\t\t\t<\/div>\n\t\t\t\t\t<\/div>\n\t\t<\/div>\n\t\t\t\t\t<\/div>\n\t\t<\/section>\n\t\t\t\t<\/div>\n\t\t","protected":false},"excerpt":{"rendered":"<p>Nuestra Memoria Aqu\u00ed podr\u00e1 encontrar y consultar las \u00faltimas memorias anuales de la asociaci\u00f3n.<\/p>\n","protected":false},"author":692,"featured_media":0,"parent":0,"menu_order":0,"comment_status":"closed","ping_status":"closed","template":"elementor_header_footer","meta":{"site-sidebar-layout":"default","site-content-layout":"","ast-site-content-layout":"default","site-content-style":"default","site-sidebar-style":"default","ast-global-header-display":"","ast-banner-title-visibility":"","ast-main-header-display":"","ast-hfb-above-header-display":"","ast-hfb-below-header-display":"","ast-hfb-mobile-header-display":"","site-post-title":"disabled","ast-breadcrumbs-content":"","ast-featured-img":"","footer-sml-layout":"","theme-transparent-header-meta":"","adv-header-id-meta":"","stick-header-meta":"","header-above-stick-meta":"","header-main-stick-meta":"","header-below-stick-meta":"","astra-migrate-meta-layouts":"default","ast-page-background-enabled":"default","ast-page-background-meta":{"desktop":{"background-color":"var(--ast-global-color-4)","background-image":"","background-repeat":"repeat","background-position":"center center","background-size":"auto","background-attachment":"scroll","background-type":"","background-media":"","overlay-type":"","overlay-color":"","overlay-opacity":"","overlay-gradient":""},"tablet":{"background-color":"","background-image":"","background-repeat":"repeat","background-position":"center center","background-size":"auto","background-attachment":"scroll","background-type":"","background-media":"","overlay-type":"","overlay-color":"","overlay-opacity":"","overlay-gradient":""},"mobile":{"background-color":"","background-image":"","background-repeat":"repeat","background-position":"center center","background-size":"auto","background-attachment":"scroll","background-type":"","background-media":"","overlay-type":"","overlay-color":"","overlay-opacity":"","overlay-gradient":""}},"ast-content-background-meta":{"desktop":{"background-color":"var(--ast-global-color-5)","background-image":"","background-repeat":"repeat","background-position":"center center","background-size":"auto","background-attachment":"scroll","background-type":"","background-media":"","overlay-type":"","overlay-color":"","overlay-opacity":"","overlay-gradient":""},"tablet":{"background-color":"var(--ast-global-color-5)","background-image":"","background-repeat":"repeat","background-position":"center center","background-size":"auto","background-attachment":"scroll","background-type":"","background-media":"","overlay-type":"","overlay-color":"","overlay-opacity":"","overlay-gradient":""},"mobile":{"background-color":"var(--ast-global-color-5)","background-image":"","background-repeat":"repeat","background-position":"center center","background-size":"auto","background-attachment":"scroll","background-type":"","background-media":"","overlay-type":"","overlay-color":"","overlay-opacity":"","overlay-gradient":""}},"footnotes":""},"class_list":["post-43086","page","type-page","status-publish","hentry"],"publishpress_future_workflow_manual_trigger":{"enabledWorkflows":[]},"_links":{"self":[{"href":"https:\/\/afanoc.org\/es\/wp-json\/wp\/v2\/pages\/43086","targetHints":{"allow":["GET"]}}],"collection":[{"href":"https:\/\/afanoc.org\/es\/wp-json\/wp\/v2\/pages"}],"about":[{"href":"https:\/\/afanoc.org\/es\/wp-json\/wp\/v2\/types\/page"}],"author":[{"embeddable":true,"href":"https:\/\/afanoc.org\/es\/wp-json\/wp\/v2\/users\/692"}],"replies":[{"embeddable":true,"href":"https:\/\/afanoc.org\/es\/wp-json\/wp\/v2\/comments?post=43086"}],"version-history":[{"count":0,"href":"https:\/\/afanoc.org\/es\/wp-json\/wp\/v2\/pages\/43086\/revisions"}],"wp:attachment":[{"href":"https:\/\/afanoc.org\/es\/wp-json\/wp\/v2\/media?parent=43086"}],"curies":[{"name":"wp","href":"https:\/\/api.w.org\/{rel}","templated":true}]}}